{"id":989,"date":"2025-05-21T14:43:40","date_gmt":"2025-05-21T12:43:40","guid":{"rendered":"http:\/\/localhost\/gerster-techtex\/?post_type=product&#038;p=989"},"modified":"2025-09-04T11:13:35","modified_gmt":"2025-09-04T09:13:35","slug":"adapter-fuer-fliesskanal","status":"publish","type":"product","link":"https:\/\/gerster-techtex.com\/en\/produkte\/composite-textilien\/fliesshilfen\/adapter-fuer-fliesskanal\/","title":{"rendered":"Adapter for flow channel"},"content":{"rendered":"<div class=\"wp-block-custom-produkt-inhalt\"><div class=\"wp-block-columns  produkt-image-wrapper\"><div class=\"wp-block-column\"><div class=\"produkt-title-wrapper\"><p>\/\/ Stable connection and maximum control<br>Gerster TechTex offers practical <strong>Adapter for flow channels<\/strong> which have been specially developed for a width of 43 mm. These adapters are available on both the <strong>resin<\/strong> as well as on the <strong>Vakuumseite <\/strong>einsetzbar und eignen sich hervorragend f\u00fcr den Einsatz in Vakuum-Infusionsverfahren sowie VAP (Vacuum Assist Product). Ihre flache Form sorgt f\u00fcr eine <strong>easy integration<\/strong> into existing processes and guarantees reliable performance at temperatures of up to 180 \u00b0C.<br><br>The adapters are particularly easy to use. <strong>user-friendly<\/strong>: flow channels with a width of 43 mm can be effortlessly inserted into the adapter opening, simplifying placement and alignment. Although the adapters are not suitable for high flow rate (HFR) flow channels, they impress with their <strong>reusability <\/strong>and <strong>durability<\/strong>.<br><br>With these adapters, Gerster TechTex provides an ideal solution that enhances process stability and supports efficiency in the production of high-quality composite components.<\/p><\/div><div class=\"button-group button-product-page\"><div class=\"wp-block-button\"><a href=\"https:\/\/gerster-techtex.com\/en\/anwendungsbereiche\/luftfahrt\/\" data-type=\"page\" data-id=\"42\">Aviation<\/a><\/div><div class=\"wp-block-button\"><a href=\"https:\/\/gerster-techtex.com\/en\/anwendungsbereiche\/windenergie\/\" data-type=\"page\" data-id=\"44\">Wind energy<\/a><\/div><div class=\"wp-block-button\"><a href=\"https:\/\/gerster-techtex.com\/en\/anwendungsbereiche\/automobil\/\" data-type=\"page\" data-id=\"46\">Automotive<\/a><\/div><\/div><\/div><div class=\"wp-block-column bild-item-50\"><div class=\"bild-item\"><a href=\"https:\/\/gerster-techtex.com\/wp-content\/uploads\/2025\/05\/ct-adapter-fliesskanal-2.jpg\" rel=\"lightbox[galerie]\" target=\"_blank\" class=\"lightbox-wrapper\" style=\"position:relative;display:inline-block\"><img decoding=\"async\" src=\"https:\/\/gerster-techtex.com\/wp-content\/uploads\/2025\/05\/ct-adapter-fliesskanal-2.jpg\" alt=\"\" class=\"mein-bild\" style=\"display:block\"\/><span class=\"bild-overlay\"><\/span><\/a><p><\/p><\/div><div class=\"bild-item\"><a href=\"https:\/\/gerster-techtex.com\/wp-content\/uploads\/2025\/05\/ct-adapter-fliesskanal-1.jpg\" rel=\"lightbox[galerie]\" target=\"_blank\" class=\"lightbox-wrapper\" style=\"position:relative;display:inline-block\"><img decoding=\"async\" src=\"https:\/\/gerster-techtex.com\/wp-content\/uploads\/2025\/05\/ct-adapter-fliesskanal-1.jpg\" alt=\"\" class=\"mein-bild\" style=\"display:block\"\/><span class=\"bild-overlay\"><\/span><\/a><p><\/p><\/div><\/div><\/div><div class=\"produkt-details-wrapper\"><div class=\"wp-block-columns eigenschaften-grid\"><div class=\"wp-block-column space-between\"><div><p>\/\/ Quick Summary<\/p><h2>Details<\/h2><\/div><\/div><div class=\"wp-block-column\"><div class=\"wp-block-columns eigenschaften-icons\"><div class=\"wp-block-column breite details-icon\"><h3>Width<\/h3><p>43 mm<\/p><\/div><\/div><\/div><\/div><\/div><\/div>","protected":false},"featured_media":1608,"template":"","product_category":[18,22],"class_list":["post-989","product","type-product","status-publish","has-post-thumbnail","hentry","product_category-composite-textilien","product_category-fliesshilfen"],"acf":[],"yoast_head":"<!-- This site is optimized with the Yoast SEO plugin v25.9 - https:\/\/yoast.com\/wordpress\/plugins\/seo\/ -->\n<title>Adapter f\u00fcr Flie\u00dfkanal - Gerster TechTex - Ihr innovativer Partner f\u00fcr technische Textilien und Composites<\/title>\n<meta name=\"robots\" content=\"index, follow, max-snippet:-1, max-image-preview:large, max-video-preview:-1\" \/>\n<link rel=\"canonical\" href=\"https:\/\/gerster-techtex.com\/en\/produkte\/composite-textilien\/fliesshilfen\/adapter-fuer-fliesskanal\/\" \/>\n<meta property=\"og:locale\" content=\"en_GB\" \/>\n<meta property=\"og:type\" content=\"article\" \/>\n<meta property=\"og:title\" content=\"Adapter f\u00fcr Flie\u00dfkanal - Gerster TechTex - Ihr innovativer Partner f\u00fcr technische Textilien und Composites\" \/>\n<meta property=\"og:url\" content=\"https:\/\/gerster-techtex.com\/en\/produkte\/composite-textilien\/fliesshilfen\/adapter-fuer-fliesskanal\/\" \/>\n<meta property=\"og:site_name\" content=\"Gerster TechTex - Ihr innovativer Partner f\u00fcr technische Textilien und Composites\" \/>\n<meta property=\"article:publisher\" content=\"https:\/\/www.facebook.com\/GersterCollection\" \/>\n<meta property=\"article:modified_time\" content=\"2025-09-04T09:13:35+00:00\" \/>\n<meta property=\"og:image\" content=\"https:\/\/gerster-techtex.com\/wp-content\/uploads\/2025\/05\/ct-adapter-fliesskanal-1.jpg\" \/>\n\t<meta property=\"og:image:width\" content=\"1920\" \/>\n\t<meta property=\"og:image:height\" content=\"1280\" \/>\n\t<meta property=\"og:image:type\" content=\"image\/jpeg\" \/>\n<meta name=\"twitter:card\" content=\"summary_large_image\" \/>\n<meta name=\"twitter:site\" content=\"@GersterFabrics\" \/>\n<meta name=\"twitter:label1\" content=\"Estimated reading time\" \/>\n\t<meta name=\"twitter:data1\" content=\"1 minute\" \/>\n<script type=\"application\/ld+json\" class=\"yoast-schema-graph\">{\"@context\":\"https:\/\/schema.org\",\"@graph\":[{\"@type\":\"WebPage\",\"@id\":\"https:\/\/gerster-techtex.com\/produkte\/composite-textilien\/fliesshilfen\/adapter-fuer-fliesskanal\/\",\"url\":\"https:\/\/gerster-techtex.com\/produkte\/composite-textilien\/fliesshilfen\/adapter-fuer-fliesskanal\/\",\"name\":\"Adapter f\u00fcr Flie\u00dfkanal - Gerster TechTex - Ihr innovativer Partner f\u00fcr technische Textilien und Composites\",\"isPartOf\":{\"@id\":\"https:\/\/gerster-techtex.com\/#website\"},\"primaryImageOfPage\":{\"@id\":\"https:\/\/gerster-techtex.com\/produkte\/composite-textilien\/fliesshilfen\/adapter-fuer-fliesskanal\/#primaryimage\"},\"image\":{\"@id\":\"https:\/\/gerster-techtex.com\/produkte\/composite-textilien\/fliesshilfen\/adapter-fuer-fliesskanal\/#primaryimage\"},\"thumbnailUrl\":\"https:\/\/gerster-techtex.com\/wp-content\/uploads\/2025\/05\/ct-adapter-fliesskanal-1.jpg\",\"datePublished\":\"2025-05-21T12:43:40+00:00\",\"dateModified\":\"2025-09-04T09:13:35+00:00\",\"breadcrumb\":{\"@id\":\"https:\/\/gerster-techtex.com\/produkte\/composite-textilien\/fliesshilfen\/adapter-fuer-fliesskanal\/#breadcrumb\"},\"inLanguage\":\"en-GB\",\"potentialAction\":[{\"@type\":\"ReadAction\",\"target\":[\"https:\/\/gerster-techtex.com\/produkte\/composite-textilien\/fliesshilfen\/adapter-fuer-fliesskanal\/\"]}]},{\"@type\":\"ImageObject\",\"inLanguage\":\"en-GB\",\"@id\":\"https:\/\/gerster-techtex.com\/produkte\/composite-textilien\/fliesshilfen\/adapter-fuer-fliesskanal\/#primaryimage\",\"url\":\"https:\/\/gerster-techtex.com\/wp-content\/uploads\/2025\/05\/ct-adapter-fliesskanal-1.jpg\",\"contentUrl\":\"https:\/\/gerster-techtex.com\/wp-content\/uploads\/2025\/05\/ct-adapter-fliesskanal-1.jpg\",\"width\":1920,\"height\":1280},{\"@type\":\"BreadcrumbList\",\"@id\":\"https:\/\/gerster-techtex.com\/produkte\/composite-textilien\/fliesshilfen\/adapter-fuer-fliesskanal\/#breadcrumb\",\"itemListElement\":[{\"@type\":\"ListItem\",\"position\":1,\"name\":\"Startseite\",\"item\":\"https:\/\/gerster-techtex.com\/\"},{\"@type\":\"ListItem\",\"position\":2,\"name\":\"Produkte\",\"item\":\"https:\/\/gerster-techtex.com\/produkte\/%product_category%\/\"},{\"@type\":\"ListItem\",\"position\":3,\"name\":\"Adapter f\u00fcr Flie\u00dfkanal\"}]},{\"@type\":\"WebSite\",\"@id\":\"https:\/\/gerster-techtex.com\/#website\",\"url\":\"https:\/\/gerster-techtex.com\/\",\"name\":\"Gerster TechTex - Ihr innovativer Partner f\u00fcr technische Textilien und Composites\",\"description\":\"\",\"publisher\":{\"@id\":\"https:\/\/gerster-techtex.com\/#organization\"},\"potentialAction\":[{\"@type\":\"SearchAction\",\"target\":{\"@type\":\"EntryPoint\",\"urlTemplate\":\"https:\/\/gerster-techtex.com\/?s={search_term_string}\"},\"query-input\":{\"@type\":\"PropertyValueSpecification\",\"valueRequired\":true,\"valueName\":\"search_term_string\"}}],\"inLanguage\":\"en-GB\"},{\"@type\":\"Organization\",\"@id\":\"https:\/\/gerster-techtex.com\/#organization\",\"name\":\"Gerster TechTex - Ihr innovativer Partner f\u00fcr technische Textilien und Composites\",\"url\":\"https:\/\/gerster-techtex.com\/\",\"logo\":{\"@type\":\"ImageObject\",\"inLanguage\":\"en-GB\",\"@id\":\"https:\/\/gerster-techtex.com\/#\/schema\/logo\/image\/\",\"url\":\"https:\/\/gerster-techtex.com\/wp-content\/uploads\/2025\/04\/logo.jpg\",\"contentUrl\":\"https:\/\/gerster-techtex.com\/wp-content\/uploads\/2025\/04\/logo.jpg\",\"width\":800,\"height\":379,\"caption\":\"Gerster TechTex - Ihr innovativer Partner f\u00fcr technische Textilien und Composites\"},\"image\":{\"@id\":\"https:\/\/gerster-techtex.com\/#\/schema\/logo\/image\/\"},\"sameAs\":[\"https:\/\/www.facebook.com\/GersterCollection\",\"https:\/\/x.com\/GersterFabrics\",\"https:\/\/www.youtube.com\/user\/GersterCollection\/videos\"]}]}<\/script>\n<!-- \/ Yoast SEO plugin. -->","yoast_head_json":{"title":"Adapter f\u00fcr Flie\u00dfkanal - Gerster TechTex - Ihr innovativer Partner f\u00fcr technische Textilien und Composites","robots":{"index":"index","follow":"follow","max-snippet":"max-snippet:-1","max-image-preview":"max-image-preview:large","max-video-preview":"max-video-preview:-1"},"canonical":"https:\/\/gerster-techtex.com\/en\/produkte\/composite-textilien\/fliesshilfen\/adapter-fuer-fliesskanal\/","og_locale":"en_GB","og_type":"article","og_title":"Adapter f\u00fcr Flie\u00dfkanal - Gerster TechTex - Ihr innovativer Partner f\u00fcr technische Textilien und Composites","og_url":"https:\/\/gerster-techtex.com\/en\/produkte\/composite-textilien\/fliesshilfen\/adapter-fuer-fliesskanal\/","og_site_name":"Gerster TechTex - Ihr innovativer Partner f\u00fcr technische Textilien und Composites","article_publisher":"https:\/\/www.facebook.com\/GersterCollection","article_modified_time":"2025-09-04T09:13:35+00:00","og_image":[{"width":1920,"height":1280,"url":"https:\/\/gerster-techtex.com\/wp-content\/uploads\/2025\/05\/ct-adapter-fliesskanal-1.jpg","type":"image\/jpeg"}],"twitter_card":"summary_large_image","twitter_site":"@GersterFabrics","twitter_misc":{"Estimated reading time":"1 minute"},"schema":{"@context":"https:\/\/schema.org","@graph":[{"@type":"WebPage","@id":"https:\/\/gerster-techtex.com\/produkte\/composite-textilien\/fliesshilfen\/adapter-fuer-fliesskanal\/","url":"https:\/\/gerster-techtex.com\/produkte\/composite-textilien\/fliesshilfen\/adapter-fuer-fliesskanal\/","name":"Adapter f\u00fcr Flie\u00dfkanal - Gerster TechTex - Ihr innovativer Partner f\u00fcr technische Textilien und Composites","isPartOf":{"@id":"https:\/\/gerster-techtex.com\/#website"},"primaryImageOfPage":{"@id":"https:\/\/gerster-techtex.com\/produkte\/composite-textilien\/fliesshilfen\/adapter-fuer-fliesskanal\/#primaryimage"},"image":{"@id":"https:\/\/gerster-techtex.com\/produkte\/composite-textilien\/fliesshilfen\/adapter-fuer-fliesskanal\/#primaryimage"},"thumbnailUrl":"https:\/\/gerster-techtex.com\/wp-content\/uploads\/2025\/05\/ct-adapter-fliesskanal-1.jpg","datePublished":"2025-05-21T12:43:40+00:00","dateModified":"2025-09-04T09:13:35+00:00","breadcrumb":{"@id":"https:\/\/gerster-techtex.com\/produkte\/composite-textilien\/fliesshilfen\/adapter-fuer-fliesskanal\/#breadcrumb"},"inLanguage":"en-GB","potentialAction":[{"@type":"ReadAction","target":["https:\/\/gerster-techtex.com\/produkte\/composite-textilien\/fliesshilfen\/adapter-fuer-fliesskanal\/"]}]},{"@type":"ImageObject","inLanguage":"en-GB","@id":"https:\/\/gerster-techtex.com\/produkte\/composite-textilien\/fliesshilfen\/adapter-fuer-fliesskanal\/#primaryimage","url":"https:\/\/gerster-techtex.com\/wp-content\/uploads\/2025\/05\/ct-adapter-fliesskanal-1.jpg","contentUrl":"https:\/\/gerster-techtex.com\/wp-content\/uploads\/2025\/05\/ct-adapter-fliesskanal-1.jpg","width":1920,"height":1280},{"@type":"BreadcrumbList","@id":"https:\/\/gerster-techtex.com\/produkte\/composite-textilien\/fliesshilfen\/adapter-fuer-fliesskanal\/#breadcrumb","itemListElement":[{"@type":"ListItem","position":1,"name":"Startseite","item":"https:\/\/gerster-techtex.com\/"},{"@type":"ListItem","position":2,"name":"Produkte","item":"https:\/\/gerster-techtex.com\/produkte\/%product_category%\/"},{"@type":"ListItem","position":3,"name":"Adapter f\u00fcr Flie\u00dfkanal"}]},{"@type":"WebSite","@id":"https:\/\/gerster-techtex.com\/#website","url":"https:\/\/gerster-techtex.com\/","name":"Gerster TechTex - Ihr innovativer Partner f\u00fcr technische Textilien und Composites","description":"","publisher":{"@id":"https:\/\/gerster-techtex.com\/#organization"},"potentialAction":[{"@type":"SearchAction","target":{"@type":"EntryPoint","urlTemplate":"https:\/\/gerster-techtex.com\/?s={search_term_string}"},"query-input":{"@type":"PropertyValueSpecification","valueRequired":true,"valueName":"search_term_string"}}],"inLanguage":"en-GB"},{"@type":"Organization","@id":"https:\/\/gerster-techtex.com\/#organization","name":"Gerster TechTex - Ihr innovativer Partner f\u00fcr technische Textilien und Composites","url":"https:\/\/gerster-techtex.com\/","logo":{"@type":"ImageObject","inLanguage":"en-GB","@id":"https:\/\/gerster-techtex.com\/#\/schema\/logo\/image\/","url":"https:\/\/gerster-techtex.com\/wp-content\/uploads\/2025\/04\/logo.jpg","contentUrl":"https:\/\/gerster-techtex.com\/wp-content\/uploads\/2025\/04\/logo.jpg","width":800,"height":379,"caption":"Gerster TechTex - Ihr innovativer Partner f\u00fcr technische Textilien und Composites"},"image":{"@id":"https:\/\/gerster-techtex.com\/#\/schema\/logo\/image\/"},"sameAs":["https:\/\/www.facebook.com\/GersterCollection","https:\/\/x.com\/GersterFabrics","https:\/\/www.youtube.com\/user\/GersterCollection\/videos"]}]}},"_links":{"self":[{"href":"https:\/\/gerster-techtex.com\/en\/wp-json\/wp\/v2\/product\/989","targetHints":{"allow":["GET"]}}],"collection":[{"href":"https:\/\/gerster-techtex.com\/en\/wp-json\/wp\/v2\/product"}],"about":[{"href":"https:\/\/gerster-techtex.com\/en\/wp-json\/wp\/v2\/types\/product"}],"version-history":[{"count":18,"href":"https:\/\/gerster-techtex.com\/en\/wp-json\/wp\/v2\/product\/989\/revisions"}],"predecessor-version":[{"id":2881,"href":"https:\/\/gerster-techtex.com\/en\/wp-json\/wp\/v2\/product\/989\/revisions\/2881"}],"wp:featuredmedia":[{"embeddable":true,"href":"https:\/\/gerster-techtex.com\/en\/wp-json\/wp\/v2\/media\/1608"}],"wp:attachment":[{"href":"https:\/\/gerster-techtex.com\/en\/wp-json\/wp\/v2\/media?parent=989"}],"wp:term":[{"taxonomy":"product_category","embeddable":true,"href":"https:\/\/gerster-techtex.com\/en\/wp-json\/wp\/v2\/product_category?post=989"}],"curies":[{"name":"wp","href":"https:\/\/api.w.org\/{rel}","templated":true}]}}