{"id":985,"date":"2025-05-21T14:43:01","date_gmt":"2025-05-21T12:43:01","guid":{"rendered":"http:\/\/localhost\/gerster-techtex\/?post_type=product&#038;p=985"},"modified":"2025-09-04T11:12:21","modified_gmt":"2025-09-04T09:12:21","slug":"fliesskanaele-vap","status":"publish","type":"product","link":"https:\/\/gerster-techtex.com\/en\/produkte\/composite-textilien\/fliesshilfen\/fliesskanaele-vap\/","title":{"rendered":"Flow channels (VAP)"},"content":{"rendered":"<div class=\"wp-block-custom-produkt-inhalt\"><div class=\"wp-block-columns  produkt-image-wrapper\"><div class=\"wp-block-column\"><div class=\"produkt-title-wrapper\"><p>\/\/ Efficient flow control for modern manufacturing<br>At Gerster TechTex, we develop innovative solutions for modern manufacturing technologies. Our <strong>Flow channels (VAP)<\/strong>, made from high-quality polyester (PES), are specially designed for use in <strong>vacuum infusion process<\/strong> and VAP (Vacuum Assist Product). With widths of <strong>10 mm bis 200 mm<\/strong>, with a standard thickness of 3.7 mm and a self-adhesive option, they are easy to handle and versatile in use \u2013 even with complex geometries.<br><br>The <strong>knitted structure<\/strong> made of monofilament loops creates numerous small flow channels, which <strong>even distribution<\/strong> of the resin and stabilise the process. The flat shape ensures that impressions are minimised. Our flow channels are adaptable and allow for branches and intersections, enabling flexible production design. A variant with <strong>increased flow rate<\/strong> (HFR) is available for large-area applications and is temperature-resistant up to 180 \u00b0C.<br><br>Thanks to their <strong>easy formability<\/strong> and <strong>stable flow front<\/strong> our flow channels support precise resin flow and air removal on both the resin and vacuum sides. They are suitable for efficient large-scale production and <strong>minimieren Prozesskosten<\/strong> through simple placement and handling. Gerster TechTex stands for practical solutions that meet the requirements of modern manufacturing processes.<\/p><\/div><div class=\"button-group button-product-page\"><div class=\"wp-block-button\"><a href=\"https:\/\/gerster-techtex.com\/en\/anwendungsbereiche\/luftfahrt\/\" data-type=\"page\" data-id=\"42\">Aviation<\/a><\/div><div class=\"wp-block-button\"><a href=\"https:\/\/gerster-techtex.com\/en\/anwendungsbereiche\/windenergie\/\" data-type=\"page\" data-id=\"44\">Wind energy<\/a><\/div><div class=\"wp-block-button\"><a href=\"https:\/\/gerster-techtex.com\/en\/anwendungsbereiche\/automobil\/\" data-type=\"page\" data-id=\"46\">Automotive<\/a><\/div><\/div><\/div><div class=\"wp-block-column\"><div class=\"bild-item\"><a href=\"https:\/\/gerster-techtex.com\/wp-content\/uploads\/2025\/05\/ct-fliesskanaele-8.jpg\" rel=\"lightbox[galerie]\" target=\"_blank\" class=\"lightbox-wrapper\" style=\"position:relative;display:inline-block\"><img decoding=\"async\" src=\"https:\/\/gerster-techtex.com\/wp-content\/uploads\/2025\/05\/ct-fliesskanaele-8.jpg\" alt=\"\" class=\"mein-bild\" style=\"display:block\"\/><span class=\"bild-overlay\"><\/span><\/a><p><\/p><\/div><div class=\"bild-item\"><a href=\"https:\/\/gerster-techtex.com\/wp-content\/uploads\/2025\/05\/ct-fliesskanaele-5.jpg\" rel=\"lightbox[galerie]\" target=\"_blank\" class=\"lightbox-wrapper\" style=\"position:relative;display:inline-block\"><img decoding=\"async\" src=\"https:\/\/gerster-techtex.com\/wp-content\/uploads\/2025\/05\/ct-fliesskanaele-5.jpg\" alt=\"\" class=\"mein-bild\" style=\"display:block\"\/><span class=\"bild-overlay\"><\/span><\/a><p><\/p><\/div><div class=\"bild-item\"><a href=\"https:\/\/gerster-techtex.com\/wp-content\/uploads\/2025\/05\/ct-fliesskanaele-3.jpg\" rel=\"lightbox[galerie]\" target=\"_blank\" class=\"lightbox-wrapper\" style=\"position:relative;display:inline-block\"><img decoding=\"async\" src=\"https:\/\/gerster-techtex.com\/wp-content\/uploads\/2025\/05\/ct-fliesskanaele-3.jpg\" alt=\"\" class=\"mein-bild\" style=\"display:block\"\/><span class=\"bild-overlay\"><\/span><\/a><p><\/p><\/div><div class=\"bild-item\"><a href=\"https:\/\/gerster-techtex.com\/wp-content\/uploads\/2025\/05\/ct-fliesskanaele-1.jpg\" rel=\"lightbox[galerie]\" target=\"_blank\" class=\"lightbox-wrapper\" style=\"position:relative;display:inline-block\"><img decoding=\"async\" src=\"https:\/\/gerster-techtex.com\/wp-content\/uploads\/2025\/05\/ct-fliesskanaele-1.jpg\" alt=\"\" class=\"mein-bild\" style=\"display:block\"\/><span class=\"bild-overlay\"><\/span><\/a><p><\/p><\/div><div class=\"bild-item\"><a href=\"https:\/\/gerster-techtex.com\/wp-content\/uploads\/2025\/05\/ct-fliesskanaele-4.jpg\" rel=\"lightbox[galerie]\" target=\"_blank\" class=\"lightbox-wrapper\" style=\"position:relative;display:inline-block\"><img decoding=\"async\" src=\"https:\/\/gerster-techtex.com\/wp-content\/uploads\/2025\/05\/ct-fliesskanaele-4.jpg\" alt=\"\" class=\"mein-bild\" style=\"display:block\"\/><span class=\"bild-overlay\"><\/span><\/a><p><\/p><\/div><\/div><\/div><div class=\"produkt-details-wrapper\"><div class=\"wp-block-columns eigenschaften-grid\"><div class=\"wp-block-column space-between\"><div><p>\/\/ Quick Summary<\/p><h2>Details<\/h2><\/div><\/div><div class=\"wp-block-column\"><div class=\"wp-block-columns eigenschaften-icons\"><div class=\"wp-block-column breite details-icon\"><h3>Width<\/h3><p>10 mm \u2013 200 mm<br>(Standard 43 mm)<\/p><\/div><div class=\"wp-block-column rollenlaenge details-icon\"><h3>Roll length<\/h3><p>50 &#8211; 200lfm<\/p><\/div><\/div><\/div><\/div><\/div><\/div>","protected":false},"featured_media":1637,"template":"","product_category":[18,22],"class_list":["post-985","product","type-product","status-publish","has-post-thumbnail","hentry","product_category-composite-textilien","product_category-fliesshilfen"],"acf":[],"yoast_head":"<!-- This site is optimized with the Yoast SEO plugin v25.9 - https:\/\/yoast.com\/wordpress\/plugins\/seo\/ -->\n<title>Flie\u00dfkan\u00e4le (VAP) - Gerster TechTex - Ihr innovativer Partner f\u00fcr technische Textilien und Composites<\/title>\n<meta name=\"robots\" content=\"index, follow, max-snippet:-1, max-image-preview:large, max-video-preview:-1\" \/>\n<link rel=\"canonical\" href=\"https:\/\/gerster-techtex.com\/en\/produkte\/composite-textilien\/fliesshilfen\/fliesskanaele-vap\/\" \/>\n<meta property=\"og:locale\" content=\"en_GB\" \/>\n<meta property=\"og:type\" content=\"article\" \/>\n<meta property=\"og:title\" content=\"Flie\u00dfkan\u00e4le (VAP) - Gerster TechTex - Ihr innovativer Partner f\u00fcr technische Textilien und Composites\" \/>\n<meta property=\"og:url\" content=\"https:\/\/gerster-techtex.com\/en\/produkte\/composite-textilien\/fliesshilfen\/fliesskanaele-vap\/\" \/>\n<meta property=\"og:site_name\" content=\"Gerster TechTex - Ihr innovativer Partner f\u00fcr technische Textilien und Composites\" \/>\n<meta property=\"article:publisher\" content=\"https:\/\/www.facebook.com\/GersterCollection\" \/>\n<meta property=\"article:modified_time\" content=\"2025-09-04T09:12:21+00:00\" \/>\n<meta property=\"og:image\" content=\"https:\/\/gerster-techtex.com\/wp-content\/uploads\/2025\/05\/ct-fliesskanaele-5.jpg\" \/>\n\t<meta property=\"og:image:width\" content=\"1920\" \/>\n\t<meta property=\"og:image:height\" content=\"1280\" \/>\n\t<meta property=\"og:image:type\" content=\"image\/jpeg\" \/>\n<meta name=\"twitter:card\" content=\"summary_large_image\" \/>\n<meta name=\"twitter:site\" content=\"@GersterFabrics\" \/>\n<meta name=\"twitter:label1\" content=\"Estimated reading time\" \/>\n\t<meta name=\"twitter:data1\" content=\"1 minute\" \/>\n<script type=\"application\/ld+json\" class=\"yoast-schema-graph\">{\"@context\":\"https:\/\/schema.org\",\"@graph\":[{\"@type\":\"WebPage\",\"@id\":\"https:\/\/gerster-techtex.com\/produkte\/composite-textilien\/fliesshilfen\/fliesskanaele-vap\/\",\"url\":\"https:\/\/gerster-techtex.com\/produkte\/composite-textilien\/fliesshilfen\/fliesskanaele-vap\/\",\"name\":\"Flie\u00dfkan\u00e4le (VAP) - Gerster TechTex - Ihr innovativer Partner f\u00fcr technische Textilien und Composites\",\"isPartOf\":{\"@id\":\"https:\/\/gerster-techtex.com\/#website\"},\"primaryImageOfPage\":{\"@id\":\"https:\/\/gerster-techtex.com\/produkte\/composite-textilien\/fliesshilfen\/fliesskanaele-vap\/#primaryimage\"},\"image\":{\"@id\":\"https:\/\/gerster-techtex.com\/produkte\/composite-textilien\/fliesshilfen\/fliesskanaele-vap\/#primaryimage\"},\"thumbnailUrl\":\"https:\/\/gerster-techtex.com\/wp-content\/uploads\/2025\/05\/ct-fliesskanaele-5.jpg\",\"datePublished\":\"2025-05-21T12:43:01+00:00\",\"dateModified\":\"2025-09-04T09:12:21+00:00\",\"breadcrumb\":{\"@id\":\"https:\/\/gerster-techtex.com\/produkte\/composite-textilien\/fliesshilfen\/fliesskanaele-vap\/#breadcrumb\"},\"inLanguage\":\"en-GB\",\"potentialAction\":[{\"@type\":\"ReadAction\",\"target\":[\"https:\/\/gerster-techtex.com\/produkte\/composite-textilien\/fliesshilfen\/fliesskanaele-vap\/\"]}]},{\"@type\":\"ImageObject\",\"inLanguage\":\"en-GB\",\"@id\":\"https:\/\/gerster-techtex.com\/produkte\/composite-textilien\/fliesshilfen\/fliesskanaele-vap\/#primaryimage\",\"url\":\"https:\/\/gerster-techtex.com\/wp-content\/uploads\/2025\/05\/ct-fliesskanaele-5.jpg\",\"contentUrl\":\"https:\/\/gerster-techtex.com\/wp-content\/uploads\/2025\/05\/ct-fliesskanaele-5.jpg\",\"width\":1920,\"height\":1280},{\"@type\":\"BreadcrumbList\",\"@id\":\"https:\/\/gerster-techtex.com\/produkte\/composite-textilien\/fliesshilfen\/fliesskanaele-vap\/#breadcrumb\",\"itemListElement\":[{\"@type\":\"ListItem\",\"position\":1,\"name\":\"Startseite\",\"item\":\"https:\/\/gerster-techtex.com\/\"},{\"@type\":\"ListItem\",\"position\":2,\"name\":\"Produkte\",\"item\":\"https:\/\/gerster-techtex.com\/produkte\/%product_category%\/\"},{\"@type\":\"ListItem\",\"position\":3,\"name\":\"Flie\u00dfkan\u00e4le (VAP)\"}]},{\"@type\":\"WebSite\",\"@id\":\"https:\/\/gerster-techtex.com\/#website\",\"url\":\"https:\/\/gerster-techtex.com\/\",\"name\":\"Gerster TechTex - Ihr innovativer Partner f\u00fcr technische Textilien und Composites\",\"description\":\"\",\"publisher\":{\"@id\":\"https:\/\/gerster-techtex.com\/#organization\"},\"potentialAction\":[{\"@type\":\"SearchAction\",\"target\":{\"@type\":\"EntryPoint\",\"urlTemplate\":\"https:\/\/gerster-techtex.com\/?s={search_term_string}\"},\"query-input\":{\"@type\":\"PropertyValueSpecification\",\"valueRequired\":true,\"valueName\":\"search_term_string\"}}],\"inLanguage\":\"en-GB\"},{\"@type\":\"Organization\",\"@id\":\"https:\/\/gerster-techtex.com\/#organization\",\"name\":\"Gerster TechTex - Ihr innovativer Partner f\u00fcr technische Textilien und Composites\",\"url\":\"https:\/\/gerster-techtex.com\/\",\"logo\":{\"@type\":\"ImageObject\",\"inLanguage\":\"en-GB\",\"@id\":\"https:\/\/gerster-techtex.com\/#\/schema\/logo\/image\/\",\"url\":\"https:\/\/gerster-techtex.com\/wp-content\/uploads\/2025\/04\/logo.jpg\",\"contentUrl\":\"https:\/\/gerster-techtex.com\/wp-content\/uploads\/2025\/04\/logo.jpg\",\"width\":800,\"height\":379,\"caption\":\"Gerster TechTex - Ihr innovativer Partner f\u00fcr technische Textilien und Composites\"},\"image\":{\"@id\":\"https:\/\/gerster-techtex.com\/#\/schema\/logo\/image\/\"},\"sameAs\":[\"https:\/\/www.facebook.com\/GersterCollection\",\"https:\/\/x.com\/GersterFabrics\",\"https:\/\/www.youtube.com\/user\/GersterCollection\/videos\"]}]}<\/script>\n<!-- \/ Yoast SEO plugin. -->","yoast_head_json":{"title":"Flie\u00dfkan\u00e4le (VAP) - Gerster TechTex - Ihr innovativer Partner f\u00fcr technische Textilien und Composites","robots":{"index":"index","follow":"follow","max-snippet":"max-snippet:-1","max-image-preview":"max-image-preview:large","max-video-preview":"max-video-preview:-1"},"canonical":"https:\/\/gerster-techtex.com\/en\/produkte\/composite-textilien\/fliesshilfen\/fliesskanaele-vap\/","og_locale":"en_GB","og_type":"article","og_title":"Flie\u00dfkan\u00e4le (VAP) - Gerster TechTex - Ihr innovativer Partner f\u00fcr technische Textilien und Composites","og_url":"https:\/\/gerster-techtex.com\/en\/produkte\/composite-textilien\/fliesshilfen\/fliesskanaele-vap\/","og_site_name":"Gerster TechTex - Ihr innovativer Partner f\u00fcr technische Textilien und Composites","article_publisher":"https:\/\/www.facebook.com\/GersterCollection","article_modified_time":"2025-09-04T09:12:21+00:00","og_image":[{"width":1920,"height":1280,"url":"https:\/\/gerster-techtex.com\/wp-content\/uploads\/2025\/05\/ct-fliesskanaele-5.jpg","type":"image\/jpeg"}],"twitter_card":"summary_large_image","twitter_site":"@GersterFabrics","twitter_misc":{"Estimated reading time":"1 minute"},"schema":{"@context":"https:\/\/schema.org","@graph":[{"@type":"WebPage","@id":"https:\/\/gerster-techtex.com\/produkte\/composite-textilien\/fliesshilfen\/fliesskanaele-vap\/","url":"https:\/\/gerster-techtex.com\/produkte\/composite-textilien\/fliesshilfen\/fliesskanaele-vap\/","name":"Flie\u00dfkan\u00e4le (VAP) - Gerster TechTex - Ihr innovativer Partner f\u00fcr technische Textilien und Composites","isPartOf":{"@id":"https:\/\/gerster-techtex.com\/#website"},"primaryImageOfPage":{"@id":"https:\/\/gerster-techtex.com\/produkte\/composite-textilien\/fliesshilfen\/fliesskanaele-vap\/#primaryimage"},"image":{"@id":"https:\/\/gerster-techtex.com\/produkte\/composite-textilien\/fliesshilfen\/fliesskanaele-vap\/#primaryimage"},"thumbnailUrl":"https:\/\/gerster-techtex.com\/wp-content\/uploads\/2025\/05\/ct-fliesskanaele-5.jpg","datePublished":"2025-05-21T12:43:01+00:00","dateModified":"2025-09-04T09:12:21+00:00","breadcrumb":{"@id":"https:\/\/gerster-techtex.com\/produkte\/composite-textilien\/fliesshilfen\/fliesskanaele-vap\/#breadcrumb"},"inLanguage":"en-GB","potentialAction":[{"@type":"ReadAction","target":["https:\/\/gerster-techtex.com\/produkte\/composite-textilien\/fliesshilfen\/fliesskanaele-vap\/"]}]},{"@type":"ImageObject","inLanguage":"en-GB","@id":"https:\/\/gerster-techtex.com\/produkte\/composite-textilien\/fliesshilfen\/fliesskanaele-vap\/#primaryimage","url":"https:\/\/gerster-techtex.com\/wp-content\/uploads\/2025\/05\/ct-fliesskanaele-5.jpg","contentUrl":"https:\/\/gerster-techtex.com\/wp-content\/uploads\/2025\/05\/ct-fliesskanaele-5.jpg","width":1920,"height":1280},{"@type":"BreadcrumbList","@id":"https:\/\/gerster-techtex.com\/produkte\/composite-textilien\/fliesshilfen\/fliesskanaele-vap\/#breadcrumb","itemListElement":[{"@type":"ListItem","position":1,"name":"Startseite","item":"https:\/\/gerster-techtex.com\/"},{"@type":"ListItem","position":2,"name":"Produkte","item":"https:\/\/gerster-techtex.com\/produkte\/%product_category%\/"},{"@type":"ListItem","position":3,"name":"Flie\u00dfkan\u00e4le (VAP)"}]},{"@type":"WebSite","@id":"https:\/\/gerster-techtex.com\/#website","url":"https:\/\/gerster-techtex.com\/","name":"Gerster TechTex - Ihr innovativer Partner f\u00fcr technische Textilien und Composites","description":"","publisher":{"@id":"https:\/\/gerster-techtex.com\/#organization"},"potentialAction":[{"@type":"SearchAction","target":{"@type":"EntryPoint","urlTemplate":"https:\/\/gerster-techtex.com\/?s={search_term_string}"},"query-input":{"@type":"PropertyValueSpecification","valueRequired":true,"valueName":"search_term_string"}}],"inLanguage":"en-GB"},{"@type":"Organization","@id":"https:\/\/gerster-techtex.com\/#organization","name":"Gerster TechTex - Ihr innovativer Partner f\u00fcr technische Textilien und Composites","url":"https:\/\/gerster-techtex.com\/","logo":{"@type":"ImageObject","inLanguage":"en-GB","@id":"https:\/\/gerster-techtex.com\/#\/schema\/logo\/image\/","url":"https:\/\/gerster-techtex.com\/wp-content\/uploads\/2025\/04\/logo.jpg","contentUrl":"https:\/\/gerster-techtex.com\/wp-content\/uploads\/2025\/04\/logo.jpg","width":800,"height":379,"caption":"Gerster TechTex - Ihr innovativer Partner f\u00fcr technische Textilien und Composites"},"image":{"@id":"https:\/\/gerster-techtex.com\/#\/schema\/logo\/image\/"},"sameAs":["https:\/\/www.facebook.com\/GersterCollection","https:\/\/x.com\/GersterFabrics","https:\/\/www.youtube.com\/user\/GersterCollection\/videos"]}]}},"_links":{"self":[{"href":"https:\/\/gerster-techtex.com\/en\/wp-json\/wp\/v2\/product\/985","targetHints":{"allow":["GET"]}}],"collection":[{"href":"https:\/\/gerster-techtex.com\/en\/wp-json\/wp\/v2\/product"}],"about":[{"href":"https:\/\/gerster-techtex.com\/en\/wp-json\/wp\/v2\/types\/product"}],"version-history":[{"count":13,"href":"https:\/\/gerster-techtex.com\/en\/wp-json\/wp\/v2\/product\/985\/revisions"}],"predecessor-version":[{"id":2879,"href":"https:\/\/gerster-techtex.com\/en\/wp-json\/wp\/v2\/product\/985\/revisions\/2879"}],"wp:featuredmedia":[{"embeddable":true,"href":"https:\/\/gerster-techtex.com\/en\/wp-json\/wp\/v2\/media\/1637"}],"wp:attachment":[{"href":"https:\/\/gerster-techtex.com\/en\/wp-json\/wp\/v2\/media?parent=985"}],"wp:term":[{"taxonomy":"product_category","embeddable":true,"href":"https:\/\/gerster-techtex.com\/en\/wp-json\/wp\/v2\/product_category?post=985"}],"curies":[{"name":"wp","href":"https:\/\/api.w.org\/{rel}","templated":true}]}}