{"id":1555,"date":"2025-07-16T08:51:36","date_gmt":"2025-07-16T06:51:36","guid":{"rendered":"http:\/\/localhost\/gerster-techtex\/?post_type=product&#038;p=1555"},"modified":"2025-09-04T11:13:55","modified_gmt":"2025-09-04T09:13:55","slug":"schlaeuche","status":"publish","type":"product","link":"https:\/\/gerster-techtex.com\/en\/produkte\/composite-textilien\/schlaeuche\/schlaeuche\/","title":{"rendered":"Hoses"},"content":{"rendered":"<div class=\"wp-block-custom-produkt-inhalt\"><div class=\"wp-block-columns  produkt-image-wrapper\"><div class=\"wp-block-column\"><div class=\"produkt-title-wrapper\"><p>\/\/ Protection and reinforcement of your components<br>Our <strong>Hoses <\/strong>made of glass, carbon and aramid fibres offer optimum <strong>protection <\/strong>for pipes and other cavities <strong>mechanic <\/strong>and <strong>thermal stresses<\/strong>. Whether woven or braided, they are versatile and adaptable.<br><br>Thanks to their <strong>elasticity <\/strong>the hoses adapt perfectly to different cavities. The <strong>drapeability <\/strong>is significantly improved by the tube\u2019s stretchability. In woven tubes, this is achieved through the use of elastic weft yarns, as seen in our UD elastic tubes.<br><br>The product variations include a wide selection of materials and the option to flexibly adjust the width and weft density. In addition to <strong>geradlinigen <\/strong>Gewebeschl\u00e4uchen produzieren wir auch <strong>gekr\u00fcmmte Varianten<\/strong>, die zus\u00e4tzliche Flexibilit\u00e4t f\u00fcr komplexe Anwendungen bieten.<br><br>Diese Schl\u00e4uche werden im Bereich der Faserverbundwerkstoffe haupts\u00e4chlich zur <strong>reinforcement <\/strong>and <strong>sheathing <\/strong>components. Depending on requirements, both material and elasticity can be individually customized to meet the specific demands of your projects.<br><br>Our tubes combine functionality, versatility, and precision\u2014perfect for demanding applications in composite manufacturing.<\/p><\/div><div class=\"button-group button-product-page\"><div class=\"wp-block-button\"><a href=\"https:\/\/gerster-techtex.com\/en\/produkte\/technische-textilien\/tt-schlaeuche\/tt-gewobene-schlaeuche\/\">Woven hoses<\/a><\/div><div class=\"wp-block-button\"><a href=\"https:\/\/gerster-techtex.com\/en\/produkte\/technische-textilien\/tt-schlaeuche\/tt-geflochtene-schlaeuche\/\">Braided hoses<\/a><\/div><\/div><\/div><div class=\"wp-block-column\"><div class=\"bild-item\"><a href=\"https:\/\/gerster-techtex.com\/wp-content\/uploads\/2025\/05\/ct-tt-gewobene-schlaeuche-1.jpg\" rel=\"lightbox[galerie]\" target=\"_blank\" class=\"lightbox-wrapper\" style=\"position:relative;display:inline-block\"><img decoding=\"async\" src=\"https:\/\/gerster-techtex.com\/wp-content\/uploads\/2025\/05\/ct-tt-gewobene-schlaeuche-1.jpg\" alt=\"\" class=\"mein-bild\" style=\"display:block\"\/><span class=\"bild-overlay\"><\/span><\/a><p><\/p><\/div><div class=\"bild-item\"><a href=\"https:\/\/gerster-techtex.com\/wp-content\/uploads\/2025\/05\/ct-tt-geflochtene-schlaeucher-8.jpg\" rel=\"lightbox[galerie]\" target=\"_blank\" class=\"lightbox-wrapper\" style=\"position:relative;display:inline-block\"><img decoding=\"async\" src=\"https:\/\/gerster-techtex.com\/wp-content\/uploads\/2025\/05\/ct-tt-geflochtene-schlaeucher-8.jpg\" alt=\"\" class=\"mein-bild\" style=\"display:block\"\/><span class=\"bild-overlay\"><\/span><\/a><p><\/p><\/div><div class=\"bild-item\"><a href=\"https:\/\/gerster-techtex.com\/wp-content\/uploads\/2025\/05\/ct-tt-geflochtene-schlaeucher-15.jpg\" rel=\"lightbox[galerie]\" target=\"_blank\" class=\"lightbox-wrapper\" style=\"position:relative;display:inline-block\"><img decoding=\"async\" src=\"https:\/\/gerster-techtex.com\/wp-content\/uploads\/2025\/05\/ct-tt-geflochtene-schlaeucher-15.jpg\" alt=\"\" class=\"mein-bild\" style=\"display:block\"\/><span class=\"bild-overlay\"><\/span><\/a><p><\/p><\/div><div class=\"bild-item\"><a href=\"https:\/\/gerster-techtex.com\/wp-content\/uploads\/2025\/05\/ct-tt-gewobene-schlaeuche-3.jpg\" rel=\"lightbox[galerie]\" target=\"_blank\" class=\"lightbox-wrapper\" style=\"position:relative;display:inline-block\"><img decoding=\"async\" src=\"https:\/\/gerster-techtex.com\/wp-content\/uploads\/2025\/05\/ct-tt-gewobene-schlaeuche-3.jpg\" alt=\"\" class=\"mein-bild\" style=\"display:block\"\/><span class=\"bild-overlay\"><\/span><\/a><p><\/p><\/div><div class=\"bild-item\"><a href=\"https:\/\/gerster-techtex.com\/wp-content\/uploads\/2025\/05\/ct-tt-geflochtene-schlaeucher-2.jpg\" rel=\"lightbox[galerie]\" target=\"_blank\" class=\"lightbox-wrapper\" style=\"position:relative;display:inline-block\"><img decoding=\"async\" src=\"https:\/\/gerster-techtex.com\/wp-content\/uploads\/2025\/05\/ct-tt-geflochtene-schlaeucher-2.jpg\" alt=\"\" class=\"mein-bild\" style=\"display:block\"\/><span class=\"bild-overlay\"><\/span><\/a><p><\/p><\/div><div class=\"bild-item\"><a href=\"https:\/\/gerster-techtex.com\/wp-content\/uploads\/2025\/05\/ct-tt-gewobene-schlaeuche-2.jpg\" rel=\"lightbox[galerie]\" target=\"_blank\" class=\"lightbox-wrapper\" style=\"position:relative;display:inline-block\"><img decoding=\"async\" src=\"https:\/\/gerster-techtex.com\/wp-content\/uploads\/2025\/05\/ct-tt-gewobene-schlaeuche-2.jpg\" alt=\"\" class=\"mein-bild\" style=\"display:block\"\/><span class=\"bild-overlay\"><\/span><\/a><p><\/p><\/div><\/div><\/div><\/div>\n\n\n\n<hr class=\"wp-block-separator has-alpha-channel-opacity\"\/>\n\n\n\n<div class=\"wp-block-columns is-layout-flex wp-container-core-columns-is-layout-9d6595d7 wp-block-columns-is-layout-flex\">\n<div class=\"wp-block-column is-layout-flow wp-block-column-is-layout-flow\" style=\"flex-basis:40%\">\n<p>\/\/ Versatile application<\/p>\n\n\n\n<h2 class=\"wp-block-heading\">Areas of application<\/h2>\n<\/div>\n\n\n\n<div class=\"wp-block-column is-layout-flow wp-block-column-is-layout-flow\" style=\"flex-basis:60%\">\n<ul class=\"wp-block-list\">\n<li>Reinforcement of components<\/li>\n\n\n\n<li>Protection of pipes and cavities<\/li>\n\n\n\n<li>Use in fibre composite materials<\/li>\n<\/ul>\n<\/div>\n<\/div>\n\n\n\n<div style=\"height:100px\" aria-hidden=\"true\" class=\"wp-block-spacer\"><\/div>","protected":false},"featured_media":1908,"template":"","product_category":[18,23],"class_list":["post-1555","product","type-product","status-publish","has-post-thumbnail","hentry","product_category-composite-textilien","product_category-schlaeuche"],"acf":[],"yoast_head":"<!-- This site is optimized with the Yoast SEO plugin v25.9 - https:\/\/yoast.com\/wordpress\/plugins\/seo\/ -->\n<title>Schl\u00e4uche - Gerster TechTex - Ihr innovativer Partner f\u00fcr technische Textilien und Composites<\/title>\n<meta name=\"robots\" content=\"index, follow, max-snippet:-1, max-image-preview:large, max-video-preview:-1\" \/>\n<link rel=\"canonical\" href=\"https:\/\/gerster-techtex.com\/en\/produkte\/composite-textilien\/schlaeuche\/schlaeuche\/\" \/>\n<meta property=\"og:locale\" content=\"en_GB\" \/>\n<meta property=\"og:type\" content=\"article\" \/>\n<meta property=\"og:title\" content=\"Schl\u00e4uche - Gerster TechTex - Ihr innovativer Partner f\u00fcr technische Textilien und Composites\" \/>\n<meta property=\"og:description\" content=\"\/\/ Vielf\u00e4ltig einsetzbar Anwendungsbereiche\" \/>\n<meta property=\"og:url\" content=\"https:\/\/gerster-techtex.com\/en\/produkte\/composite-textilien\/schlaeuche\/schlaeuche\/\" \/>\n<meta property=\"og:site_name\" content=\"Gerster TechTex - Ihr innovativer Partner f\u00fcr technische Textilien und Composites\" \/>\n<meta property=\"article:publisher\" content=\"https:\/\/www.facebook.com\/GersterCollection\" \/>\n<meta property=\"article:modified_time\" content=\"2025-09-04T09:13:55+00:00\" \/>\n<meta property=\"og:image\" content=\"https:\/\/gerster-techtex.com\/wp-content\/uploads\/2025\/05\/ct-tt-geflochtene-schlaeucher-10.jpg\" \/>\n\t<meta property=\"og:image:width\" content=\"1920\" \/>\n\t<meta property=\"og:image:height\" content=\"1280\" \/>\n\t<meta property=\"og:image:type\" content=\"image\/jpeg\" \/>\n<meta name=\"twitter:card\" content=\"summary_large_image\" \/>\n<meta name=\"twitter:site\" content=\"@GersterFabrics\" \/>\n<meta name=\"twitter:label1\" content=\"Estimated reading time\" \/>\n\t<meta name=\"twitter:data1\" content=\"1 minute\" \/>\n<script type=\"application\/ld+json\" class=\"yoast-schema-graph\">{\"@context\":\"https:\/\/schema.org\",\"@graph\":[{\"@type\":\"WebPage\",\"@id\":\"https:\/\/gerster-techtex.com\/produkte\/composite-textilien\/schlaeuche\/schlaeuche\/\",\"url\":\"https:\/\/gerster-techtex.com\/produkte\/composite-textilien\/schlaeuche\/schlaeuche\/\",\"name\":\"Schl\u00e4uche - Gerster TechTex - Ihr innovativer Partner f\u00fcr technische Textilien und Composites\",\"isPartOf\":{\"@id\":\"https:\/\/gerster-techtex.com\/#website\"},\"primaryImageOfPage\":{\"@id\":\"https:\/\/gerster-techtex.com\/produkte\/composite-textilien\/schlaeuche\/schlaeuche\/#primaryimage\"},\"image\":{\"@id\":\"https:\/\/gerster-techtex.com\/produkte\/composite-textilien\/schlaeuche\/schlaeuche\/#primaryimage\"},\"thumbnailUrl\":\"https:\/\/gerster-techtex.com\/wp-content\/uploads\/2025\/05\/ct-tt-geflochtene-schlaeucher-10.jpg\",\"datePublished\":\"2025-07-16T06:51:36+00:00\",\"dateModified\":\"2025-09-04T09:13:55+00:00\",\"breadcrumb\":{\"@id\":\"https:\/\/gerster-techtex.com\/produkte\/composite-textilien\/schlaeuche\/schlaeuche\/#breadcrumb\"},\"inLanguage\":\"en-GB\",\"potentialAction\":[{\"@type\":\"ReadAction\",\"target\":[\"https:\/\/gerster-techtex.com\/produkte\/composite-textilien\/schlaeuche\/schlaeuche\/\"]}]},{\"@type\":\"ImageObject\",\"inLanguage\":\"en-GB\",\"@id\":\"https:\/\/gerster-techtex.com\/produkte\/composite-textilien\/schlaeuche\/schlaeuche\/#primaryimage\",\"url\":\"https:\/\/gerster-techtex.com\/wp-content\/uploads\/2025\/05\/ct-tt-geflochtene-schlaeucher-10.jpg\",\"contentUrl\":\"https:\/\/gerster-techtex.com\/wp-content\/uploads\/2025\/05\/ct-tt-geflochtene-schlaeucher-10.jpg\",\"width\":1920,\"height\":1280},{\"@type\":\"BreadcrumbList\",\"@id\":\"https:\/\/gerster-techtex.com\/produkte\/composite-textilien\/schlaeuche\/schlaeuche\/#breadcrumb\",\"itemListElement\":[{\"@type\":\"ListItem\",\"position\":1,\"name\":\"Startseite\",\"item\":\"https:\/\/gerster-techtex.com\/\"},{\"@type\":\"ListItem\",\"position\":2,\"name\":\"Produkte\",\"item\":\"https:\/\/gerster-techtex.com\/produkte\/%product_category%\/\"},{\"@type\":\"ListItem\",\"position\":3,\"name\":\"Schl\u00e4uche\"}]},{\"@type\":\"WebSite\",\"@id\":\"https:\/\/gerster-techtex.com\/#website\",\"url\":\"https:\/\/gerster-techtex.com\/\",\"name\":\"Gerster TechTex - Ihr innovativer Partner f\u00fcr technische Textilien und Composites\",\"description\":\"\",\"publisher\":{\"@id\":\"https:\/\/gerster-techtex.com\/#organization\"},\"potentialAction\":[{\"@type\":\"SearchAction\",\"target\":{\"@type\":\"EntryPoint\",\"urlTemplate\":\"https:\/\/gerster-techtex.com\/?s={search_term_string}\"},\"query-input\":{\"@type\":\"PropertyValueSpecification\",\"valueRequired\":true,\"valueName\":\"search_term_string\"}}],\"inLanguage\":\"en-GB\"},{\"@type\":\"Organization\",\"@id\":\"https:\/\/gerster-techtex.com\/#organization\",\"name\":\"Gerster TechTex - Ihr innovativer Partner f\u00fcr technische Textilien und Composites\",\"url\":\"https:\/\/gerster-techtex.com\/\",\"logo\":{\"@type\":\"ImageObject\",\"inLanguage\":\"en-GB\",\"@id\":\"https:\/\/gerster-techtex.com\/#\/schema\/logo\/image\/\",\"url\":\"https:\/\/gerster-techtex.com\/wp-content\/uploads\/2025\/04\/logo.jpg\",\"contentUrl\":\"https:\/\/gerster-techtex.com\/wp-content\/uploads\/2025\/04\/logo.jpg\",\"width\":800,\"height\":379,\"caption\":\"Gerster TechTex - Ihr innovativer Partner f\u00fcr technische Textilien und Composites\"},\"image\":{\"@id\":\"https:\/\/gerster-techtex.com\/#\/schema\/logo\/image\/\"},\"sameAs\":[\"https:\/\/www.facebook.com\/GersterCollection\",\"https:\/\/x.com\/GersterFabrics\",\"https:\/\/www.youtube.com\/user\/GersterCollection\/videos\"]}]}<\/script>\n<!-- \/ Yoast SEO plugin. -->","yoast_head_json":{"title":"Schl\u00e4uche - Gerster TechTex - Ihr innovativer Partner f\u00fcr technische Textilien und Composites","robots":{"index":"index","follow":"follow","max-snippet":"max-snippet:-1","max-image-preview":"max-image-preview:large","max-video-preview":"max-video-preview:-1"},"canonical":"https:\/\/gerster-techtex.com\/en\/produkte\/composite-textilien\/schlaeuche\/schlaeuche\/","og_locale":"en_GB","og_type":"article","og_title":"Schl\u00e4uche - Gerster TechTex - Ihr innovativer Partner f\u00fcr technische Textilien und Composites","og_description":"\/\/ Vielf\u00e4ltig einsetzbar Anwendungsbereiche","og_url":"https:\/\/gerster-techtex.com\/en\/produkte\/composite-textilien\/schlaeuche\/schlaeuche\/","og_site_name":"Gerster TechTex - Ihr innovativer Partner f\u00fcr technische Textilien und Composites","article_publisher":"https:\/\/www.facebook.com\/GersterCollection","article_modified_time":"2025-09-04T09:13:55+00:00","og_image":[{"width":1920,"height":1280,"url":"https:\/\/gerster-techtex.com\/wp-content\/uploads\/2025\/05\/ct-tt-geflochtene-schlaeucher-10.jpg","type":"image\/jpeg"}],"twitter_card":"summary_large_image","twitter_site":"@GersterFabrics","twitter_misc":{"Estimated reading time":"1 minute"},"schema":{"@context":"https:\/\/schema.org","@graph":[{"@type":"WebPage","@id":"https:\/\/gerster-techtex.com\/produkte\/composite-textilien\/schlaeuche\/schlaeuche\/","url":"https:\/\/gerster-techtex.com\/produkte\/composite-textilien\/schlaeuche\/schlaeuche\/","name":"Schl\u00e4uche - Gerster TechTex - Ihr innovativer Partner f\u00fcr technische Textilien und Composites","isPartOf":{"@id":"https:\/\/gerster-techtex.com\/#website"},"primaryImageOfPage":{"@id":"https:\/\/gerster-techtex.com\/produkte\/composite-textilien\/schlaeuche\/schlaeuche\/#primaryimage"},"image":{"@id":"https:\/\/gerster-techtex.com\/produkte\/composite-textilien\/schlaeuche\/schlaeuche\/#primaryimage"},"thumbnailUrl":"https:\/\/gerster-techtex.com\/wp-content\/uploads\/2025\/05\/ct-tt-geflochtene-schlaeucher-10.jpg","datePublished":"2025-07-16T06:51:36+00:00","dateModified":"2025-09-04T09:13:55+00:00","breadcrumb":{"@id":"https:\/\/gerster-techtex.com\/produkte\/composite-textilien\/schlaeuche\/schlaeuche\/#breadcrumb"},"inLanguage":"en-GB","potentialAction":[{"@type":"ReadAction","target":["https:\/\/gerster-techtex.com\/produkte\/composite-textilien\/schlaeuche\/schlaeuche\/"]}]},{"@type":"ImageObject","inLanguage":"en-GB","@id":"https:\/\/gerster-techtex.com\/produkte\/composite-textilien\/schlaeuche\/schlaeuche\/#primaryimage","url":"https:\/\/gerster-techtex.com\/wp-content\/uploads\/2025\/05\/ct-tt-geflochtene-schlaeucher-10.jpg","contentUrl":"https:\/\/gerster-techtex.com\/wp-content\/uploads\/2025\/05\/ct-tt-geflochtene-schlaeucher-10.jpg","width":1920,"height":1280},{"@type":"BreadcrumbList","@id":"https:\/\/gerster-techtex.com\/produkte\/composite-textilien\/schlaeuche\/schlaeuche\/#breadcrumb","itemListElement":[{"@type":"ListItem","position":1,"name":"Startseite","item":"https:\/\/gerster-techtex.com\/"},{"@type":"ListItem","position":2,"name":"Produkte","item":"https:\/\/gerster-techtex.com\/produkte\/%product_category%\/"},{"@type":"ListItem","position":3,"name":"Schl\u00e4uche"}]},{"@type":"WebSite","@id":"https:\/\/gerster-techtex.com\/#website","url":"https:\/\/gerster-techtex.com\/","name":"Gerster TechTex - Ihr innovativer Partner f\u00fcr technische Textilien und Composites","description":"","publisher":{"@id":"https:\/\/gerster-techtex.com\/#organization"},"potentialAction":[{"@type":"SearchAction","target":{"@type":"EntryPoint","urlTemplate":"https:\/\/gerster-techtex.com\/?s={search_term_string}"},"query-input":{"@type":"PropertyValueSpecification","valueRequired":true,"valueName":"search_term_string"}}],"inLanguage":"en-GB"},{"@type":"Organization","@id":"https:\/\/gerster-techtex.com\/#organization","name":"Gerster TechTex - Ihr innovativer Partner f\u00fcr technische Textilien und Composites","url":"https:\/\/gerster-techtex.com\/","logo":{"@type":"ImageObject","inLanguage":"en-GB","@id":"https:\/\/gerster-techtex.com\/#\/schema\/logo\/image\/","url":"https:\/\/gerster-techtex.com\/wp-content\/uploads\/2025\/04\/logo.jpg","contentUrl":"https:\/\/gerster-techtex.com\/wp-content\/uploads\/2025\/04\/logo.jpg","width":800,"height":379,"caption":"Gerster TechTex - Ihr innovativer Partner f\u00fcr technische Textilien und Composites"},"image":{"@id":"https:\/\/gerster-techtex.com\/#\/schema\/logo\/image\/"},"sameAs":["https:\/\/www.facebook.com\/GersterCollection","https:\/\/x.com\/GersterFabrics","https:\/\/www.youtube.com\/user\/GersterCollection\/videos"]}]}},"_links":{"self":[{"href":"https:\/\/gerster-techtex.com\/en\/wp-json\/wp\/v2\/product\/1555","targetHints":{"allow":["GET"]}}],"collection":[{"href":"https:\/\/gerster-techtex.com\/en\/wp-json\/wp\/v2\/product"}],"about":[{"href":"https:\/\/gerster-techtex.com\/en\/wp-json\/wp\/v2\/types\/product"}],"version-history":[{"count":18,"href":"https:\/\/gerster-techtex.com\/en\/wp-json\/wp\/v2\/product\/1555\/revisions"}],"predecessor-version":[{"id":2882,"href":"https:\/\/gerster-techtex.com\/en\/wp-json\/wp\/v2\/product\/1555\/revisions\/2882"}],"wp:featuredmedia":[{"embeddable":true,"href":"https:\/\/gerster-techtex.com\/en\/wp-json\/wp\/v2\/media\/1908"}],"wp:attachment":[{"href":"https:\/\/gerster-techtex.com\/en\/wp-json\/wp\/v2\/media?parent=1555"}],"wp:term":[{"taxonomy":"product_category","embeddable":true,"href":"https:\/\/gerster-techtex.com\/en\/wp-json\/wp\/v2\/product_category?post=1555"}],"curies":[{"name":"wp","href":"https:\/\/api.w.org\/{rel}","templated":true}]}}