{"id":1072,"date":"2025-05-21T15:37:42","date_gmt":"2025-05-21T13:37:42","guid":{"rendered":"http:\/\/localhost\/gerster-techtex\/?post_type=product&#038;p=1072"},"modified":"2025-09-17T16:01:12","modified_gmt":"2025-09-17T14:01:12","slug":"leitfaehige-baender","status":"publish","type":"product","link":"https:\/\/gerster-techtex.com\/en\/produkte\/technische-textilien\/funktionale-textilien\/leitfaehige-baender\/","title":{"rendered":"Conductive tapes"},"content":{"rendered":"<div class=\"wp-block-custom-produkt-inhalt\"><div class=\"wp-block-columns  produkt-image-wrapper\"><div class=\"wp-block-column\"><div class=\"produkt-title-wrapper\"><p>\/\/ Flexible. Conductive. Precise.<br><strong>Conductive tapes <\/strong>Gerster TechTex products combine textile flexibility with reliable <strong>electrical functionality<\/strong>. Thanks to a wide range of material combinations from natural and synthetic fibers, these tapes can be perfectly tailored to their specific applications. Conductive yarns, special coatings, and the integration of external conductors such as copper, silver, or carbon layers enable secure power or signal transmission directly within or on the carrier material. <strong>secure power supply<\/strong> or <strong>signal transmission <\/strong>directly in or on the carrier material.<br><br>Thanks to modern <strong>Narrow weaving<\/strong> and <strong>active technology <\/strong>both conductive and antistatic tapes can be manufactured precisely to customer specifications. The <strong>contribution <\/strong>several <strong>leader <\/strong>in warp and weft is <strong>flexible <\/strong>feasible. Both yard goods and ready-made cuts are possible. The design and geometries can be customized. Thanks to the <strong>good drapability<\/strong> the tapes are ideal for <strong>easy integration<\/strong> into existing processes such as laminating or laminating. Widths of up to 30 centimeters are possible for narrow fabrics, and up to 100 centimeters for knitted fabrics.<br><br>Conductive tapes are used in, among other things, the <strong>seamless integration<\/strong> into textiles, power and signal transmission in moving systems, as well as in EMS and ATEX applications. Further uses include conveyor technology, electronics manufacturing, cleanrooms, ESD protection zones, and printing and packaging machinery.<\/p><\/div><div class=\"button-group button-product-page\"><div class=\"wp-block-button\"><a href=\"https:\/\/gerster-techtex.com\/en\/anwendungsbereiche\/luftfahrt\/\" data-type=\"page\" data-id=\"42\">Aviation<\/a><\/div><div class=\"wp-block-button\"><a href=\"https:\/\/gerster-techtex.com\/en\/anwendungsbereiche\/windenergie\/\" data-type=\"page\" data-id=\"44\">Wind energy<\/a><\/div><div class=\"wp-block-button\"><a href=\"https:\/\/gerster-techtex.com\/en\/anwendungsbereiche\/automobil\/\" data-type=\"page\" data-id=\"46\">Automotive<\/a><\/div><div class=\"wp-block-button\"><a href=\"https:\/\/gerster-techtex.com\/en\/anwendungsbereiche\/sport-orthopaedietechnik\/\" data-type=\"page\" data-id=\"48\">Sports industry<\/a><\/div><div class=\"wp-block-button\"><a href=\"https:\/\/gerster-techtex.com\/en\/anwendungsbereiche\/orthopaedietechnik\/\">Orthopedic technology<\/a><\/div><div class=\"wp-block-button\"><a href=\"https:\/\/gerster-techtex.com\/en\/anwendungsbereiche\/behoerden-militaer\/\" data-type=\"page\" data-id=\"50\">Authorities &amp; military<\/a><\/div><div class=\"wp-block-button\"><a href=\"https:\/\/gerster-techtex.com\/en\/anwendungsbereiche\/industrie-maschinenbau\/\" data-type=\"page\" data-id=\"52\">Industry &amp; mechanical engineering<\/a><\/div><\/div><\/div><div class=\"wp-block-column\"><div class=\"bild-item\"><a href=\"https:\/\/gerster-techtex.com\/wp-content\/uploads\/2025\/05\/tt-leitfaehige-baender-6.jpg\" rel=\"lightbox[galerie]\" target=\"_blank\" class=\"lightbox-wrapper\" style=\"position:relative;display:inline-block\"><img decoding=\"async\" src=\"https:\/\/gerster-techtex.com\/wp-content\/uploads\/2025\/05\/tt-leitfaehige-baender-6.jpg\" alt=\"\" class=\"mein-bild\" style=\"display:block\"\/><span class=\"bild-overlay\"><\/span><\/a><p><\/p><\/div><div class=\"bild-item\"><a href=\"https:\/\/gerster-techtex.com\/wp-content\/uploads\/2025\/05\/tt-leitfaehige-baender-5.jpg\" rel=\"lightbox[galerie]\" target=\"_blank\" class=\"lightbox-wrapper\" style=\"position:relative;display:inline-block\"><img decoding=\"async\" src=\"https:\/\/gerster-techtex.com\/wp-content\/uploads\/2025\/05\/tt-leitfaehige-baender-5.jpg\" alt=\"\" class=\"mein-bild\" style=\"display:block\"\/><span class=\"bild-overlay\"><\/span><\/a><p><\/p><\/div><div class=\"bild-item\"><a href=\"https:\/\/gerster-techtex.com\/wp-content\/uploads\/2025\/05\/tt-leitfaehige-baender-4.jpg\" rel=\"lightbox[galerie]\" target=\"_blank\" class=\"lightbox-wrapper\" style=\"position:relative;display:inline-block\"><img decoding=\"async\" src=\"https:\/\/gerster-techtex.com\/wp-content\/uploads\/2025\/05\/tt-leitfaehige-baender-4.jpg\" alt=\"\" class=\"mein-bild\" style=\"display:block\"\/><span class=\"bild-overlay\"><\/span><\/a><p><\/p><\/div><div class=\"bild-item\"><a href=\"https:\/\/gerster-techtex.com\/wp-content\/uploads\/2025\/05\/tt-leitfaehige-baender-3.jpg\" rel=\"lightbox[galerie]\" target=\"_blank\" class=\"lightbox-wrapper\" style=\"position:relative;display:inline-block\"><img decoding=\"async\" src=\"https:\/\/gerster-techtex.com\/wp-content\/uploads\/2025\/05\/tt-leitfaehige-baender-3.jpg\" alt=\"\" class=\"mein-bild\" style=\"display:block\"\/><span class=\"bild-overlay\"><\/span><\/a><p><\/p><\/div><div class=\"bild-item\"><a href=\"https:\/\/gerster-techtex.com\/wp-content\/uploads\/2025\/05\/tt-leitfaehige-baender-2.jpg\" rel=\"lightbox[galerie]\" target=\"_blank\" class=\"lightbox-wrapper\" style=\"position:relative;display:inline-block\"><img decoding=\"async\" src=\"https:\/\/gerster-techtex.com\/wp-content\/uploads\/2025\/05\/tt-leitfaehige-baender-2.jpg\" alt=\"\" class=\"mein-bild\" style=\"display:block\"\/><span class=\"bild-overlay\"><\/span><\/a><p><\/p><\/div><div class=\"bild-item\"><a href=\"https:\/\/gerster-techtex.com\/wp-content\/uploads\/2025\/05\/tt-leitfaehige-baender-1.jpg\" rel=\"lightbox[galerie]\" target=\"_blank\" class=\"lightbox-wrapper\" style=\"position:relative;display:inline-block\"><img decoding=\"async\" src=\"https:\/\/gerster-techtex.com\/wp-content\/uploads\/2025\/05\/tt-leitfaehige-baender-1.jpg\" alt=\"\" class=\"mein-bild\" style=\"display:block\"\/><span class=\"bild-overlay\"><\/span><\/a><p><\/p><\/div><\/div><\/div><div class=\"produkt-details-wrapper\"><div class=\"wp-block-columns eigenschaften-grid\"><div class=\"wp-block-column space-between\"><div><p>\/\/ Quick Summary<\/p><h2>Details<\/h2><\/div><\/div><div class=\"wp-block-column\"><div class=\"wp-block-columns eigenschaften-icons\"><div class=\"wp-block-column breite details-icon\"><h3>Width<\/h3><p>bis zu 35 cm<\/p><\/div><div class=\"wp-block-column faserorientierung details-icon\"><h3>Fiber orientation<\/h3><p>Unidirektional, Bidirektional<\/p><\/div><div class=\"wp-block-column gewicht details-icon\"><h3>Weight (g\/m\u00b2)<\/h3><p>individual<\/p><\/div><div class=\"wp-block-column rollenlaenge details-icon\"><h3>Roll length<\/h3><p>individual<\/p><\/div><\/div><\/div><\/div><\/div><\/div>","protected":false},"featured_media":1954,"template":"","product_category":[34,19],"class_list":["post-1072","product","type-product","status-publish","has-post-thumbnail","hentry","product_category-funktionale-textilien","product_category-technische-textilien"],"acf":[],"yoast_head":"<!-- This site is optimized with the Yoast SEO plugin v25.9 - https:\/\/yoast.com\/wordpress\/plugins\/seo\/ -->\n<title>Leitf\u00e4hige B\u00e4nder - Gerster TechTex - Ihr innovativer Partner f\u00fcr technische Textilien und Composites<\/title>\n<meta name=\"robots\" content=\"index, follow, max-snippet:-1, max-image-preview:large, max-video-preview:-1\" \/>\n<link rel=\"canonical\" href=\"https:\/\/gerster-techtex.com\/en\/produkte\/technische-textilien\/funktionale-textilien\/leitfaehige-baender\/\" \/>\n<meta property=\"og:locale\" content=\"en_GB\" \/>\n<meta property=\"og:type\" content=\"article\" \/>\n<meta property=\"og:title\" content=\"Leitf\u00e4hige B\u00e4nder - Gerster TechTex - Ihr innovativer Partner f\u00fcr technische Textilien und Composites\" \/>\n<meta property=\"og:url\" content=\"https:\/\/gerster-techtex.com\/en\/produkte\/technische-textilien\/funktionale-textilien\/leitfaehige-baender\/\" \/>\n<meta property=\"og:site_name\" content=\"Gerster TechTex - Ihr innovativer Partner f\u00fcr technische Textilien und Composites\" \/>\n<meta property=\"article:publisher\" content=\"https:\/\/www.facebook.com\/GersterCollection\" \/>\n<meta property=\"article:modified_time\" content=\"2025-09-17T14:01:12+00:00\" \/>\n<meta property=\"og:image\" content=\"https:\/\/gerster-techtex.com\/wp-content\/uploads\/2025\/05\/tt-leitfaehige-baender-1.jpg\" \/>\n\t<meta property=\"og:image:width\" content=\"1920\" \/>\n\t<meta property=\"og:image:height\" content=\"1275\" \/>\n\t<meta property=\"og:image:type\" content=\"image\/jpeg\" \/>\n<meta name=\"twitter:card\" content=\"summary_large_image\" \/>\n<meta name=\"twitter:site\" content=\"@GersterFabrics\" \/>\n<meta name=\"twitter:label1\" content=\"Estimated reading time\" \/>\n\t<meta name=\"twitter:data1\" content=\"1 minute\" \/>\n<script type=\"application\/ld+json\" class=\"yoast-schema-graph\">{\"@context\":\"https:\/\/schema.org\",\"@graph\":[{\"@type\":\"WebPage\",\"@id\":\"https:\/\/gerster-techtex.com\/produkte\/technische-textilien\/funktionale-textilien\/leitfaehige-baender\/\",\"url\":\"https:\/\/gerster-techtex.com\/produkte\/technische-textilien\/funktionale-textilien\/leitfaehige-baender\/\",\"name\":\"Leitf\u00e4hige B\u00e4nder - Gerster TechTex - Ihr innovativer Partner f\u00fcr technische Textilien und Composites\",\"isPartOf\":{\"@id\":\"https:\/\/gerster-techtex.com\/#website\"},\"primaryImageOfPage\":{\"@id\":\"https:\/\/gerster-techtex.com\/produkte\/technische-textilien\/funktionale-textilien\/leitfaehige-baender\/#primaryimage\"},\"image\":{\"@id\":\"https:\/\/gerster-techtex.com\/produkte\/technische-textilien\/funktionale-textilien\/leitfaehige-baender\/#primaryimage\"},\"thumbnailUrl\":\"https:\/\/gerster-techtex.com\/wp-content\/uploads\/2025\/05\/tt-leitfaehige-baender-1.jpg\",\"datePublished\":\"2025-05-21T13:37:42+00:00\",\"dateModified\":\"2025-09-17T14:01:12+00:00\",\"breadcrumb\":{\"@id\":\"https:\/\/gerster-techtex.com\/produkte\/technische-textilien\/funktionale-textilien\/leitfaehige-baender\/#breadcrumb\"},\"inLanguage\":\"en-GB\",\"potentialAction\":[{\"@type\":\"ReadAction\",\"target\":[\"https:\/\/gerster-techtex.com\/produkte\/technische-textilien\/funktionale-textilien\/leitfaehige-baender\/\"]}]},{\"@type\":\"ImageObject\",\"inLanguage\":\"en-GB\",\"@id\":\"https:\/\/gerster-techtex.com\/produkte\/technische-textilien\/funktionale-textilien\/leitfaehige-baender\/#primaryimage\",\"url\":\"https:\/\/gerster-techtex.com\/wp-content\/uploads\/2025\/05\/tt-leitfaehige-baender-1.jpg\",\"contentUrl\":\"https:\/\/gerster-techtex.com\/wp-content\/uploads\/2025\/05\/tt-leitfaehige-baender-1.jpg\",\"width\":1920,\"height\":1275},{\"@type\":\"BreadcrumbList\",\"@id\":\"https:\/\/gerster-techtex.com\/produkte\/technische-textilien\/funktionale-textilien\/leitfaehige-baender\/#breadcrumb\",\"itemListElement\":[{\"@type\":\"ListItem\",\"position\":1,\"name\":\"Startseite\",\"item\":\"https:\/\/gerster-techtex.com\/\"},{\"@type\":\"ListItem\",\"position\":2,\"name\":\"Produkte\",\"item\":\"https:\/\/gerster-techtex.com\/produkte\/%product_category%\/\"},{\"@type\":\"ListItem\",\"position\":3,\"name\":\"Leitf\u00e4hige B\u00e4nder\"}]},{\"@type\":\"WebSite\",\"@id\":\"https:\/\/gerster-techtex.com\/#website\",\"url\":\"https:\/\/gerster-techtex.com\/\",\"name\":\"Gerster TechTex - Ihr innovativer Partner f\u00fcr technische Textilien und Composites\",\"description\":\"\",\"publisher\":{\"@id\":\"https:\/\/gerster-techtex.com\/#organization\"},\"potentialAction\":[{\"@type\":\"SearchAction\",\"target\":{\"@type\":\"EntryPoint\",\"urlTemplate\":\"https:\/\/gerster-techtex.com\/?s={search_term_string}\"},\"query-input\":{\"@type\":\"PropertyValueSpecification\",\"valueRequired\":true,\"valueName\":\"search_term_string\"}}],\"inLanguage\":\"en-GB\"},{\"@type\":\"Organization\",\"@id\":\"https:\/\/gerster-techtex.com\/#organization\",\"name\":\"Gerster TechTex - Ihr innovativer Partner f\u00fcr technische Textilien und Composites\",\"url\":\"https:\/\/gerster-techtex.com\/\",\"logo\":{\"@type\":\"ImageObject\",\"inLanguage\":\"en-GB\",\"@id\":\"https:\/\/gerster-techtex.com\/#\/schema\/logo\/image\/\",\"url\":\"https:\/\/gerster-techtex.com\/wp-content\/uploads\/2025\/04\/logo.jpg\",\"contentUrl\":\"https:\/\/gerster-techtex.com\/wp-content\/uploads\/2025\/04\/logo.jpg\",\"width\":800,\"height\":379,\"caption\":\"Gerster TechTex - Ihr innovativer Partner f\u00fcr technische Textilien und Composites\"},\"image\":{\"@id\":\"https:\/\/gerster-techtex.com\/#\/schema\/logo\/image\/\"},\"sameAs\":[\"https:\/\/www.facebook.com\/GersterCollection\",\"https:\/\/x.com\/GersterFabrics\",\"https:\/\/www.youtube.com\/user\/GersterCollection\/videos\"]}]}<\/script>\n<!-- \/ Yoast SEO plugin. -->","yoast_head_json":{"title":"Leitf\u00e4hige B\u00e4nder - Gerster TechTex - Ihr innovativer Partner f\u00fcr technische Textilien und Composites","robots":{"index":"index","follow":"follow","max-snippet":"max-snippet:-1","max-image-preview":"max-image-preview:large","max-video-preview":"max-video-preview:-1"},"canonical":"https:\/\/gerster-techtex.com\/en\/produkte\/technische-textilien\/funktionale-textilien\/leitfaehige-baender\/","og_locale":"en_GB","og_type":"article","og_title":"Leitf\u00e4hige B\u00e4nder - Gerster TechTex - Ihr innovativer Partner f\u00fcr technische Textilien und Composites","og_url":"https:\/\/gerster-techtex.com\/en\/produkte\/technische-textilien\/funktionale-textilien\/leitfaehige-baender\/","og_site_name":"Gerster TechTex - Ihr innovativer Partner f\u00fcr technische Textilien und Composites","article_publisher":"https:\/\/www.facebook.com\/GersterCollection","article_modified_time":"2025-09-17T14:01:12+00:00","og_image":[{"width":1920,"height":1275,"url":"https:\/\/gerster-techtex.com\/wp-content\/uploads\/2025\/05\/tt-leitfaehige-baender-1.jpg","type":"image\/jpeg"}],"twitter_card":"summary_large_image","twitter_site":"@GersterFabrics","twitter_misc":{"Estimated reading time":"1 minute"},"schema":{"@context":"https:\/\/schema.org","@graph":[{"@type":"WebPage","@id":"https:\/\/gerster-techtex.com\/produkte\/technische-textilien\/funktionale-textilien\/leitfaehige-baender\/","url":"https:\/\/gerster-techtex.com\/produkte\/technische-textilien\/funktionale-textilien\/leitfaehige-baender\/","name":"Leitf\u00e4hige B\u00e4nder - Gerster TechTex - Ihr innovativer Partner f\u00fcr technische Textilien und Composites","isPartOf":{"@id":"https:\/\/gerster-techtex.com\/#website"},"primaryImageOfPage":{"@id":"https:\/\/gerster-techtex.com\/produkte\/technische-textilien\/funktionale-textilien\/leitfaehige-baender\/#primaryimage"},"image":{"@id":"https:\/\/gerster-techtex.com\/produkte\/technische-textilien\/funktionale-textilien\/leitfaehige-baender\/#primaryimage"},"thumbnailUrl":"https:\/\/gerster-techtex.com\/wp-content\/uploads\/2025\/05\/tt-leitfaehige-baender-1.jpg","datePublished":"2025-05-21T13:37:42+00:00","dateModified":"2025-09-17T14:01:12+00:00","breadcrumb":{"@id":"https:\/\/gerster-techtex.com\/produkte\/technische-textilien\/funktionale-textilien\/leitfaehige-baender\/#breadcrumb"},"inLanguage":"en-GB","potentialAction":[{"@type":"ReadAction","target":["https:\/\/gerster-techtex.com\/produkte\/technische-textilien\/funktionale-textilien\/leitfaehige-baender\/"]}]},{"@type":"ImageObject","inLanguage":"en-GB","@id":"https:\/\/gerster-techtex.com\/produkte\/technische-textilien\/funktionale-textilien\/leitfaehige-baender\/#primaryimage","url":"https:\/\/gerster-techtex.com\/wp-content\/uploads\/2025\/05\/tt-leitfaehige-baender-1.jpg","contentUrl":"https:\/\/gerster-techtex.com\/wp-content\/uploads\/2025\/05\/tt-leitfaehige-baender-1.jpg","width":1920,"height":1275},{"@type":"BreadcrumbList","@id":"https:\/\/gerster-techtex.com\/produkte\/technische-textilien\/funktionale-textilien\/leitfaehige-baender\/#breadcrumb","itemListElement":[{"@type":"ListItem","position":1,"name":"Startseite","item":"https:\/\/gerster-techtex.com\/"},{"@type":"ListItem","position":2,"name":"Produkte","item":"https:\/\/gerster-techtex.com\/produkte\/%product_category%\/"},{"@type":"ListItem","position":3,"name":"Leitf\u00e4hige B\u00e4nder"}]},{"@type":"WebSite","@id":"https:\/\/gerster-techtex.com\/#website","url":"https:\/\/gerster-techtex.com\/","name":"Gerster TechTex - Ihr innovativer Partner f\u00fcr technische Textilien und Composites","description":"","publisher":{"@id":"https:\/\/gerster-techtex.com\/#organization"},"potentialAction":[{"@type":"SearchAction","target":{"@type":"EntryPoint","urlTemplate":"https:\/\/gerster-techtex.com\/?s={search_term_string}"},"query-input":{"@type":"PropertyValueSpecification","valueRequired":true,"valueName":"search_term_string"}}],"inLanguage":"en-GB"},{"@type":"Organization","@id":"https:\/\/gerster-techtex.com\/#organization","name":"Gerster TechTex - Ihr innovativer Partner f\u00fcr technische Textilien und Composites","url":"https:\/\/gerster-techtex.com\/","logo":{"@type":"ImageObject","inLanguage":"en-GB","@id":"https:\/\/gerster-techtex.com\/#\/schema\/logo\/image\/","url":"https:\/\/gerster-techtex.com\/wp-content\/uploads\/2025\/04\/logo.jpg","contentUrl":"https:\/\/gerster-techtex.com\/wp-content\/uploads\/2025\/04\/logo.jpg","width":800,"height":379,"caption":"Gerster TechTex - Ihr innovativer Partner f\u00fcr technische Textilien und Composites"},"image":{"@id":"https:\/\/gerster-techtex.com\/#\/schema\/logo\/image\/"},"sameAs":["https:\/\/www.facebook.com\/GersterCollection","https:\/\/x.com\/GersterFabrics","https:\/\/www.youtube.com\/user\/GersterCollection\/videos"]}]}},"_links":{"self":[{"href":"https:\/\/gerster-techtex.com\/en\/wp-json\/wp\/v2\/product\/1072","targetHints":{"allow":["GET"]}}],"collection":[{"href":"https:\/\/gerster-techtex.com\/en\/wp-json\/wp\/v2\/product"}],"about":[{"href":"https:\/\/gerster-techtex.com\/en\/wp-json\/wp\/v2\/types\/product"}],"version-history":[{"count":9,"href":"https:\/\/gerster-techtex.com\/en\/wp-json\/wp\/v2\/product\/1072\/revisions"}],"predecessor-version":[{"id":3051,"href":"https:\/\/gerster-techtex.com\/en\/wp-json\/wp\/v2\/product\/1072\/revisions\/3051"}],"wp:featuredmedia":[{"embeddable":true,"href":"https:\/\/gerster-techtex.com\/en\/wp-json\/wp\/v2\/media\/1954"}],"wp:attachment":[{"href":"https:\/\/gerster-techtex.com\/en\/wp-json\/wp\/v2\/media?parent=1072"}],"wp:term":[{"taxonomy":"product_category","embeddable":true,"href":"https:\/\/gerster-techtex.com\/en\/wp-json\/wp\/v2\/product_category?post=1072"}],"curies":[{"name":"wp","href":"https:\/\/api.w.org\/{rel}","templated":true}]}}