{"id":1052,"date":"2025-05-21T15:33:33","date_gmt":"2025-05-21T13:33:33","guid":{"rendered":"http:\/\/localhost\/gerster-techtex\/?post_type=product&#038;p=1052"},"modified":"2025-09-04T12:17:13","modified_gmt":"2025-09-04T10:17:13","slug":"kernueberflochtene-schlaeuche","status":"publish","type":"product","link":"https:\/\/gerster-techtex.com\/en\/produkte\/technische-textilien\/tt-schlaeuche\/kernueberflochtene-schlaeuche\/","title":{"rendered":"Core-braided hoses"},"content":{"rendered":"<div class=\"wp-block-custom-produkt-inhalt\"><div class=\"wp-block-columns  produkt-image-wrapper\"><div class=\"wp-block-column\"><div class=\"produkt-title-wrapper\"><p>\/\/ Heavy-duty, flexible, and reliable<br>Gerster TechTex offers <strong>core-braided hoses<\/strong> from a variety of materials such as <strong>natural fiber yarns<\/strong>, including cotton, wool and flax, as well as <strong>synthetic yarns<\/strong> such as polyester, polypropylene, polyamides and Trevira CS\u00ae. The range is complemented by yarns made from <strong>natural polymers<\/strong> such as viscose and rayon, <strong>high-strength fibers<\/strong> such as Dyneema\u00ae and aramid, as well as non-flammable and <strong>engineering plastics<\/strong> such as PTFE, PVDF, PEEK and PPS. The hoses are designed for a diameter of 50 mm as standard and are manufactured with a +\/- 45\u00b0 alignment.<br><br>These hoses enable the <strong>overlacing <\/strong>from solid <strong>bodies <\/strong>such as wood or thermoplastics with diameters of up to 50 mm. The objects to be woven are fed directly into the weaving machine via a gripping mechanism on a robotic arm. The structures can be either <strong>convex <\/strong>as well as <strong>concave <\/strong>By adjusting the weaving angles, it is possible to create differently shaped, rotationally symmetrical, straight and curved bodies. <strong>close-fitting <\/strong>and <strong>form-fitting <\/strong>envelope. Individual diameters are also possible.<br><br>The core-braided hoses impress with their seamless workmanship, <strong>high resilience <\/strong>and burst resistance. They offer uniform shrinkage behaviour and <strong>constant material thickness<\/strong>, even on curves and edges. Customised adjustments are easily possible, ensuring a high degree of versatility.<\/p><\/div><div class=\"button-group button-product-page\"><div class=\"wp-block-button\"><a href=\"https:\/\/gerster-techtex.com\/en\/anwendungsbereiche\/sport-orthopaedietechnik\/\" data-type=\"page\" data-id=\"48\">Sports industry<\/a><\/div><div class=\"wp-block-button\"><a href=\"https:\/\/gerster-techtex.com\/en\/anwendungsbereiche\/behoerden-militaer\/\" data-type=\"page\" data-id=\"50\">Authorities &amp; military<\/a><\/div><div class=\"wp-block-button\"><a href=\"https:\/\/gerster-techtex.com\/en\/anwendungsbereiche\/industrie-maschinenbau\/\" data-type=\"page\" data-id=\"52\">Industry &amp; mechanical engineering<\/a><\/div><\/div><\/div><div class=\"wp-block-column bild-item-50\"><div class=\"bild-item\"><a href=\"https:\/\/gerster-techtex.com\/wp-content\/uploads\/2025\/05\/tt-kernueberflochtene-schlaeuche-3.jpg\" rel=\"lightbox[galerie]\" target=\"_blank\" class=\"lightbox-wrapper\" style=\"position:relative;display:inline-block\"><img decoding=\"async\" src=\"https:\/\/gerster-techtex.com\/wp-content\/uploads\/2025\/05\/tt-kernueberflochtene-schlaeuche-3.jpg\" alt=\"\" class=\"mein-bild\" style=\"display:block\"\/><span class=\"bild-overlay\"><\/span><\/a><p><\/p><\/div><div class=\"bild-item\"><a href=\"https:\/\/gerster-techtex.com\/wp-content\/uploads\/2025\/05\/tt-kernueberflochtene-schlaeuche-2.jpg\" rel=\"lightbox[galerie]\" target=\"_blank\" class=\"lightbox-wrapper\" style=\"position:relative;display:inline-block\"><img decoding=\"async\" src=\"https:\/\/gerster-techtex.com\/wp-content\/uploads\/2025\/05\/tt-kernueberflochtene-schlaeuche-2.jpg\" alt=\"\" class=\"mein-bild\" style=\"display:block\"\/><span class=\"bild-overlay\"><\/span><\/a><p><\/p><\/div><div class=\"bild-item\"><a href=\"https:\/\/gerster-techtex.com\/wp-content\/uploads\/2025\/05\/tt-kernueberflochtene-schlaeuche-1.jpg\" rel=\"lightbox[galerie]\" target=\"_blank\" class=\"lightbox-wrapper\" style=\"position:relative;display:inline-block\"><img decoding=\"async\" src=\"https:\/\/gerster-techtex.com\/wp-content\/uploads\/2025\/05\/tt-kernueberflochtene-schlaeuche-1.jpg\" alt=\"\" class=\"mein-bild\" style=\"display:block\"\/><span class=\"bild-overlay\"><\/span><\/a><p><\/p><\/div><\/div><\/div><\/div>","protected":false},"featured_media":2388,"template":"","product_category":[31,19],"class_list":["post-1052","product","type-product","status-publish","has-post-thumbnail","hentry","product_category-tt-schlaeuche","product_category-technische-textilien"],"acf":[],"yoast_head":"<!-- This site is optimized with the Yoast SEO plugin v25.9 - https:\/\/yoast.com\/wordpress\/plugins\/seo\/ -->\n<title>Kern\u00fcberflochtene Schl\u00e4uche - Gerster TechTex - Ihr innovativer Partner f\u00fcr technische Textilien und Composites<\/title>\n<meta name=\"robots\" content=\"index, follow, max-snippet:-1, max-image-preview:large, max-video-preview:-1\" \/>\n<link rel=\"canonical\" href=\"https:\/\/gerster-techtex.com\/en\/produkte\/technische-textilien\/tt-schlaeuche\/kernueberflochtene-schlaeuche\/\" \/>\n<meta property=\"og:locale\" content=\"en_GB\" \/>\n<meta property=\"og:type\" content=\"article\" \/>\n<meta property=\"og:title\" content=\"Kern\u00fcberflochtene Schl\u00e4uche - Gerster TechTex - Ihr innovativer Partner f\u00fcr technische Textilien und Composites\" \/>\n<meta property=\"og:url\" content=\"https:\/\/gerster-techtex.com\/en\/produkte\/technische-textilien\/tt-schlaeuche\/kernueberflochtene-schlaeuche\/\" \/>\n<meta property=\"og:site_name\" content=\"Gerster TechTex - Ihr innovativer Partner f\u00fcr technische Textilien und Composites\" \/>\n<meta property=\"article:publisher\" content=\"https:\/\/www.facebook.com\/GersterCollection\" \/>\n<meta property=\"article:modified_time\" content=\"2025-09-04T10:17:13+00:00\" \/>\n<meta property=\"og:image\" content=\"https:\/\/gerster-techtex.com\/wp-content\/uploads\/2025\/05\/tt-kernueberflochtene-schlaeuche-3.jpg\" \/>\n\t<meta property=\"og:image:width\" content=\"1920\" \/>\n\t<meta property=\"og:image:height\" content=\"1280\" \/>\n\t<meta property=\"og:image:type\" content=\"image\/jpeg\" \/>\n<meta name=\"twitter:card\" content=\"summary_large_image\" \/>\n<meta name=\"twitter:site\" content=\"@GersterFabrics\" \/>\n<meta name=\"twitter:label1\" content=\"Estimated reading time\" \/>\n\t<meta name=\"twitter:data1\" content=\"1 minute\" \/>\n<script type=\"application\/ld+json\" class=\"yoast-schema-graph\">{\"@context\":\"https:\/\/schema.org\",\"@graph\":[{\"@type\":\"WebPage\",\"@id\":\"https:\/\/gerster-techtex.com\/produkte\/technische-textilien\/tt-schlaeuche\/kernueberflochtene-schlaeuche\/\",\"url\":\"https:\/\/gerster-techtex.com\/produkte\/technische-textilien\/tt-schlaeuche\/kernueberflochtene-schlaeuche\/\",\"name\":\"Kern\u00fcberflochtene Schl\u00e4uche - Gerster TechTex - Ihr innovativer Partner f\u00fcr technische Textilien und Composites\",\"isPartOf\":{\"@id\":\"https:\/\/gerster-techtex.com\/#website\"},\"primaryImageOfPage\":{\"@id\":\"https:\/\/gerster-techtex.com\/produkte\/technische-textilien\/tt-schlaeuche\/kernueberflochtene-schlaeuche\/#primaryimage\"},\"image\":{\"@id\":\"https:\/\/gerster-techtex.com\/produkte\/technische-textilien\/tt-schlaeuche\/kernueberflochtene-schlaeuche\/#primaryimage\"},\"thumbnailUrl\":\"https:\/\/gerster-techtex.com\/wp-content\/uploads\/2025\/05\/tt-kernueberflochtene-schlaeuche-3.jpg\",\"datePublished\":\"2025-05-21T13:33:33+00:00\",\"dateModified\":\"2025-09-04T10:17:13+00:00\",\"breadcrumb\":{\"@id\":\"https:\/\/gerster-techtex.com\/produkte\/technische-textilien\/tt-schlaeuche\/kernueberflochtene-schlaeuche\/#breadcrumb\"},\"inLanguage\":\"en-GB\",\"potentialAction\":[{\"@type\":\"ReadAction\",\"target\":[\"https:\/\/gerster-techtex.com\/produkte\/technische-textilien\/tt-schlaeuche\/kernueberflochtene-schlaeuche\/\"]}]},{\"@type\":\"ImageObject\",\"inLanguage\":\"en-GB\",\"@id\":\"https:\/\/gerster-techtex.com\/produkte\/technische-textilien\/tt-schlaeuche\/kernueberflochtene-schlaeuche\/#primaryimage\",\"url\":\"https:\/\/gerster-techtex.com\/wp-content\/uploads\/2025\/05\/tt-kernueberflochtene-schlaeuche-3.jpg\",\"contentUrl\":\"https:\/\/gerster-techtex.com\/wp-content\/uploads\/2025\/05\/tt-kernueberflochtene-schlaeuche-3.jpg\",\"width\":1920,\"height\":1280},{\"@type\":\"BreadcrumbList\",\"@id\":\"https:\/\/gerster-techtex.com\/produkte\/technische-textilien\/tt-schlaeuche\/kernueberflochtene-schlaeuche\/#breadcrumb\",\"itemListElement\":[{\"@type\":\"ListItem\",\"position\":1,\"name\":\"Startseite\",\"item\":\"https:\/\/gerster-techtex.com\/\"},{\"@type\":\"ListItem\",\"position\":2,\"name\":\"Produkte\",\"item\":\"https:\/\/gerster-techtex.com\/produkte\/%product_category%\/\"},{\"@type\":\"ListItem\",\"position\":3,\"name\":\"Kern\u00fcberflochtene Schl\u00e4uche\"}]},{\"@type\":\"WebSite\",\"@id\":\"https:\/\/gerster-techtex.com\/#website\",\"url\":\"https:\/\/gerster-techtex.com\/\",\"name\":\"Gerster TechTex - Ihr innovativer Partner f\u00fcr technische Textilien und Composites\",\"description\":\"\",\"publisher\":{\"@id\":\"https:\/\/gerster-techtex.com\/#organization\"},\"potentialAction\":[{\"@type\":\"SearchAction\",\"target\":{\"@type\":\"EntryPoint\",\"urlTemplate\":\"https:\/\/gerster-techtex.com\/?s={search_term_string}\"},\"query-input\":{\"@type\":\"PropertyValueSpecification\",\"valueRequired\":true,\"valueName\":\"search_term_string\"}}],\"inLanguage\":\"en-GB\"},{\"@type\":\"Organization\",\"@id\":\"https:\/\/gerster-techtex.com\/#organization\",\"name\":\"Gerster TechTex - Ihr innovativer Partner f\u00fcr technische Textilien und Composites\",\"url\":\"https:\/\/gerster-techtex.com\/\",\"logo\":{\"@type\":\"ImageObject\",\"inLanguage\":\"en-GB\",\"@id\":\"https:\/\/gerster-techtex.com\/#\/schema\/logo\/image\/\",\"url\":\"https:\/\/gerster-techtex.com\/wp-content\/uploads\/2025\/04\/logo.jpg\",\"contentUrl\":\"https:\/\/gerster-techtex.com\/wp-content\/uploads\/2025\/04\/logo.jpg\",\"width\":800,\"height\":379,\"caption\":\"Gerster TechTex - Ihr innovativer Partner f\u00fcr technische Textilien und Composites\"},\"image\":{\"@id\":\"https:\/\/gerster-techtex.com\/#\/schema\/logo\/image\/\"},\"sameAs\":[\"https:\/\/www.facebook.com\/GersterCollection\",\"https:\/\/x.com\/GersterFabrics\",\"https:\/\/www.youtube.com\/user\/GersterCollection\/videos\"]}]}<\/script>\n<!-- \/ Yoast SEO plugin. -->","yoast_head_json":{"title":"Kern\u00fcberflochtene Schl\u00e4uche - Gerster TechTex - Ihr innovativer Partner f\u00fcr technische Textilien und Composites","robots":{"index":"index","follow":"follow","max-snippet":"max-snippet:-1","max-image-preview":"max-image-preview:large","max-video-preview":"max-video-preview:-1"},"canonical":"https:\/\/gerster-techtex.com\/en\/produkte\/technische-textilien\/tt-schlaeuche\/kernueberflochtene-schlaeuche\/","og_locale":"en_GB","og_type":"article","og_title":"Kern\u00fcberflochtene Schl\u00e4uche - Gerster TechTex - Ihr innovativer Partner f\u00fcr technische Textilien und Composites","og_url":"https:\/\/gerster-techtex.com\/en\/produkte\/technische-textilien\/tt-schlaeuche\/kernueberflochtene-schlaeuche\/","og_site_name":"Gerster TechTex - Ihr innovativer Partner f\u00fcr technische Textilien und Composites","article_publisher":"https:\/\/www.facebook.com\/GersterCollection","article_modified_time":"2025-09-04T10:17:13+00:00","og_image":[{"width":1920,"height":1280,"url":"https:\/\/gerster-techtex.com\/wp-content\/uploads\/2025\/05\/tt-kernueberflochtene-schlaeuche-3.jpg","type":"image\/jpeg"}],"twitter_card":"summary_large_image","twitter_site":"@GersterFabrics","twitter_misc":{"Estimated reading time":"1 minute"},"schema":{"@context":"https:\/\/schema.org","@graph":[{"@type":"WebPage","@id":"https:\/\/gerster-techtex.com\/produkte\/technische-textilien\/tt-schlaeuche\/kernueberflochtene-schlaeuche\/","url":"https:\/\/gerster-techtex.com\/produkte\/technische-textilien\/tt-schlaeuche\/kernueberflochtene-schlaeuche\/","name":"Kern\u00fcberflochtene Schl\u00e4uche - Gerster TechTex - Ihr innovativer Partner f\u00fcr technische Textilien und Composites","isPartOf":{"@id":"https:\/\/gerster-techtex.com\/#website"},"primaryImageOfPage":{"@id":"https:\/\/gerster-techtex.com\/produkte\/technische-textilien\/tt-schlaeuche\/kernueberflochtene-schlaeuche\/#primaryimage"},"image":{"@id":"https:\/\/gerster-techtex.com\/produkte\/technische-textilien\/tt-schlaeuche\/kernueberflochtene-schlaeuche\/#primaryimage"},"thumbnailUrl":"https:\/\/gerster-techtex.com\/wp-content\/uploads\/2025\/05\/tt-kernueberflochtene-schlaeuche-3.jpg","datePublished":"2025-05-21T13:33:33+00:00","dateModified":"2025-09-04T10:17:13+00:00","breadcrumb":{"@id":"https:\/\/gerster-techtex.com\/produkte\/technische-textilien\/tt-schlaeuche\/kernueberflochtene-schlaeuche\/#breadcrumb"},"inLanguage":"en-GB","potentialAction":[{"@type":"ReadAction","target":["https:\/\/gerster-techtex.com\/produkte\/technische-textilien\/tt-schlaeuche\/kernueberflochtene-schlaeuche\/"]}]},{"@type":"ImageObject","inLanguage":"en-GB","@id":"https:\/\/gerster-techtex.com\/produkte\/technische-textilien\/tt-schlaeuche\/kernueberflochtene-schlaeuche\/#primaryimage","url":"https:\/\/gerster-techtex.com\/wp-content\/uploads\/2025\/05\/tt-kernueberflochtene-schlaeuche-3.jpg","contentUrl":"https:\/\/gerster-techtex.com\/wp-content\/uploads\/2025\/05\/tt-kernueberflochtene-schlaeuche-3.jpg","width":1920,"height":1280},{"@type":"BreadcrumbList","@id":"https:\/\/gerster-techtex.com\/produkte\/technische-textilien\/tt-schlaeuche\/kernueberflochtene-schlaeuche\/#breadcrumb","itemListElement":[{"@type":"ListItem","position":1,"name":"Startseite","item":"https:\/\/gerster-techtex.com\/"},{"@type":"ListItem","position":2,"name":"Produkte","item":"https:\/\/gerster-techtex.com\/produkte\/%product_category%\/"},{"@type":"ListItem","position":3,"name":"Kern\u00fcberflochtene Schl\u00e4uche"}]},{"@type":"WebSite","@id":"https:\/\/gerster-techtex.com\/#website","url":"https:\/\/gerster-techtex.com\/","name":"Gerster TechTex - Ihr innovativer Partner f\u00fcr technische Textilien und Composites","description":"","publisher":{"@id":"https:\/\/gerster-techtex.com\/#organization"},"potentialAction":[{"@type":"SearchAction","target":{"@type":"EntryPoint","urlTemplate":"https:\/\/gerster-techtex.com\/?s={search_term_string}"},"query-input":{"@type":"PropertyValueSpecification","valueRequired":true,"valueName":"search_term_string"}}],"inLanguage":"en-GB"},{"@type":"Organization","@id":"https:\/\/gerster-techtex.com\/#organization","name":"Gerster TechTex - Ihr innovativer Partner f\u00fcr technische Textilien und Composites","url":"https:\/\/gerster-techtex.com\/","logo":{"@type":"ImageObject","inLanguage":"en-GB","@id":"https:\/\/gerster-techtex.com\/#\/schema\/logo\/image\/","url":"https:\/\/gerster-techtex.com\/wp-content\/uploads\/2025\/04\/logo.jpg","contentUrl":"https:\/\/gerster-techtex.com\/wp-content\/uploads\/2025\/04\/logo.jpg","width":800,"height":379,"caption":"Gerster TechTex - Ihr innovativer Partner f\u00fcr technische Textilien und Composites"},"image":{"@id":"https:\/\/gerster-techtex.com\/#\/schema\/logo\/image\/"},"sameAs":["https:\/\/www.facebook.com\/GersterCollection","https:\/\/x.com\/GersterFabrics","https:\/\/www.youtube.com\/user\/GersterCollection\/videos"]}]}},"_links":{"self":[{"href":"https:\/\/gerster-techtex.com\/en\/wp-json\/wp\/v2\/product\/1052","targetHints":{"allow":["GET"]}}],"collection":[{"href":"https:\/\/gerster-techtex.com\/en\/wp-json\/wp\/v2\/product"}],"about":[{"href":"https:\/\/gerster-techtex.com\/en\/wp-json\/wp\/v2\/types\/product"}],"version-history":[{"count":7,"href":"https:\/\/gerster-techtex.com\/en\/wp-json\/wp\/v2\/product\/1052\/revisions"}],"predecessor-version":[{"id":2919,"href":"https:\/\/gerster-techtex.com\/en\/wp-json\/wp\/v2\/product\/1052\/revisions\/2919"}],"wp:featuredmedia":[{"embeddable":true,"href":"https:\/\/gerster-techtex.com\/en\/wp-json\/wp\/v2\/media\/2388"}],"wp:attachment":[{"href":"https:\/\/gerster-techtex.com\/en\/wp-json\/wp\/v2\/media?parent=1052"}],"wp:term":[{"taxonomy":"product_category","embeddable":true,"href":"https:\/\/gerster-techtex.com\/en\/wp-json\/wp\/v2\/product_category?post=1052"}],"curies":[{"name":"wp","href":"https:\/\/api.w.org\/{rel}","templated":true}]}}