{"id":1042,"date":"2026-03-19T09:42:27","date_gmt":"2026-03-19T08:42:27","guid":{"rendered":"http:\/\/localhost\/gerster-techtex\/?post_type=product&#038;p=1042"},"modified":"2026-04-02T07:45:57","modified_gmt":"2026-04-02T05:45:57","slug":"antistatische-buersten","status":"publish","type":"product","link":"https:\/\/gerster-techtex.com\/en\/produkte\/technische-textilien\/antistatische-buersten\/antistatische-buersten\/","title":{"rendered":"Antistatic brushes"},"content":{"rendered":"<div class=\"wp-block-custom-produkt-inhalt\"><div class=\"wp-block-columns  produkt-image-wrapper\"><div class=\"wp-block-column\"><div class=\"produkt-title-wrapper\"><p>\/\/ Safety in every fibre<br>Gerster TechTex bietet antistatische B\u00fcrsten aus leitf\u00e4higen Garnen wie Elitex (silberbeschichtetes Polyamid), Carbon sowie auch aus <strong>metallischen Garnen und feinen Dr\u00e4hten<\/strong> an. Dadurch lassen sich unterschiedliche Anforderungen an Leitf\u00e4higkeit, Verschlei\u00dffestigkeit und Temperaturbest\u00e4ndigkeit gezielt erf\u00fcllen.<br><br>Die B\u00fcrstenbreiten sind individuell bis zu 28 cm anpassbar. Je nach Anwendung k\u00f6nnen die B\u00fcrsten mit geschlossenen, gedrehten oder offen geschnittenen Fransen gefertigt werden, deren Dichte variabel ausgelegt wird. Die Fransen sind im 90\u00b0-Winkel ausgerichtet und werden durch eine stabile Hilfsstruktur zuverl\u00e4ssig fixiert.<br><br>Unsere antistatischen B\u00fcrsten erm\u00f6glichen eine sichere und kontrollierte Ableitung elektrostatischer Ladungen und verhindern so unerw\u00fcnschte Effekte wie Staubanziehung, Funkenbildung oder St\u00f6rungen in sensiblen Prozessen und elektronischen Komponenten.<br><br><br><strong>Typische Einsatzbereiche:<\/strong><br>&#8211; Antistatische Ausr\u00fcstung von F\u00f6rderb\u00e4ndern und Materialtransporten<br>&#8211; Ableitung elektrostatischer Ladung an rotierenden Bauteilen<br>&#8211; Einsatz als <strong>ableitender Schleifkontakt<\/strong> bei             rotierenden Systemen<\/p><\/div><div class=\"button-group button-product-page\"><div class=\"wp-block-button\"><a href=\"https:\/\/gerster-techtex.com\/en\/anwendungsbereiche\/windenergie\/\" data-type=\"page\" data-id=\"44\">Wind energy<\/a><\/div><div class=\"wp-block-button\"><a href=\"https:\/\/gerster-techtex.com\/en\/anwendungsbereiche\/automobil\/\" data-type=\"page\" data-id=\"46\">Automotive<\/a><\/div><div class=\"wp-block-button\"><a href=\"https:\/\/gerster-techtex.com\/en\/anwendungsbereiche\/industrie-maschinenbau\/\" data-type=\"page\" data-id=\"52\">Industry &amp; mechanical engineering<\/a><\/div><\/div><\/div><div class=\"wp-block-column bild-item-50\"><div class=\"bild-item\"><a href=\"https:\/\/gerster-techtex.com\/wp-content\/uploads\/2025\/05\/tt-antistatische-buersten-1.jpg\" rel=\"lightbox[galerie]\" target=\"_blank\" class=\"lightbox-wrapper\" style=\"position:relative;display:inline-block\"><img decoding=\"async\" src=\"https:\/\/gerster-techtex.com\/wp-content\/uploads\/2025\/05\/tt-antistatische-buersten-1.jpg\" alt=\"\" class=\"mein-bild\" style=\"display:block\"\/><span class=\"bild-overlay\"><\/span><\/a><p><\/p><\/div><div class=\"bild-item\"><a href=\"https:\/\/gerster-techtex.com\/wp-content\/uploads\/2025\/05\/tt-antistatische-buersten-3.jpg\" rel=\"lightbox[galerie]\" target=\"_blank\" class=\"lightbox-wrapper\" style=\"position:relative;display:inline-block\"><img decoding=\"async\" src=\"https:\/\/gerster-techtex.com\/wp-content\/uploads\/2025\/05\/tt-antistatische-buersten-3.jpg\" alt=\"\" class=\"mein-bild\" style=\"display:block\"\/><span class=\"bild-overlay\"><\/span><\/a><p><\/p><\/div><div class=\"bild-item\"><a href=\"https:\/\/gerster-techtex.com\/wp-content\/uploads\/2025\/05\/tt-antistatische-buersten-2.jpg\" rel=\"lightbox[galerie]\" target=\"_blank\" class=\"lightbox-wrapper\" style=\"position:relative;display:inline-block\"><img decoding=\"async\" src=\"https:\/\/gerster-techtex.com\/wp-content\/uploads\/2025\/05\/tt-antistatische-buersten-2.jpg\" alt=\"\" class=\"mein-bild\" style=\"display:block\"\/><span class=\"bild-overlay\"><\/span><\/a><p><\/p><\/div><\/div><\/div><div class=\"produkt-details-wrapper\"><div class=\"wp-block-columns eigenschaften-grid\"><div class=\"wp-block-column space-between\"><div><p>\/\/ Quick Summary<\/p><h2>Details<\/h2><\/div><\/div><div class=\"wp-block-column\"><div class=\"wp-block-columns eigenschaften-icons\"><div class=\"wp-block-column breite details-icon\"><h3>Width<\/h3><p>bis 28mm<\/p><\/div><div class=\"wp-block-column faserorientierung details-icon\"><h3>Fiber orientation<\/h3><p>0\u00b0+90\u00b0<\/p><\/div><\/div><\/div><\/div><\/div><\/div>","protected":false},"featured_media":2133,"template":"","product_category":[109,19],"class_list":["post-1042","product","type-product","status-publish","has-post-thumbnail","hentry","product_category-antistatische-buersten","product_category-technische-textilien"],"acf":[],"yoast_head":"<!-- This site is optimized with the Yoast SEO plugin v25.9 - https:\/\/yoast.com\/wordpress\/plugins\/seo\/ -->\n<title>Antistatische B\u00fcrsten - Gerster TechTex - Ihr innovativer Partner f\u00fcr technische Textilien und Composites<\/title>\n<meta name=\"robots\" content=\"index, follow, max-snippet:-1, max-image-preview:large, max-video-preview:-1\" \/>\n<link rel=\"canonical\" href=\"https:\/\/gerster-techtex.com\/en\/produkte\/technische-textilien\/antistatische-buersten\/antistatische-buersten\/\" \/>\n<meta property=\"og:locale\" content=\"en_GB\" \/>\n<meta property=\"og:type\" content=\"article\" \/>\n<meta property=\"og:title\" content=\"Antistatische B\u00fcrsten - Gerster TechTex - Ihr innovativer Partner f\u00fcr technische Textilien und Composites\" \/>\n<meta property=\"og:url\" content=\"https:\/\/gerster-techtex.com\/en\/produkte\/technische-textilien\/antistatische-buersten\/antistatische-buersten\/\" \/>\n<meta property=\"og:site_name\" content=\"Gerster TechTex - Ihr innovativer Partner f\u00fcr technische Textilien und Composites\" \/>\n<meta property=\"article:publisher\" content=\"https:\/\/www.facebook.com\/GersterCollection\" \/>\n<meta property=\"article:modified_time\" content=\"2026-04-02T05:45:57+00:00\" \/>\n<meta property=\"og:image\" content=\"https:\/\/gerster-techtex.com\/wp-content\/uploads\/2025\/05\/tt-antistatische-buersten-2.jpg\" \/>\n\t<meta property=\"og:image:width\" content=\"1920\" \/>\n\t<meta property=\"og:image:height\" content=\"1280\" \/>\n\t<meta property=\"og:image:type\" content=\"image\/jpeg\" \/>\n<meta name=\"twitter:card\" content=\"summary_large_image\" \/>\n<meta name=\"twitter:site\" content=\"@GersterFabrics\" \/>\n<meta name=\"twitter:label1\" content=\"Estimated reading time\" \/>\n\t<meta name=\"twitter:data1\" content=\"1 minute\" \/>\n<script type=\"application\/ld+json\" class=\"yoast-schema-graph\">{\"@context\":\"https:\/\/schema.org\",\"@graph\":[{\"@type\":\"WebPage\",\"@id\":\"https:\/\/gerster-techtex.com\/produkte\/technische-textilien\/antistatische-buersten\/antistatische-buersten\/\",\"url\":\"https:\/\/gerster-techtex.com\/produkte\/technische-textilien\/antistatische-buersten\/antistatische-buersten\/\",\"name\":\"Antistatische B\u00fcrsten - Gerster TechTex - Ihr innovativer Partner f\u00fcr technische Textilien und Composites\",\"isPartOf\":{\"@id\":\"https:\/\/gerster-techtex.com\/#website\"},\"primaryImageOfPage\":{\"@id\":\"https:\/\/gerster-techtex.com\/produkte\/technische-textilien\/antistatische-buersten\/antistatische-buersten\/#primaryimage\"},\"image\":{\"@id\":\"https:\/\/gerster-techtex.com\/produkte\/technische-textilien\/antistatische-buersten\/antistatische-buersten\/#primaryimage\"},\"thumbnailUrl\":\"https:\/\/gerster-techtex.com\/wp-content\/uploads\/2025\/05\/tt-antistatische-buersten-2.jpg\",\"datePublished\":\"2026-03-19T08:42:27+00:00\",\"dateModified\":\"2026-04-02T05:45:57+00:00\",\"breadcrumb\":{\"@id\":\"https:\/\/gerster-techtex.com\/produkte\/technische-textilien\/antistatische-buersten\/antistatische-buersten\/#breadcrumb\"},\"inLanguage\":\"en-GB\",\"potentialAction\":[{\"@type\":\"ReadAction\",\"target\":[\"https:\/\/gerster-techtex.com\/produkte\/technische-textilien\/antistatische-buersten\/antistatische-buersten\/\"]}]},{\"@type\":\"ImageObject\",\"inLanguage\":\"en-GB\",\"@id\":\"https:\/\/gerster-techtex.com\/produkte\/technische-textilien\/antistatische-buersten\/antistatische-buersten\/#primaryimage\",\"url\":\"https:\/\/gerster-techtex.com\/wp-content\/uploads\/2025\/05\/tt-antistatische-buersten-2.jpg\",\"contentUrl\":\"https:\/\/gerster-techtex.com\/wp-content\/uploads\/2025\/05\/tt-antistatische-buersten-2.jpg\",\"width\":1920,\"height\":1280},{\"@type\":\"BreadcrumbList\",\"@id\":\"https:\/\/gerster-techtex.com\/produkte\/technische-textilien\/antistatische-buersten\/antistatische-buersten\/#breadcrumb\",\"itemListElement\":[{\"@type\":\"ListItem\",\"position\":1,\"name\":\"Startseite\",\"item\":\"https:\/\/gerster-techtex.com\/\"},{\"@type\":\"ListItem\",\"position\":2,\"name\":\"Produkte\",\"item\":\"https:\/\/gerster-techtex.com\/produkte\/%product_category%\/\"},{\"@type\":\"ListItem\",\"position\":3,\"name\":\"Antistatische B\u00fcrsten\"}]},{\"@type\":\"WebSite\",\"@id\":\"https:\/\/gerster-techtex.com\/#website\",\"url\":\"https:\/\/gerster-techtex.com\/\",\"name\":\"Gerster TechTex - Ihr innovativer Partner f\u00fcr technische Textilien und Composites\",\"description\":\"\",\"publisher\":{\"@id\":\"https:\/\/gerster-techtex.com\/#organization\"},\"potentialAction\":[{\"@type\":\"SearchAction\",\"target\":{\"@type\":\"EntryPoint\",\"urlTemplate\":\"https:\/\/gerster-techtex.com\/?s={search_term_string}\"},\"query-input\":{\"@type\":\"PropertyValueSpecification\",\"valueRequired\":true,\"valueName\":\"search_term_string\"}}],\"inLanguage\":\"en-GB\"},{\"@type\":\"Organization\",\"@id\":\"https:\/\/gerster-techtex.com\/#organization\",\"name\":\"Gerster TechTex - Ihr innovativer Partner f\u00fcr technische Textilien und Composites\",\"url\":\"https:\/\/gerster-techtex.com\/\",\"logo\":{\"@type\":\"ImageObject\",\"inLanguage\":\"en-GB\",\"@id\":\"https:\/\/gerster-techtex.com\/#\/schema\/logo\/image\/\",\"url\":\"https:\/\/gerster-techtex.com\/wp-content\/uploads\/2025\/04\/logo.jpg\",\"contentUrl\":\"https:\/\/gerster-techtex.com\/wp-content\/uploads\/2025\/04\/logo.jpg\",\"width\":800,\"height\":379,\"caption\":\"Gerster TechTex - Ihr innovativer Partner f\u00fcr technische Textilien und Composites\"},\"image\":{\"@id\":\"https:\/\/gerster-techtex.com\/#\/schema\/logo\/image\/\"},\"sameAs\":[\"https:\/\/www.facebook.com\/GersterCollection\",\"https:\/\/x.com\/GersterFabrics\",\"https:\/\/www.youtube.com\/user\/GersterCollection\/videos\"]}]}<\/script>\n<!-- \/ Yoast SEO plugin. -->","yoast_head_json":{"title":"Antistatische B\u00fcrsten - Gerster TechTex - Ihr innovativer Partner f\u00fcr technische Textilien und Composites","robots":{"index":"index","follow":"follow","max-snippet":"max-snippet:-1","max-image-preview":"max-image-preview:large","max-video-preview":"max-video-preview:-1"},"canonical":"https:\/\/gerster-techtex.com\/en\/produkte\/technische-textilien\/antistatische-buersten\/antistatische-buersten\/","og_locale":"en_GB","og_type":"article","og_title":"Antistatische B\u00fcrsten - Gerster TechTex - Ihr innovativer Partner f\u00fcr technische Textilien und Composites","og_url":"https:\/\/gerster-techtex.com\/en\/produkte\/technische-textilien\/antistatische-buersten\/antistatische-buersten\/","og_site_name":"Gerster TechTex - Ihr innovativer Partner f\u00fcr technische Textilien und Composites","article_publisher":"https:\/\/www.facebook.com\/GersterCollection","article_modified_time":"2026-04-02T05:45:57+00:00","og_image":[{"width":1920,"height":1280,"url":"https:\/\/gerster-techtex.com\/wp-content\/uploads\/2025\/05\/tt-antistatische-buersten-2.jpg","type":"image\/jpeg"}],"twitter_card":"summary_large_image","twitter_site":"@GersterFabrics","twitter_misc":{"Estimated reading time":"1 minute"},"schema":{"@context":"https:\/\/schema.org","@graph":[{"@type":"WebPage","@id":"https:\/\/gerster-techtex.com\/produkte\/technische-textilien\/antistatische-buersten\/antistatische-buersten\/","url":"https:\/\/gerster-techtex.com\/produkte\/technische-textilien\/antistatische-buersten\/antistatische-buersten\/","name":"Antistatische B\u00fcrsten - Gerster TechTex - Ihr innovativer Partner f\u00fcr technische Textilien und Composites","isPartOf":{"@id":"https:\/\/gerster-techtex.com\/#website"},"primaryImageOfPage":{"@id":"https:\/\/gerster-techtex.com\/produkte\/technische-textilien\/antistatische-buersten\/antistatische-buersten\/#primaryimage"},"image":{"@id":"https:\/\/gerster-techtex.com\/produkte\/technische-textilien\/antistatische-buersten\/antistatische-buersten\/#primaryimage"},"thumbnailUrl":"https:\/\/gerster-techtex.com\/wp-content\/uploads\/2025\/05\/tt-antistatische-buersten-2.jpg","datePublished":"2026-03-19T08:42:27+00:00","dateModified":"2026-04-02T05:45:57+00:00","breadcrumb":{"@id":"https:\/\/gerster-techtex.com\/produkte\/technische-textilien\/antistatische-buersten\/antistatische-buersten\/#breadcrumb"},"inLanguage":"en-GB","potentialAction":[{"@type":"ReadAction","target":["https:\/\/gerster-techtex.com\/produkte\/technische-textilien\/antistatische-buersten\/antistatische-buersten\/"]}]},{"@type":"ImageObject","inLanguage":"en-GB","@id":"https:\/\/gerster-techtex.com\/produkte\/technische-textilien\/antistatische-buersten\/antistatische-buersten\/#primaryimage","url":"https:\/\/gerster-techtex.com\/wp-content\/uploads\/2025\/05\/tt-antistatische-buersten-2.jpg","contentUrl":"https:\/\/gerster-techtex.com\/wp-content\/uploads\/2025\/05\/tt-antistatische-buersten-2.jpg","width":1920,"height":1280},{"@type":"BreadcrumbList","@id":"https:\/\/gerster-techtex.com\/produkte\/technische-textilien\/antistatische-buersten\/antistatische-buersten\/#breadcrumb","itemListElement":[{"@type":"ListItem","position":1,"name":"Startseite","item":"https:\/\/gerster-techtex.com\/"},{"@type":"ListItem","position":2,"name":"Produkte","item":"https:\/\/gerster-techtex.com\/produkte\/%product_category%\/"},{"@type":"ListItem","position":3,"name":"Antistatische B\u00fcrsten"}]},{"@type":"WebSite","@id":"https:\/\/gerster-techtex.com\/#website","url":"https:\/\/gerster-techtex.com\/","name":"Gerster TechTex - Ihr innovativer Partner f\u00fcr technische Textilien und Composites","description":"","publisher":{"@id":"https:\/\/gerster-techtex.com\/#organization"},"potentialAction":[{"@type":"SearchAction","target":{"@type":"EntryPoint","urlTemplate":"https:\/\/gerster-techtex.com\/?s={search_term_string}"},"query-input":{"@type":"PropertyValueSpecification","valueRequired":true,"valueName":"search_term_string"}}],"inLanguage":"en-GB"},{"@type":"Organization","@id":"https:\/\/gerster-techtex.com\/#organization","name":"Gerster TechTex - Ihr innovativer Partner f\u00fcr technische Textilien und Composites","url":"https:\/\/gerster-techtex.com\/","logo":{"@type":"ImageObject","inLanguage":"en-GB","@id":"https:\/\/gerster-techtex.com\/#\/schema\/logo\/image\/","url":"https:\/\/gerster-techtex.com\/wp-content\/uploads\/2025\/04\/logo.jpg","contentUrl":"https:\/\/gerster-techtex.com\/wp-content\/uploads\/2025\/04\/logo.jpg","width":800,"height":379,"caption":"Gerster TechTex - Ihr innovativer Partner f\u00fcr technische Textilien und Composites"},"image":{"@id":"https:\/\/gerster-techtex.com\/#\/schema\/logo\/image\/"},"sameAs":["https:\/\/www.facebook.com\/GersterCollection","https:\/\/x.com\/GersterFabrics","https:\/\/www.youtube.com\/user\/GersterCollection\/videos"]}]}},"_links":{"self":[{"href":"https:\/\/gerster-techtex.com\/en\/wp-json\/wp\/v2\/product\/1042","targetHints":{"allow":["GET"]}}],"collection":[{"href":"https:\/\/gerster-techtex.com\/en\/wp-json\/wp\/v2\/product"}],"about":[{"href":"https:\/\/gerster-techtex.com\/en\/wp-json\/wp\/v2\/types\/product"}],"version-history":[{"count":12,"href":"https:\/\/gerster-techtex.com\/en\/wp-json\/wp\/v2\/product\/1042\/revisions"}],"predecessor-version":[{"id":3317,"href":"https:\/\/gerster-techtex.com\/en\/wp-json\/wp\/v2\/product\/1042\/revisions\/3317"}],"wp:featuredmedia":[{"embeddable":true,"href":"https:\/\/gerster-techtex.com\/en\/wp-json\/wp\/v2\/media\/2133"}],"wp:attachment":[{"href":"https:\/\/gerster-techtex.com\/en\/wp-json\/wp\/v2\/media?parent=1042"}],"wp:term":[{"taxonomy":"product_category","embeddable":true,"href":"https:\/\/gerster-techtex.com\/en\/wp-json\/wp\/v2\/product_category?post=1042"}],"curies":[{"name":"wp","href":"https:\/\/api.w.org\/{rel}","templated":true}]}}