{"id":98,"date":"2025-04-14T10:41:35","date_gmt":"2025-04-14T08:41:35","guid":{"rendered":"http:\/\/localhost\/gerster-techtex\/?page_id=98"},"modified":"2025-09-18T11:22:53","modified_gmt":"2025-09-18T09:22:53","slug":"qualitaetsmanagement","status":"publish","type":"page","link":"https:\/\/gerster-techtex.com\/en\/unternehmen\/qualitaetsmanagement\/","title":{"rendered":"Quality management"},"content":{"rendered":"<div class=\"hintergrundbild-block hintergrundbild-verlauf rel\" style=\"  width: 100vw;  margin-left: calc(-50vw + 50%);   position: relative;  margin-top: 0px;   margin-bottom: 0px;\">\r\n    <img decoding=\"async\" src=\"https:\/\/gerster-techtex.com\/wp-content\/uploads\/2025\/08\/warenschau-10.jpg\" alt=\"Hintergrundbild\" \r\n       style=\"object-position: center center center; width: 100%; height: 100%; object-fit: cover; position: absolute; top: 0; left: 0; \">\r\n<\/div>\r\n\r\n\r\n    \n\n\n<div class=\"wp-block-custom-allgemein-ueberschrift ueberschrift-info\"><div class=\"wp-block-columns\"><div class=\"wp-block-column\" style=\"flex-basis:50%\"><p>\/\/ About us<\/p><h1><mark style=\"background-color:rgba(0, 0, 0, 0)\" class=\"has-inline-color has-tech-tex-light-blue-color\">Quality<\/mark>management &amp; Environmental Management <\/h1><\/div><div class=\"wp-block-column\" style=\"flex-basis:50%\">\n<div class=\"wp-block-buttons is-layout-flex wp-block-buttons-is-layout-flex\">\n<div class=\"wp-block-button is-style-icon-button\"><a class=\"wp-block-button__link wp-element-button\" href=\"\/en\/\">news<\/a><\/div>\n<\/div>\n<\/div><\/div><\/div>\n\n\n\n<div class=\"wp-block-columns is-layout-flex wp-container-core-columns-is-layout-9d6595d7 wp-block-columns-is-layout-flex\">\n<div class=\"wp-block-column is-layout-flow wp-block-column-is-layout-flow\" style=\"flex-basis:25%\">\n<p style=\"text-transform:uppercase\"><mark style=\"background-color:rgba(0, 0, 0, 0)\" class=\"has-inline-color has-tech-tex-light-blue-color\">Our Quality<\/mark><\/p>\n<\/div>\n\n\n\n<div class=\"wp-block-column is-layout-flow wp-block-column-is-layout-flow\" style=\"flex-basis:66.66%\">\n<h2 class=\"wp-block-heading\">Quality and sustainability as <mark style=\"background-color:rgba(0, 0, 0, 0)\" class=\"has-inline-color has-tech-tex-light-blue-color\">lived company values<\/mark> \u2013 for over 140 years<\/h2>\n\n\n\n<div class=\"wp-block-columns is-layout-flex wp-container-core-columns-is-layout-9d6595d7 wp-block-columns-is-layout-flex\">\n<div class=\"wp-block-column is-layout-flow wp-block-column-is-layout-flow\">\n<p>At Gustav Gerster GmbH &amp; Co. KG, quality is a core principle that is deeply embedded in every area of our company \u2013 from product development and manufacturing to customer service. For over 140 years, our company, based in Biberach an der Ri\u00df, has stood for reliability, innovation, and responsible action. Our goal is to combine the highest product quality with economic efficiency and ecological responsibility.<\/p>\n\n\n\n<p>An integral part of our business operations is a systematically structured management system that complies with the international standards ISO 9001 (Quality Management) and ISO 14001 (Environmental Management). These certifications confirm our consistent commitment to quality and sustainability \u2013 while also providing our employees, customers, and business partners with guidance and assurance.<\/p>\n\n\n\n<p>At the core of our quality management are structured, clearly defined processes that are regularly audited and continuously improved. This ensures that our products meet the highest standards and that our workflows are transparent, efficient, and reproducible. Through internal training and intensive communication between departments, we promote a strong quality culture throughout the entire company.<\/p>\n\n\n\n<p>Environmental management also holds great importance for us. We do not see sustainability as an additional goal but as an integral part of our corporate strategy. Our approach to natural resources is characterized by conscious and responsible actions. This applies to the use of raw materials and energy as well as the reduction of emissions and waste.<\/p>\n<\/div>\n<\/div>\n\n\n\n<div class=\"wp-block-buttons is-layout-flex wp-block-buttons-is-layout-flex\">\n<div class=\"wp-block-button\"><a class=\"wp-block-button__link wp-element-button\" href=\"https:\/\/gerster-techtex.com\/en\/kontakt\/\">Contact<\/a><\/div>\n<\/div>\n<\/div>\n<\/div>\n\n\n<div class=\"hintergrundbild-block\" style=\"  width: 100vw;  margin-left: calc(-50vw + 50%);   position: relative;  margin-top: 75px;   margin-bottom: 75px;\">\r\n    <img decoding=\"async\" src=\"https:\/\/gerster-techtex.com\/wp-content\/uploads\/2025\/07\/gerster-qm-2-scaled.jpg\" alt=\"Hintergrundbild\" \r\n       style=\"object-position:  top center; width: 100%; height: 100%; object-fit: cover; position: absolute; top: 0; left: 0; \">\r\n<\/div>\r\n\r\n\r\n    \n\n\n<div class=\"wp-block-columns is-layout-flex wp-container-core-columns-is-layout-9d6595d7 wp-block-columns-is-layout-flex\">\n<div class=\"wp-block-column is-layout-flow wp-block-column-is-layout-flow\" style=\"flex-basis:25%\">\n<p style=\"text-transform:uppercase\"><mark style=\"background-color:rgba(0, 0, 0, 0)\" class=\"has-inline-color has-tech-tex-light-blue-color\">environmental strategy<\/mark><\/p>\n<\/div>\n\n\n\n<div class=\"wp-block-column is-layout-flow wp-block-column-is-layout-flow\">\n<h2 class=\"wp-block-heading\">Comprehensive <mark style=\"background-color:rgba(0, 0, 0, 0)\" class=\"has-inline-color has-tech-tex-light-blue-color\">environmental strategy <\/mark>\u2013 from energy savings to circular economy<\/h2>\n\n\n\n<div class=\"wp-block-columns is-layout-flex wp-container-core-columns-is-layout-9d6595d7 wp-block-columns-is-layout-flex\">\n<div class=\"wp-block-column is-layout-flow wp-block-column-is-layout-flow\">\n<p>Key environmental aspects such as electricity, oil, and gas consumption are regularly recorded, analyzed, and evaluated. From this, we derive concrete measures to reduce our environmental impact \u2013 for example, through investments in modern, energy-efficient technologies, targeted expansion of renewable energies, or optimization of production and logistics processes. Additionally, we focus on strict waste separation, environmentally conscious supply chains, and the promotion of the circular economy.<\/p>\n\n\n\n<p>Our employees receive regular training in quality and environmental management so they can actively contribute to achieving our goals. We continuously monitor the effectiveness of all measures using measurable key performance indicators.<\/p>\n\n\n\n<p>We see it as our responsibility to balance a efficient, future-proof production with ecological and social aspects. This also means that we expect our suppliers and partners to share the same understanding of quality, environmental responsibility, and ethical conduct \u2013 and actively involve them in our sustainability strategy.<\/p>\n<\/div>\n<\/div>\n<\/div>\n<\/div>\n\n\n\n<div style=\"height:100px\" aria-hidden=\"true\" class=\"wp-block-spacer\"><\/div>","protected":false},"excerpt":{"rendered":"<p>Unsere Qualit\u00e4t Qualit\u00e4t und Nachhaltigkeit als gelebte Unternehmenswerte \u2013 seit \u00fcber 140 Jahren Qualit\u00e4t ist bei der Gustav Gerster GmbH &amp; Co. KG ein gelebter Grundsatz, der sich durch alle Bereiche unseres Unternehmens zieht \u2013 von der Produktentwicklung \u00fcber die Fertigung bis hin zur Kundenbetreuung. Seit \u00fcber 140 Jahren steht unser Unternehmen mit Sitz in [&hellip;]<\/p>","protected":false},"author":1,"featured_media":0,"parent":14,"menu_order":0,"comment_status":"closed","ping_status":"closed","template":"","meta":{"_acf_changed":false,"footnotes":""},"class_list":["post-98","page","type-page","status-publish","hentry"],"acf":[],"yoast_head":"<!-- This site is optimized with the Yoast SEO plugin v25.9 - https:\/\/yoast.com\/wordpress\/plugins\/seo\/ -->\n<title>Qualit\u00e4tsmanagement - Gerster TechTex - Ihr innovativer Partner f\u00fcr technische Textilien und Composites<\/title>\n<meta name=\"description\" content=\"Gerster TechTex \u2013 Ihr Spezialist f\u00fcr innovative technische Textilien &amp; Composites. Individuelle L\u00f6sungen f\u00fcr Industrie, Mobilit\u00e4t, Medizintechnik u.\u202fv.\u202fm.\" \/>\n<meta name=\"robots\" content=\"index, follow, max-snippet:-1, max-image-preview:large, max-video-preview:-1\" \/>\n<link rel=\"canonical\" href=\"https:\/\/gerster-techtex.com\/en\/unternehmen\/qualitaetsmanagement\/\" \/>\n<meta property=\"og:locale\" content=\"en_GB\" \/>\n<meta property=\"og:type\" content=\"article\" \/>\n<meta property=\"og:title\" content=\"Qualit\u00e4tsmanagement - Gerster TechTex - Ihr innovativer Partner f\u00fcr technische Textilien und Composites\" \/>\n<meta property=\"og:description\" content=\"Gerster TechTex \u2013 Ihr Spezialist f\u00fcr innovative technische Textilien &amp; Composites. Individuelle L\u00f6sungen f\u00fcr Industrie, Mobilit\u00e4t, Medizintechnik u.\u202fv.\u202fm.\" \/>\n<meta property=\"og:url\" content=\"https:\/\/gerster-techtex.com\/en\/unternehmen\/qualitaetsmanagement\/\" \/>\n<meta property=\"og:site_name\" content=\"Gerster TechTex - Ihr innovativer Partner f\u00fcr technische Textilien und Composites\" \/>\n<meta property=\"article:publisher\" content=\"https:\/\/www.facebook.com\/GersterCollection\" \/>\n<meta property=\"article:modified_time\" content=\"2025-09-18T09:22:53+00:00\" \/>\n<meta name=\"twitter:card\" content=\"summary_large_image\" \/>\n<meta name=\"twitter:site\" content=\"@GersterFabrics\" \/>\n<meta name=\"twitter:label1\" content=\"Estimated reading time\" \/>\n\t<meta name=\"twitter:data1\" content=\"2 minutes\" \/>\n<script type=\"application\/ld+json\" class=\"yoast-schema-graph\">{\"@context\":\"https:\/\/schema.org\",\"@graph\":[{\"@type\":\"WebPage\",\"@id\":\"https:\/\/gerster-techtex.com\/unternehmen\/qualitaetsmanagement\/\",\"url\":\"https:\/\/gerster-techtex.com\/unternehmen\/qualitaetsmanagement\/\",\"name\":\"Qualit\u00e4tsmanagement - Gerster TechTex - Ihr innovativer Partner f\u00fcr technische Textilien und Composites\",\"isPartOf\":{\"@id\":\"https:\/\/gerster-techtex.com\/#website\"},\"datePublished\":\"2025-04-14T08:41:35+00:00\",\"dateModified\":\"2025-09-18T09:22:53+00:00\",\"description\":\"Gerster TechTex \u2013 Ihr Spezialist f\u00fcr innovative technische Textilien & Composites. Individuelle L\u00f6sungen f\u00fcr Industrie, Mobilit\u00e4t, Medizintechnik u.\u202fv.\u202fm.\",\"breadcrumb\":{\"@id\":\"https:\/\/gerster-techtex.com\/unternehmen\/qualitaetsmanagement\/#breadcrumb\"},\"inLanguage\":\"en-GB\",\"potentialAction\":[{\"@type\":\"ReadAction\",\"target\":[\"https:\/\/gerster-techtex.com\/unternehmen\/qualitaetsmanagement\/\"]}]},{\"@type\":\"BreadcrumbList\",\"@id\":\"https:\/\/gerster-techtex.com\/unternehmen\/qualitaetsmanagement\/#breadcrumb\",\"itemListElement\":[{\"@type\":\"ListItem\",\"position\":1,\"name\":\"Startseite\",\"item\":\"https:\/\/gerster-techtex.com\/\"},{\"@type\":\"ListItem\",\"position\":2,\"name\":\"Unternehmen\",\"item\":\"https:\/\/gerster-techtex.com\/unternehmen\/\"},{\"@type\":\"ListItem\",\"position\":3,\"name\":\"Qualit\u00e4tsmanagement\"}]},{\"@type\":\"WebSite\",\"@id\":\"https:\/\/gerster-techtex.com\/#website\",\"url\":\"https:\/\/gerster-techtex.com\/\",\"name\":\"Gerster TechTex - Ihr innovativer Partner f\u00fcr technische Textilien und Composites\",\"description\":\"\",\"publisher\":{\"@id\":\"https:\/\/gerster-techtex.com\/#organization\"},\"potentialAction\":[{\"@type\":\"SearchAction\",\"target\":{\"@type\":\"EntryPoint\",\"urlTemplate\":\"https:\/\/gerster-techtex.com\/?s={search_term_string}\"},\"query-input\":{\"@type\":\"PropertyValueSpecification\",\"valueRequired\":true,\"valueName\":\"search_term_string\"}}],\"inLanguage\":\"en-GB\"},{\"@type\":\"Organization\",\"@id\":\"https:\/\/gerster-techtex.com\/#organization\",\"name\":\"Gerster TechTex - Ihr innovativer Partner f\u00fcr technische Textilien und Composites\",\"url\":\"https:\/\/gerster-techtex.com\/\",\"logo\":{\"@type\":\"ImageObject\",\"inLanguage\":\"en-GB\",\"@id\":\"https:\/\/gerster-techtex.com\/#\/schema\/logo\/image\/\",\"url\":\"https:\/\/gerster-techtex.com\/wp-content\/uploads\/2025\/04\/logo.jpg\",\"contentUrl\":\"https:\/\/gerster-techtex.com\/wp-content\/uploads\/2025\/04\/logo.jpg\",\"width\":800,\"height\":379,\"caption\":\"Gerster TechTex - Ihr innovativer Partner f\u00fcr technische Textilien und Composites\"},\"image\":{\"@id\":\"https:\/\/gerster-techtex.com\/#\/schema\/logo\/image\/\"},\"sameAs\":[\"https:\/\/www.facebook.com\/GersterCollection\",\"https:\/\/x.com\/GersterFabrics\",\"https:\/\/www.youtube.com\/user\/GersterCollection\/videos\"]}]}<\/script>\n<!-- \/ Yoast SEO plugin. -->","yoast_head_json":{"title":"Qualit\u00e4tsmanagement - Gerster TechTex - Ihr innovativer Partner f\u00fcr technische Textilien und Composites","description":"Gerster TechTex \u2013 Ihr Spezialist f\u00fcr innovative technische Textilien & Composites. Individuelle L\u00f6sungen f\u00fcr Industrie, Mobilit\u00e4t, Medizintechnik u.\u202fv.\u202fm.","robots":{"index":"index","follow":"follow","max-snippet":"max-snippet:-1","max-image-preview":"max-image-preview:large","max-video-preview":"max-video-preview:-1"},"canonical":"https:\/\/gerster-techtex.com\/en\/unternehmen\/qualitaetsmanagement\/","og_locale":"en_GB","og_type":"article","og_title":"Qualit\u00e4tsmanagement - Gerster TechTex - Ihr innovativer Partner f\u00fcr technische Textilien und Composites","og_description":"Gerster TechTex \u2013 Ihr Spezialist f\u00fcr innovative technische Textilien & Composites. Individuelle L\u00f6sungen f\u00fcr Industrie, Mobilit\u00e4t, Medizintechnik u.\u202fv.\u202fm.","og_url":"https:\/\/gerster-techtex.com\/en\/unternehmen\/qualitaetsmanagement\/","og_site_name":"Gerster TechTex - Ihr innovativer Partner f\u00fcr technische Textilien und Composites","article_publisher":"https:\/\/www.facebook.com\/GersterCollection","article_modified_time":"2025-09-18T09:22:53+00:00","twitter_card":"summary_large_image","twitter_site":"@GersterFabrics","twitter_misc":{"Estimated reading time":"2 minutes"},"schema":{"@context":"https:\/\/schema.org","@graph":[{"@type":"WebPage","@id":"https:\/\/gerster-techtex.com\/unternehmen\/qualitaetsmanagement\/","url":"https:\/\/gerster-techtex.com\/unternehmen\/qualitaetsmanagement\/","name":"Qualit\u00e4tsmanagement - Gerster TechTex - Ihr innovativer Partner f\u00fcr technische Textilien und Composites","isPartOf":{"@id":"https:\/\/gerster-techtex.com\/#website"},"datePublished":"2025-04-14T08:41:35+00:00","dateModified":"2025-09-18T09:22:53+00:00","description":"Gerster TechTex \u2013 Ihr Spezialist f\u00fcr innovative technische Textilien & Composites. Individuelle L\u00f6sungen f\u00fcr Industrie, Mobilit\u00e4t, Medizintechnik u.\u202fv.\u202fm.","breadcrumb":{"@id":"https:\/\/gerster-techtex.com\/unternehmen\/qualitaetsmanagement\/#breadcrumb"},"inLanguage":"en-GB","potentialAction":[{"@type":"ReadAction","target":["https:\/\/gerster-techtex.com\/unternehmen\/qualitaetsmanagement\/"]}]},{"@type":"BreadcrumbList","@id":"https:\/\/gerster-techtex.com\/unternehmen\/qualitaetsmanagement\/#breadcrumb","itemListElement":[{"@type":"ListItem","position":1,"name":"Startseite","item":"https:\/\/gerster-techtex.com\/"},{"@type":"ListItem","position":2,"name":"Unternehmen","item":"https:\/\/gerster-techtex.com\/unternehmen\/"},{"@type":"ListItem","position":3,"name":"Qualit\u00e4tsmanagement"}]},{"@type":"WebSite","@id":"https:\/\/gerster-techtex.com\/#website","url":"https:\/\/gerster-techtex.com\/","name":"Gerster TechTex - Ihr innovativer Partner f\u00fcr technische Textilien und Composites","description":"","publisher":{"@id":"https:\/\/gerster-techtex.com\/#organization"},"potentialAction":[{"@type":"SearchAction","target":{"@type":"EntryPoint","urlTemplate":"https:\/\/gerster-techtex.com\/?s={search_term_string}"},"query-input":{"@type":"PropertyValueSpecification","valueRequired":true,"valueName":"search_term_string"}}],"inLanguage":"en-GB"},{"@type":"Organization","@id":"https:\/\/gerster-techtex.com\/#organization","name":"Gerster TechTex - Ihr innovativer Partner f\u00fcr technische Textilien und Composites","url":"https:\/\/gerster-techtex.com\/","logo":{"@type":"ImageObject","inLanguage":"en-GB","@id":"https:\/\/gerster-techtex.com\/#\/schema\/logo\/image\/","url":"https:\/\/gerster-techtex.com\/wp-content\/uploads\/2025\/04\/logo.jpg","contentUrl":"https:\/\/gerster-techtex.com\/wp-content\/uploads\/2025\/04\/logo.jpg","width":800,"height":379,"caption":"Gerster TechTex - Ihr innovativer Partner f\u00fcr technische Textilien und Composites"},"image":{"@id":"https:\/\/gerster-techtex.com\/#\/schema\/logo\/image\/"},"sameAs":["https:\/\/www.facebook.com\/GersterCollection","https:\/\/x.com\/GersterFabrics","https:\/\/www.youtube.com\/user\/GersterCollection\/videos"]}]}},"_links":{"self":[{"href":"https:\/\/gerster-techtex.com\/en\/wp-json\/wp\/v2\/pages\/98","targetHints":{"allow":["GET"]}}],"collection":[{"href":"https:\/\/gerster-techtex.com\/en\/wp-json\/wp\/v2\/pages"}],"about":[{"href":"https:\/\/gerster-techtex.com\/en\/wp-json\/wp\/v2\/types\/page"}],"author":[{"embeddable":true,"href":"https:\/\/gerster-techtex.com\/en\/wp-json\/wp\/v2\/users\/1"}],"replies":[{"embeddable":true,"href":"https:\/\/gerster-techtex.com\/en\/wp-json\/wp\/v2\/comments?post=98"}],"version-history":[{"count":12,"href":"https:\/\/gerster-techtex.com\/en\/wp-json\/wp\/v2\/pages\/98\/revisions"}],"predecessor-version":[{"id":3060,"href":"https:\/\/gerster-techtex.com\/en\/wp-json\/wp\/v2\/pages\/98\/revisions\/3060"}],"up":[{"embeddable":true,"href":"https:\/\/gerster-techtex.com\/en\/wp-json\/wp\/v2\/pages\/14"}],"wp:attachment":[{"href":"https:\/\/gerster-techtex.com\/en\/wp-json\/wp\/v2\/media?parent=98"}],"curies":[{"name":"wp","href":"https:\/\/api.w.org\/{rel}","templated":true}]}}