{"id":948,"date":"2025-05-21T13:40:37","date_gmt":"2025-05-21T11:40:37","guid":{"rendered":"http:\/\/localhost\/gerster-techtex\/?page_id=948"},"modified":"2025-08-11T11:56:14","modified_gmt":"2025-08-11T09:56:14","slug":"gewebe","status":"publish","type":"page","link":"https:\/\/gerster-techtex.com\/en\/kategorie\/composite-textilien\/gewebe\/","title":{"rendered":"woven fabrics"},"content":{"rendered":"<div class=\"hintergrundbild-block hintergrundbild-verlauf rel\" style=\"  width: 100vw;  margin-left: calc(-50vw + 50%);   position: relative;  margin-top: 0px;   margin-bottom: 0px;\">\r\n    <img decoding=\"async\" src=\"https:\/\/gerster-techtex.com\/wp-content\/uploads\/2025\/05\/ft-ct-breitgewebe-3.jpg\" alt=\"Hintergrundbild\" \r\n       style=\"object-position: center center center; width: 100%; height: 100%; object-fit: cover; position: absolute; top: 0; left: 0; \">\r\n<\/div>\r\n\r\n\r\n    \n\n\n<div class=\"wp-block-custom-allgemein-ueberschrift ueberschrift-info\"><div class=\"wp-block-columns\"><div class=\"wp-block-column\" style=\"flex-basis:50%\"><p>\/\/ Composite textiles<\/p><h1>woven fabrics<\/h1><\/div><div class=\"wp-block-column\" style=\"flex-basis:50%\">\n<div class=\"wp-block-buttons is-layout-flex wp-block-buttons-is-layout-flex\">\n<div class=\"wp-block-button is-style-icon-button\"><a class=\"wp-block-button__link wp-element-button\" href=\"\/en\/\">news<\/a><\/div>\n<\/div>\n<\/div><\/div><\/div>\n\n\n<div class=\"products-grid grid-3\">\r\n            <div class=\"product-item\">\r\n         <div class=\"product-item-image\"><img loading=\"lazy\" decoding=\"async\" width=\"400\" height=\"266\" src=\"https:\/\/gerster-techtex.com\/wp-content\/uploads\/2025\/05\/ft-ct-breitgewebe-3-400x266.jpg\" class=\"attachment-medium size-medium wp-post-image\" alt=\"\" srcset=\"https:\/\/gerster-techtex.com\/wp-content\/uploads\/2025\/05\/ft-ct-breitgewebe-3-400x266.jpg 400w, https:\/\/gerster-techtex.com\/wp-content\/uploads\/2025\/05\/ft-ct-breitgewebe-3-1024x681.jpg 1024w, https:\/\/gerster-techtex.com\/wp-content\/uploads\/2025\/05\/ft-ct-breitgewebe-3-768x511.jpg 768w, https:\/\/gerster-techtex.com\/wp-content\/uploads\/2025\/05\/ft-ct-breitgewebe-3-1536x1022.jpg 1536w, https:\/\/gerster-techtex.com\/wp-content\/uploads\/2025\/05\/ft-ct-breitgewebe-3-18x12.jpg 18w, https:\/\/gerster-techtex.com\/wp-content\/uploads\/2025\/05\/ft-ct-breitgewebe-3.jpg 1920w\" sizes=\"auto, (max-width: 400px) 100vw, 400px\" \/><a href=\"https:\/\/gerster-techtex.com\/en\/produkte\/composite-textilien\/gewebe\/breitgewebe\/\"><\/a><\/div>\r\n         <div class=\"product-item-text\"><a href=\"https:\/\/gerster-techtex.com\/en\/produkte\/composite-textilien\/gewebe\/breitgewebe\/\">Wide fabric<\/a><\/div>\r\n        <\/div>\r\n            <div class=\"product-item\">\r\n         <div class=\"product-item-image\"><img loading=\"lazy\" decoding=\"async\" width=\"400\" height=\"400\" src=\"https:\/\/gerster-techtex.com\/wp-content\/uploads\/2025\/05\/ct-tt-gittergewebe-3-400x400.jpg\" class=\"attachment-medium size-medium wp-post-image\" alt=\"\" srcset=\"https:\/\/gerster-techtex.com\/wp-content\/uploads\/2025\/05\/ct-tt-gittergewebe-3-400x400.jpg 400w, https:\/\/gerster-techtex.com\/wp-content\/uploads\/2025\/05\/ct-tt-gittergewebe-3-1024x1024.jpg 1024w, https:\/\/gerster-techtex.com\/wp-content\/uploads\/2025\/05\/ct-tt-gittergewebe-3-150x150.jpg 150w, https:\/\/gerster-techtex.com\/wp-content\/uploads\/2025\/05\/ct-tt-gittergewebe-3-768x768.jpg 768w, https:\/\/gerster-techtex.com\/wp-content\/uploads\/2025\/05\/ct-tt-gittergewebe-3-1536x1536.jpg 1536w, https:\/\/gerster-techtex.com\/wp-content\/uploads\/2025\/05\/ct-tt-gittergewebe-3-12x12.jpg 12w, https:\/\/gerster-techtex.com\/wp-content\/uploads\/2025\/05\/ct-tt-gittergewebe-3.jpg 1920w\" sizes=\"auto, (max-width: 400px) 100vw, 400px\" \/><a href=\"https:\/\/gerster-techtex.com\/en\/produkte\/composite-textilien\/gewebe\/gittergewebe\/\"><\/a><\/div>\r\n         <div class=\"product-item-text\"><a href=\"https:\/\/gerster-techtex.com\/en\/produkte\/composite-textilien\/gewebe\/gittergewebe\/\">Grid fabric<\/a><\/div>\r\n        <\/div>\r\n            <div class=\"product-item\">\r\n         <div class=\"product-item-image\"><img loading=\"lazy\" decoding=\"async\" width=\"400\" height=\"323\" src=\"https:\/\/gerster-techtex.com\/wp-content\/uploads\/2025\/05\/ct-drapierfaehiges-gewebe-4-400x323.jpg\" class=\"attachment-medium size-medium wp-post-image\" alt=\"\" srcset=\"https:\/\/gerster-techtex.com\/wp-content\/uploads\/2025\/05\/ct-drapierfaehiges-gewebe-4-400x323.jpg 400w, https:\/\/gerster-techtex.com\/wp-content\/uploads\/2025\/05\/ct-drapierfaehiges-gewebe-4-1024x826.jpg 1024w, https:\/\/gerster-techtex.com\/wp-content\/uploads\/2025\/05\/ct-drapierfaehiges-gewebe-4-768x619.jpg 768w, https:\/\/gerster-techtex.com\/wp-content\/uploads\/2025\/05\/ct-drapierfaehiges-gewebe-4-1536x1238.jpg 1536w, https:\/\/gerster-techtex.com\/wp-content\/uploads\/2025\/05\/ct-drapierfaehiges-gewebe-4-15x12.jpg 15w, https:\/\/gerster-techtex.com\/wp-content\/uploads\/2025\/05\/ct-drapierfaehiges-gewebe-4.jpg 1920w\" sizes=\"auto, (max-width: 400px) 100vw, 400px\" \/><a href=\"https:\/\/gerster-techtex.com\/en\/produkte\/composite-textilien\/gewebe\/drapierfaehige-gewebe\/\"><\/a><\/div>\r\n         <div class=\"product-item-text\"><a href=\"https:\/\/gerster-techtex.com\/en\/produkte\/composite-textilien\/gewebe\/drapierfaehige-gewebe\/\">Drapeable fabrics<\/a><\/div>\r\n        <\/div>\r\n            <div class=\"product-item\">\r\n         <div class=\"product-item-image\"><img loading=\"lazy\" decoding=\"async\" width=\"400\" height=\"266\" src=\"https:\/\/gerster-techtex.com\/wp-content\/uploads\/2025\/05\/ct-tt-nichtbrennbarer-faserverbund-2-400x266.jpg\" class=\"attachment-medium size-medium wp-post-image\" alt=\"\" srcset=\"https:\/\/gerster-techtex.com\/wp-content\/uploads\/2025\/05\/ct-tt-nichtbrennbarer-faserverbund-2-400x266.jpg 400w, https:\/\/gerster-techtex.com\/wp-content\/uploads\/2025\/05\/ct-tt-nichtbrennbarer-faserverbund-2-1024x682.jpg 1024w, https:\/\/gerster-techtex.com\/wp-content\/uploads\/2025\/05\/ct-tt-nichtbrennbarer-faserverbund-2-768x512.jpg 768w, https:\/\/gerster-techtex.com\/wp-content\/uploads\/2025\/05\/ct-tt-nichtbrennbarer-faserverbund-2-1536x1023.jpg 1536w, https:\/\/gerster-techtex.com\/wp-content\/uploads\/2025\/05\/ct-tt-nichtbrennbarer-faserverbund-2-18x12.jpg 18w, https:\/\/gerster-techtex.com\/wp-content\/uploads\/2025\/05\/ct-tt-nichtbrennbarer-faserverbund-2.jpg 1920w\" sizes=\"auto, (max-width: 400px) 100vw, 400px\" \/><a href=\"https:\/\/gerster-techtex.com\/en\/produkte\/composite-textilien\/gewebe\/nichtbrennbarer-faserverbund\/\"><\/a><\/div>\r\n         <div class=\"product-item-text\"><a href=\"https:\/\/gerster-techtex.com\/en\/produkte\/composite-textilien\/gewebe\/nichtbrennbarer-faserverbund\/\">Non-flammable fiber composite<\/a><\/div>\r\n        <\/div>\r\n            <div class=\"product-item\">\r\n         <div class=\"product-item-image\"><img loading=\"lazy\" decoding=\"async\" width=\"400\" height=\"266\" src=\"https:\/\/gerster-techtex.com\/wp-content\/uploads\/2025\/07\/ersatzbild-keramik-gewebe-400x266.jpg\" class=\"attachment-medium size-medium wp-post-image\" alt=\"\" srcset=\"https:\/\/gerster-techtex.com\/wp-content\/uploads\/2025\/07\/ersatzbild-keramik-gewebe-400x266.jpg 400w, https:\/\/gerster-techtex.com\/wp-content\/uploads\/2025\/07\/ersatzbild-keramik-gewebe-1024x681.jpg 1024w, https:\/\/gerster-techtex.com\/wp-content\/uploads\/2025\/07\/ersatzbild-keramik-gewebe-768x511.jpg 768w, https:\/\/gerster-techtex.com\/wp-content\/uploads\/2025\/07\/ersatzbild-keramik-gewebe-1536x1022.jpg 1536w, https:\/\/gerster-techtex.com\/wp-content\/uploads\/2025\/07\/ersatzbild-keramik-gewebe-18x12.jpg 18w, https:\/\/gerster-techtex.com\/wp-content\/uploads\/2025\/07\/ersatzbild-keramik-gewebe.jpg 1920w\" sizes=\"auto, (max-width: 400px) 100vw, 400px\" \/><a href=\"https:\/\/gerster-techtex.com\/en\/produkte\/composite-textilien\/gewebe\/keramik-gewebe\/\"><\/a><\/div>\r\n         <div class=\"product-item-text\"><a href=\"https:\/\/gerster-techtex.com\/en\/produkte\/composite-textilien\/gewebe\/keramik-gewebe\/\">Ceramic fabrics<\/a><\/div>\r\n        <\/div>\r\n    <\/div>","protected":false},"excerpt":{"rendered":"","protected":false},"author":1,"featured_media":1646,"parent":54,"menu_order":7,"comment_status":"closed","ping_status":"closed","template":"","meta":{"_acf_changed":false,"footnotes":""},"class_list":["post-948","page","type-page","status-publish","has-post-thumbnail","hentry"],"acf":[],"yoast_head":"<!-- This site is optimized with the Yoast SEO plugin v25.9 - https:\/\/yoast.com\/wordpress\/plugins\/seo\/ -->\n<title>Gewebe - Gerster TechTex - Ihr innovativer Partner f\u00fcr technische Textilien und Composites<\/title>\n<meta name=\"description\" content=\"Gerster TechTex \u2013 Ihr Spezialist f\u00fcr innovative technische Textilien &amp; Composites. Individuelle L\u00f6sungen f\u00fcr Industrie, Mobilit\u00e4t, Medizintechnik u.\u202fv.\u202fm.\" \/>\n<meta name=\"robots\" content=\"index, follow, max-snippet:-1, max-image-preview:large, max-video-preview:-1\" \/>\n<link rel=\"canonical\" href=\"https:\/\/gerster-techtex.com\/en\/kategorie\/composite-textilien\/gewebe\/\" \/>\n<meta property=\"og:locale\" content=\"en_GB\" \/>\n<meta property=\"og:type\" content=\"article\" \/>\n<meta property=\"og:title\" content=\"Gewebe - Gerster TechTex - Ihr innovativer Partner f\u00fcr technische Textilien und Composites\" \/>\n<meta property=\"og:description\" content=\"Gerster TechTex \u2013 Ihr Spezialist f\u00fcr innovative technische Textilien &amp; Composites. Individuelle L\u00f6sungen f\u00fcr Industrie, Mobilit\u00e4t, Medizintechnik u.\u202fv.\u202fm.\" \/>\n<meta property=\"og:url\" content=\"https:\/\/gerster-techtex.com\/en\/kategorie\/composite-textilien\/gewebe\/\" \/>\n<meta property=\"og:site_name\" content=\"Gerster TechTex - Ihr innovativer Partner f\u00fcr technische Textilien und Composites\" \/>\n<meta property=\"article:publisher\" content=\"https:\/\/www.facebook.com\/GersterCollection\" \/>\n<meta property=\"article:modified_time\" content=\"2025-08-11T09:56:14+00:00\" \/>\n<meta property=\"og:image\" content=\"https:\/\/gerster-techtex.com\/wp-content\/uploads\/2025\/05\/ft-ct-breitgewebe-3.jpg\" \/>\n\t<meta property=\"og:image:width\" content=\"1920\" \/>\n\t<meta property=\"og:image:height\" content=\"1277\" \/>\n\t<meta property=\"og:image:type\" content=\"image\/jpeg\" \/>\n<meta name=\"twitter:card\" content=\"summary_large_image\" \/>\n<meta name=\"twitter:site\" content=\"@GersterFabrics\" \/>\n<script type=\"application\/ld+json\" class=\"yoast-schema-graph\">{\"@context\":\"https:\/\/schema.org\",\"@graph\":[{\"@type\":\"WebPage\",\"@id\":\"https:\/\/gerster-techtex.com\/kategorie\/composite-textilien\/gewebe\/\",\"url\":\"https:\/\/gerster-techtex.com\/kategorie\/composite-textilien\/gewebe\/\",\"name\":\"Gewebe - Gerster TechTex - Ihr innovativer Partner f\u00fcr technische Textilien und Composites\",\"isPartOf\":{\"@id\":\"https:\/\/gerster-techtex.com\/#website\"},\"primaryImageOfPage\":{\"@id\":\"https:\/\/gerster-techtex.com\/kategorie\/composite-textilien\/gewebe\/#primaryimage\"},\"image\":{\"@id\":\"https:\/\/gerster-techtex.com\/kategorie\/composite-textilien\/gewebe\/#primaryimage\"},\"thumbnailUrl\":\"https:\/\/gerster-techtex.com\/wp-content\/uploads\/2025\/05\/ft-ct-breitgewebe-3.jpg\",\"datePublished\":\"2025-05-21T11:40:37+00:00\",\"dateModified\":\"2025-08-11T09:56:14+00:00\",\"description\":\"Gerster TechTex \u2013 Ihr Spezialist f\u00fcr innovative technische Textilien & Composites. Individuelle L\u00f6sungen f\u00fcr Industrie, Mobilit\u00e4t, Medizintechnik u.\u202fv.\u202fm.\",\"breadcrumb\":{\"@id\":\"https:\/\/gerster-techtex.com\/kategorie\/composite-textilien\/gewebe\/#breadcrumb\"},\"inLanguage\":\"en-GB\",\"potentialAction\":[{\"@type\":\"ReadAction\",\"target\":[\"https:\/\/gerster-techtex.com\/kategorie\/composite-textilien\/gewebe\/\"]}]},{\"@type\":\"ImageObject\",\"inLanguage\":\"en-GB\",\"@id\":\"https:\/\/gerster-techtex.com\/kategorie\/composite-textilien\/gewebe\/#primaryimage\",\"url\":\"https:\/\/gerster-techtex.com\/wp-content\/uploads\/2025\/05\/ft-ct-breitgewebe-3.jpg\",\"contentUrl\":\"https:\/\/gerster-techtex.com\/wp-content\/uploads\/2025\/05\/ft-ct-breitgewebe-3.jpg\",\"width\":1920,\"height\":1277},{\"@type\":\"BreadcrumbList\",\"@id\":\"https:\/\/gerster-techtex.com\/kategorie\/composite-textilien\/gewebe\/#breadcrumb\",\"itemListElement\":[{\"@type\":\"ListItem\",\"position\":1,\"name\":\"Startseite\",\"item\":\"https:\/\/gerster-techtex.com\/\"},{\"@type\":\"ListItem\",\"position\":2,\"name\":\"Produkte\",\"item\":\"https:\/\/gerster-techtex.com\/kategorie\/\"},{\"@type\":\"ListItem\",\"position\":3,\"name\":\"Composite Textilien\",\"item\":\"https:\/\/gerster-techtex.com\/kategorie\/composite-textilien\/\"},{\"@type\":\"ListItem\",\"position\":4,\"name\":\"Gewebe\"}]},{\"@type\":\"WebSite\",\"@id\":\"https:\/\/gerster-techtex.com\/#website\",\"url\":\"https:\/\/gerster-techtex.com\/\",\"name\":\"Gerster TechTex - Ihr innovativer Partner f\u00fcr technische Textilien und Composites\",\"description\":\"\",\"publisher\":{\"@id\":\"https:\/\/gerster-techtex.com\/#organization\"},\"potentialAction\":[{\"@type\":\"SearchAction\",\"target\":{\"@type\":\"EntryPoint\",\"urlTemplate\":\"https:\/\/gerster-techtex.com\/?s={search_term_string}\"},\"query-input\":{\"@type\":\"PropertyValueSpecification\",\"valueRequired\":true,\"valueName\":\"search_term_string\"}}],\"inLanguage\":\"en-GB\"},{\"@type\":\"Organization\",\"@id\":\"https:\/\/gerster-techtex.com\/#organization\",\"name\":\"Gerster TechTex - Ihr innovativer Partner f\u00fcr technische Textilien und Composites\",\"url\":\"https:\/\/gerster-techtex.com\/\",\"logo\":{\"@type\":\"ImageObject\",\"inLanguage\":\"en-GB\",\"@id\":\"https:\/\/gerster-techtex.com\/#\/schema\/logo\/image\/\",\"url\":\"https:\/\/gerster-techtex.com\/wp-content\/uploads\/2025\/04\/logo.jpg\",\"contentUrl\":\"https:\/\/gerster-techtex.com\/wp-content\/uploads\/2025\/04\/logo.jpg\",\"width\":800,\"height\":379,\"caption\":\"Gerster TechTex - Ihr innovativer Partner f\u00fcr technische Textilien und Composites\"},\"image\":{\"@id\":\"https:\/\/gerster-techtex.com\/#\/schema\/logo\/image\/\"},\"sameAs\":[\"https:\/\/www.facebook.com\/GersterCollection\",\"https:\/\/x.com\/GersterFabrics\",\"https:\/\/www.youtube.com\/user\/GersterCollection\/videos\"]}]}<\/script>\n<!-- \/ Yoast SEO plugin. -->","yoast_head_json":{"title":"Gewebe - Gerster TechTex - Ihr innovativer Partner f\u00fcr technische Textilien und Composites","description":"Gerster TechTex \u2013 Ihr Spezialist f\u00fcr innovative technische Textilien & Composites. Individuelle L\u00f6sungen f\u00fcr Industrie, Mobilit\u00e4t, Medizintechnik u.\u202fv.\u202fm.","robots":{"index":"index","follow":"follow","max-snippet":"max-snippet:-1","max-image-preview":"max-image-preview:large","max-video-preview":"max-video-preview:-1"},"canonical":"https:\/\/gerster-techtex.com\/en\/kategorie\/composite-textilien\/gewebe\/","og_locale":"en_GB","og_type":"article","og_title":"Gewebe - Gerster TechTex - Ihr innovativer Partner f\u00fcr technische Textilien und Composites","og_description":"Gerster TechTex \u2013 Ihr Spezialist f\u00fcr innovative technische Textilien & Composites. Individuelle L\u00f6sungen f\u00fcr Industrie, Mobilit\u00e4t, Medizintechnik u.\u202fv.\u202fm.","og_url":"https:\/\/gerster-techtex.com\/en\/kategorie\/composite-textilien\/gewebe\/","og_site_name":"Gerster TechTex - Ihr innovativer Partner f\u00fcr technische Textilien und Composites","article_publisher":"https:\/\/www.facebook.com\/GersterCollection","article_modified_time":"2025-08-11T09:56:14+00:00","og_image":[{"width":1920,"height":1277,"url":"https:\/\/gerster-techtex.com\/wp-content\/uploads\/2025\/05\/ft-ct-breitgewebe-3.jpg","type":"image\/jpeg"}],"twitter_card":"summary_large_image","twitter_site":"@GersterFabrics","schema":{"@context":"https:\/\/schema.org","@graph":[{"@type":"WebPage","@id":"https:\/\/gerster-techtex.com\/kategorie\/composite-textilien\/gewebe\/","url":"https:\/\/gerster-techtex.com\/kategorie\/composite-textilien\/gewebe\/","name":"Gewebe - Gerster TechTex - Ihr innovativer Partner f\u00fcr technische Textilien und Composites","isPartOf":{"@id":"https:\/\/gerster-techtex.com\/#website"},"primaryImageOfPage":{"@id":"https:\/\/gerster-techtex.com\/kategorie\/composite-textilien\/gewebe\/#primaryimage"},"image":{"@id":"https:\/\/gerster-techtex.com\/kategorie\/composite-textilien\/gewebe\/#primaryimage"},"thumbnailUrl":"https:\/\/gerster-techtex.com\/wp-content\/uploads\/2025\/05\/ft-ct-breitgewebe-3.jpg","datePublished":"2025-05-21T11:40:37+00:00","dateModified":"2025-08-11T09:56:14+00:00","description":"Gerster TechTex \u2013 Ihr Spezialist f\u00fcr innovative technische Textilien & Composites. Individuelle L\u00f6sungen f\u00fcr Industrie, Mobilit\u00e4t, Medizintechnik u.\u202fv.\u202fm.","breadcrumb":{"@id":"https:\/\/gerster-techtex.com\/kategorie\/composite-textilien\/gewebe\/#breadcrumb"},"inLanguage":"en-GB","potentialAction":[{"@type":"ReadAction","target":["https:\/\/gerster-techtex.com\/kategorie\/composite-textilien\/gewebe\/"]}]},{"@type":"ImageObject","inLanguage":"en-GB","@id":"https:\/\/gerster-techtex.com\/kategorie\/composite-textilien\/gewebe\/#primaryimage","url":"https:\/\/gerster-techtex.com\/wp-content\/uploads\/2025\/05\/ft-ct-breitgewebe-3.jpg","contentUrl":"https:\/\/gerster-techtex.com\/wp-content\/uploads\/2025\/05\/ft-ct-breitgewebe-3.jpg","width":1920,"height":1277},{"@type":"BreadcrumbList","@id":"https:\/\/gerster-techtex.com\/kategorie\/composite-textilien\/gewebe\/#breadcrumb","itemListElement":[{"@type":"ListItem","position":1,"name":"Startseite","item":"https:\/\/gerster-techtex.com\/"},{"@type":"ListItem","position":2,"name":"Produkte","item":"https:\/\/gerster-techtex.com\/kategorie\/"},{"@type":"ListItem","position":3,"name":"Composite Textilien","item":"https:\/\/gerster-techtex.com\/kategorie\/composite-textilien\/"},{"@type":"ListItem","position":4,"name":"Gewebe"}]},{"@type":"WebSite","@id":"https:\/\/gerster-techtex.com\/#website","url":"https:\/\/gerster-techtex.com\/","name":"Gerster TechTex - Ihr innovativer Partner f\u00fcr technische Textilien und Composites","description":"","publisher":{"@id":"https:\/\/gerster-techtex.com\/#organization"},"potentialAction":[{"@type":"SearchAction","target":{"@type":"EntryPoint","urlTemplate":"https:\/\/gerster-techtex.com\/?s={search_term_string}"},"query-input":{"@type":"PropertyValueSpecification","valueRequired":true,"valueName":"search_term_string"}}],"inLanguage":"en-GB"},{"@type":"Organization","@id":"https:\/\/gerster-techtex.com\/#organization","name":"Gerster TechTex - Ihr innovativer Partner f\u00fcr technische Textilien und Composites","url":"https:\/\/gerster-techtex.com\/","logo":{"@type":"ImageObject","inLanguage":"en-GB","@id":"https:\/\/gerster-techtex.com\/#\/schema\/logo\/image\/","url":"https:\/\/gerster-techtex.com\/wp-content\/uploads\/2025\/04\/logo.jpg","contentUrl":"https:\/\/gerster-techtex.com\/wp-content\/uploads\/2025\/04\/logo.jpg","width":800,"height":379,"caption":"Gerster TechTex - Ihr innovativer Partner f\u00fcr technische Textilien und Composites"},"image":{"@id":"https:\/\/gerster-techtex.com\/#\/schema\/logo\/image\/"},"sameAs":["https:\/\/www.facebook.com\/GersterCollection","https:\/\/x.com\/GersterFabrics","https:\/\/www.youtube.com\/user\/GersterCollection\/videos"]}]}},"_links":{"self":[{"href":"https:\/\/gerster-techtex.com\/en\/wp-json\/wp\/v2\/pages\/948","targetHints":{"allow":["GET"]}}],"collection":[{"href":"https:\/\/gerster-techtex.com\/en\/wp-json\/wp\/v2\/pages"}],"about":[{"href":"https:\/\/gerster-techtex.com\/en\/wp-json\/wp\/v2\/types\/page"}],"author":[{"embeddable":true,"href":"https:\/\/gerster-techtex.com\/en\/wp-json\/wp\/v2\/users\/1"}],"replies":[{"embeddable":true,"href":"https:\/\/gerster-techtex.com\/en\/wp-json\/wp\/v2\/comments?post=948"}],"version-history":[{"count":5,"href":"https:\/\/gerster-techtex.com\/en\/wp-json\/wp\/v2\/pages\/948\/revisions"}],"predecessor-version":[{"id":1710,"href":"https:\/\/gerster-techtex.com\/en\/wp-json\/wp\/v2\/pages\/948\/revisions\/1710"}],"up":[{"embeddable":true,"href":"https:\/\/gerster-techtex.com\/en\/wp-json\/wp\/v2\/pages\/54"}],"wp:featuredmedia":[{"embeddable":true,"href":"https:\/\/gerster-techtex.com\/en\/wp-json\/wp\/v2\/media\/1646"}],"wp:attachment":[{"href":"https:\/\/gerster-techtex.com\/en\/wp-json\/wp\/v2\/media?parent=948"}],"curies":[{"name":"wp","href":"https:\/\/api.w.org\/{rel}","templated":true}]}}