{"id":92,"date":"2025-04-14T10:40:36","date_gmt":"2025-04-14T08:40:36","guid":{"rendered":"http:\/\/localhost\/gerster-techtex\/?page_id=92"},"modified":"2026-02-06T08:09:40","modified_gmt":"2026-02-06T07:09:40","slug":"ueber-uns","status":"publish","type":"page","link":"https:\/\/gerster-techtex.com\/en\/unternehmen\/ueber-uns\/","title":{"rendered":"About us"},"content":{"rendered":"<div class=\"hintergrundbild-block hintergrundbild-verlauf rel\" style=\"  width: 100vw;  margin-left: calc(-50vw + 50%);   position: relative;  margin-top: 0px;   margin-bottom: 0px;\">\r\n    <img decoding=\"async\" src=\"https:\/\/gerster-techtex.com\/wp-content\/uploads\/2025\/07\/gerster-ueber-uns-1.jpg\" alt=\"Hintergrundbild\" \r\n       style=\"object-position: center center center; width: 100%; height: 100%; object-fit: cover; position: absolute; top: 0; left: 0; \">\r\n<\/div>\r\n\r\n\r\n    \n\n\n<div class=\"wp-block-custom-allgemein-ueberschrift ueberschrift-info\"><div class=\"wp-block-columns\"><div class=\"wp-block-column\" style=\"flex-basis:50%\"><p>\/\/ About us<\/p><h1>A company <br>with a clear <mark style=\"background-color:rgba(0, 0, 0, 0)\" class=\"has-inline-color has-tech-tex-light-blue-color\">vision<\/mark> <\/h1><\/div><div class=\"wp-block-column\" style=\"flex-basis:50%\">\n<div class=\"wp-block-buttons is-layout-flex wp-block-buttons-is-layout-flex\">\n<div class=\"wp-block-button is-style-icon-button\"><a class=\"wp-block-button__link wp-element-button\" href=\"\/en\/\">news<\/a><\/div>\n<\/div>\n<\/div><\/div><\/div>\n\n\n\n<div class=\"wp-block-columns is-layout-flex wp-container-core-columns-is-layout-9d6595d7 wp-block-columns-is-layout-flex\">\n<div class=\"wp-block-column is-layout-flow wp-block-column-is-layout-flow\" style=\"flex-basis:25%\">\n<p style=\"text-transform:uppercase\"><mark style=\"background-color:rgba(0, 0, 0, 0)\" class=\"has-inline-color has-tech-tex-light-blue-color\">The company<\/mark><\/p>\n<\/div>\n\n\n\n<div class=\"wp-block-column is-layout-flow wp-block-column-is-layout-flow\" style=\"flex-basis:66.66%\">\n<h2 class=\"wp-block-heading\">Over 140 years of textile expertise from Biberach  \u2013 Innovative solutions for <mark style=\"background-color:rgba(0, 0, 0, 0)\" class=\"has-inline-color has-tech-tex-light-blue-color\">industrial applications worldwide<\/mark><\/h2>\n\n\n\n<div class=\"wp-block-columns is-layout-flex wp-container-core-columns-is-layout-9d6595d7 wp-block-columns-is-layout-flex\">\n<div class=\"wp-block-column is-layout-flow wp-block-column-is-layout-flow\">\n<p>Gustav Gerster GmbH &amp; Co. KG, headquartered in Biberach an der Ri\u00df (Baden-W\u00fcrttemberg), is a fifth-generation family-owned company with a history spanning more than 140 years. In addition to its long-established core business in high-quality home textiles, the company has successfully positioned itself as an innovative provider of technical textiles through its TechTex business unit.<\/p>\n\n\n\n<p>TechTex stands for high-performance, highly specialized textile products used in a wide range of industrial applications. Our textile solutions are found in the composites industry, automotive manufacturing, wind energy sector, orthopedic and sports technology, boat building, and various technical industrial applications.<\/p>\n\n\n\n<p>We process state-of-the-art materials such as carbon, aramid, glass, polyamide, and hybrid fibers, combining them with our comprehensive textile technology expertise. In addition, we are increasingly incorporating sustainable natural fibers such as flax and hemp to meet both ecological and mechanical performance requirements.<\/p>\n\n\n\n<p>Our production capabilities are based on a state-of-the-art machinery park at our headquarters in Biberach and a subsidiary plant in Poland. This enables us to manufacture flexibly, efficiently, and to the highest quality standards \u2013 proudly Made in Europe. Our certified production processes ensure high reproducibility and delivery reliability.<\/p>\n<\/div>\n<\/div>\n\n\n\n<div class=\"wp-block-buttons is-layout-flex wp-block-buttons-is-layout-flex\">\n<div class=\"wp-block-button\"><a class=\"wp-block-button__link wp-element-button\" href=\"https:\/\/gerster-techtex.com\/en\/kontakt\/\">Contact<\/a><\/div>\n<\/div>\n<\/div>\n<\/div>\n\n\n<div class=\"hintergrundbild-block\" style=\"  width: 100vw;  margin-left: calc(-50vw + 50%);   position: relative;  margin-top: 75px;   margin-bottom: 75px;\">\r\n    <img decoding=\"async\" src=\"https:\/\/gerster-techtex.com\/wp-content\/uploads\/2025\/08\/ueber-uns-bg-1.jpg\" alt=\"Hintergrundbild\" \r\n       style=\"object-position: center center center; width: 100%; height: 100%; object-fit: cover; position: absolute; top: 0; left: 0; \">\r\n<\/div>\r\n\r\n\r\n    \n\n\n<div class=\"wp-block-columns is-layout-flex wp-container-core-columns-is-layout-9d6595d7 wp-block-columns-is-layout-flex\">\n<div class=\"wp-block-column is-layout-flow wp-block-column-is-layout-flow\" style=\"flex-basis:25%\">\n<p style=\"text-transform:uppercase\"><mark style=\"background-color:rgba(0, 0, 0, 0)\" class=\"has-inline-color has-tech-tex-light-blue-color\">Company history<\/mark><\/p>\n<\/div>\n\n\n\n<div class=\"wp-block-column is-layout-flow wp-block-column-is-layout-flow\">\n<h2 class=\"wp-block-heading\">Tailor-made <mark style=\"background-color:rgba(0, 0, 0, 0)\" class=\"has-inline-color has-tech-tex-light-blue-color\">textile solutions<\/mark> for industrial challenges<\/h2>\n\n\n\n<div class=\"wp-block-columns is-layout-flex wp-container-core-columns-is-layout-9d6595d7 wp-block-columns-is-layout-flex\">\n<div class=\"wp-block-column is-layout-flow wp-block-column-is-layout-flow\">\n<p>As a trusted development partner to numerous industrial companies, we pursue a clear objective: customized solutions for complex requirements. In close cooperation with our clients, we develop innovative, future-ready products that unite functional performance with sustainable value.<\/p>\n<\/div>\n\n\n\n<div class=\"wp-block-column is-layout-flow wp-block-column-is-layout-flow\">\n<p>Our expertise in the field of technical textiles is constantly evolving \u2013 driven by practical development work, interdisciplinary project teams, and a deep understanding of textile material technologies. This allows us to create textile solutions that meet the increasing demands of modern industrial sectors \u2013 today and in the future.<\/p>\n<\/div>\n<\/div>\n<\/div>\n<\/div>\n\n\n\n<div style=\"height:100px\" aria-hidden=\"true\" class=\"wp-block-spacer\"><\/div>\n\n\n\n<div class=\"wp-block-columns ueber-uns-align-center is-layout-flex wp-container-core-columns-is-layout-9d6595d7 wp-block-columns-is-layout-flex\">\n<div class=\"wp-block-column is-layout-flow wp-block-column-is-layout-flow\" style=\"flex-basis:33.33%\">\n<figure class=\"wp-block-image size-full\"><img loading=\"lazy\" decoding=\"async\" width=\"1000\" height=\"1377\" src=\"https:\/\/gerster-techtex.com\/wp-content\/uploads\/2025\/08\/gerster-ueber-uns-3.jpg\" alt=\"\" class=\"wp-image-2715\" srcset=\"https:\/\/gerster-techtex.com\/wp-content\/uploads\/2025\/08\/gerster-ueber-uns-3.jpg 1000w, https:\/\/gerster-techtex.com\/wp-content\/uploads\/2025\/08\/gerster-ueber-uns-3-290x400.jpg 290w, https:\/\/gerster-techtex.com\/wp-content\/uploads\/2025\/08\/gerster-ueber-uns-3-744x1024.jpg 744w, https:\/\/gerster-techtex.com\/wp-content\/uploads\/2025\/08\/gerster-ueber-uns-3-768x1058.jpg 768w, https:\/\/gerster-techtex.com\/wp-content\/uploads\/2025\/08\/gerster-ueber-uns-3-9x12.jpg 9w\" sizes=\"auto, (max-width: 1000px) 100vw, 1000px\" \/><figcaption class=\"wp-element-caption\">At the Biberach location <strong>2025<\/strong><\/figcaption><\/figure>\n<\/div>\n\n\n\n<div class=\"wp-block-column is-layout-flow wp-block-column-is-layout-flow\" style=\"flex-basis:66.66%\">\n<figure class=\"wp-block-image size-full\"><img loading=\"lazy\" decoding=\"async\" width=\"1920\" height=\"1280\" src=\"https:\/\/gerster-techtex.com\/wp-content\/uploads\/2025\/08\/ueber-uns-geschaeftsleitung.jpg\" alt=\"\" class=\"wp-image-2684\" style=\"aspect-ratio:3\/2;object-fit:cover\" srcset=\"https:\/\/gerster-techtex.com\/wp-content\/uploads\/2025\/08\/ueber-uns-geschaeftsleitung.jpg 1920w, https:\/\/gerster-techtex.com\/wp-content\/uploads\/2025\/08\/ueber-uns-geschaeftsleitung-400x267.jpg 400w, https:\/\/gerster-techtex.com\/wp-content\/uploads\/2025\/08\/ueber-uns-geschaeftsleitung-1024x683.jpg 1024w, https:\/\/gerster-techtex.com\/wp-content\/uploads\/2025\/08\/ueber-uns-geschaeftsleitung-768x512.jpg 768w, https:\/\/gerster-techtex.com\/wp-content\/uploads\/2025\/08\/ueber-uns-geschaeftsleitung-1536x1024.jpg 1536w, https:\/\/gerster-techtex.com\/wp-content\/uploads\/2025\/08\/ueber-uns-geschaeftsleitung-18x12.jpg 18w\" sizes=\"auto, (max-width: 1920px) 100vw, 1920px\" \/><figcaption class=\"wp-element-caption\">Our management in the 4th &amp; 5th generation, Jens and Philipp Gerster<\/figcaption><\/figure>\n<\/div>\n<\/div>\n\n\n<div class=\"hintergrundbild-block\" style=\"  width: 100vw;  margin-left: calc(-50vw + 50%);   position: relative;  margin-top: 100px;   margin-bottom: 200px;\">\r\n    <img decoding=\"async\" src=\"https:\/\/gerster-techtex.com\/wp-content\/uploads\/2025\/09\/DSC03794_gerster-scaled.jpg\" alt=\"Hintergrundbild\" \r\n       style=\"object-position: center center center; width: 100%; height: 100%; object-fit: cover; position: absolute; top: 0; left: 0; \">\r\n<\/div>\r\n\r\n\r\n    \n\n\n<div class=\"wp-block-columns is-layout-flex wp-container-core-columns-is-layout-9d6595d7 wp-block-columns-is-layout-flex\">\n<div class=\"wp-block-column is-layout-flow wp-block-column-is-layout-flow\" style=\"flex-basis:25%\">\n<p style=\"text-transform:none\">\/\/ Our employees<\/p>\n\n\n\n<h2 class=\"wp-block-heading\">The team behind the visions<\/h2>\n<\/div>\n\n\n\n<div class=\"wp-block-column employee-grid-2 is-layout-flow wp-block-column-is-layout-flow\" style=\"flex-basis:75%\">\n<figure class=\"wp-block-image size-full\"><img loading=\"lazy\" decoding=\"async\" width=\"400\" height=\"600\" src=\"https:\/\/gerster-techtex.com\/wp-content\/uploads\/2025\/08\/mitarbeiter-6.jpg\" alt=\"\" class=\"wp-image-2695\" srcset=\"https:\/\/gerster-techtex.com\/wp-content\/uploads\/2025\/08\/mitarbeiter-6.jpg 400w, https:\/\/gerster-techtex.com\/wp-content\/uploads\/2025\/08\/mitarbeiter-6-267x400.jpg 267w, https:\/\/gerster-techtex.com\/wp-content\/uploads\/2025\/08\/mitarbeiter-6-8x12.jpg 8w\" sizes=\"auto, (max-width: 400px) 100vw, 400px\" \/><figcaption class=\"wp-element-caption\">Marcus Jan\u00dfen <strong>Produktions- &amp; Entwicklungsleiter<\/strong> <strong>07351 \/ 586 \u2013 170<\/strong><\/figcaption><\/figure>\n\n\n\n<figure class=\"wp-block-image size-full\"><img loading=\"lazy\" decoding=\"async\" width=\"400\" height=\"600\" src=\"https:\/\/gerster-techtex.com\/wp-content\/uploads\/2025\/08\/mitarbeiter-5.jpg\" alt=\"\" class=\"wp-image-2726\" srcset=\"https:\/\/gerster-techtex.com\/wp-content\/uploads\/2025\/08\/mitarbeiter-5.jpg 400w, https:\/\/gerster-techtex.com\/wp-content\/uploads\/2025\/08\/mitarbeiter-5-267x400.jpg 267w, https:\/\/gerster-techtex.com\/wp-content\/uploads\/2025\/08\/mitarbeiter-5-8x12.jpg 8w\" sizes=\"auto, (max-width: 400px) 100vw, 400px\" \/><figcaption class=\"wp-element-caption\">Fabian Falk <strong>Sales Manager Technical Textiles &amp; Composites<\/strong> <strong>07351 \/ 586 \u2013 179<\/strong><\/figcaption><\/figure>\n\n\n\n<figure class=\"wp-block-image size-full\"><img loading=\"lazy\" decoding=\"async\" width=\"400\" height=\"600\" src=\"https:\/\/gerster-techtex.com\/wp-content\/uploads\/2025\/08\/mitarbeiter-4.jpg\" alt=\"\" class=\"wp-image-2725\" srcset=\"https:\/\/gerster-techtex.com\/wp-content\/uploads\/2025\/08\/mitarbeiter-4.jpg 400w, https:\/\/gerster-techtex.com\/wp-content\/uploads\/2025\/08\/mitarbeiter-4-267x400.jpg 267w, https:\/\/gerster-techtex.com\/wp-content\/uploads\/2025\/08\/mitarbeiter-4-8x12.jpg 8w\" sizes=\"auto, (max-width: 400px) 100vw, 400px\" \/><figcaption class=\"wp-element-caption\">Michael Welter <strong>Internal sales&nbsp; <\/strong>                   <strong>07351 \/ 586 \u2013 178<\/strong><\/figcaption><\/figure>\n\n\n\n<figure class=\"wp-block-image size-full\"><img loading=\"lazy\" decoding=\"async\" width=\"400\" height=\"600\" src=\"https:\/\/gerster-techtex.com\/wp-content\/uploads\/2025\/08\/mitarbeiter-3.jpg\" alt=\"\" class=\"wp-image-2724\" srcset=\"https:\/\/gerster-techtex.com\/wp-content\/uploads\/2025\/08\/mitarbeiter-3.jpg 400w, https:\/\/gerster-techtex.com\/wp-content\/uploads\/2025\/08\/mitarbeiter-3-267x400.jpg 267w, https:\/\/gerster-techtex.com\/wp-content\/uploads\/2025\/08\/mitarbeiter-3-8x12.jpg 8w\" sizes=\"auto, (max-width: 400px) 100vw, 400px\" \/><figcaption class=\"wp-element-caption\">Natalie K\u00fcgel <strong>Quality assurance engineer<\/strong> <strong>07351 \/ 586 \u2013 194<\/strong><\/figcaption><\/figure>\n\n\n\n<figure class=\"wp-block-image size-full is-resized\"><img loading=\"lazy\" decoding=\"async\" width=\"400\" height=\"600\" src=\"https:\/\/gerster-techtex.com\/wp-content\/uploads\/2025\/08\/mitarbeiter-2.jpg\" alt=\"\" class=\"wp-image-2723\" style=\"width:576px;height:auto\" srcset=\"https:\/\/gerster-techtex.com\/wp-content\/uploads\/2025\/08\/mitarbeiter-2.jpg 400w, https:\/\/gerster-techtex.com\/wp-content\/uploads\/2025\/08\/mitarbeiter-2-267x400.jpg 267w, https:\/\/gerster-techtex.com\/wp-content\/uploads\/2025\/08\/mitarbeiter-2-8x12.jpg 8w\" sizes=\"auto, (max-width: 400px) 100vw, 400px\" \/><figcaption class=\"wp-element-caption\">Patricia Abele <strong>Purchasing Techtex<\/strong>                     <strong>07351 \/ 586 \u2013 148<\/strong><\/figcaption><\/figure>\n\n\n\n<figure class=\"wp-block-image size-full is-resized\"><img loading=\"lazy\" decoding=\"async\" width=\"1850\" height=\"2560\" src=\"https:\/\/gerster-techtex.com\/wp-content\/uploads\/2026\/02\/OLP-THOMAS-1-scaled.jpg\" alt=\"\" class=\"wp-image-3255\" style=\"width:576px;height:auto\" srcset=\"https:\/\/gerster-techtex.com\/wp-content\/uploads\/2026\/02\/OLP-THOMAS-1-scaled.jpg 1850w, https:\/\/gerster-techtex.com\/wp-content\/uploads\/2026\/02\/OLP-THOMAS-1-289x400.jpg 289w, https:\/\/gerster-techtex.com\/wp-content\/uploads\/2026\/02\/OLP-THOMAS-1-740x1024.jpg 740w, https:\/\/gerster-techtex.com\/wp-content\/uploads\/2026\/02\/OLP-THOMAS-1-768x1063.jpg 768w, https:\/\/gerster-techtex.com\/wp-content\/uploads\/2026\/02\/OLP-THOMAS-1-1110x1536.jpg 1110w, https:\/\/gerster-techtex.com\/wp-content\/uploads\/2026\/02\/OLP-THOMAS-1-1480x2048.jpg 1480w, https:\/\/gerster-techtex.com\/wp-content\/uploads\/2026\/02\/OLP-THOMAS-1-9x12.jpg 9w\" sizes=\"auto, (max-width: 1850px) 100vw, 1850px\" \/><figcaption class=\"wp-element-caption\">Thomas Olp <strong>Technischer Vertrieb Techtex<\/strong> <strong>07351 \/ 586 \u2013 476<\/strong><\/figcaption><\/figure>\n<\/div>\n<\/div>\n\n\n\n<div style=\"height:100px\" aria-hidden=\"true\" class=\"wp-block-spacer\"><\/div>\n\n\n\n<p><\/p>","protected":false},"excerpt":{"rendered":"<p>Das Unternehmen \u00dcber 140 Jahre Textilkompetenz aus Biberach &#8211; Innovative L\u00f6sungen f\u00fcr industrielle Anwendungen weltweit Die Gustav Gerster GmbH &amp; Co. KG mit Stammsitz in Biberach an der Ri\u00df (Baden-W\u00fcrttemberg) ist ein familiengef\u00fchrtes Unternehmen in f\u00fcnfter Generation und blickt auf \u00fcber 140 Jahre Unternehmensgeschichte zur\u00fcck. Neben dem traditionsreichen Kerngesch\u00e4ft mit hochwertigen Heimtextilien hat sich das [&hellip;]<\/p>","protected":false},"author":1,"featured_media":0,"parent":14,"menu_order":0,"comment_status":"closed","ping_status":"closed","template":"","meta":{"_acf_changed":false,"footnotes":""},"class_list":["post-92","page","type-page","status-publish","hentry"],"acf":[],"yoast_head":"<!-- This site is optimized with the Yoast SEO plugin v25.9 - https:\/\/yoast.com\/wordpress\/plugins\/seo\/ -->\n<title>\u00dcber uns - Gerster TechTex - Ihr innovativer Partner f\u00fcr technische Textilien und Composites<\/title>\n<meta name=\"description\" content=\"Gerster TechTex \u2013 Ihr Spezialist f\u00fcr innovative technische Textilien &amp; Composites. Individuelle L\u00f6sungen f\u00fcr Industrie, Mobilit\u00e4t, Medizintechnik u.\u202fv.\u202fm.\" \/>\n<meta name=\"robots\" content=\"index, follow, max-snippet:-1, max-image-preview:large, max-video-preview:-1\" \/>\n<link rel=\"canonical\" href=\"https:\/\/gerster-techtex.com\/en\/unternehmen\/ueber-uns\/\" \/>\n<meta property=\"og:locale\" content=\"en_GB\" \/>\n<meta property=\"og:type\" content=\"article\" \/>\n<meta property=\"og:title\" content=\"\u00dcber uns - Gerster TechTex - Ihr innovativer Partner f\u00fcr technische Textilien und Composites\" \/>\n<meta property=\"og:description\" content=\"Gerster TechTex \u2013 Ihr Spezialist f\u00fcr innovative technische Textilien &amp; Composites. Individuelle L\u00f6sungen f\u00fcr Industrie, Mobilit\u00e4t, Medizintechnik u.\u202fv.\u202fm.\" \/>\n<meta property=\"og:url\" content=\"https:\/\/gerster-techtex.com\/en\/unternehmen\/ueber-uns\/\" \/>\n<meta property=\"og:site_name\" content=\"Gerster TechTex - Ihr innovativer Partner f\u00fcr technische Textilien und Composites\" \/>\n<meta property=\"article:publisher\" content=\"https:\/\/www.facebook.com\/GersterCollection\" \/>\n<meta property=\"article:modified_time\" content=\"2026-02-06T07:09:40+00:00\" \/>\n<meta property=\"og:image\" content=\"https:\/\/gerster-techtex.com\/wp-content\/uploads\/2025\/08\/gerster-ueber-uns-3.jpg\" \/>\n<meta name=\"twitter:card\" content=\"summary_large_image\" \/>\n<meta name=\"twitter:site\" content=\"@GersterFabrics\" \/>\n<meta name=\"twitter:label1\" content=\"Estimated reading time\" \/>\n\t<meta name=\"twitter:data1\" content=\"2 minutes\" \/>\n<script type=\"application\/ld+json\" class=\"yoast-schema-graph\">{\"@context\":\"https:\/\/schema.org\",\"@graph\":[{\"@type\":\"WebPage\",\"@id\":\"https:\/\/gerster-techtex.com\/unternehmen\/ueber-uns\/\",\"url\":\"https:\/\/gerster-techtex.com\/unternehmen\/ueber-uns\/\",\"name\":\"\u00dcber uns - Gerster TechTex - Ihr innovativer Partner f\u00fcr technische Textilien und Composites\",\"isPartOf\":{\"@id\":\"https:\/\/gerster-techtex.com\/#website\"},\"primaryImageOfPage\":{\"@id\":\"https:\/\/gerster-techtex.com\/unternehmen\/ueber-uns\/#primaryimage\"},\"image\":{\"@id\":\"https:\/\/gerster-techtex.com\/unternehmen\/ueber-uns\/#primaryimage\"},\"thumbnailUrl\":\"https:\/\/gerster-techtex.com\/wp-content\/uploads\/2025\/08\/gerster-ueber-uns-3.jpg\",\"datePublished\":\"2025-04-14T08:40:36+00:00\",\"dateModified\":\"2026-02-06T07:09:40+00:00\",\"description\":\"Gerster TechTex \u2013 Ihr Spezialist f\u00fcr innovative technische Textilien & Composites. Individuelle L\u00f6sungen f\u00fcr Industrie, Mobilit\u00e4t, Medizintechnik u.\u202fv.\u202fm.\",\"breadcrumb\":{\"@id\":\"https:\/\/gerster-techtex.com\/unternehmen\/ueber-uns\/#breadcrumb\"},\"inLanguage\":\"en-GB\",\"potentialAction\":[{\"@type\":\"ReadAction\",\"target\":[\"https:\/\/gerster-techtex.com\/unternehmen\/ueber-uns\/\"]}]},{\"@type\":\"ImageObject\",\"inLanguage\":\"en-GB\",\"@id\":\"https:\/\/gerster-techtex.com\/unternehmen\/ueber-uns\/#primaryimage\",\"url\":\"https:\/\/gerster-techtex.com\/wp-content\/uploads\/2025\/08\/gerster-ueber-uns-3.jpg\",\"contentUrl\":\"https:\/\/gerster-techtex.com\/wp-content\/uploads\/2025\/08\/gerster-ueber-uns-3.jpg\"},{\"@type\":\"BreadcrumbList\",\"@id\":\"https:\/\/gerster-techtex.com\/unternehmen\/ueber-uns\/#breadcrumb\",\"itemListElement\":[{\"@type\":\"ListItem\",\"position\":1,\"name\":\"Startseite\",\"item\":\"https:\/\/gerster-techtex.com\/\"},{\"@type\":\"ListItem\",\"position\":2,\"name\":\"Unternehmen\",\"item\":\"https:\/\/gerster-techtex.com\/unternehmen\/\"},{\"@type\":\"ListItem\",\"position\":3,\"name\":\"\u00dcber uns\"}]},{\"@type\":\"WebSite\",\"@id\":\"https:\/\/gerster-techtex.com\/#website\",\"url\":\"https:\/\/gerster-techtex.com\/\",\"name\":\"Gerster TechTex - Ihr innovativer Partner f\u00fcr technische Textilien und Composites\",\"description\":\"\",\"publisher\":{\"@id\":\"https:\/\/gerster-techtex.com\/#organization\"},\"potentialAction\":[{\"@type\":\"SearchAction\",\"target\":{\"@type\":\"EntryPoint\",\"urlTemplate\":\"https:\/\/gerster-techtex.com\/?s={search_term_string}\"},\"query-input\":{\"@type\":\"PropertyValueSpecification\",\"valueRequired\":true,\"valueName\":\"search_term_string\"}}],\"inLanguage\":\"en-GB\"},{\"@type\":\"Organization\",\"@id\":\"https:\/\/gerster-techtex.com\/#organization\",\"name\":\"Gerster TechTex - Ihr innovativer Partner f\u00fcr technische Textilien und Composites\",\"url\":\"https:\/\/gerster-techtex.com\/\",\"logo\":{\"@type\":\"ImageObject\",\"inLanguage\":\"en-GB\",\"@id\":\"https:\/\/gerster-techtex.com\/#\/schema\/logo\/image\/\",\"url\":\"https:\/\/gerster-techtex.com\/wp-content\/uploads\/2025\/04\/logo.jpg\",\"contentUrl\":\"https:\/\/gerster-techtex.com\/wp-content\/uploads\/2025\/04\/logo.jpg\",\"width\":800,\"height\":379,\"caption\":\"Gerster TechTex - Ihr innovativer Partner f\u00fcr technische Textilien und Composites\"},\"image\":{\"@id\":\"https:\/\/gerster-techtex.com\/#\/schema\/logo\/image\/\"},\"sameAs\":[\"https:\/\/www.facebook.com\/GersterCollection\",\"https:\/\/x.com\/GersterFabrics\",\"https:\/\/www.youtube.com\/user\/GersterCollection\/videos\"]}]}<\/script>\n<!-- \/ Yoast SEO plugin. -->","yoast_head_json":{"title":"\u00dcber uns - Gerster TechTex - Ihr innovativer Partner f\u00fcr technische Textilien und Composites","description":"Gerster TechTex \u2013 Ihr Spezialist f\u00fcr innovative technische Textilien & Composites. Individuelle L\u00f6sungen f\u00fcr Industrie, Mobilit\u00e4t, Medizintechnik u.\u202fv.\u202fm.","robots":{"index":"index","follow":"follow","max-snippet":"max-snippet:-1","max-image-preview":"max-image-preview:large","max-video-preview":"max-video-preview:-1"},"canonical":"https:\/\/gerster-techtex.com\/en\/unternehmen\/ueber-uns\/","og_locale":"en_GB","og_type":"article","og_title":"\u00dcber uns - Gerster TechTex - Ihr innovativer Partner f\u00fcr technische Textilien und Composites","og_description":"Gerster TechTex \u2013 Ihr Spezialist f\u00fcr innovative technische Textilien & Composites. Individuelle L\u00f6sungen f\u00fcr Industrie, Mobilit\u00e4t, Medizintechnik u.\u202fv.\u202fm.","og_url":"https:\/\/gerster-techtex.com\/en\/unternehmen\/ueber-uns\/","og_site_name":"Gerster TechTex - Ihr innovativer Partner f\u00fcr technische Textilien und Composites","article_publisher":"https:\/\/www.facebook.com\/GersterCollection","article_modified_time":"2026-02-06T07:09:40+00:00","og_image":[{"url":"https:\/\/gerster-techtex.com\/wp-content\/uploads\/2025\/08\/gerster-ueber-uns-3.jpg","type":"","width":"","height":""}],"twitter_card":"summary_large_image","twitter_site":"@GersterFabrics","twitter_misc":{"Estimated reading time":"2 minutes"},"schema":{"@context":"https:\/\/schema.org","@graph":[{"@type":"WebPage","@id":"https:\/\/gerster-techtex.com\/unternehmen\/ueber-uns\/","url":"https:\/\/gerster-techtex.com\/unternehmen\/ueber-uns\/","name":"\u00dcber uns - Gerster TechTex - Ihr innovativer Partner f\u00fcr technische Textilien und Composites","isPartOf":{"@id":"https:\/\/gerster-techtex.com\/#website"},"primaryImageOfPage":{"@id":"https:\/\/gerster-techtex.com\/unternehmen\/ueber-uns\/#primaryimage"},"image":{"@id":"https:\/\/gerster-techtex.com\/unternehmen\/ueber-uns\/#primaryimage"},"thumbnailUrl":"https:\/\/gerster-techtex.com\/wp-content\/uploads\/2025\/08\/gerster-ueber-uns-3.jpg","datePublished":"2025-04-14T08:40:36+00:00","dateModified":"2026-02-06T07:09:40+00:00","description":"Gerster TechTex \u2013 Ihr Spezialist f\u00fcr innovative technische Textilien & Composites. Individuelle L\u00f6sungen f\u00fcr Industrie, Mobilit\u00e4t, Medizintechnik u.\u202fv.\u202fm.","breadcrumb":{"@id":"https:\/\/gerster-techtex.com\/unternehmen\/ueber-uns\/#breadcrumb"},"inLanguage":"en-GB","potentialAction":[{"@type":"ReadAction","target":["https:\/\/gerster-techtex.com\/unternehmen\/ueber-uns\/"]}]},{"@type":"ImageObject","inLanguage":"en-GB","@id":"https:\/\/gerster-techtex.com\/unternehmen\/ueber-uns\/#primaryimage","url":"https:\/\/gerster-techtex.com\/wp-content\/uploads\/2025\/08\/gerster-ueber-uns-3.jpg","contentUrl":"https:\/\/gerster-techtex.com\/wp-content\/uploads\/2025\/08\/gerster-ueber-uns-3.jpg"},{"@type":"BreadcrumbList","@id":"https:\/\/gerster-techtex.com\/unternehmen\/ueber-uns\/#breadcrumb","itemListElement":[{"@type":"ListItem","position":1,"name":"Startseite","item":"https:\/\/gerster-techtex.com\/"},{"@type":"ListItem","position":2,"name":"Unternehmen","item":"https:\/\/gerster-techtex.com\/unternehmen\/"},{"@type":"ListItem","position":3,"name":"\u00dcber uns"}]},{"@type":"WebSite","@id":"https:\/\/gerster-techtex.com\/#website","url":"https:\/\/gerster-techtex.com\/","name":"Gerster TechTex - Ihr innovativer Partner f\u00fcr technische Textilien und Composites","description":"","publisher":{"@id":"https:\/\/gerster-techtex.com\/#organization"},"potentialAction":[{"@type":"SearchAction","target":{"@type":"EntryPoint","urlTemplate":"https:\/\/gerster-techtex.com\/?s={search_term_string}"},"query-input":{"@type":"PropertyValueSpecification","valueRequired":true,"valueName":"search_term_string"}}],"inLanguage":"en-GB"},{"@type":"Organization","@id":"https:\/\/gerster-techtex.com\/#organization","name":"Gerster TechTex - Ihr innovativer Partner f\u00fcr technische Textilien und Composites","url":"https:\/\/gerster-techtex.com\/","logo":{"@type":"ImageObject","inLanguage":"en-GB","@id":"https:\/\/gerster-techtex.com\/#\/schema\/logo\/image\/","url":"https:\/\/gerster-techtex.com\/wp-content\/uploads\/2025\/04\/logo.jpg","contentUrl":"https:\/\/gerster-techtex.com\/wp-content\/uploads\/2025\/04\/logo.jpg","width":800,"height":379,"caption":"Gerster TechTex - Ihr innovativer Partner f\u00fcr technische Textilien und Composites"},"image":{"@id":"https:\/\/gerster-techtex.com\/#\/schema\/logo\/image\/"},"sameAs":["https:\/\/www.facebook.com\/GersterCollection","https:\/\/x.com\/GersterFabrics","https:\/\/www.youtube.com\/user\/GersterCollection\/videos"]}]}},"_links":{"self":[{"href":"https:\/\/gerster-techtex.com\/en\/wp-json\/wp\/v2\/pages\/92","targetHints":{"allow":["GET"]}}],"collection":[{"href":"https:\/\/gerster-techtex.com\/en\/wp-json\/wp\/v2\/pages"}],"about":[{"href":"https:\/\/gerster-techtex.com\/en\/wp-json\/wp\/v2\/types\/page"}],"author":[{"embeddable":true,"href":"https:\/\/gerster-techtex.com\/en\/wp-json\/wp\/v2\/users\/1"}],"replies":[{"embeddable":true,"href":"https:\/\/gerster-techtex.com\/en\/wp-json\/wp\/v2\/comments?post=92"}],"version-history":[{"count":103,"href":"https:\/\/gerster-techtex.com\/en\/wp-json\/wp\/v2\/pages\/92\/revisions"}],"predecessor-version":[{"id":3257,"href":"https:\/\/gerster-techtex.com\/en\/wp-json\/wp\/v2\/pages\/92\/revisions\/3257"}],"up":[{"embeddable":true,"href":"https:\/\/gerster-techtex.com\/en\/wp-json\/wp\/v2\/pages\/14"}],"wp:attachment":[{"href":"https:\/\/gerster-techtex.com\/en\/wp-json\/wp\/v2\/media?parent=92"}],"curies":[{"name":"wp","href":"https:\/\/api.w.org\/{rel}","templated":true}]}}