{"id":81,"date":"2025-04-14T10:37:48","date_gmt":"2025-04-14T08:37:48","guid":{"rendered":"http:\/\/localhost\/gerster-techtex\/?page_id=81"},"modified":"2025-09-18T11:18:39","modified_gmt":"2025-09-18T09:18:39","slug":"muster-klein-serienproduktion","status":"publish","type":"page","link":"https:\/\/gerster-techtex.com\/en\/leistungen\/muster-klein-serienproduktion\/","title":{"rendered":"Muster-, Klein- &#038; Serienproduktion"},"content":{"rendered":"<div class=\"hintergrundbild-block hintergrundbild-verlauf rel\" style=\"  width: 100vw;  margin-left: calc(-50vw + 50%);   position: relative;  margin-top: 0px;   margin-bottom: 0px;\">\r\n    <img decoding=\"async\" src=\"https:\/\/gerster-techtex.com\/wp-content\/uploads\/2025\/08\/ueber-uns-bg-1.jpg\" alt=\"Hintergrundbild\" \r\n       style=\"object-position: center center center; width: 100%; height: 100%; object-fit: cover; position: absolute; top: 0; left: 0; \">\r\n<\/div>\r\n\r\n\r\n    \n\n\n<div class=\"wp-block-custom-allgemein-ueberschrift ueberschrift-info\"><div class=\"wp-block-columns\"><div class=\"wp-block-column\" style=\"flex-basis:50%\"><p>\/\/ Services<\/p><h1>Sample, small &amp; <br><mark style=\"background-color:rgba(0, 0, 0, 0)\" class=\"has-inline-color has-tech-tex-light-blue-color\">Series production<\/mark><\/h1><\/div><div class=\"wp-block-column\" style=\"flex-basis:50%\">\n<div class=\"wp-block-buttons is-layout-flex wp-block-buttons-is-layout-flex\">\n<div class=\"wp-block-button is-style-icon-button\"><a class=\"wp-block-button__link wp-element-button\" href=\"\/en\/\">news<\/a><\/div>\n<\/div>\n<\/div><\/div><\/div>\n\n\n\n<div class=\"wp-block-custom-einsatzbereich-leistungen-inhalt einsatzbereich-leistungen-inhalt\"><div class=\"wp-block-columns einsatzbereich-leistungen-image-wrapper parent-leistungen\"><div class=\"wp-block-column\"><div class=\"einsatzbereich-title-wrapper\"><p>We offer comprehensive production solutions \u2013 from the initial <strong>samples <\/strong>until <strong>mass production<\/strong>. Our approach is geared towards development and manufacturing processes. <strong>exactly fitting <\/strong>on <strong>your requirements <\/strong>to be agreed upon, regardless of the number of items or scope of the project.<\/p><\/div><\/div><div class=\"wp-block-column\"><div class=\"bild-item\"><a href=\"https:\/\/gerster-techtex.com\/wp-content\/uploads\/2025\/08\/musterproduktion-3.jpg\" rel=\"lightbox[galerie]\" target=\"_blank\" class=\"lightbox-wrapper\" style=\"position:relative;display:inline-block\"><img decoding=\"async\" src=\"https:\/\/gerster-techtex.com\/wp-content\/uploads\/2025\/08\/musterproduktion-3.jpg\" alt=\"\" class=\"mein-bild\" style=\"display:block\"\/><span class=\"bild-overlay\"><\/span><\/a><p><\/p><\/div><div class=\"bild-item\"><a href=\"https:\/\/gerster-techtex.com\/wp-content\/uploads\/2025\/08\/musterproduktion-2.jpg\" rel=\"lightbox[galerie]\" target=\"_blank\" class=\"lightbox-wrapper\" style=\"position:relative;display:inline-block\"><img decoding=\"async\" src=\"https:\/\/gerster-techtex.com\/wp-content\/uploads\/2025\/08\/musterproduktion-2.jpg\" alt=\"\" class=\"mein-bild\" style=\"display:block\"\/><span class=\"bild-overlay\"><\/span><\/a><p><\/p><\/div><div class=\"bild-item\"><a href=\"https:\/\/gerster-techtex.com\/wp-content\/uploads\/2025\/08\/musterproduktion-4.jpg\" rel=\"lightbox[galerie]\" target=\"_blank\" class=\"lightbox-wrapper\" style=\"position:relative;display:inline-block\"><img decoding=\"async\" src=\"https:\/\/gerster-techtex.com\/wp-content\/uploads\/2025\/08\/musterproduktion-4.jpg\" alt=\"\" class=\"mein-bild\" style=\"display:block\"\/><span class=\"bild-overlay\"><\/span><\/a><p><\/p><\/div><\/div><\/div><div class=\"zusaetzliche-spalte\">\n<p><\/p>\n\n\n\n<hr class=\"wp-block-separator has-alpha-channel-opacity\"\/>\n\n\n\n<div class=\"wp-block-columns is-layout-flex wp-container-core-columns-is-layout-9d6595d7 wp-block-columns-is-layout-flex\">\n<div class=\"wp-block-column is-layout-flow wp-block-column-is-layout-flow\" style=\"flex-basis:33.33%\">\n<h3 class=\"wp-block-heading\">From prototype to series production<\/h3>\n<\/div>\n\n\n\n<div class=\"wp-block-column is-layout-flow wp-block-column-is-layout-flow\" style=\"flex-basis:66.66%\">\n<p>We support you early in the development phase with the implementation of functional models and prototypes. The goal is to test and further develop product concepts under real conditions. In the subsequent small-scale production, manufacturing processes are optimized and prepared for larger quantities. For series production, we rely on automated methods that ensure consistently high quality with cost-effective manufacturing.<\/p>\n<\/div>\n<\/div>\n\n\n\n<div class=\"wp-block-columns is-layout-flex wp-container-core-columns-is-layout-9d6595d7 wp-block-columns-is-layout-flex\">\n<div class=\"wp-block-column is-layout-flow wp-block-column-is-layout-flow\" style=\"flex-basis:33.33%\">\n<h3 class=\"wp-block-heading\">Step-by-step support<\/h3>\n<\/div>\n\n\n\n<div class=\"wp-block-column is-layout-flow wp-block-column-is-layout-flow\" style=\"flex-basis:66.66%\">\n<p>We systematically support every project phase\u2014from technical consulting and selecting suitable manufacturing technologies to delivering the final product. Throughout the process, functionality, material efficiency, and reproducibility are equally prioritized.<\/p>\n<\/div>\n<\/div>\n<\/div><div class=\"produkt-details-wrapper\"><p>\/\/ Learn more<\/p><h2>Our core competencies <br><mark style=\"background-color:rgba(0, 0, 0, 0)\" class=\"has-inline-color has-tech-tex-light-blue-color\">at a glance<\/mark><\/h2><div class=\"text-blocks-wrapper aufzaehlung\"><div class=\"text-block\"><h3>Personalized consulting and support<\/h3><p>We support you throughout all development and production phases. Our goal is a solution-oriented implementation that reliably meets your requirements.<\/p><\/div><div class=\"text-block\"><h3>Efficient and flexible processes<\/h3><p>Our manufacturing methods are designed to quickly adapt to changing conditions or new requirements\u2014ranging from single units to large-scale production.<\/p><\/div><div class=\"text-block\"><h3>Highest precision and quality<\/h3><p>By using modern technologies and standardized quality controls, we ensure consistent product quality across all production volumes.<\/p><\/div><\/div><\/div><\/div>\n\n\n<div class=\"hintergrundbild-block\" style=\"  width: 100vw;  margin-left: calc(-50vw + 50%);   position: relative;  margin-top: 0px;   margin-bottom: 0px;\">\r\n    <img decoding=\"async\" src=\"https:\/\/gerster-techtex.com\/wp-content\/uploads\/2025\/08\/musterproduktion-1.jpg\" alt=\"Hintergrundbild\" \r\n       style=\"object-position: center center center; width: 100%; height: 100%; object-fit: cover; position: absolute; top: 0; left: 0; \">\r\n<\/div>","protected":false},"excerpt":{"rendered":"","protected":false},"author":1,"featured_media":0,"parent":12,"menu_order":0,"comment_status":"closed","ping_status":"closed","template":"","meta":{"_acf_changed":false,"footnotes":""},"class_list":["post-81","page","type-page","status-publish","hentry"],"acf":[],"yoast_head":"<!-- This site is optimized with the Yoast SEO plugin v25.9 - https:\/\/yoast.com\/wordpress\/plugins\/seo\/ -->\n<title>Muster-, Klein- &amp; Serienproduktion - Gerster TechTex - Ihr innovativer Partner f\u00fcr technische Textilien und Composites<\/title>\n<meta name=\"description\" content=\"Gerster TechTex \u2013 Ihr Spezialist f\u00fcr innovative technische Textilien &amp; Composites. Individuelle L\u00f6sungen f\u00fcr Industrie, Mobilit\u00e4t, Medizintechnik u.\u202fv.\u202fm.\" \/>\n<meta name=\"robots\" content=\"index, follow, max-snippet:-1, max-image-preview:large, max-video-preview:-1\" \/>\n<link rel=\"canonical\" href=\"https:\/\/gerster-techtex.com\/en\/leistungen\/muster-klein-serienproduktion\/\" \/>\n<meta property=\"og:locale\" content=\"en_GB\" \/>\n<meta property=\"og:type\" content=\"article\" \/>\n<meta property=\"og:title\" content=\"Muster-, Klein- &amp; Serienproduktion - Gerster TechTex - Ihr innovativer Partner f\u00fcr technische Textilien und Composites\" \/>\n<meta property=\"og:description\" content=\"Gerster TechTex \u2013 Ihr Spezialist f\u00fcr innovative technische Textilien &amp; Composites. Individuelle L\u00f6sungen f\u00fcr Industrie, Mobilit\u00e4t, Medizintechnik u.\u202fv.\u202fm.\" \/>\n<meta property=\"og:url\" content=\"https:\/\/gerster-techtex.com\/en\/leistungen\/muster-klein-serienproduktion\/\" \/>\n<meta property=\"og:site_name\" content=\"Gerster TechTex - Ihr innovativer Partner f\u00fcr technische Textilien und Composites\" \/>\n<meta property=\"article:publisher\" content=\"https:\/\/www.facebook.com\/GersterCollection\" \/>\n<meta property=\"article:modified_time\" content=\"2025-09-18T09:18:39+00:00\" \/>\n<meta property=\"og:image\" content=\"https:\/\/gerster-techtex.com\/wp-content\/uploads\/2025\/08\/musterproduktion-3.jpg\" \/>\n<meta name=\"twitter:card\" content=\"summary_large_image\" \/>\n<meta name=\"twitter:site\" content=\"@GersterFabrics\" \/>\n<meta name=\"twitter:label1\" content=\"Estimated reading time\" \/>\n\t<meta name=\"twitter:data1\" content=\"1 minute\" \/>\n<script type=\"application\/ld+json\" class=\"yoast-schema-graph\">{\"@context\":\"https:\/\/schema.org\",\"@graph\":[{\"@type\":\"WebPage\",\"@id\":\"https:\/\/gerster-techtex.com\/leistungen\/muster-klein-serienproduktion\/\",\"url\":\"https:\/\/gerster-techtex.com\/leistungen\/muster-klein-serienproduktion\/\",\"name\":\"Muster-, Klein- & Serienproduktion - Gerster TechTex - Ihr innovativer Partner f\u00fcr technische Textilien und Composites\",\"isPartOf\":{\"@id\":\"https:\/\/gerster-techtex.com\/#website\"},\"primaryImageOfPage\":{\"@id\":\"https:\/\/gerster-techtex.com\/leistungen\/muster-klein-serienproduktion\/#primaryimage\"},\"image\":{\"@id\":\"https:\/\/gerster-techtex.com\/leistungen\/muster-klein-serienproduktion\/#primaryimage\"},\"thumbnailUrl\":\"https:\/\/gerster-techtex.com\/wp-content\/uploads\/2025\/08\/musterproduktion-3.jpg\",\"datePublished\":\"2025-04-14T08:37:48+00:00\",\"dateModified\":\"2025-09-18T09:18:39+00:00\",\"description\":\"Gerster TechTex \u2013 Ihr Spezialist f\u00fcr innovative technische Textilien & Composites. Individuelle L\u00f6sungen f\u00fcr Industrie, Mobilit\u00e4t, Medizintechnik u.\u202fv.\u202fm.\",\"breadcrumb\":{\"@id\":\"https:\/\/gerster-techtex.com\/leistungen\/muster-klein-serienproduktion\/#breadcrumb\"},\"inLanguage\":\"en-GB\",\"potentialAction\":[{\"@type\":\"ReadAction\",\"target\":[\"https:\/\/gerster-techtex.com\/leistungen\/muster-klein-serienproduktion\/\"]}]},{\"@type\":\"ImageObject\",\"inLanguage\":\"en-GB\",\"@id\":\"https:\/\/gerster-techtex.com\/leistungen\/muster-klein-serienproduktion\/#primaryimage\",\"url\":\"https:\/\/gerster-techtex.com\/wp-content\/uploads\/2025\/08\/musterproduktion-3.jpg\",\"contentUrl\":\"https:\/\/gerster-techtex.com\/wp-content\/uploads\/2025\/08\/musterproduktion-3.jpg\"},{\"@type\":\"BreadcrumbList\",\"@id\":\"https:\/\/gerster-techtex.com\/leistungen\/muster-klein-serienproduktion\/#breadcrumb\",\"itemListElement\":[{\"@type\":\"ListItem\",\"position\":1,\"name\":\"Startseite\",\"item\":\"https:\/\/gerster-techtex.com\/\"},{\"@type\":\"ListItem\",\"position\":2,\"name\":\"Leistungen\",\"item\":\"https:\/\/gerster-techtex.com\/leistungen\/\"},{\"@type\":\"ListItem\",\"position\":3,\"name\":\"Muster-, Klein- &#038; Serienproduktion\"}]},{\"@type\":\"WebSite\",\"@id\":\"https:\/\/gerster-techtex.com\/#website\",\"url\":\"https:\/\/gerster-techtex.com\/\",\"name\":\"Gerster TechTex - Ihr innovativer Partner f\u00fcr technische Textilien und Composites\",\"description\":\"\",\"publisher\":{\"@id\":\"https:\/\/gerster-techtex.com\/#organization\"},\"potentialAction\":[{\"@type\":\"SearchAction\",\"target\":{\"@type\":\"EntryPoint\",\"urlTemplate\":\"https:\/\/gerster-techtex.com\/?s={search_term_string}\"},\"query-input\":{\"@type\":\"PropertyValueSpecification\",\"valueRequired\":true,\"valueName\":\"search_term_string\"}}],\"inLanguage\":\"en-GB\"},{\"@type\":\"Organization\",\"@id\":\"https:\/\/gerster-techtex.com\/#organization\",\"name\":\"Gerster TechTex - Ihr innovativer Partner f\u00fcr technische Textilien und Composites\",\"url\":\"https:\/\/gerster-techtex.com\/\",\"logo\":{\"@type\":\"ImageObject\",\"inLanguage\":\"en-GB\",\"@id\":\"https:\/\/gerster-techtex.com\/#\/schema\/logo\/image\/\",\"url\":\"https:\/\/gerster-techtex.com\/wp-content\/uploads\/2025\/04\/logo.jpg\",\"contentUrl\":\"https:\/\/gerster-techtex.com\/wp-content\/uploads\/2025\/04\/logo.jpg\",\"width\":800,\"height\":379,\"caption\":\"Gerster TechTex - Ihr innovativer Partner f\u00fcr technische Textilien und Composites\"},\"image\":{\"@id\":\"https:\/\/gerster-techtex.com\/#\/schema\/logo\/image\/\"},\"sameAs\":[\"https:\/\/www.facebook.com\/GersterCollection\",\"https:\/\/x.com\/GersterFabrics\",\"https:\/\/www.youtube.com\/user\/GersterCollection\/videos\"]}]}<\/script>\n<!-- \/ Yoast SEO plugin. -->","yoast_head_json":{"title":"Muster-, Klein- & Serienproduktion - Gerster TechTex - Ihr innovativer Partner f\u00fcr technische Textilien und Composites","description":"Gerster TechTex \u2013 Ihr Spezialist f\u00fcr innovative technische Textilien & Composites. Individuelle L\u00f6sungen f\u00fcr Industrie, Mobilit\u00e4t, Medizintechnik u.\u202fv.\u202fm.","robots":{"index":"index","follow":"follow","max-snippet":"max-snippet:-1","max-image-preview":"max-image-preview:large","max-video-preview":"max-video-preview:-1"},"canonical":"https:\/\/gerster-techtex.com\/en\/leistungen\/muster-klein-serienproduktion\/","og_locale":"en_GB","og_type":"article","og_title":"Muster-, Klein- & Serienproduktion - Gerster TechTex - Ihr innovativer Partner f\u00fcr technische Textilien und Composites","og_description":"Gerster TechTex \u2013 Ihr Spezialist f\u00fcr innovative technische Textilien & Composites. Individuelle L\u00f6sungen f\u00fcr Industrie, Mobilit\u00e4t, Medizintechnik u.\u202fv.\u202fm.","og_url":"https:\/\/gerster-techtex.com\/en\/leistungen\/muster-klein-serienproduktion\/","og_site_name":"Gerster TechTex - Ihr innovativer Partner f\u00fcr technische Textilien und Composites","article_publisher":"https:\/\/www.facebook.com\/GersterCollection","article_modified_time":"2025-09-18T09:18:39+00:00","og_image":[{"url":"https:\/\/gerster-techtex.com\/wp-content\/uploads\/2025\/08\/musterproduktion-3.jpg","type":"","width":"","height":""}],"twitter_card":"summary_large_image","twitter_site":"@GersterFabrics","twitter_misc":{"Estimated reading time":"1 minute"},"schema":{"@context":"https:\/\/schema.org","@graph":[{"@type":"WebPage","@id":"https:\/\/gerster-techtex.com\/leistungen\/muster-klein-serienproduktion\/","url":"https:\/\/gerster-techtex.com\/leistungen\/muster-klein-serienproduktion\/","name":"Muster-, Klein- & Serienproduktion - Gerster TechTex - Ihr innovativer Partner f\u00fcr technische Textilien und Composites","isPartOf":{"@id":"https:\/\/gerster-techtex.com\/#website"},"primaryImageOfPage":{"@id":"https:\/\/gerster-techtex.com\/leistungen\/muster-klein-serienproduktion\/#primaryimage"},"image":{"@id":"https:\/\/gerster-techtex.com\/leistungen\/muster-klein-serienproduktion\/#primaryimage"},"thumbnailUrl":"https:\/\/gerster-techtex.com\/wp-content\/uploads\/2025\/08\/musterproduktion-3.jpg","datePublished":"2025-04-14T08:37:48+00:00","dateModified":"2025-09-18T09:18:39+00:00","description":"Gerster TechTex \u2013 Ihr Spezialist f\u00fcr innovative technische Textilien & Composites. Individuelle L\u00f6sungen f\u00fcr Industrie, Mobilit\u00e4t, Medizintechnik u.\u202fv.\u202fm.","breadcrumb":{"@id":"https:\/\/gerster-techtex.com\/leistungen\/muster-klein-serienproduktion\/#breadcrumb"},"inLanguage":"en-GB","potentialAction":[{"@type":"ReadAction","target":["https:\/\/gerster-techtex.com\/leistungen\/muster-klein-serienproduktion\/"]}]},{"@type":"ImageObject","inLanguage":"en-GB","@id":"https:\/\/gerster-techtex.com\/leistungen\/muster-klein-serienproduktion\/#primaryimage","url":"https:\/\/gerster-techtex.com\/wp-content\/uploads\/2025\/08\/musterproduktion-3.jpg","contentUrl":"https:\/\/gerster-techtex.com\/wp-content\/uploads\/2025\/08\/musterproduktion-3.jpg"},{"@type":"BreadcrumbList","@id":"https:\/\/gerster-techtex.com\/leistungen\/muster-klein-serienproduktion\/#breadcrumb","itemListElement":[{"@type":"ListItem","position":1,"name":"Startseite","item":"https:\/\/gerster-techtex.com\/"},{"@type":"ListItem","position":2,"name":"Leistungen","item":"https:\/\/gerster-techtex.com\/leistungen\/"},{"@type":"ListItem","position":3,"name":"Muster-, Klein- &#038; Serienproduktion"}]},{"@type":"WebSite","@id":"https:\/\/gerster-techtex.com\/#website","url":"https:\/\/gerster-techtex.com\/","name":"Gerster TechTex - Ihr innovativer Partner f\u00fcr technische Textilien und Composites","description":"","publisher":{"@id":"https:\/\/gerster-techtex.com\/#organization"},"potentialAction":[{"@type":"SearchAction","target":{"@type":"EntryPoint","urlTemplate":"https:\/\/gerster-techtex.com\/?s={search_term_string}"},"query-input":{"@type":"PropertyValueSpecification","valueRequired":true,"valueName":"search_term_string"}}],"inLanguage":"en-GB"},{"@type":"Organization","@id":"https:\/\/gerster-techtex.com\/#organization","name":"Gerster TechTex - Ihr innovativer Partner f\u00fcr technische Textilien und Composites","url":"https:\/\/gerster-techtex.com\/","logo":{"@type":"ImageObject","inLanguage":"en-GB","@id":"https:\/\/gerster-techtex.com\/#\/schema\/logo\/image\/","url":"https:\/\/gerster-techtex.com\/wp-content\/uploads\/2025\/04\/logo.jpg","contentUrl":"https:\/\/gerster-techtex.com\/wp-content\/uploads\/2025\/04\/logo.jpg","width":800,"height":379,"caption":"Gerster TechTex - Ihr innovativer Partner f\u00fcr technische Textilien und Composites"},"image":{"@id":"https:\/\/gerster-techtex.com\/#\/schema\/logo\/image\/"},"sameAs":["https:\/\/www.facebook.com\/GersterCollection","https:\/\/x.com\/GersterFabrics","https:\/\/www.youtube.com\/user\/GersterCollection\/videos"]}]}},"_links":{"self":[{"href":"https:\/\/gerster-techtex.com\/en\/wp-json\/wp\/v2\/pages\/81","targetHints":{"allow":["GET"]}}],"collection":[{"href":"https:\/\/gerster-techtex.com\/en\/wp-json\/wp\/v2\/pages"}],"about":[{"href":"https:\/\/gerster-techtex.com\/en\/wp-json\/wp\/v2\/types\/page"}],"author":[{"embeddable":true,"href":"https:\/\/gerster-techtex.com\/en\/wp-json\/wp\/v2\/users\/1"}],"replies":[{"embeddable":true,"href":"https:\/\/gerster-techtex.com\/en\/wp-json\/wp\/v2\/comments?post=81"}],"version-history":[{"count":20,"href":"https:\/\/gerster-techtex.com\/en\/wp-json\/wp\/v2\/pages\/81\/revisions"}],"predecessor-version":[{"id":3058,"href":"https:\/\/gerster-techtex.com\/en\/wp-json\/wp\/v2\/pages\/81\/revisions\/3058"}],"up":[{"embeddable":true,"href":"https:\/\/gerster-techtex.com\/en\/wp-json\/wp\/v2\/pages\/12"}],"wp:attachment":[{"href":"https:\/\/gerster-techtex.com\/en\/wp-json\/wp\/v2\/media?parent=81"}],"curies":[{"name":"wp","href":"https:\/\/api.w.org\/{rel}","templated":true}]}}