{"id":77,"date":"2025-04-14T10:37:05","date_gmt":"2025-04-14T08:37:05","guid":{"rendered":"http:\/\/localhost\/gerster-techtex\/?page_id=77"},"modified":"2025-09-10T10:43:19","modified_gmt":"2025-09-10T08:43:19","slug":"kundenspezifische-entwicklung","status":"publish","type":"page","link":"https:\/\/gerster-techtex.com\/en\/leistungen\/kundenspezifische-entwicklung\/","title":{"rendered":"Custom development"},"content":{"rendered":"<div class=\"hintergrundbild-block hintergrundbild-verlauf rel\" style=\"  width: 100vw;  margin-left: calc(-50vw + 50%);   position: relative;  margin-top: 0px;   margin-bottom: 0px;\">\r\n    <img decoding=\"async\" src=\"https:\/\/gerster-techtex.com\/wp-content\/uploads\/2025\/07\/gerster-ansprechpartner-2.jpg\" alt=\"Hintergrundbild\" \r\n       style=\"object-position: center center center; width: 100%; height: 100%; object-fit: cover; position: absolute; top: 0; left: 0; \">\r\n<\/div>\r\n\r\n\r\n    \n\n\n<div class=\"wp-block-custom-allgemein-ueberschrift ueberschrift-info\"><div class=\"wp-block-columns\"><div class=\"wp-block-column\" style=\"flex-basis:50%\"><p>\/\/ Services<\/p><h1>Our strengths in <br><mark style=\"background-color:rgba(0, 0, 0, 0)\" class=\"has-inline-color has-tech-tex-light-blue-color\">custom development<\/mark><\/h1><\/div><div class=\"wp-block-column\" style=\"flex-basis:50%\">\n<div class=\"wp-block-buttons is-layout-flex wp-block-buttons-is-layout-flex\">\n<div class=\"wp-block-button is-style-icon-button\"><a class=\"wp-block-button__link wp-element-button\" href=\"\/en\/\">news<\/a><\/div>\n<\/div>\n<\/div><\/div><\/div>\n\n\n\n<div class=\"wp-block-custom-einsatzbereich-leistungen-inhalt einsatzbereich-leistungen-inhalt\"><div class=\"wp-block-columns einsatzbereich-leistungen-image-wrapper parent-leistungen\"><div class=\"wp-block-column\"><div class=\"einsatzbereich-title-wrapper\"><p>Individual requirements require <strong>customised solutions<\/strong>In the field of customised development, we combine technical expertise with a clear focus on our customers' specific objectives. In doing so, we rely on a <strong>structured<\/strong>, <strong>practical approach <\/strong>and many years of experience in working with technical textiles.<\/p><\/div><\/div><div class=\"wp-block-column\"><div class=\"bild-item\"><a href=\"https:\/\/gerster-techtex.com\/wp-content\/uploads\/2025\/08\/kundenspezifische-entwicklung-3.jpg\" rel=\"lightbox[galerie]\" target=\"_blank\" class=\"lightbox-wrapper\" style=\"position:relative;display:inline-block\"><img decoding=\"async\" src=\"https:\/\/gerster-techtex.com\/wp-content\/uploads\/2025\/08\/kundenspezifische-entwicklung-3.jpg\" alt=\"\" class=\"mein-bild\" style=\"display:block\"\/><span class=\"bild-overlay\"><\/span><\/a><p><\/p><\/div><div class=\"bild-item\"><a href=\"https:\/\/gerster-techtex.com\/wp-content\/uploads\/2025\/08\/DSC04688_gerster-scaled.jpg\" rel=\"lightbox[galerie]\" target=\"_blank\" class=\"lightbox-wrapper\" style=\"position:relative;display:inline-block\"><img decoding=\"async\" src=\"https:\/\/gerster-techtex.com\/wp-content\/uploads\/2025\/08\/DSC04688_gerster-scaled.jpg\" alt=\"\" class=\"mein-bild\" style=\"display:block\"\/><span class=\"bild-overlay\"><\/span><\/a><p><\/p><\/div><div class=\"bild-item\"><a href=\"https:\/\/gerster-techtex.com\/wp-content\/uploads\/2025\/08\/kundenspezifische-entwicklung-2.jpg\" rel=\"lightbox[galerie]\" target=\"_blank\" class=\"lightbox-wrapper\" style=\"position:relative;display:inline-block\"><img decoding=\"async\" src=\"https:\/\/gerster-techtex.com\/wp-content\/uploads\/2025\/08\/kundenspezifische-entwicklung-2.jpg\" alt=\"\" class=\"mein-bild\" style=\"display:block\"\/><span class=\"bild-overlay\"><\/span><\/a><p><\/p><\/div><\/div><\/div><div class=\"produkt-details-wrapper\"><p>\/\/ Learn more<\/p><h2>Our core competencies<\/h2><div class=\"text-blocks-wrapper aufzaehlung\"><div class=\"text-block\"><h3>Comprehensive consulting and close collaboration.<\/h3><p>We see development as a collaborative process. From the initial idea to the finished, ready-to-use product, we work closely with our customers. Transparent communication and the early integration of all relevant requirements are especially important to us. This approach results in solutions that are functional, cost-effective, and technically feasible to manufacture.<\/p><\/div><div class=\"text-block\"><h3>Expertise in material selection and fiber optimization.<\/h3><p>The targeted selection of fiber materials and textile structures is crucial for a product\u2019s performance. We support you in choosing the right materials and tailor geometry, fiber orientation, and structure precisely to the requirements of your application \u2013 with the goal of optimizing mechanical properties and increasing material efficiency.<\/p><\/div><div class=\"text-block\"><h3>Certified quality management systems<\/h3><p>Our development and production processes are integrated into a process-oriented quality management system. Through clear procedures, documented standards, and regular audits, we ensure that our products and services remain consistently reliable and reproducible. This provides our customers with planning security and consistently high quality.<\/p><\/div><\/div><\/div><\/div>\n\n\n<div class=\"hintergrundbild-block\" style=\"  width: 100vw;  margin-left: calc(-50vw + 50%);   position: relative;  margin-top: 0px;   margin-bottom: 0px;\">\r\n    <img decoding=\"async\" src=\"https:\/\/gerster-techtex.com\/wp-content\/uploads\/2025\/08\/kundenspezifische-entwicklung-bg-2.jpg\" alt=\"Hintergrundbild\" \r\n       style=\"object-position: center center center; width: 100%; height: 100%; object-fit: cover; position: absolute; top: 0; left: 0; \">\r\n<\/div>","protected":false},"excerpt":{"rendered":"","protected":false},"author":1,"featured_media":0,"parent":12,"menu_order":0,"comment_status":"closed","ping_status":"closed","template":"","meta":{"_acf_changed":false,"footnotes":""},"class_list":["post-77","page","type-page","status-publish","hentry"],"acf":[],"yoast_head":"<!-- This site is optimized with the Yoast SEO plugin v25.9 - https:\/\/yoast.com\/wordpress\/plugins\/seo\/ -->\n<title>Kundenspezifische Entwicklung - Gerster TechTex - Ihr innovativer Partner f\u00fcr technische Textilien und Composites<\/title>\n<meta name=\"description\" content=\"Gerster TechTex \u2013 Ihr Spezialist f\u00fcr innovative technische Textilien &amp; Composites. Individuelle L\u00f6sungen f\u00fcr Industrie, Mobilit\u00e4t, Medizintechnik u.\u202fv.\u202fm.\" \/>\n<meta name=\"robots\" content=\"index, follow, max-snippet:-1, max-image-preview:large, max-video-preview:-1\" \/>\n<link rel=\"canonical\" href=\"https:\/\/gerster-techtex.com\/en\/leistungen\/kundenspezifische-entwicklung\/\" \/>\n<meta property=\"og:locale\" content=\"en_GB\" \/>\n<meta property=\"og:type\" content=\"article\" \/>\n<meta property=\"og:title\" content=\"Kundenspezifische Entwicklung - Gerster TechTex - Ihr innovativer Partner f\u00fcr technische Textilien und Composites\" \/>\n<meta property=\"og:description\" content=\"Gerster TechTex \u2013 Ihr Spezialist f\u00fcr innovative technische Textilien &amp; Composites. Individuelle L\u00f6sungen f\u00fcr Industrie, Mobilit\u00e4t, Medizintechnik u.\u202fv.\u202fm.\" \/>\n<meta property=\"og:url\" content=\"https:\/\/gerster-techtex.com\/en\/leistungen\/kundenspezifische-entwicklung\/\" \/>\n<meta property=\"og:site_name\" content=\"Gerster TechTex - Ihr innovativer Partner f\u00fcr technische Textilien und Composites\" \/>\n<meta property=\"article:publisher\" content=\"https:\/\/www.facebook.com\/GersterCollection\" \/>\n<meta property=\"article:modified_time\" content=\"2025-09-10T08:43:19+00:00\" \/>\n<meta property=\"og:image\" content=\"https:\/\/gerster-techtex.com\/wp-content\/uploads\/2025\/08\/kundenspezifische-entwicklung-3.jpg\" \/>\n<meta name=\"twitter:card\" content=\"summary_large_image\" \/>\n<meta name=\"twitter:site\" content=\"@GersterFabrics\" \/>\n<meta name=\"twitter:label1\" content=\"Estimated reading time\" \/>\n\t<meta name=\"twitter:data1\" content=\"1 minute\" \/>\n<script type=\"application\/ld+json\" class=\"yoast-schema-graph\">{\"@context\":\"https:\/\/schema.org\",\"@graph\":[{\"@type\":\"WebPage\",\"@id\":\"https:\/\/gerster-techtex.com\/leistungen\/kundenspezifische-entwicklung\/\",\"url\":\"https:\/\/gerster-techtex.com\/leistungen\/kundenspezifische-entwicklung\/\",\"name\":\"Kundenspezifische Entwicklung - Gerster TechTex - Ihr innovativer Partner f\u00fcr technische Textilien und Composites\",\"isPartOf\":{\"@id\":\"https:\/\/gerster-techtex.com\/#website\"},\"primaryImageOfPage\":{\"@id\":\"https:\/\/gerster-techtex.com\/leistungen\/kundenspezifische-entwicklung\/#primaryimage\"},\"image\":{\"@id\":\"https:\/\/gerster-techtex.com\/leistungen\/kundenspezifische-entwicklung\/#primaryimage\"},\"thumbnailUrl\":\"https:\/\/gerster-techtex.com\/wp-content\/uploads\/2025\/08\/kundenspezifische-entwicklung-3.jpg\",\"datePublished\":\"2025-04-14T08:37:05+00:00\",\"dateModified\":\"2025-09-10T08:43:19+00:00\",\"description\":\"Gerster TechTex \u2013 Ihr Spezialist f\u00fcr innovative technische Textilien & Composites. Individuelle L\u00f6sungen f\u00fcr Industrie, Mobilit\u00e4t, Medizintechnik u.\u202fv.\u202fm.\",\"breadcrumb\":{\"@id\":\"https:\/\/gerster-techtex.com\/leistungen\/kundenspezifische-entwicklung\/#breadcrumb\"},\"inLanguage\":\"en-GB\",\"potentialAction\":[{\"@type\":\"ReadAction\",\"target\":[\"https:\/\/gerster-techtex.com\/leistungen\/kundenspezifische-entwicklung\/\"]}]},{\"@type\":\"ImageObject\",\"inLanguage\":\"en-GB\",\"@id\":\"https:\/\/gerster-techtex.com\/leistungen\/kundenspezifische-entwicklung\/#primaryimage\",\"url\":\"https:\/\/gerster-techtex.com\/wp-content\/uploads\/2025\/08\/kundenspezifische-entwicklung-3.jpg\",\"contentUrl\":\"https:\/\/gerster-techtex.com\/wp-content\/uploads\/2025\/08\/kundenspezifische-entwicklung-3.jpg\"},{\"@type\":\"BreadcrumbList\",\"@id\":\"https:\/\/gerster-techtex.com\/leistungen\/kundenspezifische-entwicklung\/#breadcrumb\",\"itemListElement\":[{\"@type\":\"ListItem\",\"position\":1,\"name\":\"Startseite\",\"item\":\"https:\/\/gerster-techtex.com\/\"},{\"@type\":\"ListItem\",\"position\":2,\"name\":\"Leistungen\",\"item\":\"https:\/\/gerster-techtex.com\/leistungen\/\"},{\"@type\":\"ListItem\",\"position\":3,\"name\":\"Kundenspezifische Entwicklung\"}]},{\"@type\":\"WebSite\",\"@id\":\"https:\/\/gerster-techtex.com\/#website\",\"url\":\"https:\/\/gerster-techtex.com\/\",\"name\":\"Gerster TechTex - Ihr innovativer Partner f\u00fcr technische Textilien und Composites\",\"description\":\"\",\"publisher\":{\"@id\":\"https:\/\/gerster-techtex.com\/#organization\"},\"potentialAction\":[{\"@type\":\"SearchAction\",\"target\":{\"@type\":\"EntryPoint\",\"urlTemplate\":\"https:\/\/gerster-techtex.com\/?s={search_term_string}\"},\"query-input\":{\"@type\":\"PropertyValueSpecification\",\"valueRequired\":true,\"valueName\":\"search_term_string\"}}],\"inLanguage\":\"en-GB\"},{\"@type\":\"Organization\",\"@id\":\"https:\/\/gerster-techtex.com\/#organization\",\"name\":\"Gerster TechTex - Ihr innovativer Partner f\u00fcr technische Textilien und Composites\",\"url\":\"https:\/\/gerster-techtex.com\/\",\"logo\":{\"@type\":\"ImageObject\",\"inLanguage\":\"en-GB\",\"@id\":\"https:\/\/gerster-techtex.com\/#\/schema\/logo\/image\/\",\"url\":\"https:\/\/gerster-techtex.com\/wp-content\/uploads\/2025\/04\/logo.jpg\",\"contentUrl\":\"https:\/\/gerster-techtex.com\/wp-content\/uploads\/2025\/04\/logo.jpg\",\"width\":800,\"height\":379,\"caption\":\"Gerster TechTex - Ihr innovativer Partner f\u00fcr technische Textilien und Composites\"},\"image\":{\"@id\":\"https:\/\/gerster-techtex.com\/#\/schema\/logo\/image\/\"},\"sameAs\":[\"https:\/\/www.facebook.com\/GersterCollection\",\"https:\/\/x.com\/GersterFabrics\",\"https:\/\/www.youtube.com\/user\/GersterCollection\/videos\"]}]}<\/script>\n<!-- \/ Yoast SEO plugin. -->","yoast_head_json":{"title":"Kundenspezifische Entwicklung - Gerster TechTex - Ihr innovativer Partner f\u00fcr technische Textilien und Composites","description":"Gerster TechTex \u2013 Ihr Spezialist f\u00fcr innovative technische Textilien & Composites. Individuelle L\u00f6sungen f\u00fcr Industrie, Mobilit\u00e4t, Medizintechnik u.\u202fv.\u202fm.","robots":{"index":"index","follow":"follow","max-snippet":"max-snippet:-1","max-image-preview":"max-image-preview:large","max-video-preview":"max-video-preview:-1"},"canonical":"https:\/\/gerster-techtex.com\/en\/leistungen\/kundenspezifische-entwicklung\/","og_locale":"en_GB","og_type":"article","og_title":"Kundenspezifische Entwicklung - Gerster TechTex - Ihr innovativer Partner f\u00fcr technische Textilien und Composites","og_description":"Gerster TechTex \u2013 Ihr Spezialist f\u00fcr innovative technische Textilien & Composites. Individuelle L\u00f6sungen f\u00fcr Industrie, Mobilit\u00e4t, Medizintechnik u.\u202fv.\u202fm.","og_url":"https:\/\/gerster-techtex.com\/en\/leistungen\/kundenspezifische-entwicklung\/","og_site_name":"Gerster TechTex - Ihr innovativer Partner f\u00fcr technische Textilien und Composites","article_publisher":"https:\/\/www.facebook.com\/GersterCollection","article_modified_time":"2025-09-10T08:43:19+00:00","og_image":[{"url":"https:\/\/gerster-techtex.com\/wp-content\/uploads\/2025\/08\/kundenspezifische-entwicklung-3.jpg","type":"","width":"","height":""}],"twitter_card":"summary_large_image","twitter_site":"@GersterFabrics","twitter_misc":{"Estimated reading time":"1 minute"},"schema":{"@context":"https:\/\/schema.org","@graph":[{"@type":"WebPage","@id":"https:\/\/gerster-techtex.com\/leistungen\/kundenspezifische-entwicklung\/","url":"https:\/\/gerster-techtex.com\/leistungen\/kundenspezifische-entwicklung\/","name":"Kundenspezifische Entwicklung - Gerster TechTex - Ihr innovativer Partner f\u00fcr technische Textilien und Composites","isPartOf":{"@id":"https:\/\/gerster-techtex.com\/#website"},"primaryImageOfPage":{"@id":"https:\/\/gerster-techtex.com\/leistungen\/kundenspezifische-entwicklung\/#primaryimage"},"image":{"@id":"https:\/\/gerster-techtex.com\/leistungen\/kundenspezifische-entwicklung\/#primaryimage"},"thumbnailUrl":"https:\/\/gerster-techtex.com\/wp-content\/uploads\/2025\/08\/kundenspezifische-entwicklung-3.jpg","datePublished":"2025-04-14T08:37:05+00:00","dateModified":"2025-09-10T08:43:19+00:00","description":"Gerster TechTex \u2013 Ihr Spezialist f\u00fcr innovative technische Textilien & Composites. Individuelle L\u00f6sungen f\u00fcr Industrie, Mobilit\u00e4t, Medizintechnik u.\u202fv.\u202fm.","breadcrumb":{"@id":"https:\/\/gerster-techtex.com\/leistungen\/kundenspezifische-entwicklung\/#breadcrumb"},"inLanguage":"en-GB","potentialAction":[{"@type":"ReadAction","target":["https:\/\/gerster-techtex.com\/leistungen\/kundenspezifische-entwicklung\/"]}]},{"@type":"ImageObject","inLanguage":"en-GB","@id":"https:\/\/gerster-techtex.com\/leistungen\/kundenspezifische-entwicklung\/#primaryimage","url":"https:\/\/gerster-techtex.com\/wp-content\/uploads\/2025\/08\/kundenspezifische-entwicklung-3.jpg","contentUrl":"https:\/\/gerster-techtex.com\/wp-content\/uploads\/2025\/08\/kundenspezifische-entwicklung-3.jpg"},{"@type":"BreadcrumbList","@id":"https:\/\/gerster-techtex.com\/leistungen\/kundenspezifische-entwicklung\/#breadcrumb","itemListElement":[{"@type":"ListItem","position":1,"name":"Startseite","item":"https:\/\/gerster-techtex.com\/"},{"@type":"ListItem","position":2,"name":"Leistungen","item":"https:\/\/gerster-techtex.com\/leistungen\/"},{"@type":"ListItem","position":3,"name":"Kundenspezifische Entwicklung"}]},{"@type":"WebSite","@id":"https:\/\/gerster-techtex.com\/#website","url":"https:\/\/gerster-techtex.com\/","name":"Gerster TechTex - Ihr innovativer Partner f\u00fcr technische Textilien und Composites","description":"","publisher":{"@id":"https:\/\/gerster-techtex.com\/#organization"},"potentialAction":[{"@type":"SearchAction","target":{"@type":"EntryPoint","urlTemplate":"https:\/\/gerster-techtex.com\/?s={search_term_string}"},"query-input":{"@type":"PropertyValueSpecification","valueRequired":true,"valueName":"search_term_string"}}],"inLanguage":"en-GB"},{"@type":"Organization","@id":"https:\/\/gerster-techtex.com\/#organization","name":"Gerster TechTex - Ihr innovativer Partner f\u00fcr technische Textilien und Composites","url":"https:\/\/gerster-techtex.com\/","logo":{"@type":"ImageObject","inLanguage":"en-GB","@id":"https:\/\/gerster-techtex.com\/#\/schema\/logo\/image\/","url":"https:\/\/gerster-techtex.com\/wp-content\/uploads\/2025\/04\/logo.jpg","contentUrl":"https:\/\/gerster-techtex.com\/wp-content\/uploads\/2025\/04\/logo.jpg","width":800,"height":379,"caption":"Gerster TechTex - Ihr innovativer Partner f\u00fcr technische Textilien und Composites"},"image":{"@id":"https:\/\/gerster-techtex.com\/#\/schema\/logo\/image\/"},"sameAs":["https:\/\/www.facebook.com\/GersterCollection","https:\/\/x.com\/GersterFabrics","https:\/\/www.youtube.com\/user\/GersterCollection\/videos"]}]}},"_links":{"self":[{"href":"https:\/\/gerster-techtex.com\/en\/wp-json\/wp\/v2\/pages\/77","targetHints":{"allow":["GET"]}}],"collection":[{"href":"https:\/\/gerster-techtex.com\/en\/wp-json\/wp\/v2\/pages"}],"about":[{"href":"https:\/\/gerster-techtex.com\/en\/wp-json\/wp\/v2\/types\/page"}],"author":[{"embeddable":true,"href":"https:\/\/gerster-techtex.com\/en\/wp-json\/wp\/v2\/users\/1"}],"replies":[{"embeddable":true,"href":"https:\/\/gerster-techtex.com\/en\/wp-json\/wp\/v2\/comments?post=77"}],"version-history":[{"count":44,"href":"https:\/\/gerster-techtex.com\/en\/wp-json\/wp\/v2\/pages\/77\/revisions"}],"predecessor-version":[{"id":3013,"href":"https:\/\/gerster-techtex.com\/en\/wp-json\/wp\/v2\/pages\/77\/revisions\/3013"}],"up":[{"embeddable":true,"href":"https:\/\/gerster-techtex.com\/en\/wp-json\/wp\/v2\/pages\/12"}],"wp:attachment":[{"href":"https:\/\/gerster-techtex.com\/en\/wp-json\/wp\/v2\/media?parent=77"}],"curies":[{"name":"wp","href":"https:\/\/api.w.org\/{rel}","templated":true}]}}