{"id":54,"date":"2025-04-14T10:32:30","date_gmt":"2025-04-14T08:32:30","guid":{"rendered":"http:\/\/localhost\/gerster-techtex\/?page_id=54"},"modified":"2025-08-04T14:33:37","modified_gmt":"2025-08-04T12:33:37","slug":"composite-textilien","status":"publish","type":"page","link":"https:\/\/gerster-techtex.com\/en\/kategorie\/composite-textilien\/","title":{"rendered":"Composite textiles"},"content":{"rendered":"<div class=\"hintergrundbild-block hintergrundbild-verlauf rel\" style=\"  width: 100vw;  margin-left: calc(-50vw + 50%);   position: relative;  margin-top: 0px;   margin-bottom: 0px;\">\r\n    <img decoding=\"async\" src=\"https:\/\/gerster-techtex.com\/wp-content\/uploads\/2025\/05\/ct-spiralbaender-11.jpg\" alt=\"Hintergrundbild\" \r\n       style=\"object-position: center center center; width: 100%; height: 100%; object-fit: cover; position: absolute; top: 0; left: 0; \">\r\n<\/div>\r\n\r\n\r\n    \n\n\n<div class=\"wp-block-custom-allgemein-ueberschrift ueberschrift-info\"><div class=\"wp-block-columns\"><div class=\"wp-block-column\" style=\"flex-basis:50%\"><p>\/\/ Composites<\/p><h1>Composite textiles<br><mark style=\"background-color:rgba(0, 0, 0, 0)\" class=\"has-inline-color has-tech-tex-light-blue-color\">at a glance<\/mark><\/h1><\/div><div class=\"wp-block-column\" style=\"flex-basis:50%\">\n<div class=\"wp-block-buttons is-layout-flex wp-block-buttons-is-layout-flex\">\n<div class=\"wp-block-button is-style-icon-button\"><a class=\"wp-block-button__link wp-element-button\" href=\"\/en\/\">news<\/a><\/div>\n<\/div>\n<\/div><\/div><\/div>\n\n\n<div class=\"child-pages grid-3\"><div class=\"child-page\"><div class=\"child-page-image\"><img loading=\"lazy\" decoding=\"async\" width=\"400\" height=\"267\" src=\"https:\/\/gerster-techtex.com\/wp-content\/uploads\/2025\/05\/ct-tt-geflochtene-schlaeucher-16-400x267.jpg\" class=\"attachment-medium size-medium wp-post-image\" alt=\"\" srcset=\"https:\/\/gerster-techtex.com\/wp-content\/uploads\/2025\/05\/ct-tt-geflochtene-schlaeucher-16-400x267.jpg 400w, https:\/\/gerster-techtex.com\/wp-content\/uploads\/2025\/05\/ct-tt-geflochtene-schlaeucher-16-1024x683.jpg 1024w, https:\/\/gerster-techtex.com\/wp-content\/uploads\/2025\/05\/ct-tt-geflochtene-schlaeucher-16-768x512.jpg 768w, https:\/\/gerster-techtex.com\/wp-content\/uploads\/2025\/05\/ct-tt-geflochtene-schlaeucher-16-1536x1024.jpg 1536w, https:\/\/gerster-techtex.com\/wp-content\/uploads\/2025\/05\/ct-tt-geflochtene-schlaeucher-16-18x12.jpg 18w, https:\/\/gerster-techtex.com\/wp-content\/uploads\/2025\/05\/ct-tt-geflochtene-schlaeucher-16.jpg 1920w\" sizes=\"auto, (max-width: 400px) 100vw, 400px\" \/><a href=\"https:\/\/gerster-techtex.com\/en\/kategorie\/composite-textilien\/baender\/\"><\/a><\/div><div class=\"child-page-text\"><a href=\"https:\/\/gerster-techtex.com\/en\/kategorie\/composite-textilien\/baender\/\">Tapes<\/a><\/div><\/div><div class=\"child-page\"><div class=\"child-page-image\"><img loading=\"lazy\" decoding=\"async\" width=\"400\" height=\"266\" src=\"https:\/\/gerster-techtex.com\/wp-content\/uploads\/2025\/07\/ct-tt-genaehte-konfektionierte-profile-4-400x266.jpg\" class=\"attachment-medium size-medium wp-post-image\" alt=\"\" srcset=\"https:\/\/gerster-techtex.com\/wp-content\/uploads\/2025\/07\/ct-tt-genaehte-konfektionierte-profile-4-400x266.jpg 400w, https:\/\/gerster-techtex.com\/wp-content\/uploads\/2025\/07\/ct-tt-genaehte-konfektionierte-profile-4-1024x680.jpg 1024w, https:\/\/gerster-techtex.com\/wp-content\/uploads\/2025\/07\/ct-tt-genaehte-konfektionierte-profile-4-768x510.jpg 768w, https:\/\/gerster-techtex.com\/wp-content\/uploads\/2025\/07\/ct-tt-genaehte-konfektionierte-profile-4-1536x1020.jpg 1536w, https:\/\/gerster-techtex.com\/wp-content\/uploads\/2025\/07\/ct-tt-genaehte-konfektionierte-profile-4-18x12.jpg 18w, https:\/\/gerster-techtex.com\/wp-content\/uploads\/2025\/07\/ct-tt-genaehte-konfektionierte-profile-4.jpg 1920w\" sizes=\"auto, (max-width: 400px) 100vw, 400px\" \/><a href=\"https:\/\/gerster-techtex.com\/en\/kategorie\/composite-textilien\/textile-profile\/\"><\/a><\/div><div class=\"child-page-text\"><a href=\"https:\/\/gerster-techtex.com\/en\/kategorie\/composite-textilien\/textile-profile\/\">Textile profiles<\/a><\/div><\/div><div class=\"child-page\"><div class=\"child-page-image\"><img loading=\"lazy\" decoding=\"async\" width=\"266\" height=\"400\" src=\"https:\/\/gerster-techtex.com\/wp-content\/uploads\/2025\/05\/ct-fliesskanaele-3-266x400.jpg\" class=\"attachment-medium size-medium wp-post-image\" alt=\"\" srcset=\"https:\/\/gerster-techtex.com\/wp-content\/uploads\/2025\/05\/ct-fliesskanaele-3-266x400.jpg 266w, https:\/\/gerster-techtex.com\/wp-content\/uploads\/2025\/05\/ct-fliesskanaele-3-681x1024.jpg 681w, https:\/\/gerster-techtex.com\/wp-content\/uploads\/2025\/05\/ct-fliesskanaele-3-768x1155.jpg 768w, https:\/\/gerster-techtex.com\/wp-content\/uploads\/2025\/05\/ct-fliesskanaele-3-1022x1536.jpg 1022w, https:\/\/gerster-techtex.com\/wp-content\/uploads\/2025\/05\/ct-fliesskanaele-3-8x12.jpg 8w, https:\/\/gerster-techtex.com\/wp-content\/uploads\/2025\/05\/ct-fliesskanaele-3.jpg 1277w\" sizes=\"auto, (max-width: 266px) 100vw, 266px\" \/><a href=\"https:\/\/gerster-techtex.com\/en\/kategorie\/composite-textilien\/fliesshilfen\/\"><\/a><\/div><div class=\"child-page-text\"><a href=\"https:\/\/gerster-techtex.com\/en\/kategorie\/composite-textilien\/fliesshilfen\/\">Flow aids<\/a><\/div><\/div><div class=\"child-page\"><div class=\"child-page-image\"><img loading=\"lazy\" decoding=\"async\" width=\"400\" height=\"267\" src=\"https:\/\/gerster-techtex.com\/wp-content\/uploads\/2025\/05\/ct-tt-geflochtene-schlaeucher-6-400x267.jpg\" class=\"attachment-medium size-medium wp-post-image\" alt=\"\" srcset=\"https:\/\/gerster-techtex.com\/wp-content\/uploads\/2025\/05\/ct-tt-geflochtene-schlaeucher-6-400x267.jpg 400w, https:\/\/gerster-techtex.com\/wp-content\/uploads\/2025\/05\/ct-tt-geflochtene-schlaeucher-6-1024x683.jpg 1024w, https:\/\/gerster-techtex.com\/wp-content\/uploads\/2025\/05\/ct-tt-geflochtene-schlaeucher-6-768x512.jpg 768w, https:\/\/gerster-techtex.com\/wp-content\/uploads\/2025\/05\/ct-tt-geflochtene-schlaeucher-6-1536x1024.jpg 1536w, https:\/\/gerster-techtex.com\/wp-content\/uploads\/2025\/05\/ct-tt-geflochtene-schlaeucher-6-18x12.jpg 18w, https:\/\/gerster-techtex.com\/wp-content\/uploads\/2025\/05\/ct-tt-geflochtene-schlaeucher-6.jpg 1920w\" sizes=\"auto, (max-width: 400px) 100vw, 400px\" \/><a href=\"https:\/\/gerster-techtex.com\/en\/kategorie\/composite-textilien\/schlaeuche\/\"><\/a><\/div><div class=\"child-page-text\"><a href=\"https:\/\/gerster-techtex.com\/en\/kategorie\/composite-textilien\/schlaeuche\/\">Hoses<\/a><\/div><\/div><div class=\"child-page\"><div class=\"child-page-image\"><img loading=\"lazy\" decoding=\"async\" width=\"400\" height=\"267\" src=\"https:\/\/gerster-techtex.com\/wp-content\/uploads\/2025\/05\/ct-tt-multiaxiale-gelege-5-400x267.jpg\" class=\"attachment-medium size-medium wp-post-image\" alt=\"\" srcset=\"https:\/\/gerster-techtex.com\/wp-content\/uploads\/2025\/05\/ct-tt-multiaxiale-gelege-5-400x267.jpg 400w, https:\/\/gerster-techtex.com\/wp-content\/uploads\/2025\/05\/ct-tt-multiaxiale-gelege-5-1024x683.jpg 1024w, https:\/\/gerster-techtex.com\/wp-content\/uploads\/2025\/05\/ct-tt-multiaxiale-gelege-5-768x512.jpg 768w, https:\/\/gerster-techtex.com\/wp-content\/uploads\/2025\/05\/ct-tt-multiaxiale-gelege-5-1536x1024.jpg 1536w, https:\/\/gerster-techtex.com\/wp-content\/uploads\/2025\/05\/ct-tt-multiaxiale-gelege-5-18x12.jpg 18w, https:\/\/gerster-techtex.com\/wp-content\/uploads\/2025\/05\/ct-tt-multiaxiale-gelege-5.jpg 1920w\" sizes=\"auto, (max-width: 400px) 100vw, 400px\" \/><a href=\"https:\/\/gerster-techtex.com\/en\/kategorie\/composite-textilien\/gelege\/\"><\/a><\/div><div class=\"child-page-text\"><a href=\"https:\/\/gerster-techtex.com\/en\/kategorie\/composite-textilien\/gelege\/\">Fabrics<\/a><\/div><\/div><div class=\"child-page\"><div class=\"child-page-image\"><img loading=\"lazy\" decoding=\"async\" width=\"400\" height=\"267\" src=\"https:\/\/gerster-techtex.com\/wp-content\/uploads\/2025\/05\/ct-tt-preforming-8-400x267.jpg\" class=\"attachment-medium size-medium wp-post-image\" alt=\"\" srcset=\"https:\/\/gerster-techtex.com\/wp-content\/uploads\/2025\/05\/ct-tt-preforming-8-400x267.jpg 400w, https:\/\/gerster-techtex.com\/wp-content\/uploads\/2025\/05\/ct-tt-preforming-8-1024x683.jpg 1024w, https:\/\/gerster-techtex.com\/wp-content\/uploads\/2025\/05\/ct-tt-preforming-8-768x512.jpg 768w, https:\/\/gerster-techtex.com\/wp-content\/uploads\/2025\/05\/ct-tt-preforming-8-1536x1024.jpg 1536w, https:\/\/gerster-techtex.com\/wp-content\/uploads\/2025\/05\/ct-tt-preforming-8-18x12.jpg 18w, https:\/\/gerster-techtex.com\/wp-content\/uploads\/2025\/05\/ct-tt-preforming-8.jpg 1920w\" sizes=\"auto, (max-width: 400px) 100vw, 400px\" \/><a href=\"https:\/\/gerster-techtex.com\/en\/kategorie\/composite-textilien\/preforming\/\"><\/a><\/div><div class=\"child-page-text\"><a href=\"https:\/\/gerster-techtex.com\/en\/kategorie\/composite-textilien\/preforming\/\">preforming<\/a><\/div><\/div><div class=\"child-page\"><div class=\"child-page-image\"><img loading=\"lazy\" decoding=\"async\" width=\"400\" height=\"266\" src=\"https:\/\/gerster-techtex.com\/wp-content\/uploads\/2025\/05\/ft-ct-breitgewebe-3-400x266.jpg\" class=\"attachment-medium size-medium wp-post-image\" alt=\"\" srcset=\"https:\/\/gerster-techtex.com\/wp-content\/uploads\/2025\/05\/ft-ct-breitgewebe-3-400x266.jpg 400w, https:\/\/gerster-techtex.com\/wp-content\/uploads\/2025\/05\/ft-ct-breitgewebe-3-1024x681.jpg 1024w, https:\/\/gerster-techtex.com\/wp-content\/uploads\/2025\/05\/ft-ct-breitgewebe-3-768x511.jpg 768w, https:\/\/gerster-techtex.com\/wp-content\/uploads\/2025\/05\/ft-ct-breitgewebe-3-1536x1022.jpg 1536w, https:\/\/gerster-techtex.com\/wp-content\/uploads\/2025\/05\/ft-ct-breitgewebe-3-18x12.jpg 18w, https:\/\/gerster-techtex.com\/wp-content\/uploads\/2025\/05\/ft-ct-breitgewebe-3.jpg 1920w\" sizes=\"auto, (max-width: 400px) 100vw, 400px\" \/><a href=\"https:\/\/gerster-techtex.com\/en\/kategorie\/composite-textilien\/gewebe\/\"><\/a><\/div><div class=\"child-page-text\"><a href=\"https:\/\/gerster-techtex.com\/en\/kategorie\/composite-textilien\/gewebe\/\">woven fabrics<\/a><\/div><\/div><div class=\"child-page\"><div class=\"child-page-image\"><img loading=\"lazy\" decoding=\"async\" width=\"400\" height=\"267\" src=\"https:\/\/gerster-techtex.com\/wp-content\/uploads\/2025\/07\/ct-hybridgeleger-4-400x267.jpg\" class=\"attachment-medium size-medium wp-post-image\" alt=\"\" srcset=\"https:\/\/gerster-techtex.com\/wp-content\/uploads\/2025\/07\/ct-hybridgeleger-4-400x267.jpg 400w, https:\/\/gerster-techtex.com\/wp-content\/uploads\/2025\/07\/ct-hybridgeleger-4-1024x683.jpg 1024w, https:\/\/gerster-techtex.com\/wp-content\/uploads\/2025\/07\/ct-hybridgeleger-4-768x512.jpg 768w, https:\/\/gerster-techtex.com\/wp-content\/uploads\/2025\/07\/ct-hybridgeleger-4-1536x1024.jpg 1536w, https:\/\/gerster-techtex.com\/wp-content\/uploads\/2025\/07\/ct-hybridgeleger-4-18x12.jpg 18w, https:\/\/gerster-techtex.com\/wp-content\/uploads\/2025\/07\/ct-hybridgeleger-4.jpg 1920w\" sizes=\"auto, (max-width: 400px) 100vw, 400px\" \/><a href=\"https:\/\/gerster-techtex.com\/en\/kategorie\/composite-textilien\/hybridtextilien-fuer-organobleche\/\"><\/a><\/div><div class=\"child-page-text\"><a href=\"https:\/\/gerster-techtex.com\/en\/kategorie\/composite-textilien\/hybridtextilien-fuer-organobleche\/\">Hybrid textiles for organo sheets<\/a><\/div><\/div><\/div>\n\n\n\n<div style=\"height:100px\" aria-hidden=\"true\" class=\"wp-block-spacer\"><\/div>\n\n\n<div class=\"hintergrundbild-block\" style=\"  width: 100vw;  margin-left: calc(-50vw + 50%);   position: relative;  margin-top: 0px;   margin-bottom: 0px;\">\r\n    <img decoding=\"async\" src=\"https:\/\/gerster-techtex.com\/wp-content\/uploads\/2025\/07\/ct-hybridgeleger-1.jpg\" alt=\"Hintergrundbild\" \r\n       style=\"object-position: center center center; width: 100%; height: 100%; object-fit: cover; position: absolute; top: 0; left: 0; \">\r\n<\/div>","protected":false},"excerpt":{"rendered":"","protected":false},"author":1,"featured_media":0,"parent":25,"menu_order":0,"comment_status":"closed","ping_status":"closed","template":"","meta":{"_acf_changed":false,"footnotes":""},"class_list":["post-54","page","type-page","status-publish","hentry"],"acf":[],"yoast_head":"<!-- This site is optimized with the Yoast SEO plugin v25.9 - https:\/\/yoast.com\/wordpress\/plugins\/seo\/ -->\n<title>Composite Textilien - Gerster TechTex - Ihr innovativer Partner f\u00fcr technische Textilien und Composites<\/title>\n<meta name=\"description\" content=\"Gerster TechTex \u2013 Ihr Spezialist f\u00fcr innovative technische Textilien &amp; Composites. Individuelle L\u00f6sungen f\u00fcr Industrie, Mobilit\u00e4t, Medizintechnik u.\u202fv.\u202fm.\" \/>\n<meta name=\"robots\" content=\"index, follow, max-snippet:-1, max-image-preview:large, max-video-preview:-1\" \/>\n<link rel=\"canonical\" href=\"https:\/\/gerster-techtex.com\/en\/kategorie\/composite-textilien\/\" \/>\n<meta property=\"og:locale\" content=\"en_GB\" \/>\n<meta property=\"og:type\" content=\"article\" \/>\n<meta property=\"og:title\" content=\"Composite Textilien - Gerster TechTex - Ihr innovativer Partner f\u00fcr technische Textilien und Composites\" \/>\n<meta property=\"og:description\" content=\"Gerster TechTex \u2013 Ihr Spezialist f\u00fcr innovative technische Textilien &amp; Composites. Individuelle L\u00f6sungen f\u00fcr Industrie, Mobilit\u00e4t, Medizintechnik u.\u202fv.\u202fm.\" \/>\n<meta property=\"og:url\" content=\"https:\/\/gerster-techtex.com\/en\/kategorie\/composite-textilien\/\" \/>\n<meta property=\"og:site_name\" content=\"Gerster TechTex - Ihr innovativer Partner f\u00fcr technische Textilien und Composites\" \/>\n<meta property=\"article:publisher\" content=\"https:\/\/www.facebook.com\/GersterCollection\" \/>\n<meta property=\"article:modified_time\" content=\"2025-08-04T12:33:37+00:00\" \/>\n<meta name=\"twitter:card\" content=\"summary_large_image\" \/>\n<meta name=\"twitter:site\" content=\"@GersterFabrics\" \/>\n<script type=\"application\/ld+json\" class=\"yoast-schema-graph\">{\"@context\":\"https:\/\/schema.org\",\"@graph\":[{\"@type\":\"WebPage\",\"@id\":\"https:\/\/gerster-techtex.com\/kategorie\/composite-textilien\/\",\"url\":\"https:\/\/gerster-techtex.com\/kategorie\/composite-textilien\/\",\"name\":\"Composite Textilien - Gerster TechTex - Ihr innovativer Partner f\u00fcr technische Textilien und Composites\",\"isPartOf\":{\"@id\":\"https:\/\/gerster-techtex.com\/#website\"},\"datePublished\":\"2025-04-14T08:32:30+00:00\",\"dateModified\":\"2025-08-04T12:33:37+00:00\",\"description\":\"Gerster TechTex \u2013 Ihr Spezialist f\u00fcr innovative technische Textilien & Composites. Individuelle L\u00f6sungen f\u00fcr Industrie, Mobilit\u00e4t, Medizintechnik u.\u202fv.\u202fm.\",\"breadcrumb\":{\"@id\":\"https:\/\/gerster-techtex.com\/kategorie\/composite-textilien\/#breadcrumb\"},\"inLanguage\":\"en-GB\",\"potentialAction\":[{\"@type\":\"ReadAction\",\"target\":[\"https:\/\/gerster-techtex.com\/kategorie\/composite-textilien\/\"]}]},{\"@type\":\"BreadcrumbList\",\"@id\":\"https:\/\/gerster-techtex.com\/kategorie\/composite-textilien\/#breadcrumb\",\"itemListElement\":[{\"@type\":\"ListItem\",\"position\":1,\"name\":\"Startseite\",\"item\":\"https:\/\/gerster-techtex.com\/\"},{\"@type\":\"ListItem\",\"position\":2,\"name\":\"Produkte\",\"item\":\"https:\/\/gerster-techtex.com\/kategorie\/\"},{\"@type\":\"ListItem\",\"position\":3,\"name\":\"Composite Textilien\"}]},{\"@type\":\"WebSite\",\"@id\":\"https:\/\/gerster-techtex.com\/#website\",\"url\":\"https:\/\/gerster-techtex.com\/\",\"name\":\"Gerster TechTex - Ihr innovativer Partner f\u00fcr technische Textilien und Composites\",\"description\":\"\",\"publisher\":{\"@id\":\"https:\/\/gerster-techtex.com\/#organization\"},\"potentialAction\":[{\"@type\":\"SearchAction\",\"target\":{\"@type\":\"EntryPoint\",\"urlTemplate\":\"https:\/\/gerster-techtex.com\/?s={search_term_string}\"},\"query-input\":{\"@type\":\"PropertyValueSpecification\",\"valueRequired\":true,\"valueName\":\"search_term_string\"}}],\"inLanguage\":\"en-GB\"},{\"@type\":\"Organization\",\"@id\":\"https:\/\/gerster-techtex.com\/#organization\",\"name\":\"Gerster TechTex - Ihr innovativer Partner f\u00fcr technische Textilien und Composites\",\"url\":\"https:\/\/gerster-techtex.com\/\",\"logo\":{\"@type\":\"ImageObject\",\"inLanguage\":\"en-GB\",\"@id\":\"https:\/\/gerster-techtex.com\/#\/schema\/logo\/image\/\",\"url\":\"https:\/\/gerster-techtex.com\/wp-content\/uploads\/2025\/04\/logo.jpg\",\"contentUrl\":\"https:\/\/gerster-techtex.com\/wp-content\/uploads\/2025\/04\/logo.jpg\",\"width\":800,\"height\":379,\"caption\":\"Gerster TechTex - Ihr innovativer Partner f\u00fcr technische Textilien und Composites\"},\"image\":{\"@id\":\"https:\/\/gerster-techtex.com\/#\/schema\/logo\/image\/\"},\"sameAs\":[\"https:\/\/www.facebook.com\/GersterCollection\",\"https:\/\/x.com\/GersterFabrics\",\"https:\/\/www.youtube.com\/user\/GersterCollection\/videos\"]}]}<\/script>\n<!-- \/ Yoast SEO plugin. -->","yoast_head_json":{"title":"Composite Textilien - Gerster TechTex - Ihr innovativer Partner f\u00fcr technische Textilien und Composites","description":"Gerster TechTex \u2013 Ihr Spezialist f\u00fcr innovative technische Textilien & Composites. Individuelle L\u00f6sungen f\u00fcr Industrie, Mobilit\u00e4t, Medizintechnik u.\u202fv.\u202fm.","robots":{"index":"index","follow":"follow","max-snippet":"max-snippet:-1","max-image-preview":"max-image-preview:large","max-video-preview":"max-video-preview:-1"},"canonical":"https:\/\/gerster-techtex.com\/en\/kategorie\/composite-textilien\/","og_locale":"en_GB","og_type":"article","og_title":"Composite Textilien - Gerster TechTex - Ihr innovativer Partner f\u00fcr technische Textilien und Composites","og_description":"Gerster TechTex \u2013 Ihr Spezialist f\u00fcr innovative technische Textilien & Composites. Individuelle L\u00f6sungen f\u00fcr Industrie, Mobilit\u00e4t, Medizintechnik u.\u202fv.\u202fm.","og_url":"https:\/\/gerster-techtex.com\/en\/kategorie\/composite-textilien\/","og_site_name":"Gerster TechTex - Ihr innovativer Partner f\u00fcr technische Textilien und Composites","article_publisher":"https:\/\/www.facebook.com\/GersterCollection","article_modified_time":"2025-08-04T12:33:37+00:00","twitter_card":"summary_large_image","twitter_site":"@GersterFabrics","schema":{"@context":"https:\/\/schema.org","@graph":[{"@type":"WebPage","@id":"https:\/\/gerster-techtex.com\/kategorie\/composite-textilien\/","url":"https:\/\/gerster-techtex.com\/kategorie\/composite-textilien\/","name":"Composite Textilien - Gerster TechTex - Ihr innovativer Partner f\u00fcr technische Textilien und Composites","isPartOf":{"@id":"https:\/\/gerster-techtex.com\/#website"},"datePublished":"2025-04-14T08:32:30+00:00","dateModified":"2025-08-04T12:33:37+00:00","description":"Gerster TechTex \u2013 Ihr Spezialist f\u00fcr innovative technische Textilien & Composites. Individuelle L\u00f6sungen f\u00fcr Industrie, Mobilit\u00e4t, Medizintechnik u.\u202fv.\u202fm.","breadcrumb":{"@id":"https:\/\/gerster-techtex.com\/kategorie\/composite-textilien\/#breadcrumb"},"inLanguage":"en-GB","potentialAction":[{"@type":"ReadAction","target":["https:\/\/gerster-techtex.com\/kategorie\/composite-textilien\/"]}]},{"@type":"BreadcrumbList","@id":"https:\/\/gerster-techtex.com\/kategorie\/composite-textilien\/#breadcrumb","itemListElement":[{"@type":"ListItem","position":1,"name":"Startseite","item":"https:\/\/gerster-techtex.com\/"},{"@type":"ListItem","position":2,"name":"Produkte","item":"https:\/\/gerster-techtex.com\/kategorie\/"},{"@type":"ListItem","position":3,"name":"Composite Textilien"}]},{"@type":"WebSite","@id":"https:\/\/gerster-techtex.com\/#website","url":"https:\/\/gerster-techtex.com\/","name":"Gerster TechTex - Ihr innovativer Partner f\u00fcr technische Textilien und Composites","description":"","publisher":{"@id":"https:\/\/gerster-techtex.com\/#organization"},"potentialAction":[{"@type":"SearchAction","target":{"@type":"EntryPoint","urlTemplate":"https:\/\/gerster-techtex.com\/?s={search_term_string}"},"query-input":{"@type":"PropertyValueSpecification","valueRequired":true,"valueName":"search_term_string"}}],"inLanguage":"en-GB"},{"@type":"Organization","@id":"https:\/\/gerster-techtex.com\/#organization","name":"Gerster TechTex - Ihr innovativer Partner f\u00fcr technische Textilien und Composites","url":"https:\/\/gerster-techtex.com\/","logo":{"@type":"ImageObject","inLanguage":"en-GB","@id":"https:\/\/gerster-techtex.com\/#\/schema\/logo\/image\/","url":"https:\/\/gerster-techtex.com\/wp-content\/uploads\/2025\/04\/logo.jpg","contentUrl":"https:\/\/gerster-techtex.com\/wp-content\/uploads\/2025\/04\/logo.jpg","width":800,"height":379,"caption":"Gerster TechTex - Ihr innovativer Partner f\u00fcr technische Textilien und Composites"},"image":{"@id":"https:\/\/gerster-techtex.com\/#\/schema\/logo\/image\/"},"sameAs":["https:\/\/www.facebook.com\/GersterCollection","https:\/\/x.com\/GersterFabrics","https:\/\/www.youtube.com\/user\/GersterCollection\/videos"]}]}},"_links":{"self":[{"href":"https:\/\/gerster-techtex.com\/en\/wp-json\/wp\/v2\/pages\/54","targetHints":{"allow":["GET"]}}],"collection":[{"href":"https:\/\/gerster-techtex.com\/en\/wp-json\/wp\/v2\/pages"}],"about":[{"href":"https:\/\/gerster-techtex.com\/en\/wp-json\/wp\/v2\/types\/page"}],"author":[{"embeddable":true,"href":"https:\/\/gerster-techtex.com\/en\/wp-json\/wp\/v2\/users\/1"}],"replies":[{"embeddable":true,"href":"https:\/\/gerster-techtex.com\/en\/wp-json\/wp\/v2\/comments?post=54"}],"version-history":[{"count":16,"href":"https:\/\/gerster-techtex.com\/en\/wp-json\/wp\/v2\/pages\/54\/revisions"}],"predecessor-version":[{"id":2497,"href":"https:\/\/gerster-techtex.com\/en\/wp-json\/wp\/v2\/pages\/54\/revisions\/2497"}],"up":[{"embeddable":true,"href":"https:\/\/gerster-techtex.com\/en\/wp-json\/wp\/v2\/pages\/25"}],"wp:attachment":[{"href":"https:\/\/gerster-techtex.com\/en\/wp-json\/wp\/v2\/media?parent=54"}],"curies":[{"name":"wp","href":"https:\/\/api.w.org\/{rel}","templated":true}]}}