{"id":480,"date":"2025-04-28T10:51:32","date_gmt":"2025-04-28T08:51:32","guid":{"rendered":"http:\/\/localhost\/gerster-techtex\/?page_id=480"},"modified":"2025-08-11T11:54:05","modified_gmt":"2025-08-11T09:54:05","slug":"funktionale-textilien","status":"publish","type":"page","link":"https:\/\/gerster-techtex.com\/en\/kategorie\/technische-textilien\/funktionale-textilien\/","title":{"rendered":"Functional textiles"},"content":{"rendered":"<div class=\"hintergrundbild-block hintergrundbild-verlauf rel\" style=\"  width: 100vw;  margin-left: calc(-50vw + 50%);   position: relative;  margin-top: 0px;   margin-bottom: 0px;\">\r\n    <img decoding=\"async\" src=\"https:\/\/gerster-techtex.com\/wp-content\/uploads\/2025\/05\/tt-textile-antennen-3.jpg\" alt=\"Hintergrundbild\" \r\n       style=\"object-position: center center center; width: 100%; height: 100%; object-fit: cover; position: absolute; top: 0; left: 0; \">\r\n<\/div>\r\n\r\n\r\n    \n\n\n<div class=\"wp-block-custom-allgemein-ueberschrift ueberschrift-info\"><div class=\"wp-block-columns\"><div class=\"wp-block-column\" style=\"flex-basis:50%\"><p>\/\/ Technical textiles<\/p><h1>Functional textiles<\/h1><\/div><div class=\"wp-block-column\" style=\"flex-basis:50%\">\n<div class=\"wp-block-buttons is-layout-flex wp-block-buttons-is-layout-flex\">\n<div class=\"wp-block-button is-style-icon-button\"><a class=\"wp-block-button__link wp-element-button\" href=\"\/en\/\">news<\/a><\/div>\n<\/div>\n<\/div><\/div><\/div>\n\n\n<div class=\"products-grid grid-3\">\r\n            <div class=\"product-item\">\r\n         <div class=\"product-item-image\"><img loading=\"lazy\" decoding=\"async\" width=\"400\" height=\"267\" src=\"https:\/\/gerster-techtex.com\/wp-content\/uploads\/2025\/05\/ft-heiztextilien-11-400x267.jpg\" class=\"attachment-medium size-medium wp-post-image\" alt=\"\" srcset=\"https:\/\/gerster-techtex.com\/wp-content\/uploads\/2025\/05\/ft-heiztextilien-11-400x267.jpg 400w, https:\/\/gerster-techtex.com\/wp-content\/uploads\/2025\/05\/ft-heiztextilien-11-1024x683.jpg 1024w, https:\/\/gerster-techtex.com\/wp-content\/uploads\/2025\/05\/ft-heiztextilien-11-768x512.jpg 768w, https:\/\/gerster-techtex.com\/wp-content\/uploads\/2025\/05\/ft-heiztextilien-11-1536x1024.jpg 1536w, https:\/\/gerster-techtex.com\/wp-content\/uploads\/2025\/05\/ft-heiztextilien-11-18x12.jpg 18w, https:\/\/gerster-techtex.com\/wp-content\/uploads\/2025\/05\/ft-heiztextilien-11.jpg 1920w\" sizes=\"auto, (max-width: 400px) 100vw, 400px\" \/><a href=\"https:\/\/gerster-techtex.com\/en\/produkte\/technische-textilien\/funktionale-textilien\/heiztextilien\/\"><\/a><\/div>\r\n         <div class=\"product-item-text\"><a href=\"https:\/\/gerster-techtex.com\/en\/produkte\/technische-textilien\/funktionale-textilien\/heiztextilien\/\">Heating textiles<\/a><\/div>\r\n        <\/div>\r\n            <div class=\"product-item\">\r\n         <div class=\"product-item-image\"><img loading=\"lazy\" decoding=\"async\" width=\"400\" height=\"267\" src=\"https:\/\/gerster-techtex.com\/wp-content\/uploads\/2025\/05\/ft-sensortextilien-2-400x267.jpg\" class=\"attachment-medium size-medium wp-post-image\" alt=\"\" srcset=\"https:\/\/gerster-techtex.com\/wp-content\/uploads\/2025\/05\/ft-sensortextilien-2-400x267.jpg 400w, https:\/\/gerster-techtex.com\/wp-content\/uploads\/2025\/05\/ft-sensortextilien-2-1024x683.jpg 1024w, https:\/\/gerster-techtex.com\/wp-content\/uploads\/2025\/05\/ft-sensortextilien-2-768x512.jpg 768w, https:\/\/gerster-techtex.com\/wp-content\/uploads\/2025\/05\/ft-sensortextilien-2-1536x1024.jpg 1536w, https:\/\/gerster-techtex.com\/wp-content\/uploads\/2025\/05\/ft-sensortextilien-2-18x12.jpg 18w, https:\/\/gerster-techtex.com\/wp-content\/uploads\/2025\/05\/ft-sensortextilien-2.jpg 1920w\" sizes=\"auto, (max-width: 400px) 100vw, 400px\" \/><a href=\"https:\/\/gerster-techtex.com\/en\/produkte\/technische-textilien\/funktionale-textilien\/sensortextilien\/\"><\/a><\/div>\r\n         <div class=\"product-item-text\"><a href=\"https:\/\/gerster-techtex.com\/en\/produkte\/technische-textilien\/funktionale-textilien\/sensortextilien\/\">Sensor textiles<\/a><\/div>\r\n        <\/div>\r\n            <div class=\"product-item\">\r\n         <div class=\"product-item-image\"><img loading=\"lazy\" decoding=\"async\" width=\"400\" height=\"267\" src=\"https:\/\/gerster-techtex.com\/wp-content\/uploads\/2025\/05\/ft-leuchttextilien-7-400x267.jpg\" class=\"attachment-medium size-medium wp-post-image\" alt=\"\" srcset=\"https:\/\/gerster-techtex.com\/wp-content\/uploads\/2025\/05\/ft-leuchttextilien-7-400x267.jpg 400w, https:\/\/gerster-techtex.com\/wp-content\/uploads\/2025\/05\/ft-leuchttextilien-7-1024x683.jpg 1024w, https:\/\/gerster-techtex.com\/wp-content\/uploads\/2025\/05\/ft-leuchttextilien-7-768x512.jpg 768w, https:\/\/gerster-techtex.com\/wp-content\/uploads\/2025\/05\/ft-leuchttextilien-7-1536x1024.jpg 1536w, https:\/\/gerster-techtex.com\/wp-content\/uploads\/2025\/05\/ft-leuchttextilien-7-18x12.jpg 18w, https:\/\/gerster-techtex.com\/wp-content\/uploads\/2025\/05\/ft-leuchttextilien-7.jpg 1920w\" sizes=\"auto, (max-width: 400px) 100vw, 400px\" \/><a href=\"https:\/\/gerster-techtex.com\/en\/produkte\/technische-textilien\/funktionale-textilien\/leuchttextilien\/\"><\/a><\/div>\r\n         <div class=\"product-item-text\"><a href=\"https:\/\/gerster-techtex.com\/en\/produkte\/technische-textilien\/funktionale-textilien\/leuchttextilien\/\">Luminescent textiles<\/a><\/div>\r\n        <\/div>\r\n            <div class=\"product-item\">\r\n         <div class=\"product-item-image\"><img loading=\"lazy\" decoding=\"async\" width=\"400\" height=\"266\" src=\"https:\/\/gerster-techtex.com\/wp-content\/uploads\/2025\/05\/tt-leitfaehige-baender-1-400x266.jpg\" class=\"attachment-medium size-medium wp-post-image\" alt=\"\" srcset=\"https:\/\/gerster-techtex.com\/wp-content\/uploads\/2025\/05\/tt-leitfaehige-baender-1-400x266.jpg 400w, https:\/\/gerster-techtex.com\/wp-content\/uploads\/2025\/05\/tt-leitfaehige-baender-1-1024x680.jpg 1024w, https:\/\/gerster-techtex.com\/wp-content\/uploads\/2025\/05\/tt-leitfaehige-baender-1-768x510.jpg 768w, https:\/\/gerster-techtex.com\/wp-content\/uploads\/2025\/05\/tt-leitfaehige-baender-1-1536x1020.jpg 1536w, https:\/\/gerster-techtex.com\/wp-content\/uploads\/2025\/05\/tt-leitfaehige-baender-1-18x12.jpg 18w, https:\/\/gerster-techtex.com\/wp-content\/uploads\/2025\/05\/tt-leitfaehige-baender-1.jpg 1920w\" sizes=\"auto, (max-width: 400px) 100vw, 400px\" \/><a href=\"https:\/\/gerster-techtex.com\/en\/produkte\/technische-textilien\/funktionale-textilien\/leitfaehige-baender\/\"><\/a><\/div>\r\n         <div class=\"product-item-text\"><a href=\"https:\/\/gerster-techtex.com\/en\/produkte\/technische-textilien\/funktionale-textilien\/leitfaehige-baender\/\">Conductive tapes<\/a><\/div>\r\n        <\/div>\r\n            <div class=\"product-item\">\r\n         <div class=\"product-item-image\"><img loading=\"lazy\" decoding=\"async\" width=\"400\" height=\"267\" src=\"https:\/\/gerster-techtex.com\/wp-content\/uploads\/2025\/05\/tt-textile-antennen-1-400x267.jpg\" class=\"attachment-medium size-medium wp-post-image\" alt=\"\" srcset=\"https:\/\/gerster-techtex.com\/wp-content\/uploads\/2025\/05\/tt-textile-antennen-1-400x267.jpg 400w, https:\/\/gerster-techtex.com\/wp-content\/uploads\/2025\/05\/tt-textile-antennen-1-1024x683.jpg 1024w, https:\/\/gerster-techtex.com\/wp-content\/uploads\/2025\/05\/tt-textile-antennen-1-768x512.jpg 768w, https:\/\/gerster-techtex.com\/wp-content\/uploads\/2025\/05\/tt-textile-antennen-1-1536x1024.jpg 1536w, https:\/\/gerster-techtex.com\/wp-content\/uploads\/2025\/05\/tt-textile-antennen-1-18x12.jpg 18w, https:\/\/gerster-techtex.com\/wp-content\/uploads\/2025\/05\/tt-textile-antennen-1.jpg 1920w\" sizes=\"auto, (max-width: 400px) 100vw, 400px\" \/><a href=\"https:\/\/gerster-techtex.com\/en\/produkte\/technische-textilien\/funktionale-textilien\/textile-antennen\/\"><\/a><\/div>\r\n         <div class=\"product-item-text\"><a href=\"https:\/\/gerster-techtex.com\/en\/produkte\/technische-textilien\/funktionale-textilien\/textile-antennen\/\">Textile antennas<\/a><\/div>\r\n        <\/div>\r\n    <\/div>","protected":false},"excerpt":{"rendered":"","protected":false},"author":1,"featured_media":1663,"parent":466,"menu_order":7,"comment_status":"closed","ping_status":"closed","template":"","meta":{"_acf_changed":false,"footnotes":""},"class_list":["post-480","page","type-page","status-publish","has-post-thumbnail","hentry"],"acf":[],"yoast_head":"<!-- This site is optimized with the Yoast SEO plugin v25.9 - https:\/\/yoast.com\/wordpress\/plugins\/seo\/ -->\n<title>Funktionale Textilien - Gerster TechTex - Ihr innovativer Partner f\u00fcr technische Textilien und Composites<\/title>\n<meta name=\"description\" content=\"Gerster TechTex \u2013 Ihr Spezialist f\u00fcr innovative technische Textilien &amp; Composites. Individuelle L\u00f6sungen f\u00fcr Industrie, Mobilit\u00e4t, Medizintechnik u.\u202fv.\u202fm.\" \/>\n<meta name=\"robots\" content=\"index, follow, max-snippet:-1, max-image-preview:large, max-video-preview:-1\" \/>\n<link rel=\"canonical\" href=\"https:\/\/gerster-techtex.com\/en\/kategorie\/technische-textilien\/funktionale-textilien\/\" \/>\n<meta property=\"og:locale\" content=\"en_GB\" \/>\n<meta property=\"og:type\" content=\"article\" \/>\n<meta property=\"og:title\" content=\"Funktionale Textilien - Gerster TechTex - Ihr innovativer Partner f\u00fcr technische Textilien und Composites\" \/>\n<meta property=\"og:description\" content=\"Gerster TechTex \u2013 Ihr Spezialist f\u00fcr innovative technische Textilien &amp; Composites. Individuelle L\u00f6sungen f\u00fcr Industrie, Mobilit\u00e4t, Medizintechnik u.\u202fv.\u202fm.\" \/>\n<meta property=\"og:url\" content=\"https:\/\/gerster-techtex.com\/en\/kategorie\/technische-textilien\/funktionale-textilien\/\" \/>\n<meta property=\"og:site_name\" content=\"Gerster TechTex - Ihr innovativer Partner f\u00fcr technische Textilien und Composites\" \/>\n<meta property=\"article:publisher\" content=\"https:\/\/www.facebook.com\/GersterCollection\" \/>\n<meta property=\"article:modified_time\" content=\"2025-08-11T09:54:05+00:00\" \/>\n<meta property=\"og:image\" content=\"https:\/\/gerster-techtex.com\/wp-content\/uploads\/2025\/05\/ft-heiztextilien-5.jpg\" \/>\n\t<meta property=\"og:image:width\" content=\"1920\" \/>\n\t<meta property=\"og:image:height\" content=\"1280\" \/>\n\t<meta property=\"og:image:type\" content=\"image\/jpeg\" \/>\n<meta name=\"twitter:card\" content=\"summary_large_image\" \/>\n<meta name=\"twitter:site\" content=\"@GersterFabrics\" \/>\n<script type=\"application\/ld+json\" class=\"yoast-schema-graph\">{\"@context\":\"https:\/\/schema.org\",\"@graph\":[{\"@type\":\"WebPage\",\"@id\":\"https:\/\/gerster-techtex.com\/kategorie\/technische-textilien\/funktionale-textilien\/\",\"url\":\"https:\/\/gerster-techtex.com\/kategorie\/technische-textilien\/funktionale-textilien\/\",\"name\":\"Funktionale Textilien - Gerster TechTex - Ihr innovativer Partner f\u00fcr technische Textilien und Composites\",\"isPartOf\":{\"@id\":\"https:\/\/gerster-techtex.com\/#website\"},\"primaryImageOfPage\":{\"@id\":\"https:\/\/gerster-techtex.com\/kategorie\/technische-textilien\/funktionale-textilien\/#primaryimage\"},\"image\":{\"@id\":\"https:\/\/gerster-techtex.com\/kategorie\/technische-textilien\/funktionale-textilien\/#primaryimage\"},\"thumbnailUrl\":\"https:\/\/gerster-techtex.com\/wp-content\/uploads\/2025\/05\/ft-heiztextilien-5.jpg\",\"datePublished\":\"2025-04-28T08:51:32+00:00\",\"dateModified\":\"2025-08-11T09:54:05+00:00\",\"description\":\"Gerster TechTex \u2013 Ihr Spezialist f\u00fcr innovative technische Textilien & Composites. Individuelle L\u00f6sungen f\u00fcr Industrie, Mobilit\u00e4t, Medizintechnik u.\u202fv.\u202fm.\",\"breadcrumb\":{\"@id\":\"https:\/\/gerster-techtex.com\/kategorie\/technische-textilien\/funktionale-textilien\/#breadcrumb\"},\"inLanguage\":\"en-GB\",\"potentialAction\":[{\"@type\":\"ReadAction\",\"target\":[\"https:\/\/gerster-techtex.com\/kategorie\/technische-textilien\/funktionale-textilien\/\"]}]},{\"@type\":\"ImageObject\",\"inLanguage\":\"en-GB\",\"@id\":\"https:\/\/gerster-techtex.com\/kategorie\/technische-textilien\/funktionale-textilien\/#primaryimage\",\"url\":\"https:\/\/gerster-techtex.com\/wp-content\/uploads\/2025\/05\/ft-heiztextilien-5.jpg\",\"contentUrl\":\"https:\/\/gerster-techtex.com\/wp-content\/uploads\/2025\/05\/ft-heiztextilien-5.jpg\",\"width\":1920,\"height\":1280},{\"@type\":\"BreadcrumbList\",\"@id\":\"https:\/\/gerster-techtex.com\/kategorie\/technische-textilien\/funktionale-textilien\/#breadcrumb\",\"itemListElement\":[{\"@type\":\"ListItem\",\"position\":1,\"name\":\"Startseite\",\"item\":\"https:\/\/gerster-techtex.com\/\"},{\"@type\":\"ListItem\",\"position\":2,\"name\":\"Produkte\",\"item\":\"https:\/\/gerster-techtex.com\/kategorie\/\"},{\"@type\":\"ListItem\",\"position\":3,\"name\":\"Technische Textilien\",\"item\":\"https:\/\/gerster-techtex.com\/kategorie\/technische-textilien\/\"},{\"@type\":\"ListItem\",\"position\":4,\"name\":\"Funktionale Textilien\"}]},{\"@type\":\"WebSite\",\"@id\":\"https:\/\/gerster-techtex.com\/#website\",\"url\":\"https:\/\/gerster-techtex.com\/\",\"name\":\"Gerster TechTex - Ihr innovativer Partner f\u00fcr technische Textilien und Composites\",\"description\":\"\",\"publisher\":{\"@id\":\"https:\/\/gerster-techtex.com\/#organization\"},\"potentialAction\":[{\"@type\":\"SearchAction\",\"target\":{\"@type\":\"EntryPoint\",\"urlTemplate\":\"https:\/\/gerster-techtex.com\/?s={search_term_string}\"},\"query-input\":{\"@type\":\"PropertyValueSpecification\",\"valueRequired\":true,\"valueName\":\"search_term_string\"}}],\"inLanguage\":\"en-GB\"},{\"@type\":\"Organization\",\"@id\":\"https:\/\/gerster-techtex.com\/#organization\",\"name\":\"Gerster TechTex - Ihr innovativer Partner f\u00fcr technische Textilien und Composites\",\"url\":\"https:\/\/gerster-techtex.com\/\",\"logo\":{\"@type\":\"ImageObject\",\"inLanguage\":\"en-GB\",\"@id\":\"https:\/\/gerster-techtex.com\/#\/schema\/logo\/image\/\",\"url\":\"https:\/\/gerster-techtex.com\/wp-content\/uploads\/2025\/04\/logo.jpg\",\"contentUrl\":\"https:\/\/gerster-techtex.com\/wp-content\/uploads\/2025\/04\/logo.jpg\",\"width\":800,\"height\":379,\"caption\":\"Gerster TechTex - Ihr innovativer Partner f\u00fcr technische Textilien und Composites\"},\"image\":{\"@id\":\"https:\/\/gerster-techtex.com\/#\/schema\/logo\/image\/\"},\"sameAs\":[\"https:\/\/www.facebook.com\/GersterCollection\",\"https:\/\/x.com\/GersterFabrics\",\"https:\/\/www.youtube.com\/user\/GersterCollection\/videos\"]}]}<\/script>\n<!-- \/ Yoast SEO plugin. -->","yoast_head_json":{"title":"Funktionale Textilien - Gerster TechTex - Ihr innovativer Partner f\u00fcr technische Textilien und Composites","description":"Gerster TechTex \u2013 Ihr Spezialist f\u00fcr innovative technische Textilien & Composites. Individuelle L\u00f6sungen f\u00fcr Industrie, Mobilit\u00e4t, Medizintechnik u.\u202fv.\u202fm.","robots":{"index":"index","follow":"follow","max-snippet":"max-snippet:-1","max-image-preview":"max-image-preview:large","max-video-preview":"max-video-preview:-1"},"canonical":"https:\/\/gerster-techtex.com\/en\/kategorie\/technische-textilien\/funktionale-textilien\/","og_locale":"en_GB","og_type":"article","og_title":"Funktionale Textilien - Gerster TechTex - Ihr innovativer Partner f\u00fcr technische Textilien und Composites","og_description":"Gerster TechTex \u2013 Ihr Spezialist f\u00fcr innovative technische Textilien & Composites. Individuelle L\u00f6sungen f\u00fcr Industrie, Mobilit\u00e4t, Medizintechnik u.\u202fv.\u202fm.","og_url":"https:\/\/gerster-techtex.com\/en\/kategorie\/technische-textilien\/funktionale-textilien\/","og_site_name":"Gerster TechTex - Ihr innovativer Partner f\u00fcr technische Textilien und Composites","article_publisher":"https:\/\/www.facebook.com\/GersterCollection","article_modified_time":"2025-08-11T09:54:05+00:00","og_image":[{"width":1920,"height":1280,"url":"https:\/\/gerster-techtex.com\/wp-content\/uploads\/2025\/05\/ft-heiztextilien-5.jpg","type":"image\/jpeg"}],"twitter_card":"summary_large_image","twitter_site":"@GersterFabrics","schema":{"@context":"https:\/\/schema.org","@graph":[{"@type":"WebPage","@id":"https:\/\/gerster-techtex.com\/kategorie\/technische-textilien\/funktionale-textilien\/","url":"https:\/\/gerster-techtex.com\/kategorie\/technische-textilien\/funktionale-textilien\/","name":"Funktionale Textilien - Gerster TechTex - Ihr innovativer Partner f\u00fcr technische Textilien und Composites","isPartOf":{"@id":"https:\/\/gerster-techtex.com\/#website"},"primaryImageOfPage":{"@id":"https:\/\/gerster-techtex.com\/kategorie\/technische-textilien\/funktionale-textilien\/#primaryimage"},"image":{"@id":"https:\/\/gerster-techtex.com\/kategorie\/technische-textilien\/funktionale-textilien\/#primaryimage"},"thumbnailUrl":"https:\/\/gerster-techtex.com\/wp-content\/uploads\/2025\/05\/ft-heiztextilien-5.jpg","datePublished":"2025-04-28T08:51:32+00:00","dateModified":"2025-08-11T09:54:05+00:00","description":"Gerster TechTex \u2013 Ihr Spezialist f\u00fcr innovative technische Textilien & Composites. Individuelle L\u00f6sungen f\u00fcr Industrie, Mobilit\u00e4t, Medizintechnik u.\u202fv.\u202fm.","breadcrumb":{"@id":"https:\/\/gerster-techtex.com\/kategorie\/technische-textilien\/funktionale-textilien\/#breadcrumb"},"inLanguage":"en-GB","potentialAction":[{"@type":"ReadAction","target":["https:\/\/gerster-techtex.com\/kategorie\/technische-textilien\/funktionale-textilien\/"]}]},{"@type":"ImageObject","inLanguage":"en-GB","@id":"https:\/\/gerster-techtex.com\/kategorie\/technische-textilien\/funktionale-textilien\/#primaryimage","url":"https:\/\/gerster-techtex.com\/wp-content\/uploads\/2025\/05\/ft-heiztextilien-5.jpg","contentUrl":"https:\/\/gerster-techtex.com\/wp-content\/uploads\/2025\/05\/ft-heiztextilien-5.jpg","width":1920,"height":1280},{"@type":"BreadcrumbList","@id":"https:\/\/gerster-techtex.com\/kategorie\/technische-textilien\/funktionale-textilien\/#breadcrumb","itemListElement":[{"@type":"ListItem","position":1,"name":"Startseite","item":"https:\/\/gerster-techtex.com\/"},{"@type":"ListItem","position":2,"name":"Produkte","item":"https:\/\/gerster-techtex.com\/kategorie\/"},{"@type":"ListItem","position":3,"name":"Technische Textilien","item":"https:\/\/gerster-techtex.com\/kategorie\/technische-textilien\/"},{"@type":"ListItem","position":4,"name":"Funktionale Textilien"}]},{"@type":"WebSite","@id":"https:\/\/gerster-techtex.com\/#website","url":"https:\/\/gerster-techtex.com\/","name":"Gerster TechTex - Ihr innovativer Partner f\u00fcr technische Textilien und Composites","description":"","publisher":{"@id":"https:\/\/gerster-techtex.com\/#organization"},"potentialAction":[{"@type":"SearchAction","target":{"@type":"EntryPoint","urlTemplate":"https:\/\/gerster-techtex.com\/?s={search_term_string}"},"query-input":{"@type":"PropertyValueSpecification","valueRequired":true,"valueName":"search_term_string"}}],"inLanguage":"en-GB"},{"@type":"Organization","@id":"https:\/\/gerster-techtex.com\/#organization","name":"Gerster TechTex - Ihr innovativer Partner f\u00fcr technische Textilien und Composites","url":"https:\/\/gerster-techtex.com\/","logo":{"@type":"ImageObject","inLanguage":"en-GB","@id":"https:\/\/gerster-techtex.com\/#\/schema\/logo\/image\/","url":"https:\/\/gerster-techtex.com\/wp-content\/uploads\/2025\/04\/logo.jpg","contentUrl":"https:\/\/gerster-techtex.com\/wp-content\/uploads\/2025\/04\/logo.jpg","width":800,"height":379,"caption":"Gerster TechTex - Ihr innovativer Partner f\u00fcr technische Textilien und Composites"},"image":{"@id":"https:\/\/gerster-techtex.com\/#\/schema\/logo\/image\/"},"sameAs":["https:\/\/www.facebook.com\/GersterCollection","https:\/\/x.com\/GersterFabrics","https:\/\/www.youtube.com\/user\/GersterCollection\/videos"]}]}},"_links":{"self":[{"href":"https:\/\/gerster-techtex.com\/en\/wp-json\/wp\/v2\/pages\/480","targetHints":{"allow":["GET"]}}],"collection":[{"href":"https:\/\/gerster-techtex.com\/en\/wp-json\/wp\/v2\/pages"}],"about":[{"href":"https:\/\/gerster-techtex.com\/en\/wp-json\/wp\/v2\/types\/page"}],"author":[{"embeddable":true,"href":"https:\/\/gerster-techtex.com\/en\/wp-json\/wp\/v2\/users\/1"}],"replies":[{"embeddable":true,"href":"https:\/\/gerster-techtex.com\/en\/wp-json\/wp\/v2\/comments?post=480"}],"version-history":[{"count":8,"href":"https:\/\/gerster-techtex.com\/en\/wp-json\/wp\/v2\/pages\/480\/revisions"}],"predecessor-version":[{"id":1997,"href":"https:\/\/gerster-techtex.com\/en\/wp-json\/wp\/v2\/pages\/480\/revisions\/1997"}],"up":[{"embeddable":true,"href":"https:\/\/gerster-techtex.com\/en\/wp-json\/wp\/v2\/pages\/466"}],"wp:featuredmedia":[{"embeddable":true,"href":"https:\/\/gerster-techtex.com\/en\/wp-json\/wp\/v2\/media\/1663"}],"wp:attachment":[{"href":"https:\/\/gerster-techtex.com\/en\/wp-json\/wp\/v2\/media?parent=480"}],"curies":[{"name":"wp","href":"https:\/\/api.w.org\/{rel}","templated":true}]}}