{"id":48,"date":"2025-04-14T10:31:00","date_gmt":"2025-04-14T08:31:00","guid":{"rendered":"http:\/\/localhost\/gerster-techtex\/?page_id=48"},"modified":"2025-09-18T11:35:07","modified_gmt":"2025-09-18T09:35:07","slug":"sport-orthopaedietechnik","status":"publish","type":"page","link":"https:\/\/gerster-techtex.com\/en\/anwendungsbereiche\/sport-orthopaedietechnik\/","title":{"rendered":"Sports technology"},"content":{"rendered":"<div class=\"hintergrundbild-block hintergrundbild-verlauf rel\" style=\"  width: 100vw;  margin-left: calc(-50vw + 50%);   position: relative;  margin-top: 0px;   margin-bottom: 0px;\">\r\n    <img decoding=\"async\" src=\"https:\/\/gerster-techtex.com\/wp-content\/uploads\/2025\/09\/Sporttechnik-scaled.jpeg\" alt=\"Hintergrundbild\" \r\n       style=\"object-position: center center center; width: 100%; height: 100%; object-fit: cover; position: absolute; top: 0; left: 0; \">\r\n<\/div>\r\n\r\n\r\n    \n\n\n<div class=\"wp-block-custom-einsatzbereich-ueberschrift ueberschrift-info\"><div class=\"wp-block-columns\"><div class=\"wp-block-column\" style=\"flex-basis:100%\"><div class=\"einsatzbereich-ueberschrift-wrapper\"><p>\/\/ Area of application<\/p><h1>Sports technology \u2013<mark style=\"background-color:rgba(0, 0, 0, 0)\" class=\"has-inline-color has-tech-tex-light-blue-color\"> lightweight, robust, high-performance<\/mark><\/h1><\/div><div class=\"wp-block-buttons\">\n<div class=\"wp-block-button\"><a class=\"wp-block-button__link wp-element-button\" href=\"..\/..\/kontakt\">Contact<\/a><\/div>\n<\/div><\/div><\/div><\/div>\n\n\n\n<div class=\"wp-block-custom-einsatzbereich-leistungen-inhalt einsatzbereich-leistungen-inhalt\"><div class=\"wp-block-columns einsatzbereich-leistungen-image-wrapper parent-anwendungsbereiche\"><div class=\"wp-block-column\"><div class=\"einsatzbereich-title-wrapper\"><p>The <strong>sports technology <\/strong>places the highest demands on materials and technology. Products such as skis, snowboards, skateboards, surfboards, bicycles, and hockey sticks must simultaneously <strong>lightweight<\/strong>, <strong>stable <\/strong>and <strong>application-oriented <\/strong>. With our hybrid fabrics and nonwovens, we enable application-specific material combinations to achieve the <strong>perfect balance<\/strong> between flexibility and stability.<br><br>Our <strong>Corner reinforcements <\/strong>are the key to the lightest and most stable bicycle rims, while technologies such as <strong>tape weaving <\/strong>and <strong>preforming <\/strong>to realize both small and large series production runs. We can even reliably provide very small quantities for trial processes. The use of sustainable natural fibers and the immediate availability of many <strong>standard products <\/strong>ensure that we can respond flexibly to your requirements. Our solutions cover a wide range, from standardized products to <strong>individual <\/strong>developed <strong>textiles <\/strong>for specific applications. We also supply consumables for vacuum infusion to efficiently support your production processes.<\/p><\/div><\/div><div class=\"wp-block-column\"><div class=\"bild-item\"><a href=\"https:\/\/gerster-techtex.com\/wp-content\/uploads\/2025\/05\/ct-tt-eckverstaerkung-8.jpg\" rel=\"lightbox[galerie]\" target=\"_blank\" class=\"lightbox-wrapper\" style=\"position:relative;display:inline-block\"><img decoding=\"async\" src=\"https:\/\/gerster-techtex.com\/wp-content\/uploads\/2025\/05\/ct-tt-eckverstaerkung-8.jpg\" alt=\"\" class=\"mein-bild\" style=\"display:block\"\/><span class=\"bild-overlay\"><\/span><\/a><p><a href=\"https:\/\/gerster-techtex.com\/en\/produkte\/composite-textilien\/textile-profile\/eckverstaerkung\/\">Corner reinforcement<\/a><\/p><\/div><div class=\"bild-item\"><a href=\"https:\/\/gerster-techtex.com\/wp-content\/uploads\/2025\/05\/ct-tt-gewobene-baender-1.jpg\" rel=\"lightbox[galerie]\" target=\"_blank\" class=\"lightbox-wrapper\" style=\"position:relative;display:inline-block\"><img decoding=\"async\" src=\"https:\/\/gerster-techtex.com\/wp-content\/uploads\/2025\/05\/ct-tt-gewobene-baender-1.jpg\" alt=\"\" class=\"mein-bild\" style=\"display:block\"\/><span class=\"bild-overlay\"><\/span><\/a><p><a href=\"https:\/\/gerster-techtex.com\/en\/produkte\/technische-textilien\/tt-baender\/tt-gewobene-baender\/\">Woven tapes<\/a><\/p><\/div><div class=\"bild-item\"><a href=\"https:\/\/gerster-techtex.com\/wp-content\/uploads\/2025\/05\/ct-tt-gewirkte-baender-1.jpg\" rel=\"lightbox[galerie]\" target=\"_blank\" class=\"lightbox-wrapper\" style=\"position:relative;display:inline-block\"><img decoding=\"async\" src=\"https:\/\/gerster-techtex.com\/wp-content\/uploads\/2025\/05\/ct-tt-gewirkte-baender-1.jpg\" alt=\"\" class=\"mein-bild\" style=\"display:block\"\/><span class=\"bild-overlay\"><\/span><\/a><p><a href=\"https:\/\/gerster-techtex.com\/en\/produkte\/technische-textilien\/tt-baender\/tt-gewirkte-baender\/\">Warp-knitted tapes<\/a><\/p><\/div><div class=\"bild-item\"><a href=\"https:\/\/gerster-techtex.com\/wp-content\/uploads\/2025\/05\/ct-drapierfaehiges-gewebe-3.jpg\" rel=\"lightbox[galerie]\" target=\"_blank\" class=\"lightbox-wrapper\" style=\"position:relative;display:inline-block\"><img decoding=\"async\" src=\"https:\/\/gerster-techtex.com\/wp-content\/uploads\/2025\/05\/ct-drapierfaehiges-gewebe-3.jpg\" alt=\"\" class=\"mein-bild\" style=\"display:block\"\/><span class=\"bild-overlay\"><\/span><\/a><p><a href=\"https:\/\/gerster-techtex.com\/en\/produkte\/composite-textilien\/gewebe\/drapierfaehige-gewebe\/\">Drapeable fabrics<\/a><\/p><\/div><div class=\"bild-item\"><a href=\"https:\/\/gerster-techtex.com\/wp-content\/uploads\/2025\/05\/ct-tt-drapierfaehiges-gelege-6.jpg\" rel=\"lightbox[galerie]\" target=\"_blank\" class=\"lightbox-wrapper\" style=\"position:relative;display:inline-block\"><img decoding=\"async\" src=\"https:\/\/gerster-techtex.com\/wp-content\/uploads\/2025\/05\/ct-tt-drapierfaehiges-gelege-6.jpg\" alt=\"\" class=\"mein-bild\" style=\"display:block\"\/><span class=\"bild-overlay\"><\/span><\/a><p><a href=\"https:\/\/gerster-techtex.com\/en\/produkte\/composite-textilien\/gelege\/drapierfaehige-gelege\/\">Drapeable fabrics<\/a><\/p><\/div><div class=\"bild-item\"><a href=\"https:\/\/gerster-techtex.com\/wp-content\/uploads\/2025\/07\/ct-tt-gewobene-profile-4.jpg\" rel=\"lightbox[galerie]\" target=\"_blank\" class=\"lightbox-wrapper\" style=\"position:relative;display:inline-block\"><img decoding=\"async\" src=\"https:\/\/gerster-techtex.com\/wp-content\/uploads\/2025\/07\/ct-tt-gewobene-profile-4.jpg\" alt=\"\" class=\"mein-bild\" style=\"display:block\"\/><span class=\"bild-overlay\"><\/span><\/a><p><a href=\"https:\/\/gerster-techtex.com\/en\/produkte\/composite-textilien\/textile-profile\/gewobene-profile-zthl\/\">Woven profiles (Z, T, H, L)<\/a><\/p><\/div><div class=\"bild-item\"><a href=\"https:\/\/gerster-techtex.com\/wp-content\/uploads\/2025\/07\/ct-tt-genaehte-konfektionierte-profile-4.jpg\" rel=\"lightbox[galerie]\" target=\"_blank\" class=\"lightbox-wrapper\" style=\"position:relative;display:inline-block\"><img decoding=\"async\" src=\"https:\/\/gerster-techtex.com\/wp-content\/uploads\/2025\/07\/ct-tt-genaehte-konfektionierte-profile-4.jpg\" alt=\"\" class=\"mein-bild\" style=\"display:block\"\/><span class=\"bild-overlay\"><\/span><\/a><p><a href=\"https:\/\/gerster-techtex.com\/en\/produkte\/composite-textilien\/textile-profile\/genaehte-konfektionierte-profile-zthl\/\">Sewn\/assembled profiles (Z, T, H, L)<\/a><\/p><\/div><\/div><\/div><div class=\"produkt-details-wrapper\"><p>\/\/ Learn more<\/p><h2>Three advantages with TechTex <br><mark style=\"background-color:rgba(0, 0, 0, 0)\" class=\"has-inline-color has-tech-tex-light-blue-color\">in sports<\/mark><\/h2><div class=\"text-blocks-wrapper aufzaehlung\"><div class=\"text-block\"><h3>Flexibility &amp; availability<\/h3><p>Our products are available at short notice and can be flexibly adapted to your specific application.<\/p><\/div><div class=\"text-block\"><h3>Diverse technologies<\/h3><p>Through our diverse textile technologies, especially in the field of narrow textiles, we develop the ideal solution for your product.<\/p><\/div><div class=\"text-block\"><h3>Support in the development of your components<\/h3><p>We support you in the development of your components\u2014from idea generation and prototyping to the finished solution.<\/p><\/div><\/div><\/div><\/div>\n\n\n<div class=\"hintergrundbild-block\" style=\"  width: 100vw;  margin-left: calc(-50vw + 50%);   position: relative;  margin-top: 0px;   margin-bottom: 0px;\">\r\n    <img decoding=\"async\" src=\"https:\/\/gerster-techtex.com\/wp-content\/uploads\/2025\/09\/Sporttechnik-scaled.jpeg\" alt=\"Hintergrundbild\" \r\n       style=\"object-position: center center center; width: 100%; height: 100%; object-fit: cover; position: absolute; top: 0; left: 0; \">\r\n<\/div>","protected":false},"excerpt":{"rendered":"","protected":false},"author":1,"featured_media":0,"parent":10,"menu_order":0,"comment_status":"closed","ping_status":"closed","template":"","meta":{"_acf_changed":false,"footnotes":""},"class_list":["post-48","page","type-page","status-publish","hentry"],"acf":[],"yoast_head":"<!-- This site is optimized with the Yoast SEO plugin v25.9 - https:\/\/yoast.com\/wordpress\/plugins\/seo\/ -->\n<title>Sporttechnik - Gerster TechTex - Ihr innovativer Partner f\u00fcr technische Textilien und Composites<\/title>\n<meta name=\"description\" content=\"Gerster TechTex \u2013 Ihr Spezialist f\u00fcr innovative technische Textilien &amp; Composites. Individuelle L\u00f6sungen f\u00fcr Industrie, Mobilit\u00e4t, Medizintechnik u.\u202fv.\u202fm.\" \/>\n<meta name=\"robots\" content=\"index, follow, max-snippet:-1, max-image-preview:large, max-video-preview:-1\" \/>\n<link rel=\"canonical\" href=\"https:\/\/gerster-techtex.com\/en\/anwendungsbereiche\/sport-orthopaedietechnik\/\" \/>\n<meta property=\"og:locale\" content=\"en_GB\" \/>\n<meta property=\"og:type\" content=\"article\" \/>\n<meta property=\"og:title\" content=\"Sporttechnik - Gerster TechTex - Ihr innovativer Partner f\u00fcr technische Textilien und Composites\" \/>\n<meta property=\"og:description\" content=\"Gerster TechTex \u2013 Ihr Spezialist f\u00fcr innovative technische Textilien &amp; Composites. Individuelle L\u00f6sungen f\u00fcr Industrie, Mobilit\u00e4t, Medizintechnik u.\u202fv.\u202fm.\" \/>\n<meta property=\"og:url\" content=\"https:\/\/gerster-techtex.com\/en\/anwendungsbereiche\/sport-orthopaedietechnik\/\" \/>\n<meta property=\"og:site_name\" content=\"Gerster TechTex - Ihr innovativer Partner f\u00fcr technische Textilien und Composites\" \/>\n<meta property=\"article:publisher\" content=\"https:\/\/www.facebook.com\/GersterCollection\" \/>\n<meta property=\"article:modified_time\" content=\"2025-09-18T09:35:07+00:00\" \/>\n<meta property=\"og:image\" content=\"https:\/\/gerster-techtex.com\/wp-content\/uploads\/2025\/05\/ct-tt-eckverstaerkung-8.jpg\" \/>\n<meta name=\"twitter:card\" content=\"summary_large_image\" \/>\n<meta name=\"twitter:site\" content=\"@GersterFabrics\" \/>\n<meta name=\"twitter:label1\" content=\"Estimated reading time\" \/>\n\t<meta name=\"twitter:data1\" content=\"1 minute\" \/>\n<script type=\"application\/ld+json\" class=\"yoast-schema-graph\">{\"@context\":\"https:\/\/schema.org\",\"@graph\":[{\"@type\":\"WebPage\",\"@id\":\"https:\/\/gerster-techtex.com\/anwendungsbereiche\/sport-orthopaedietechnik\/\",\"url\":\"https:\/\/gerster-techtex.com\/anwendungsbereiche\/sport-orthopaedietechnik\/\",\"name\":\"Sporttechnik - Gerster TechTex - Ihr innovativer Partner f\u00fcr technische Textilien und Composites\",\"isPartOf\":{\"@id\":\"https:\/\/gerster-techtex.com\/#website\"},\"primaryImageOfPage\":{\"@id\":\"https:\/\/gerster-techtex.com\/anwendungsbereiche\/sport-orthopaedietechnik\/#primaryimage\"},\"image\":{\"@id\":\"https:\/\/gerster-techtex.com\/anwendungsbereiche\/sport-orthopaedietechnik\/#primaryimage\"},\"thumbnailUrl\":\"https:\/\/gerster-techtex.com\/wp-content\/uploads\/2025\/05\/ct-tt-eckverstaerkung-8.jpg\",\"datePublished\":\"2025-04-14T08:31:00+00:00\",\"dateModified\":\"2025-09-18T09:35:07+00:00\",\"description\":\"Gerster TechTex \u2013 Ihr Spezialist f\u00fcr innovative technische Textilien & Composites. Individuelle L\u00f6sungen f\u00fcr Industrie, Mobilit\u00e4t, Medizintechnik u.\u202fv.\u202fm.\",\"breadcrumb\":{\"@id\":\"https:\/\/gerster-techtex.com\/anwendungsbereiche\/sport-orthopaedietechnik\/#breadcrumb\"},\"inLanguage\":\"en-GB\",\"potentialAction\":[{\"@type\":\"ReadAction\",\"target\":[\"https:\/\/gerster-techtex.com\/anwendungsbereiche\/sport-orthopaedietechnik\/\"]}]},{\"@type\":\"ImageObject\",\"inLanguage\":\"en-GB\",\"@id\":\"https:\/\/gerster-techtex.com\/anwendungsbereiche\/sport-orthopaedietechnik\/#primaryimage\",\"url\":\"https:\/\/gerster-techtex.com\/wp-content\/uploads\/2025\/05\/ct-tt-eckverstaerkung-8.jpg\",\"contentUrl\":\"https:\/\/gerster-techtex.com\/wp-content\/uploads\/2025\/05\/ct-tt-eckverstaerkung-8.jpg\"},{\"@type\":\"BreadcrumbList\",\"@id\":\"https:\/\/gerster-techtex.com\/anwendungsbereiche\/sport-orthopaedietechnik\/#breadcrumb\",\"itemListElement\":[{\"@type\":\"ListItem\",\"position\":1,\"name\":\"Startseite\",\"item\":\"https:\/\/gerster-techtex.com\/\"},{\"@type\":\"ListItem\",\"position\":2,\"name\":\"Anwendungsbereiche\",\"item\":\"https:\/\/gerster-techtex.com\/anwendungsbereiche\/\"},{\"@type\":\"ListItem\",\"position\":3,\"name\":\"Sporttechnik\"}]},{\"@type\":\"WebSite\",\"@id\":\"https:\/\/gerster-techtex.com\/#website\",\"url\":\"https:\/\/gerster-techtex.com\/\",\"name\":\"Gerster TechTex - Ihr innovativer Partner f\u00fcr technische Textilien und Composites\",\"description\":\"\",\"publisher\":{\"@id\":\"https:\/\/gerster-techtex.com\/#organization\"},\"potentialAction\":[{\"@type\":\"SearchAction\",\"target\":{\"@type\":\"EntryPoint\",\"urlTemplate\":\"https:\/\/gerster-techtex.com\/?s={search_term_string}\"},\"query-input\":{\"@type\":\"PropertyValueSpecification\",\"valueRequired\":true,\"valueName\":\"search_term_string\"}}],\"inLanguage\":\"en-GB\"},{\"@type\":\"Organization\",\"@id\":\"https:\/\/gerster-techtex.com\/#organization\",\"name\":\"Gerster TechTex - Ihr innovativer Partner f\u00fcr technische Textilien und Composites\",\"url\":\"https:\/\/gerster-techtex.com\/\",\"logo\":{\"@type\":\"ImageObject\",\"inLanguage\":\"en-GB\",\"@id\":\"https:\/\/gerster-techtex.com\/#\/schema\/logo\/image\/\",\"url\":\"https:\/\/gerster-techtex.com\/wp-content\/uploads\/2025\/04\/logo.jpg\",\"contentUrl\":\"https:\/\/gerster-techtex.com\/wp-content\/uploads\/2025\/04\/logo.jpg\",\"width\":800,\"height\":379,\"caption\":\"Gerster TechTex - Ihr innovativer Partner f\u00fcr technische Textilien und Composites\"},\"image\":{\"@id\":\"https:\/\/gerster-techtex.com\/#\/schema\/logo\/image\/\"},\"sameAs\":[\"https:\/\/www.facebook.com\/GersterCollection\",\"https:\/\/x.com\/GersterFabrics\",\"https:\/\/www.youtube.com\/user\/GersterCollection\/videos\"]}]}<\/script>\n<!-- \/ Yoast SEO plugin. -->","yoast_head_json":{"title":"Sporttechnik - Gerster TechTex - Ihr innovativer Partner f\u00fcr technische Textilien und Composites","description":"Gerster TechTex \u2013 Ihr Spezialist f\u00fcr innovative technische Textilien & Composites. Individuelle L\u00f6sungen f\u00fcr Industrie, Mobilit\u00e4t, Medizintechnik u.\u202fv.\u202fm.","robots":{"index":"index","follow":"follow","max-snippet":"max-snippet:-1","max-image-preview":"max-image-preview:large","max-video-preview":"max-video-preview:-1"},"canonical":"https:\/\/gerster-techtex.com\/en\/anwendungsbereiche\/sport-orthopaedietechnik\/","og_locale":"en_GB","og_type":"article","og_title":"Sporttechnik - Gerster TechTex - Ihr innovativer Partner f\u00fcr technische Textilien und Composites","og_description":"Gerster TechTex \u2013 Ihr Spezialist f\u00fcr innovative technische Textilien & Composites. Individuelle L\u00f6sungen f\u00fcr Industrie, Mobilit\u00e4t, Medizintechnik u.\u202fv.\u202fm.","og_url":"https:\/\/gerster-techtex.com\/en\/anwendungsbereiche\/sport-orthopaedietechnik\/","og_site_name":"Gerster TechTex - Ihr innovativer Partner f\u00fcr technische Textilien und Composites","article_publisher":"https:\/\/www.facebook.com\/GersterCollection","article_modified_time":"2025-09-18T09:35:07+00:00","og_image":[{"url":"https:\/\/gerster-techtex.com\/wp-content\/uploads\/2025\/05\/ct-tt-eckverstaerkung-8.jpg","type":"","width":"","height":""}],"twitter_card":"summary_large_image","twitter_site":"@GersterFabrics","twitter_misc":{"Estimated reading time":"1 minute"},"schema":{"@context":"https:\/\/schema.org","@graph":[{"@type":"WebPage","@id":"https:\/\/gerster-techtex.com\/anwendungsbereiche\/sport-orthopaedietechnik\/","url":"https:\/\/gerster-techtex.com\/anwendungsbereiche\/sport-orthopaedietechnik\/","name":"Sporttechnik - Gerster TechTex - Ihr innovativer Partner f\u00fcr technische Textilien und Composites","isPartOf":{"@id":"https:\/\/gerster-techtex.com\/#website"},"primaryImageOfPage":{"@id":"https:\/\/gerster-techtex.com\/anwendungsbereiche\/sport-orthopaedietechnik\/#primaryimage"},"image":{"@id":"https:\/\/gerster-techtex.com\/anwendungsbereiche\/sport-orthopaedietechnik\/#primaryimage"},"thumbnailUrl":"https:\/\/gerster-techtex.com\/wp-content\/uploads\/2025\/05\/ct-tt-eckverstaerkung-8.jpg","datePublished":"2025-04-14T08:31:00+00:00","dateModified":"2025-09-18T09:35:07+00:00","description":"Gerster TechTex \u2013 Ihr Spezialist f\u00fcr innovative technische Textilien & Composites. Individuelle L\u00f6sungen f\u00fcr Industrie, Mobilit\u00e4t, Medizintechnik u.\u202fv.\u202fm.","breadcrumb":{"@id":"https:\/\/gerster-techtex.com\/anwendungsbereiche\/sport-orthopaedietechnik\/#breadcrumb"},"inLanguage":"en-GB","potentialAction":[{"@type":"ReadAction","target":["https:\/\/gerster-techtex.com\/anwendungsbereiche\/sport-orthopaedietechnik\/"]}]},{"@type":"ImageObject","inLanguage":"en-GB","@id":"https:\/\/gerster-techtex.com\/anwendungsbereiche\/sport-orthopaedietechnik\/#primaryimage","url":"https:\/\/gerster-techtex.com\/wp-content\/uploads\/2025\/05\/ct-tt-eckverstaerkung-8.jpg","contentUrl":"https:\/\/gerster-techtex.com\/wp-content\/uploads\/2025\/05\/ct-tt-eckverstaerkung-8.jpg"},{"@type":"BreadcrumbList","@id":"https:\/\/gerster-techtex.com\/anwendungsbereiche\/sport-orthopaedietechnik\/#breadcrumb","itemListElement":[{"@type":"ListItem","position":1,"name":"Startseite","item":"https:\/\/gerster-techtex.com\/"},{"@type":"ListItem","position":2,"name":"Anwendungsbereiche","item":"https:\/\/gerster-techtex.com\/anwendungsbereiche\/"},{"@type":"ListItem","position":3,"name":"Sporttechnik"}]},{"@type":"WebSite","@id":"https:\/\/gerster-techtex.com\/#website","url":"https:\/\/gerster-techtex.com\/","name":"Gerster TechTex - Ihr innovativer Partner f\u00fcr technische Textilien und Composites","description":"","publisher":{"@id":"https:\/\/gerster-techtex.com\/#organization"},"potentialAction":[{"@type":"SearchAction","target":{"@type":"EntryPoint","urlTemplate":"https:\/\/gerster-techtex.com\/?s={search_term_string}"},"query-input":{"@type":"PropertyValueSpecification","valueRequired":true,"valueName":"search_term_string"}}],"inLanguage":"en-GB"},{"@type":"Organization","@id":"https:\/\/gerster-techtex.com\/#organization","name":"Gerster TechTex - Ihr innovativer Partner f\u00fcr technische Textilien und Composites","url":"https:\/\/gerster-techtex.com\/","logo":{"@type":"ImageObject","inLanguage":"en-GB","@id":"https:\/\/gerster-techtex.com\/#\/schema\/logo\/image\/","url":"https:\/\/gerster-techtex.com\/wp-content\/uploads\/2025\/04\/logo.jpg","contentUrl":"https:\/\/gerster-techtex.com\/wp-content\/uploads\/2025\/04\/logo.jpg","width":800,"height":379,"caption":"Gerster TechTex - Ihr innovativer Partner f\u00fcr technische Textilien und Composites"},"image":{"@id":"https:\/\/gerster-techtex.com\/#\/schema\/logo\/image\/"},"sameAs":["https:\/\/www.facebook.com\/GersterCollection","https:\/\/x.com\/GersterFabrics","https:\/\/www.youtube.com\/user\/GersterCollection\/videos"]}]}},"_links":{"self":[{"href":"https:\/\/gerster-techtex.com\/en\/wp-json\/wp\/v2\/pages\/48","targetHints":{"allow":["GET"]}}],"collection":[{"href":"https:\/\/gerster-techtex.com\/en\/wp-json\/wp\/v2\/pages"}],"about":[{"href":"https:\/\/gerster-techtex.com\/en\/wp-json\/wp\/v2\/types\/page"}],"author":[{"embeddable":true,"href":"https:\/\/gerster-techtex.com\/en\/wp-json\/wp\/v2\/users\/1"}],"replies":[{"embeddable":true,"href":"https:\/\/gerster-techtex.com\/en\/wp-json\/wp\/v2\/comments?post=48"}],"version-history":[{"count":27,"href":"https:\/\/gerster-techtex.com\/en\/wp-json\/wp\/v2\/pages\/48\/revisions"}],"predecessor-version":[{"id":3069,"href":"https:\/\/gerster-techtex.com\/en\/wp-json\/wp\/v2\/pages\/48\/revisions\/3069"}],"up":[{"embeddable":true,"href":"https:\/\/gerster-techtex.com\/en\/wp-json\/wp\/v2\/pages\/10"}],"wp:attachment":[{"href":"https:\/\/gerster-techtex.com\/en\/wp-json\/wp\/v2\/media?parent=48"}],"curies":[{"name":"wp","href":"https:\/\/api.w.org\/{rel}","templated":true}]}}