{"id":466,"date":"2025-04-28T10:31:29","date_gmt":"2025-04-28T08:31:29","guid":{"rendered":"http:\/\/localhost\/gerster-techtex\/?page_id=466"},"modified":"2025-08-04T14:35:08","modified_gmt":"2025-08-04T12:35:08","slug":"technische-textilien","status":"publish","type":"page","link":"https:\/\/gerster-techtex.com\/en\/kategorie\/technische-textilien\/","title":{"rendered":"Technical textiles"},"content":{"rendered":"<div class=\"hintergrundbild-block hintergrundbild-verlauf rel\" style=\"  width: 100vw;  margin-left: calc(-50vw + 50%);   position: relative;  margin-top: 0px;   margin-bottom: 0px;\">\r\n    <img decoding=\"async\" src=\"https:\/\/gerster-techtex.com\/wp-content\/uploads\/2025\/07\/ersatzbild-keramik-gewebe.jpg\" alt=\"Hintergrundbild\" \r\n       style=\"object-position: center center center; width: 100%; height: 100%; object-fit: cover; position: absolute; top: 0; left: 0; \">\r\n<\/div>\r\n\r\n\r\n    \n\n\n<div class=\"wp-block-custom-allgemein-ueberschrift ueberschrift-info\"><div class=\"wp-block-columns\"><div class=\"wp-block-column\" style=\"flex-basis:50%\"><p>\/\/ Composites<\/p><h1>Technical textiles<br><mark style=\"background-color:rgba(0, 0, 0, 0)\" class=\"has-inline-color has-tech-tex-light-blue-color\">at a glance<\/mark><\/h1><\/div><div class=\"wp-block-column\" style=\"flex-basis:50%\">\n<div class=\"wp-block-buttons is-layout-flex wp-block-buttons-is-layout-flex\">\n<div class=\"wp-block-button is-style-icon-button\"><a class=\"wp-block-button__link wp-element-button\" href=\"\/en\/\">news<\/a><\/div>\n<\/div>\n<\/div><\/div><\/div>\n\n\n<div class=\"child-pages grid-3\"><div class=\"child-page\"><div class=\"child-page-image\"><img loading=\"lazy\" decoding=\"async\" width=\"400\" height=\"267\" src=\"https:\/\/gerster-techtex.com\/wp-content\/uploads\/2025\/05\/tt-antistatische-buersten-2-400x267.jpg\" class=\"attachment-medium size-medium wp-post-image\" alt=\"\" srcset=\"https:\/\/gerster-techtex.com\/wp-content\/uploads\/2025\/05\/tt-antistatische-buersten-2-400x267.jpg 400w, https:\/\/gerster-techtex.com\/wp-content\/uploads\/2025\/05\/tt-antistatische-buersten-2-1024x683.jpg 1024w, https:\/\/gerster-techtex.com\/wp-content\/uploads\/2025\/05\/tt-antistatische-buersten-2-768x512.jpg 768w, https:\/\/gerster-techtex.com\/wp-content\/uploads\/2025\/05\/tt-antistatische-buersten-2-1536x1024.jpg 1536w, https:\/\/gerster-techtex.com\/wp-content\/uploads\/2025\/05\/tt-antistatische-buersten-2-18x12.jpg 18w, https:\/\/gerster-techtex.com\/wp-content\/uploads\/2025\/05\/tt-antistatische-buersten-2.jpg 1920w\" sizes=\"auto, (max-width: 400px) 100vw, 400px\" \/><a href=\"https:\/\/gerster-techtex.com\/en\/kategorie\/technische-textilien\/antistatische-buersten\/\"><\/a><\/div><div class=\"child-page-text\"><a href=\"https:\/\/gerster-techtex.com\/en\/kategorie\/technische-textilien\/antistatische-buersten\/\">Antistatic brushes<\/a><\/div><\/div><div class=\"child-page\"><div class=\"child-page-image\"><img loading=\"lazy\" decoding=\"async\" width=\"400\" height=\"267\" src=\"https:\/\/gerster-techtex.com\/wp-content\/uploads\/2025\/05\/ct-tt-geflochtene-schlaeucher-10-400x267.jpg\" class=\"attachment-medium size-medium wp-post-image\" alt=\"\" srcset=\"https:\/\/gerster-techtex.com\/wp-content\/uploads\/2025\/05\/ct-tt-geflochtene-schlaeucher-10-400x267.jpg 400w, https:\/\/gerster-techtex.com\/wp-content\/uploads\/2025\/05\/ct-tt-geflochtene-schlaeucher-10-1024x683.jpg 1024w, https:\/\/gerster-techtex.com\/wp-content\/uploads\/2025\/05\/ct-tt-geflochtene-schlaeucher-10-768x512.jpg 768w, https:\/\/gerster-techtex.com\/wp-content\/uploads\/2025\/05\/ct-tt-geflochtene-schlaeucher-10-1536x1024.jpg 1536w, https:\/\/gerster-techtex.com\/wp-content\/uploads\/2025\/05\/ct-tt-geflochtene-schlaeucher-10-18x12.jpg 18w, https:\/\/gerster-techtex.com\/wp-content\/uploads\/2025\/05\/ct-tt-geflochtene-schlaeucher-10.jpg 1920w\" sizes=\"auto, (max-width: 400px) 100vw, 400px\" \/><a href=\"https:\/\/gerster-techtex.com\/en\/kategorie\/technische-textilien\/tt-baender\/\"><\/a><\/div><div class=\"child-page-text\"><a href=\"https:\/\/gerster-techtex.com\/en\/kategorie\/technische-textilien\/tt-baender\/\">Tapes<\/a><\/div><\/div><div class=\"child-page\"><div class=\"child-page-image\"><img loading=\"lazy\" decoding=\"async\" width=\"400\" height=\"267\" src=\"https:\/\/gerster-techtex.com\/wp-content\/uploads\/2025\/05\/tt-gittergewirke-4-400x267.jpg\" class=\"attachment-medium size-medium wp-post-image\" alt=\"\" srcset=\"https:\/\/gerster-techtex.com\/wp-content\/uploads\/2025\/05\/tt-gittergewirke-4-400x267.jpg 400w, https:\/\/gerster-techtex.com\/wp-content\/uploads\/2025\/05\/tt-gittergewirke-4-1024x683.jpg 1024w, https:\/\/gerster-techtex.com\/wp-content\/uploads\/2025\/05\/tt-gittergewirke-4-768x512.jpg 768w, https:\/\/gerster-techtex.com\/wp-content\/uploads\/2025\/05\/tt-gittergewirke-4-1536x1024.jpg 1536w, https:\/\/gerster-techtex.com\/wp-content\/uploads\/2025\/05\/tt-gittergewirke-4-18x12.jpg 18w, https:\/\/gerster-techtex.com\/wp-content\/uploads\/2025\/05\/tt-gittergewirke-4.jpg 1920w\" sizes=\"auto, (max-width: 400px) 100vw, 400px\" \/><a href=\"https:\/\/gerster-techtex.com\/en\/kategorie\/technische-textilien\/gewirke\/\"><\/a><\/div><div class=\"child-page-text\"><a href=\"https:\/\/gerster-techtex.com\/en\/kategorie\/technische-textilien\/gewirke\/\">Knitted fabrics<\/a><\/div><\/div><div class=\"child-page\"><div class=\"child-page-image\"><img loading=\"lazy\" decoding=\"async\" width=\"400\" height=\"383\" src=\"https:\/\/gerster-techtex.com\/wp-content\/uploads\/2025\/05\/tt-vorkonfektionierte-textilien-2-400x383.jpg\" class=\"attachment-medium size-medium wp-post-image\" alt=\"\" srcset=\"https:\/\/gerster-techtex.com\/wp-content\/uploads\/2025\/05\/tt-vorkonfektionierte-textilien-2-400x383.jpg 400w, https:\/\/gerster-techtex.com\/wp-content\/uploads\/2025\/05\/tt-vorkonfektionierte-textilien-2-1024x980.jpg 1024w, https:\/\/gerster-techtex.com\/wp-content\/uploads\/2025\/05\/tt-vorkonfektionierte-textilien-2-768x735.jpg 768w, https:\/\/gerster-techtex.com\/wp-content\/uploads\/2025\/05\/tt-vorkonfektionierte-textilien-2-1536x1470.jpg 1536w, https:\/\/gerster-techtex.com\/wp-content\/uploads\/2025\/05\/tt-vorkonfektionierte-textilien-2-13x12.jpg 13w, https:\/\/gerster-techtex.com\/wp-content\/uploads\/2025\/05\/tt-vorkonfektionierte-textilien-2.jpg 1920w\" sizes=\"auto, (max-width: 400px) 100vw, 400px\" \/><a href=\"https:\/\/gerster-techtex.com\/en\/kategorie\/technische-textilien\/konfektion\/\"><\/a><\/div><div class=\"child-page-text\"><a href=\"https:\/\/gerster-techtex.com\/en\/kategorie\/technische-textilien\/konfektion\/\">Manufacturing<\/a><\/div><\/div><div class=\"child-page\"><div class=\"child-page-image\"><img loading=\"lazy\" decoding=\"async\" width=\"400\" height=\"267\" src=\"https:\/\/gerster-techtex.com\/wp-content\/uploads\/2025\/05\/ct-tt-geflochtene-schlaeucher-18-400x267.jpg\" class=\"attachment-medium size-medium wp-post-image\" alt=\"\" srcset=\"https:\/\/gerster-techtex.com\/wp-content\/uploads\/2025\/05\/ct-tt-geflochtene-schlaeucher-18-400x267.jpg 400w, https:\/\/gerster-techtex.com\/wp-content\/uploads\/2025\/05\/ct-tt-geflochtene-schlaeucher-18-1024x683.jpg 1024w, https:\/\/gerster-techtex.com\/wp-content\/uploads\/2025\/05\/ct-tt-geflochtene-schlaeucher-18-768x512.jpg 768w, https:\/\/gerster-techtex.com\/wp-content\/uploads\/2025\/05\/ct-tt-geflochtene-schlaeucher-18-1536x1024.jpg 1536w, https:\/\/gerster-techtex.com\/wp-content\/uploads\/2025\/05\/ct-tt-geflochtene-schlaeucher-18-18x12.jpg 18w, https:\/\/gerster-techtex.com\/wp-content\/uploads\/2025\/05\/ct-tt-geflochtene-schlaeucher-18.jpg 1920w\" sizes=\"auto, (max-width: 400px) 100vw, 400px\" \/><a href=\"https:\/\/gerster-techtex.com\/en\/kategorie\/technische-textilien\/tt-schlaeuche\/\"><\/a><\/div><div class=\"child-page-text\"><a href=\"https:\/\/gerster-techtex.com\/en\/kategorie\/technische-textilien\/tt-schlaeuche\/\">Hoses<\/a><\/div><\/div><div class=\"child-page\"><div class=\"child-page-image\"><img loading=\"lazy\" decoding=\"async\" width=\"400\" height=\"266\" src=\"https:\/\/gerster-techtex.com\/wp-content\/uploads\/2025\/05\/tt-gezwirnte-schnuere-4-400x266.jpg\" class=\"attachment-medium size-medium wp-post-image\" alt=\"\" srcset=\"https:\/\/gerster-techtex.com\/wp-content\/uploads\/2025\/05\/tt-gezwirnte-schnuere-4-400x266.jpg 400w, https:\/\/gerster-techtex.com\/wp-content\/uploads\/2025\/05\/tt-gezwirnte-schnuere-4-1024x680.jpg 1024w, https:\/\/gerster-techtex.com\/wp-content\/uploads\/2025\/05\/tt-gezwirnte-schnuere-4-768x510.jpg 768w, https:\/\/gerster-techtex.com\/wp-content\/uploads\/2025\/05\/tt-gezwirnte-schnuere-4-1536x1020.jpg 1536w, https:\/\/gerster-techtex.com\/wp-content\/uploads\/2025\/05\/tt-gezwirnte-schnuere-4-18x12.jpg 18w, https:\/\/gerster-techtex.com\/wp-content\/uploads\/2025\/05\/tt-gezwirnte-schnuere-4.jpg 1920w\" sizes=\"auto, (max-width: 400px) 100vw, 400px\" \/><a href=\"https:\/\/gerster-techtex.com\/en\/kategorie\/technische-textilien\/schnuere-biesen\/\"><\/a><\/div><div class=\"child-page-text\"><a href=\"https:\/\/gerster-techtex.com\/en\/kategorie\/technische-textilien\/schnuere-biesen\/\">Cords &amp; piping<\/a><\/div><\/div><div class=\"child-page\"><div class=\"child-page-image\"><img loading=\"lazy\" decoding=\"async\" width=\"400\" height=\"224\" src=\"https:\/\/gerster-techtex.com\/wp-content\/uploads\/2025\/05\/ft-ct-breitgewebe-1-400x224.jpg\" class=\"attachment-medium size-medium wp-post-image\" alt=\"\" srcset=\"https:\/\/gerster-techtex.com\/wp-content\/uploads\/2025\/05\/ft-ct-breitgewebe-1-400x224.jpg 400w, https:\/\/gerster-techtex.com\/wp-content\/uploads\/2025\/05\/ft-ct-breitgewebe-1-1024x572.jpg 1024w, https:\/\/gerster-techtex.com\/wp-content\/uploads\/2025\/05\/ft-ct-breitgewebe-1-768x429.jpg 768w, https:\/\/gerster-techtex.com\/wp-content\/uploads\/2025\/05\/ft-ct-breitgewebe-1-1536x858.jpg 1536w, https:\/\/gerster-techtex.com\/wp-content\/uploads\/2025\/05\/ft-ct-breitgewebe-1-18x10.jpg 18w, https:\/\/gerster-techtex.com\/wp-content\/uploads\/2025\/05\/ft-ct-breitgewebe-1.jpg 1920w\" sizes=\"auto, (max-width: 400px) 100vw, 400px\" \/><a href=\"https:\/\/gerster-techtex.com\/en\/kategorie\/technische-textilien\/tt-gewebe\/\"><\/a><\/div><div class=\"child-page-text\"><a href=\"https:\/\/gerster-techtex.com\/en\/kategorie\/technische-textilien\/tt-gewebe\/\">woven fabrics<\/a><\/div><\/div><div class=\"child-page\"><div class=\"child-page-image\"><img loading=\"lazy\" decoding=\"async\" width=\"400\" height=\"267\" src=\"https:\/\/gerster-techtex.com\/wp-content\/uploads\/2025\/05\/ft-heiztextilien-5-400x267.jpg\" class=\"attachment-medium size-medium wp-post-image\" alt=\"\" srcset=\"https:\/\/gerster-techtex.com\/wp-content\/uploads\/2025\/05\/ft-heiztextilien-5-400x267.jpg 400w, https:\/\/gerster-techtex.com\/wp-content\/uploads\/2025\/05\/ft-heiztextilien-5-1024x683.jpg 1024w, https:\/\/gerster-techtex.com\/wp-content\/uploads\/2025\/05\/ft-heiztextilien-5-768x512.jpg 768w, https:\/\/gerster-techtex.com\/wp-content\/uploads\/2025\/05\/ft-heiztextilien-5-1536x1024.jpg 1536w, https:\/\/gerster-techtex.com\/wp-content\/uploads\/2025\/05\/ft-heiztextilien-5-18x12.jpg 18w, https:\/\/gerster-techtex.com\/wp-content\/uploads\/2025\/05\/ft-heiztextilien-5.jpg 1920w\" sizes=\"auto, (max-width: 400px) 100vw, 400px\" \/><a href=\"https:\/\/gerster-techtex.com\/en\/kategorie\/technische-textilien\/funktionale-textilien\/\"><\/a><\/div><div class=\"child-page-text\"><a href=\"https:\/\/gerster-techtex.com\/en\/kategorie\/technische-textilien\/funktionale-textilien\/\">Functional textiles<\/a><\/div><\/div><\/div>\n\n\n\n<div style=\"height:100px\" aria-hidden=\"true\" class=\"wp-block-spacer\"><\/div>\n\n\n<div class=\"hintergrundbild-block\" style=\"  width: 100vw;  margin-left: calc(-50vw + 50%);   position: relative;  margin-top: 0px;   margin-bottom: 0px;\">\r\n    <img decoding=\"async\" src=\"https:\/\/gerster-techtex.com\/wp-content\/uploads\/2025\/05\/tt-abstandsgewirke-1.jpg\" alt=\"Hintergrundbild\" \r\n       style=\"object-position: center center center; width: 100%; height: 100%; object-fit: cover; position: absolute; top: 0; left: 0; \">\r\n<\/div>","protected":false},"excerpt":{"rendered":"","protected":false},"author":1,"featured_media":0,"parent":25,"menu_order":0,"comment_status":"closed","ping_status":"closed","template":"","meta":{"_acf_changed":false,"footnotes":""},"class_list":["post-466","page","type-page","status-publish","hentry"],"acf":[],"yoast_head":"<!-- This site is optimized with the Yoast SEO plugin v25.9 - https:\/\/yoast.com\/wordpress\/plugins\/seo\/ -->\n<title>Technische Textilien - Gerster TechTex - Ihr innovativer Partner f\u00fcr technische Textilien und Composites<\/title>\n<meta name=\"description\" content=\"Gerster TechTex \u2013 Ihr Spezialist f\u00fcr innovative technische Textilien &amp; Composites. Individuelle L\u00f6sungen f\u00fcr Industrie, Mobilit\u00e4t, Medizintechnik u.\u202fv.\u202fm.\" \/>\n<meta name=\"robots\" content=\"index, follow, max-snippet:-1, max-image-preview:large, max-video-preview:-1\" \/>\n<link rel=\"canonical\" href=\"https:\/\/gerster-techtex.com\/en\/kategorie\/technische-textilien\/\" \/>\n<meta property=\"og:locale\" content=\"en_GB\" \/>\n<meta property=\"og:type\" content=\"article\" \/>\n<meta property=\"og:title\" content=\"Technische Textilien - Gerster TechTex - Ihr innovativer Partner f\u00fcr technische Textilien und Composites\" \/>\n<meta property=\"og:description\" content=\"Gerster TechTex \u2013 Ihr Spezialist f\u00fcr innovative technische Textilien &amp; Composites. Individuelle L\u00f6sungen f\u00fcr Industrie, Mobilit\u00e4t, Medizintechnik u.\u202fv.\u202fm.\" \/>\n<meta property=\"og:url\" content=\"https:\/\/gerster-techtex.com\/en\/kategorie\/technische-textilien\/\" \/>\n<meta property=\"og:site_name\" content=\"Gerster TechTex - Ihr innovativer Partner f\u00fcr technische Textilien und Composites\" \/>\n<meta property=\"article:publisher\" content=\"https:\/\/www.facebook.com\/GersterCollection\" \/>\n<meta property=\"article:modified_time\" content=\"2025-08-04T12:35:08+00:00\" \/>\n<meta name=\"twitter:card\" content=\"summary_large_image\" \/>\n<meta name=\"twitter:site\" content=\"@GersterFabrics\" \/>\n<script type=\"application\/ld+json\" class=\"yoast-schema-graph\">{\"@context\":\"https:\/\/schema.org\",\"@graph\":[{\"@type\":\"WebPage\",\"@id\":\"https:\/\/gerster-techtex.com\/kategorie\/technische-textilien\/\",\"url\":\"https:\/\/gerster-techtex.com\/kategorie\/technische-textilien\/\",\"name\":\"Technische Textilien - Gerster TechTex - Ihr innovativer Partner f\u00fcr technische Textilien und Composites\",\"isPartOf\":{\"@id\":\"https:\/\/gerster-techtex.com\/#website\"},\"datePublished\":\"2025-04-28T08:31:29+00:00\",\"dateModified\":\"2025-08-04T12:35:08+00:00\",\"description\":\"Gerster TechTex \u2013 Ihr Spezialist f\u00fcr innovative technische Textilien & Composites. Individuelle L\u00f6sungen f\u00fcr Industrie, Mobilit\u00e4t, Medizintechnik u.\u202fv.\u202fm.\",\"breadcrumb\":{\"@id\":\"https:\/\/gerster-techtex.com\/kategorie\/technische-textilien\/#breadcrumb\"},\"inLanguage\":\"en-GB\",\"potentialAction\":[{\"@type\":\"ReadAction\",\"target\":[\"https:\/\/gerster-techtex.com\/kategorie\/technische-textilien\/\"]}]},{\"@type\":\"BreadcrumbList\",\"@id\":\"https:\/\/gerster-techtex.com\/kategorie\/technische-textilien\/#breadcrumb\",\"itemListElement\":[{\"@type\":\"ListItem\",\"position\":1,\"name\":\"Startseite\",\"item\":\"https:\/\/gerster-techtex.com\/\"},{\"@type\":\"ListItem\",\"position\":2,\"name\":\"Produkte\",\"item\":\"https:\/\/gerster-techtex.com\/kategorie\/\"},{\"@type\":\"ListItem\",\"position\":3,\"name\":\"Technische Textilien\"}]},{\"@type\":\"WebSite\",\"@id\":\"https:\/\/gerster-techtex.com\/#website\",\"url\":\"https:\/\/gerster-techtex.com\/\",\"name\":\"Gerster TechTex - Ihr innovativer Partner f\u00fcr technische Textilien und Composites\",\"description\":\"\",\"publisher\":{\"@id\":\"https:\/\/gerster-techtex.com\/#organization\"},\"potentialAction\":[{\"@type\":\"SearchAction\",\"target\":{\"@type\":\"EntryPoint\",\"urlTemplate\":\"https:\/\/gerster-techtex.com\/?s={search_term_string}\"},\"query-input\":{\"@type\":\"PropertyValueSpecification\",\"valueRequired\":true,\"valueName\":\"search_term_string\"}}],\"inLanguage\":\"en-GB\"},{\"@type\":\"Organization\",\"@id\":\"https:\/\/gerster-techtex.com\/#organization\",\"name\":\"Gerster TechTex - Ihr innovativer Partner f\u00fcr technische Textilien und Composites\",\"url\":\"https:\/\/gerster-techtex.com\/\",\"logo\":{\"@type\":\"ImageObject\",\"inLanguage\":\"en-GB\",\"@id\":\"https:\/\/gerster-techtex.com\/#\/schema\/logo\/image\/\",\"url\":\"https:\/\/gerster-techtex.com\/wp-content\/uploads\/2025\/04\/logo.jpg\",\"contentUrl\":\"https:\/\/gerster-techtex.com\/wp-content\/uploads\/2025\/04\/logo.jpg\",\"width\":800,\"height\":379,\"caption\":\"Gerster TechTex - Ihr innovativer Partner f\u00fcr technische Textilien und Composites\"},\"image\":{\"@id\":\"https:\/\/gerster-techtex.com\/#\/schema\/logo\/image\/\"},\"sameAs\":[\"https:\/\/www.facebook.com\/GersterCollection\",\"https:\/\/x.com\/GersterFabrics\",\"https:\/\/www.youtube.com\/user\/GersterCollection\/videos\"]}]}<\/script>\n<!-- \/ Yoast SEO plugin. -->","yoast_head_json":{"title":"Technische Textilien - Gerster TechTex - Ihr innovativer Partner f\u00fcr technische Textilien und Composites","description":"Gerster TechTex \u2013 Ihr Spezialist f\u00fcr innovative technische Textilien & Composites. Individuelle L\u00f6sungen f\u00fcr Industrie, Mobilit\u00e4t, Medizintechnik u.\u202fv.\u202fm.","robots":{"index":"index","follow":"follow","max-snippet":"max-snippet:-1","max-image-preview":"max-image-preview:large","max-video-preview":"max-video-preview:-1"},"canonical":"https:\/\/gerster-techtex.com\/en\/kategorie\/technische-textilien\/","og_locale":"en_GB","og_type":"article","og_title":"Technische Textilien - Gerster TechTex - Ihr innovativer Partner f\u00fcr technische Textilien und Composites","og_description":"Gerster TechTex \u2013 Ihr Spezialist f\u00fcr innovative technische Textilien & Composites. Individuelle L\u00f6sungen f\u00fcr Industrie, Mobilit\u00e4t, Medizintechnik u.\u202fv.\u202fm.","og_url":"https:\/\/gerster-techtex.com\/en\/kategorie\/technische-textilien\/","og_site_name":"Gerster TechTex - Ihr innovativer Partner f\u00fcr technische Textilien und Composites","article_publisher":"https:\/\/www.facebook.com\/GersterCollection","article_modified_time":"2025-08-04T12:35:08+00:00","twitter_card":"summary_large_image","twitter_site":"@GersterFabrics","schema":{"@context":"https:\/\/schema.org","@graph":[{"@type":"WebPage","@id":"https:\/\/gerster-techtex.com\/kategorie\/technische-textilien\/","url":"https:\/\/gerster-techtex.com\/kategorie\/technische-textilien\/","name":"Technische Textilien - Gerster TechTex - Ihr innovativer Partner f\u00fcr technische Textilien und Composites","isPartOf":{"@id":"https:\/\/gerster-techtex.com\/#website"},"datePublished":"2025-04-28T08:31:29+00:00","dateModified":"2025-08-04T12:35:08+00:00","description":"Gerster TechTex \u2013 Ihr Spezialist f\u00fcr innovative technische Textilien & Composites. Individuelle L\u00f6sungen f\u00fcr Industrie, Mobilit\u00e4t, Medizintechnik u.\u202fv.\u202fm.","breadcrumb":{"@id":"https:\/\/gerster-techtex.com\/kategorie\/technische-textilien\/#breadcrumb"},"inLanguage":"en-GB","potentialAction":[{"@type":"ReadAction","target":["https:\/\/gerster-techtex.com\/kategorie\/technische-textilien\/"]}]},{"@type":"BreadcrumbList","@id":"https:\/\/gerster-techtex.com\/kategorie\/technische-textilien\/#breadcrumb","itemListElement":[{"@type":"ListItem","position":1,"name":"Startseite","item":"https:\/\/gerster-techtex.com\/"},{"@type":"ListItem","position":2,"name":"Produkte","item":"https:\/\/gerster-techtex.com\/kategorie\/"},{"@type":"ListItem","position":3,"name":"Technische Textilien"}]},{"@type":"WebSite","@id":"https:\/\/gerster-techtex.com\/#website","url":"https:\/\/gerster-techtex.com\/","name":"Gerster TechTex - Ihr innovativer Partner f\u00fcr technische Textilien und Composites","description":"","publisher":{"@id":"https:\/\/gerster-techtex.com\/#organization"},"potentialAction":[{"@type":"SearchAction","target":{"@type":"EntryPoint","urlTemplate":"https:\/\/gerster-techtex.com\/?s={search_term_string}"},"query-input":{"@type":"PropertyValueSpecification","valueRequired":true,"valueName":"search_term_string"}}],"inLanguage":"en-GB"},{"@type":"Organization","@id":"https:\/\/gerster-techtex.com\/#organization","name":"Gerster TechTex - Ihr innovativer Partner f\u00fcr technische Textilien und Composites","url":"https:\/\/gerster-techtex.com\/","logo":{"@type":"ImageObject","inLanguage":"en-GB","@id":"https:\/\/gerster-techtex.com\/#\/schema\/logo\/image\/","url":"https:\/\/gerster-techtex.com\/wp-content\/uploads\/2025\/04\/logo.jpg","contentUrl":"https:\/\/gerster-techtex.com\/wp-content\/uploads\/2025\/04\/logo.jpg","width":800,"height":379,"caption":"Gerster TechTex - Ihr innovativer Partner f\u00fcr technische Textilien und Composites"},"image":{"@id":"https:\/\/gerster-techtex.com\/#\/schema\/logo\/image\/"},"sameAs":["https:\/\/www.facebook.com\/GersterCollection","https:\/\/x.com\/GersterFabrics","https:\/\/www.youtube.com\/user\/GersterCollection\/videos"]}]}},"_links":{"self":[{"href":"https:\/\/gerster-techtex.com\/en\/wp-json\/wp\/v2\/pages\/466","targetHints":{"allow":["GET"]}}],"collection":[{"href":"https:\/\/gerster-techtex.com\/en\/wp-json\/wp\/v2\/pages"}],"about":[{"href":"https:\/\/gerster-techtex.com\/en\/wp-json\/wp\/v2\/types\/page"}],"author":[{"embeddable":true,"href":"https:\/\/gerster-techtex.com\/en\/wp-json\/wp\/v2\/users\/1"}],"replies":[{"embeddable":true,"href":"https:\/\/gerster-techtex.com\/en\/wp-json\/wp\/v2\/comments?post=466"}],"version-history":[{"count":7,"href":"https:\/\/gerster-techtex.com\/en\/wp-json\/wp\/v2\/pages\/466\/revisions"}],"predecessor-version":[{"id":2499,"href":"https:\/\/gerster-techtex.com\/en\/wp-json\/wp\/v2\/pages\/466\/revisions\/2499"}],"up":[{"embeddable":true,"href":"https:\/\/gerster-techtex.com\/en\/wp-json\/wp\/v2\/pages\/25"}],"wp:attachment":[{"href":"https:\/\/gerster-techtex.com\/en\/wp-json\/wp\/v2\/media?parent=466"}],"curies":[{"name":"wp","href":"https:\/\/api.w.org\/{rel}","templated":true}]}}