{"id":460,"date":"2025-04-28T09:57:59","date_gmt":"2025-04-28T07:57:59","guid":{"rendered":"http:\/\/localhost\/gerster-techtex\/?page_id=460"},"modified":"2025-09-05T11:40:38","modified_gmt":"2025-09-05T09:40:38","slug":"stellenangebote","status":"publish","type":"page","link":"https:\/\/gerster-techtex.com\/en\/karriere\/stellenangebote\/","title":{"rendered":"Job offers"},"content":{"rendered":"<div class=\"hintergrundbild-block hintergrundbild-verlauf rel\" style=\"  width: 100vw;  margin-left: calc(-50vw + 50%);   position: relative;  margin-top: 0px;   margin-bottom: 0px;\">\r\n    <img decoding=\"async\" src=\"https:\/\/gerster-techtex.com\/wp-content\/uploads\/2025\/07\/gerster-karriere-1.jpg\" alt=\"Hintergrundbild\" \r\n       style=\"object-position: top center; width: 100%; height: 100%; object-fit: cover; position: absolute; top: 0; left: 0; \">\r\n<\/div>\r\n\r\n\r\n    \n\n\n<div class=\"wp-block-custom-produkt-ueberschrift ueberschrift-info\"><div class=\"wp-block-columns\"><div class=\"wp-block-column\" style=\"flex-basis:50%\"><p>Job offers<\/p><h1>Open Positions <br><mark style=\"background-color:rgba(0, 0, 0, 0)\" class=\"has-inline-color has-tech-tex-light-blue-color\">Gerster TechTex<\/mark><\/h1><\/div><div class=\"wp-block-column\" style=\"flex-basis:50%\"><div class=\"wp-block-buttons\">\n<div class=\"wp-block-buttons is-content-justification-right is-layout-flex wp-container-core-buttons-is-layout-765c4724 wp-block-buttons-is-layout-flex\">\n<div class=\"wp-block-button\"><a class=\"wp-block-button__link wp-element-button\" href=\"https:\/\/form.typeform.com\/to\/pEMmX4KT?typeform-source=linktr.ee\" target=\"_blank\" rel=\"noreferrer noopener\">Unsolicited application<\/a><\/div>\n<\/div>\n<\/div><\/div><\/div><\/div>\n\n\n\n<div class=\"wp-block-columns is-layout-flex wp-container-core-columns-is-layout-9d6595d7 wp-block-columns-is-layout-flex\">\n<div class=\"wp-block-column is-layout-flow wp-block-column-is-layout-flow\" style=\"flex-basis:33.33%\">\n<p>\/\/ Job Offer<\/p>\n<\/div>\n\n\n\n<div class=\"wp-block-column is-layout-flow wp-block-column-is-layout-flow\" style=\"flex-basis:66.66%\">\n<h2 class=\"wp-block-heading\">Discover <mark style=\"background-color:rgba(0, 0, 0, 0)\" class=\"has-inline-color has-tech-tex-light-blue-color\">career opportunities<\/mark> in the textile industry with tradition and innovation<\/h2>\n\n\n\n<p>As an internationally operating, medium-sized family business in the textile industry with over 140 years of experience, we offer you a diverse working environment. Our business divisions HeimTex and TechTex cover a wide range \u2013 from decorative curtains and trimmings to innovative technical textiles for composites, smart textiles, and industrial applications.<\/p>\n\n\n\n<p>Thanks to this diversity, we offer a wide range of professions and development opportunities \u2013 from skilled trades to technical and commercial fields. Discover our current job openings now and become part of our dedicated team!<\/p>\n<\/div>\n<\/div>\n\n\n<div class=\"custom-query-loop stellenangebot-query\"><a href=\"https:\/\/gerster-techtex.com\/en\/karriere\/stellenangebote\/ausbildung-zum-fachinformatiker-fuer-systemintegration-m-w-d\/\" aria-label=\"Beitrag Ausbildung zum Fachinformatiker f\u00fcr Systemintegration (m\/w\/d) lesen\" title=\"Read article\"><div class=\"row stellenangebote\"><div class=\"col-7\"><h3 class=\"job-title\">Training as an IT specialist for system integration (m\/f\/d)<\/h3><\/div><div class=\"col-5\"<div><p> Apprenticeship<\/p><i class=\"fa-solid fa-arrow-right\"><\/i><\/div><\/div><\/a><a href=\"https:\/\/gerster-techtex.com\/en\/karriere\/stellenangebote\/ausbildung-zum-industriekaufmann-m-w-d\/\" aria-label=\"Beitrag Ausbildung zum Industriekaufmann (m\/w\/d) lesen\" title=\"Read article\"><div class=\"row stellenangebote\"><div class=\"col-7\"><h3 class=\"job-title\">Training as an industrial clerk (m\/f\/d)<\/h3><\/div><div class=\"col-5\"<div><p> Apprenticeship<\/p><i class=\"fa-solid fa-arrow-right\"><\/i><\/div><\/div><\/a><a href=\"https:\/\/gerster-techtex.com\/en\/karriere\/stellenangebote\/duales-studium-betriebswirtschaftslehre-mit-schwerpunkt-industrie\/\" aria-label=\"Beitrag Duales Studium Betriebswirtschaftslehre mit Schwerpunkt: Industrie lesen\" title=\"Read article\"><div class=\"row stellenangebote\"><div class=\"col-7\"><h3 class=\"job-title\">Dual study program in business administration with a focus on industry<\/h3><\/div><div class=\"col-5\"<div><p> Dual Study Program<\/p><i class=\"fa-solid fa-arrow-right\"><\/i><\/div><\/div><\/a><a href=\"https:\/\/gerster-techtex.com\/en\/karriere\/stellenangebote\/duales-studium-betriebswirtschaftslehre-mit-schwerpunkt-international-business\/\" aria-label=\"Beitrag Duales Studium Betriebswirtschaftslehre mit Schwerpunkt: International Business lesen\" title=\"Read article\"><div class=\"row stellenangebote\"><div class=\"col-7\"><h3 class=\"job-title\">Dual study program in business administration with a focus on international business<\/h3><\/div><div class=\"col-5\"<div><p> Dual Study Program<\/p><i class=\"fa-solid fa-arrow-right\"><\/i><\/div><\/div><\/a><a href=\"https:\/\/gerster-techtex.com\/en\/karriere\/stellenangebote\/ausbildung-zum-produktionsmechaniker-m-w-d\/\" aria-label=\"Beitrag Ausbildung zum Produktionsmechaniker (m\/w\/d) lesen\" title=\"Read article\"><div class=\"row stellenangebote\"><div class=\"col-7\"><h3 class=\"job-title\">Training as a production mechanic (m\/f\/d)<\/h3><\/div><div class=\"col-5\"<div><p> Apprenticeship<\/p><i class=\"fa-solid fa-arrow-right\"><\/i><\/div><\/div><\/a><a href=\"https:\/\/gerster-techtex.com\/en\/karriere\/stellenangebote\/ausbildung-zum-maschinen-und-anlagefuehrer-m-w-d-schwerpunkt-textiltechnik\/\" aria-label=\"Beitrag Ausbildung zum Maschinen- und Anlagef\u00fchrer (m\/w\/d) Schwerpunkt: Textiltechnik lesen\" title=\"Read article\"><div class=\"row stellenangebote\"><div class=\"col-7\"><h3 class=\"job-title\">Training as a machine and plant operator (m\/f\/d) Focus: Textile technology<\/h3><\/div><div class=\"col-5\"<div><p> Apprenticeship<\/p><i class=\"fa-solid fa-arrow-right\"><\/i><\/div><\/div><\/a><a href=\"https:\/\/gerster-techtex.com\/en\/karriere\/stellenangebote\/ausbildung-zur-zum-kauffrau-mann-im-e-commerce\/\" aria-label=\"Beitrag Ausbildung zum Kaufmann im E-Commerce (m\/w\/d) lesen\" title=\"Read article\"><div class=\"row stellenangebote\"><div class=\"col-7\"><h3 class=\"job-title\">Training as an e-commerce merchant (m\/f\/d)<\/h3><\/div><div class=\"col-5\"<div><p> Apprenticeship<\/p><i class=\"fa-solid fa-arrow-right\"><\/i><\/div><\/div><\/a><a href=\"https:\/\/gerster-techtex.com\/en\/karriere\/stellenangebote\/ausbildung-zur-fachkraft-fuer-lagerlogistik-m-w-d\/\" aria-label=\"Beitrag Ausbildung zur Fachkraft f\u00fcr Lagerlogistik (m\/w\/d) lesen\" title=\"Read article\"><div class=\"row stellenangebote\"><div class=\"col-7\"><h3 class=\"job-title\">Training as a warehouse logistics specialist (m\/f\/d)<\/h3><\/div><div class=\"col-5\"<div><p> Apprenticeship<\/p><i class=\"fa-solid fa-arrow-right\"><\/i><\/div><\/div><\/a><a href=\"https:\/\/gerster-techtex.com\/en\/karriere\/stellenangebote\/duales-studium-wirtschaftsingenieurwesen-maschinenbau-ba-mit-dem-schwerpunkt-technischer-vertrieb\/\" aria-label=\"Beitrag Duales Studium Wirtschaftsingenieurwesen \u2013 Maschinenbau (BA) mit dem Schwerpunkt Technischer Vertrieb lesen\" title=\"Read article\"><div class=\"row stellenangebote\"><div class=\"col-7\"><h3 class=\"job-title\">Dual study program in industrial engineering \u2013 mechanical engineering (BA) with a focus on technical sales<\/h3><\/div><div class=\"col-5\"<div><p> Dual Study Program<\/p><i class=\"fa-solid fa-arrow-right\"><\/i><\/div><\/div><\/a><\/div>\n\n\n<div style=\"height:100px\" aria-hidden=\"true\" class=\"wp-block-spacer\"><\/div>\n\n\n<div class=\"hintergrundbild-block\" style=\"  width: 100vw;  margin-left: calc(-50vw + 50%);   position: relative;  margin-top: 0px;   margin-bottom: 0px;\">\r\n    <img decoding=\"async\" src=\"https:\/\/gerster-techtex.com\/wp-content\/uploads\/2025\/07\/gerster-stellenangebote-2.jpg\" alt=\"Hintergrundbild\" \r\n       style=\"object-position: center center center; width: 100%; height: 100%; object-fit: cover; position: absolute; top: 0; left: 0; \">\r\n<\/div>","protected":false},"excerpt":{"rendered":"<p>\/\/ Karrierechancen Entdecken Sie berufliche Perspektiven in der Textilindustrie mit Tradition und Innovation Als international agierendes, mittelst\u00e4ndisches Familienunternehmen der Textilindustrie mit \u00fcber 140 Jahren Erfahrung bieten wir Ihnen ein abwechslungsreiches Arbeitsumfeld. Unsere Gesch\u00e4ftsbereiche HeimTex und TechTex decken ein breites Spektrum ab \u2013 von dekorativen Gardinen und Posamenten bis hin zu innovativen technischen Textilien f\u00fcr Composites, [&hellip;]<\/p>","protected":false},"author":1,"featured_media":0,"parent":456,"menu_order":0,"comment_status":"closed","ping_status":"closed","template":"","meta":{"_acf_changed":false,"footnotes":""},"class_list":["post-460","page","type-page","status-publish","hentry"],"acf":[],"yoast_head":"<!-- This site is optimized with the Yoast SEO plugin v25.9 - https:\/\/yoast.com\/wordpress\/plugins\/seo\/ -->\n<title>Stellenangebote - Gerster TechTex - Ihr innovativer Partner f\u00fcr technische Textilien und Composites<\/title>\n<meta name=\"description\" content=\"Gerster TechTex \u2013 Ihr Spezialist f\u00fcr innovative technische Textilien &amp; Composites. Individuelle L\u00f6sungen f\u00fcr Industrie, Mobilit\u00e4t, Medizintechnik u.\u202fv.\u202fm.\" \/>\n<meta name=\"robots\" content=\"index, follow, max-snippet:-1, max-image-preview:large, max-video-preview:-1\" \/>\n<link rel=\"canonical\" href=\"https:\/\/gerster-techtex.com\/en\/karriere\/stellenangebote\/\" \/>\n<meta property=\"og:locale\" content=\"en_GB\" \/>\n<meta property=\"og:type\" content=\"article\" \/>\n<meta property=\"og:title\" content=\"Stellenangebote - Gerster TechTex - Ihr innovativer Partner f\u00fcr technische Textilien und Composites\" \/>\n<meta property=\"og:description\" content=\"Gerster TechTex \u2013 Ihr Spezialist f\u00fcr innovative technische Textilien &amp; Composites. Individuelle L\u00f6sungen f\u00fcr Industrie, Mobilit\u00e4t, Medizintechnik u.\u202fv.\u202fm.\" \/>\n<meta property=\"og:url\" content=\"https:\/\/gerster-techtex.com\/en\/karriere\/stellenangebote\/\" \/>\n<meta property=\"og:site_name\" content=\"Gerster TechTex - Ihr innovativer Partner f\u00fcr technische Textilien und Composites\" \/>\n<meta property=\"article:publisher\" content=\"https:\/\/www.facebook.com\/GersterCollection\" \/>\n<meta property=\"article:modified_time\" content=\"2025-09-05T09:40:38+00:00\" \/>\n<meta name=\"twitter:card\" content=\"summary_large_image\" \/>\n<meta name=\"twitter:site\" content=\"@GersterFabrics\" \/>\n<meta name=\"twitter:label1\" content=\"Estimated reading time\" \/>\n\t<meta name=\"twitter:data1\" content=\"1 minute\" \/>\n<script type=\"application\/ld+json\" class=\"yoast-schema-graph\">{\"@context\":\"https:\/\/schema.org\",\"@graph\":[{\"@type\":\"WebPage\",\"@id\":\"https:\/\/gerster-techtex.com\/karriere\/stellenangebote\/\",\"url\":\"https:\/\/gerster-techtex.com\/karriere\/stellenangebote\/\",\"name\":\"Stellenangebote - Gerster TechTex - Ihr innovativer Partner f\u00fcr technische Textilien und Composites\",\"isPartOf\":{\"@id\":\"https:\/\/gerster-techtex.com\/#website\"},\"datePublished\":\"2025-04-28T07:57:59+00:00\",\"dateModified\":\"2025-09-05T09:40:38+00:00\",\"description\":\"Gerster TechTex \u2013 Ihr Spezialist f\u00fcr innovative technische Textilien & Composites. Individuelle L\u00f6sungen f\u00fcr Industrie, Mobilit\u00e4t, Medizintechnik u.\u202fv.\u202fm.\",\"breadcrumb\":{\"@id\":\"https:\/\/gerster-techtex.com\/karriere\/stellenangebote\/#breadcrumb\"},\"inLanguage\":\"en-GB\",\"potentialAction\":[{\"@type\":\"ReadAction\",\"target\":[\"https:\/\/gerster-techtex.com\/karriere\/stellenangebote\/\"]}]},{\"@type\":\"BreadcrumbList\",\"@id\":\"https:\/\/gerster-techtex.com\/karriere\/stellenangebote\/#breadcrumb\",\"itemListElement\":[{\"@type\":\"ListItem\",\"position\":1,\"name\":\"Startseite\",\"item\":\"https:\/\/gerster-techtex.com\/\"},{\"@type\":\"ListItem\",\"position\":2,\"name\":\"Karriere\",\"item\":\"https:\/\/gerster-techtex.com\/karriere\/\"},{\"@type\":\"ListItem\",\"position\":3,\"name\":\"Stellenangebote\"}]},{\"@type\":\"WebSite\",\"@id\":\"https:\/\/gerster-techtex.com\/#website\",\"url\":\"https:\/\/gerster-techtex.com\/\",\"name\":\"Gerster TechTex - Ihr innovativer Partner f\u00fcr technische Textilien und Composites\",\"description\":\"\",\"publisher\":{\"@id\":\"https:\/\/gerster-techtex.com\/#organization\"},\"potentialAction\":[{\"@type\":\"SearchAction\",\"target\":{\"@type\":\"EntryPoint\",\"urlTemplate\":\"https:\/\/gerster-techtex.com\/?s={search_term_string}\"},\"query-input\":{\"@type\":\"PropertyValueSpecification\",\"valueRequired\":true,\"valueName\":\"search_term_string\"}}],\"inLanguage\":\"en-GB\"},{\"@type\":\"Organization\",\"@id\":\"https:\/\/gerster-techtex.com\/#organization\",\"name\":\"Gerster TechTex - Ihr innovativer Partner f\u00fcr technische Textilien und Composites\",\"url\":\"https:\/\/gerster-techtex.com\/\",\"logo\":{\"@type\":\"ImageObject\",\"inLanguage\":\"en-GB\",\"@id\":\"https:\/\/gerster-techtex.com\/#\/schema\/logo\/image\/\",\"url\":\"https:\/\/gerster-techtex.com\/wp-content\/uploads\/2025\/04\/logo.jpg\",\"contentUrl\":\"https:\/\/gerster-techtex.com\/wp-content\/uploads\/2025\/04\/logo.jpg\",\"width\":800,\"height\":379,\"caption\":\"Gerster TechTex - Ihr innovativer Partner f\u00fcr technische Textilien und Composites\"},\"image\":{\"@id\":\"https:\/\/gerster-techtex.com\/#\/schema\/logo\/image\/\"},\"sameAs\":[\"https:\/\/www.facebook.com\/GersterCollection\",\"https:\/\/x.com\/GersterFabrics\",\"https:\/\/www.youtube.com\/user\/GersterCollection\/videos\"]}]}<\/script>\n<!-- \/ Yoast SEO plugin. -->","yoast_head_json":{"title":"Stellenangebote - Gerster TechTex - Ihr innovativer Partner f\u00fcr technische Textilien und Composites","description":"Gerster TechTex \u2013 Ihr Spezialist f\u00fcr innovative technische Textilien & Composites. Individuelle L\u00f6sungen f\u00fcr Industrie, Mobilit\u00e4t, Medizintechnik u.\u202fv.\u202fm.","robots":{"index":"index","follow":"follow","max-snippet":"max-snippet:-1","max-image-preview":"max-image-preview:large","max-video-preview":"max-video-preview:-1"},"canonical":"https:\/\/gerster-techtex.com\/en\/karriere\/stellenangebote\/","og_locale":"en_GB","og_type":"article","og_title":"Stellenangebote - Gerster TechTex - Ihr innovativer Partner f\u00fcr technische Textilien und Composites","og_description":"Gerster TechTex \u2013 Ihr Spezialist f\u00fcr innovative technische Textilien & Composites. Individuelle L\u00f6sungen f\u00fcr Industrie, Mobilit\u00e4t, Medizintechnik u.\u202fv.\u202fm.","og_url":"https:\/\/gerster-techtex.com\/en\/karriere\/stellenangebote\/","og_site_name":"Gerster TechTex - Ihr innovativer Partner f\u00fcr technische Textilien und Composites","article_publisher":"https:\/\/www.facebook.com\/GersterCollection","article_modified_time":"2025-09-05T09:40:38+00:00","twitter_card":"summary_large_image","twitter_site":"@GersterFabrics","twitter_misc":{"Estimated reading time":"1 minute"},"schema":{"@context":"https:\/\/schema.org","@graph":[{"@type":"WebPage","@id":"https:\/\/gerster-techtex.com\/karriere\/stellenangebote\/","url":"https:\/\/gerster-techtex.com\/karriere\/stellenangebote\/","name":"Stellenangebote - Gerster TechTex - Ihr innovativer Partner f\u00fcr technische Textilien und Composites","isPartOf":{"@id":"https:\/\/gerster-techtex.com\/#website"},"datePublished":"2025-04-28T07:57:59+00:00","dateModified":"2025-09-05T09:40:38+00:00","description":"Gerster TechTex \u2013 Ihr Spezialist f\u00fcr innovative technische Textilien & Composites. Individuelle L\u00f6sungen f\u00fcr Industrie, Mobilit\u00e4t, Medizintechnik u.\u202fv.\u202fm.","breadcrumb":{"@id":"https:\/\/gerster-techtex.com\/karriere\/stellenangebote\/#breadcrumb"},"inLanguage":"en-GB","potentialAction":[{"@type":"ReadAction","target":["https:\/\/gerster-techtex.com\/karriere\/stellenangebote\/"]}]},{"@type":"BreadcrumbList","@id":"https:\/\/gerster-techtex.com\/karriere\/stellenangebote\/#breadcrumb","itemListElement":[{"@type":"ListItem","position":1,"name":"Startseite","item":"https:\/\/gerster-techtex.com\/"},{"@type":"ListItem","position":2,"name":"Karriere","item":"https:\/\/gerster-techtex.com\/karriere\/"},{"@type":"ListItem","position":3,"name":"Stellenangebote"}]},{"@type":"WebSite","@id":"https:\/\/gerster-techtex.com\/#website","url":"https:\/\/gerster-techtex.com\/","name":"Gerster TechTex - Ihr innovativer Partner f\u00fcr technische Textilien und Composites","description":"","publisher":{"@id":"https:\/\/gerster-techtex.com\/#organization"},"potentialAction":[{"@type":"SearchAction","target":{"@type":"EntryPoint","urlTemplate":"https:\/\/gerster-techtex.com\/?s={search_term_string}"},"query-input":{"@type":"PropertyValueSpecification","valueRequired":true,"valueName":"search_term_string"}}],"inLanguage":"en-GB"},{"@type":"Organization","@id":"https:\/\/gerster-techtex.com\/#organization","name":"Gerster TechTex - Ihr innovativer Partner f\u00fcr technische Textilien und Composites","url":"https:\/\/gerster-techtex.com\/","logo":{"@type":"ImageObject","inLanguage":"en-GB","@id":"https:\/\/gerster-techtex.com\/#\/schema\/logo\/image\/","url":"https:\/\/gerster-techtex.com\/wp-content\/uploads\/2025\/04\/logo.jpg","contentUrl":"https:\/\/gerster-techtex.com\/wp-content\/uploads\/2025\/04\/logo.jpg","width":800,"height":379,"caption":"Gerster TechTex - Ihr innovativer Partner f\u00fcr technische Textilien und Composites"},"image":{"@id":"https:\/\/gerster-techtex.com\/#\/schema\/logo\/image\/"},"sameAs":["https:\/\/www.facebook.com\/GersterCollection","https:\/\/x.com\/GersterFabrics","https:\/\/www.youtube.com\/user\/GersterCollection\/videos"]}]}},"_links":{"self":[{"href":"https:\/\/gerster-techtex.com\/en\/wp-json\/wp\/v2\/pages\/460","targetHints":{"allow":["GET"]}}],"collection":[{"href":"https:\/\/gerster-techtex.com\/en\/wp-json\/wp\/v2\/pages"}],"about":[{"href":"https:\/\/gerster-techtex.com\/en\/wp-json\/wp\/v2\/types\/page"}],"author":[{"embeddable":true,"href":"https:\/\/gerster-techtex.com\/en\/wp-json\/wp\/v2\/users\/1"}],"replies":[{"embeddable":true,"href":"https:\/\/gerster-techtex.com\/en\/wp-json\/wp\/v2\/comments?post=460"}],"version-history":[{"count":42,"href":"https:\/\/gerster-techtex.com\/en\/wp-json\/wp\/v2\/pages\/460\/revisions"}],"predecessor-version":[{"id":2986,"href":"https:\/\/gerster-techtex.com\/en\/wp-json\/wp\/v2\/pages\/460\/revisions\/2986"}],"up":[{"embeddable":true,"href":"https:\/\/gerster-techtex.com\/en\/wp-json\/wp\/v2\/pages\/456"}],"wp:attachment":[{"href":"https:\/\/gerster-techtex.com\/en\/wp-json\/wp\/v2\/media?parent=460"}],"curies":[{"name":"wp","href":"https:\/\/api.w.org\/{rel}","templated":true}]}}