{"id":42,"date":"2025-04-14T10:29:58","date_gmt":"2025-04-14T08:29:58","guid":{"rendered":"http:\/\/localhost\/gerster-techtex\/?page_id=42"},"modified":"2025-09-11T10:46:24","modified_gmt":"2025-09-11T08:46:24","slug":"luftfahrt","status":"publish","type":"page","link":"https:\/\/gerster-techtex.com\/en\/anwendungsbereiche\/luftfahrt\/","title":{"rendered":"Aviation"},"content":{"rendered":"<div class=\"hintergrundbild-block hintergrundbild-verlauf rel\" style=\"  width: 100vw;  margin-left: calc(-50vw + 50%);   position: relative;  margin-top: 0px;   margin-bottom: 0px;\">\r\n    <img decoding=\"async\" src=\"https:\/\/gerster-techtex.com\/wp-content\/uploads\/2025\/09\/Luftfahrt-scaled.jpeg\" alt=\"Hintergrundbild\" \r\n       style=\"object-position: center center center; width: 100%; height: 100%; object-fit: cover; position: absolute; top: 0; left: 0; \">\r\n<\/div>\r\n\r\n\r\n    \n\n\n<div class=\"wp-block-custom-einsatzbereich-ueberschrift ueberschrift-info\"><div class=\"wp-block-columns\"><div class=\"wp-block-column\" style=\"flex-basis:100%\"><div class=\"einsatzbereich-ueberschrift-wrapper\"><p>\/\/ Area of application<\/p><h1>Aviation \u2013 <mark style=\"background-color:rgba(0, 0, 0, 0)\" class=\"has-inline-color has-tech-tex-light-blue-color\">light and efficient<\/mark><\/h1><\/div><div class=\"wp-block-buttons\">\n<div class=\"wp-block-button\"><a class=\"wp-block-button__link wp-element-button\" href=\"..\/..\/kontakt\">Contact<\/a><\/div>\n<\/div><\/div><\/div><\/div>\n\n\n\n<div class=\"wp-block-custom-einsatzbereich-leistungen-inhalt einsatzbereich-leistungen-inhalt\"><div class=\"wp-block-columns einsatzbereich-leistungen-image-wrapper parent-anwendungsbereiche\"><div class=\"wp-block-column\"><div class=\"einsatzbereich-title-wrapper\"><p>The <strong>aviation industry <\/strong>demands materials that combine <strong>lightness <\/strong>with <strong>stability <\/strong>and <strong>safety <\/strong>while also contributing to efficiency. Textile solutions play a key role here. The use of lightweight, high-strength textiles, especially as <strong>reinforcing textiles <\/strong>for fiber composite components, can replace heavier materials.  The resulting <strong>fuel savings <\/strong>are an important step toward more sustainable aviation.<br><br>Our innovative solutions, including spiral and contour tapes as well as our highly drapeable Draptex\u00ae fabrics and Drapfix\u00ae non-crimp fabrics, are used, among other things, in the aviation industry.<br><br>Using technologies such as tape weaving, circular weaving, wide weaving, knitting, and twisting, we create products that are optimally tailored to the requirements of aviation. From <strong>special components <\/strong>wie Bremsscheiben bis zu <strong>highly specialized tapes<\/strong> We offer maximum flexibility and the highest quality for satellite construction. Thanks to the <strong>traceability <\/strong>We guarantee reliability and transparency at every stage of the process, from raw materials to finished fabric.<\/p><\/div><\/div><div class=\"wp-block-column\"><div class=\"bild-item\"><a href=\"https:\/\/gerster-techtex.com\/wp-content\/uploads\/2025\/05\/ct-konturbaender-3.jpg\" rel=\"lightbox[galerie]\" target=\"_blank\" class=\"lightbox-wrapper\" style=\"position:relative;display:inline-block\"><img decoding=\"async\" src=\"https:\/\/gerster-techtex.com\/wp-content\/uploads\/2025\/05\/ct-konturbaender-3.jpg\" alt=\"\" class=\"mein-bild\" style=\"display:block\"\/><span class=\"bild-overlay\"><\/span><\/a><p><a href=\"https:\/\/gerster-techtex.com\/en\/produkte\/composite-textilien\/baender\/konturbaender\/\" data-type=\"product\" data-id=\"971\">Contour tapes<\/a><\/p><\/div><div class=\"bild-item\"><a href=\"https:\/\/gerster-techtex.com\/wp-content\/uploads\/2025\/05\/ct-spiralbaender-11.jpg\" rel=\"lightbox[galerie]\" target=\"_blank\" class=\"lightbox-wrapper\" style=\"position:relative;display:inline-block\"><img decoding=\"async\" src=\"https:\/\/gerster-techtex.com\/wp-content\/uploads\/2025\/05\/ct-spiralbaender-11.jpg\" alt=\"\" class=\"mein-bild\" style=\"display:block\"\/><span class=\"bild-overlay\"><\/span><\/a><p><a href=\"https:\/\/gerster-techtex.com\/en\/produkte\/composite-textilien\/baender\/spiralbaender\/\" data-type=\"product\" data-id=\"973\">Spiral tapes<\/a><\/p><\/div><div class=\"bild-item\"><a href=\"https:\/\/gerster-techtex.com\/wp-content\/uploads\/2025\/05\/ct-tt-drapierfaehiges-gelege-6.jpg\" rel=\"lightbox[galerie]\" target=\"_blank\" class=\"lightbox-wrapper\" style=\"position:relative;display:inline-block\"><img decoding=\"async\" src=\"https:\/\/gerster-techtex.com\/wp-content\/uploads\/2025\/05\/ct-tt-drapierfaehiges-gelege-6.jpg\" alt=\"\" class=\"mein-bild\" style=\"display:block\"\/><span class=\"bild-overlay\"><\/span><\/a><p><a data-type=\"product\" data-id=\"995\" href=\"https:\/\/gerster-techtex.com\/en\/produkte\/composite-textilien\/drapierfaehige-gelege\/\">Drapeable fabrics<\/a><\/p><\/div><div class=\"bild-item\"><a href=\"https:\/\/gerster-techtex.com\/wp-content\/uploads\/2025\/05\/ct-drapierfaehiges-gewebe-3.jpg\" rel=\"lightbox[galerie]\" target=\"_blank\" class=\"lightbox-wrapper\" style=\"position:relative;display:inline-block\"><img decoding=\"async\" src=\"https:\/\/gerster-techtex.com\/wp-content\/uploads\/2025\/05\/ct-drapierfaehiges-gewebe-3.jpg\" alt=\"\" class=\"mein-bild\" style=\"display:block\"\/><span class=\"bild-overlay\"><\/span><\/a><p><a href=\"https:\/\/gerster-techtex.com\/en\/produkte\/composite-textilien\/drapierfaehige-gewebe\/\" data-type=\"product\" data-id=\"1014\">Drapeable fabrics<\/a><\/p><\/div><div class=\"bild-item\"><a href=\"https:\/\/gerster-techtex.com\/wp-content\/uploads\/2025\/05\/ft-ct-breitgewebe-6.jpg\" rel=\"lightbox[galerie]\" target=\"_blank\" class=\"lightbox-wrapper\" style=\"position:relative;display:inline-block\"><img decoding=\"async\" src=\"https:\/\/gerster-techtex.com\/wp-content\/uploads\/2025\/05\/ft-ct-breitgewebe-6.jpg\" alt=\"\" class=\"mein-bild\" style=\"display:block\"\/><span class=\"bild-overlay\"><\/span><\/a><p><a href=\"https:\/\/gerster-techtex.com\/en\/produkte\/technische-textilien\/tt-gewebe\/tt-breitgewebe\/\" data-type=\"product\" data-id=\"1058\">Wide fabric<\/a><\/p><\/div><div class=\"bild-item\"><a href=\"https:\/\/gerster-techtex.com\/wp-content\/uploads\/2025\/08\/materialauswahl-bg-1.jpg\" rel=\"lightbox[galerie]\" target=\"_blank\" class=\"lightbox-wrapper\" style=\"position:relative;display:inline-block\"><img decoding=\"async\" src=\"https:\/\/gerster-techtex.com\/wp-content\/uploads\/2025\/08\/materialauswahl-bg-1.jpg\" alt=\"\" class=\"mein-bild\" style=\"display:block\"\/><span class=\"bild-overlay\"><\/span><\/a><p><a href=\"https:\/\/gerster-techtex.com\/en\/leistungen\/technologie-materialauswahl\/\" data-type=\"page\" data-id=\"79\">Materials &amp;<br>Technology selection<\/a><\/p><\/div><\/div><\/div><div class=\"produkt-details-wrapper\"><p>\/\/ Learn more<\/p><h2>Three advantages with TechTex <br><mark style=\"background-color:rgba(0, 0, 0, 0)\" class=\"has-inline-color has-tech-tex-light-blue-color\">in the aviation industry<\/mark><\/h2><div class=\"text-blocks-wrapper aufzaehlung\"><div class=\"text-block\"><h3>Custom manufacturing <br>for your component<\/h3><p>We develop customized textile solutions precisely tailored to the requirements of your project.<\/p><\/div><div class=\"text-block\"><h3>Close development cooperation<\/h3><p>As a reliable partner, we support you from the initial idea and prototyping all the way to series production.<\/p><\/div><div class=\"text-block\"><h3>Certified quality management systems<\/h3><p>We work process-oriented within our management systems to ensure continuous quality and reliability for our partners.<\/p><\/div><\/div><\/div><\/div>\n\n\n<div class=\"hintergrundbild-block\" style=\"  width: 100vw;  margin-left: calc(-50vw + 50%);   position: relative;  margin-top: 0px;   margin-bottom: 0px;\">\r\n    <img decoding=\"async\" src=\"https:\/\/gerster-techtex.com\/wp-content\/uploads\/2025\/09\/Luftfahrt_2-scaled.jpeg\" alt=\"Hintergrundbild\" \r\n       style=\"object-position: center center center; width: 100%; height: 100%; object-fit: cover; position: absolute; top: 0; left: 0; \">\r\n<\/div>","protected":false},"excerpt":{"rendered":"","protected":false},"author":1,"featured_media":3000,"parent":10,"menu_order":0,"comment_status":"closed","ping_status":"closed","template":"","meta":{"_acf_changed":false,"footnotes":""},"class_list":["post-42","page","type-page","status-publish","has-post-thumbnail","hentry"],"acf":[],"yoast_head":"<!-- This site is optimized with the Yoast SEO plugin v25.9 - https:\/\/yoast.com\/wordpress\/plugins\/seo\/ -->\n<title>Luftfahrt - Gerster TechTex - Ihr innovativer Partner f\u00fcr technische Textilien und Composites<\/title>\n<meta name=\"description\" content=\"Gerster TechTex \u2013 Ihr Spezialist f\u00fcr innovative technische Textilien &amp; Composites. Individuelle L\u00f6sungen f\u00fcr Industrie, Mobilit\u00e4t, Medizintechnik u.\u202fv.\u202fm.\" \/>\n<meta name=\"robots\" content=\"index, follow, max-snippet:-1, max-image-preview:large, max-video-preview:-1\" \/>\n<link rel=\"canonical\" href=\"https:\/\/gerster-techtex.com\/en\/anwendungsbereiche\/luftfahrt\/\" \/>\n<meta property=\"og:locale\" content=\"en_GB\" \/>\n<meta property=\"og:type\" content=\"article\" \/>\n<meta property=\"og:title\" content=\"Luftfahrt - Gerster TechTex - Ihr innovativer Partner f\u00fcr technische Textilien und Composites\" \/>\n<meta property=\"og:description\" content=\"Gerster TechTex \u2013 Ihr Spezialist f\u00fcr innovative technische Textilien &amp; Composites. Individuelle L\u00f6sungen f\u00fcr Industrie, Mobilit\u00e4t, Medizintechnik u.\u202fv.\u202fm.\" \/>\n<meta property=\"og:url\" content=\"https:\/\/gerster-techtex.com\/en\/anwendungsbereiche\/luftfahrt\/\" \/>\n<meta property=\"og:site_name\" content=\"Gerster TechTex - Ihr innovativer Partner f\u00fcr technische Textilien und Composites\" \/>\n<meta property=\"article:publisher\" content=\"https:\/\/www.facebook.com\/GersterCollection\" \/>\n<meta property=\"article:modified_time\" content=\"2025-09-11T08:46:24+00:00\" \/>\n<meta property=\"og:image\" content=\"https:\/\/gerster-techtex.com\/wp-content\/uploads\/2025\/09\/Luftfahrt-scaled.jpeg\" \/>\n\t<meta property=\"og:image:width\" content=\"2560\" \/>\n\t<meta property=\"og:image:height\" content=\"1435\" \/>\n\t<meta property=\"og:image:type\" content=\"image\/jpeg\" \/>\n<meta name=\"twitter:card\" content=\"summary_large_image\" \/>\n<meta name=\"twitter:site\" content=\"@GersterFabrics\" \/>\n<meta name=\"twitter:label1\" content=\"Estimated reading time\" \/>\n\t<meta name=\"twitter:data1\" content=\"1 minute\" \/>\n<script type=\"application\/ld+json\" class=\"yoast-schema-graph\">{\"@context\":\"https:\/\/schema.org\",\"@graph\":[{\"@type\":\"WebPage\",\"@id\":\"https:\/\/gerster-techtex.com\/anwendungsbereiche\/luftfahrt\/\",\"url\":\"https:\/\/gerster-techtex.com\/anwendungsbereiche\/luftfahrt\/\",\"name\":\"Luftfahrt - Gerster TechTex - Ihr innovativer Partner f\u00fcr technische Textilien und Composites\",\"isPartOf\":{\"@id\":\"https:\/\/gerster-techtex.com\/#website\"},\"primaryImageOfPage\":{\"@id\":\"https:\/\/gerster-techtex.com\/anwendungsbereiche\/luftfahrt\/#primaryimage\"},\"image\":{\"@id\":\"https:\/\/gerster-techtex.com\/anwendungsbereiche\/luftfahrt\/#primaryimage\"},\"thumbnailUrl\":\"https:\/\/gerster-techtex.com\/wp-content\/uploads\/2025\/09\/Luftfahrt-scaled.jpeg\",\"datePublished\":\"2025-04-14T08:29:58+00:00\",\"dateModified\":\"2025-09-11T08:46:24+00:00\",\"description\":\"Gerster TechTex \u2013 Ihr Spezialist f\u00fcr innovative technische Textilien & Composites. Individuelle L\u00f6sungen f\u00fcr Industrie, Mobilit\u00e4t, Medizintechnik u.\u202fv.\u202fm.\",\"breadcrumb\":{\"@id\":\"https:\/\/gerster-techtex.com\/anwendungsbereiche\/luftfahrt\/#breadcrumb\"},\"inLanguage\":\"en-GB\",\"potentialAction\":[{\"@type\":\"ReadAction\",\"target\":[\"https:\/\/gerster-techtex.com\/anwendungsbereiche\/luftfahrt\/\"]}]},{\"@type\":\"ImageObject\",\"inLanguage\":\"en-GB\",\"@id\":\"https:\/\/gerster-techtex.com\/anwendungsbereiche\/luftfahrt\/#primaryimage\",\"url\":\"https:\/\/gerster-techtex.com\/wp-content\/uploads\/2025\/09\/Luftfahrt-scaled.jpeg\",\"contentUrl\":\"https:\/\/gerster-techtex.com\/wp-content\/uploads\/2025\/09\/Luftfahrt-scaled.jpeg\",\"width\":2560,\"height\":1435},{\"@type\":\"BreadcrumbList\",\"@id\":\"https:\/\/gerster-techtex.com\/anwendungsbereiche\/luftfahrt\/#breadcrumb\",\"itemListElement\":[{\"@type\":\"ListItem\",\"position\":1,\"name\":\"Startseite\",\"item\":\"https:\/\/gerster-techtex.com\/\"},{\"@type\":\"ListItem\",\"position\":2,\"name\":\"Anwendungsbereiche\",\"item\":\"https:\/\/gerster-techtex.com\/anwendungsbereiche\/\"},{\"@type\":\"ListItem\",\"position\":3,\"name\":\"Luftfahrt\"}]},{\"@type\":\"WebSite\",\"@id\":\"https:\/\/gerster-techtex.com\/#website\",\"url\":\"https:\/\/gerster-techtex.com\/\",\"name\":\"Gerster TechTex - Ihr innovativer Partner f\u00fcr technische Textilien und Composites\",\"description\":\"\",\"publisher\":{\"@id\":\"https:\/\/gerster-techtex.com\/#organization\"},\"potentialAction\":[{\"@type\":\"SearchAction\",\"target\":{\"@type\":\"EntryPoint\",\"urlTemplate\":\"https:\/\/gerster-techtex.com\/?s={search_term_string}\"},\"query-input\":{\"@type\":\"PropertyValueSpecification\",\"valueRequired\":true,\"valueName\":\"search_term_string\"}}],\"inLanguage\":\"en-GB\"},{\"@type\":\"Organization\",\"@id\":\"https:\/\/gerster-techtex.com\/#organization\",\"name\":\"Gerster TechTex - Ihr innovativer Partner f\u00fcr technische Textilien und Composites\",\"url\":\"https:\/\/gerster-techtex.com\/\",\"logo\":{\"@type\":\"ImageObject\",\"inLanguage\":\"en-GB\",\"@id\":\"https:\/\/gerster-techtex.com\/#\/schema\/logo\/image\/\",\"url\":\"https:\/\/gerster-techtex.com\/wp-content\/uploads\/2025\/04\/logo.jpg\",\"contentUrl\":\"https:\/\/gerster-techtex.com\/wp-content\/uploads\/2025\/04\/logo.jpg\",\"width\":800,\"height\":379,\"caption\":\"Gerster TechTex - Ihr innovativer Partner f\u00fcr technische Textilien und Composites\"},\"image\":{\"@id\":\"https:\/\/gerster-techtex.com\/#\/schema\/logo\/image\/\"},\"sameAs\":[\"https:\/\/www.facebook.com\/GersterCollection\",\"https:\/\/x.com\/GersterFabrics\",\"https:\/\/www.youtube.com\/user\/GersterCollection\/videos\"]}]}<\/script>\n<!-- \/ Yoast SEO plugin. -->","yoast_head_json":{"title":"Luftfahrt - Gerster TechTex - Ihr innovativer Partner f\u00fcr technische Textilien und Composites","description":"Gerster TechTex \u2013 Ihr Spezialist f\u00fcr innovative technische Textilien & Composites. Individuelle L\u00f6sungen f\u00fcr Industrie, Mobilit\u00e4t, Medizintechnik u.\u202fv.\u202fm.","robots":{"index":"index","follow":"follow","max-snippet":"max-snippet:-1","max-image-preview":"max-image-preview:large","max-video-preview":"max-video-preview:-1"},"canonical":"https:\/\/gerster-techtex.com\/en\/anwendungsbereiche\/luftfahrt\/","og_locale":"en_GB","og_type":"article","og_title":"Luftfahrt - Gerster TechTex - Ihr innovativer Partner f\u00fcr technische Textilien und Composites","og_description":"Gerster TechTex \u2013 Ihr Spezialist f\u00fcr innovative technische Textilien & Composites. Individuelle L\u00f6sungen f\u00fcr Industrie, Mobilit\u00e4t, Medizintechnik u.\u202fv.\u202fm.","og_url":"https:\/\/gerster-techtex.com\/en\/anwendungsbereiche\/luftfahrt\/","og_site_name":"Gerster TechTex - Ihr innovativer Partner f\u00fcr technische Textilien und Composites","article_publisher":"https:\/\/www.facebook.com\/GersterCollection","article_modified_time":"2025-09-11T08:46:24+00:00","og_image":[{"width":2560,"height":1435,"url":"https:\/\/gerster-techtex.com\/wp-content\/uploads\/2025\/09\/Luftfahrt-scaled.jpeg","type":"image\/jpeg"}],"twitter_card":"summary_large_image","twitter_site":"@GersterFabrics","twitter_misc":{"Estimated reading time":"1 minute"},"schema":{"@context":"https:\/\/schema.org","@graph":[{"@type":"WebPage","@id":"https:\/\/gerster-techtex.com\/anwendungsbereiche\/luftfahrt\/","url":"https:\/\/gerster-techtex.com\/anwendungsbereiche\/luftfahrt\/","name":"Luftfahrt - Gerster TechTex - Ihr innovativer Partner f\u00fcr technische Textilien und Composites","isPartOf":{"@id":"https:\/\/gerster-techtex.com\/#website"},"primaryImageOfPage":{"@id":"https:\/\/gerster-techtex.com\/anwendungsbereiche\/luftfahrt\/#primaryimage"},"image":{"@id":"https:\/\/gerster-techtex.com\/anwendungsbereiche\/luftfahrt\/#primaryimage"},"thumbnailUrl":"https:\/\/gerster-techtex.com\/wp-content\/uploads\/2025\/09\/Luftfahrt-scaled.jpeg","datePublished":"2025-04-14T08:29:58+00:00","dateModified":"2025-09-11T08:46:24+00:00","description":"Gerster TechTex \u2013 Ihr Spezialist f\u00fcr innovative technische Textilien & Composites. Individuelle L\u00f6sungen f\u00fcr Industrie, Mobilit\u00e4t, Medizintechnik u.\u202fv.\u202fm.","breadcrumb":{"@id":"https:\/\/gerster-techtex.com\/anwendungsbereiche\/luftfahrt\/#breadcrumb"},"inLanguage":"en-GB","potentialAction":[{"@type":"ReadAction","target":["https:\/\/gerster-techtex.com\/anwendungsbereiche\/luftfahrt\/"]}]},{"@type":"ImageObject","inLanguage":"en-GB","@id":"https:\/\/gerster-techtex.com\/anwendungsbereiche\/luftfahrt\/#primaryimage","url":"https:\/\/gerster-techtex.com\/wp-content\/uploads\/2025\/09\/Luftfahrt-scaled.jpeg","contentUrl":"https:\/\/gerster-techtex.com\/wp-content\/uploads\/2025\/09\/Luftfahrt-scaled.jpeg","width":2560,"height":1435},{"@type":"BreadcrumbList","@id":"https:\/\/gerster-techtex.com\/anwendungsbereiche\/luftfahrt\/#breadcrumb","itemListElement":[{"@type":"ListItem","position":1,"name":"Startseite","item":"https:\/\/gerster-techtex.com\/"},{"@type":"ListItem","position":2,"name":"Anwendungsbereiche","item":"https:\/\/gerster-techtex.com\/anwendungsbereiche\/"},{"@type":"ListItem","position":3,"name":"Luftfahrt"}]},{"@type":"WebSite","@id":"https:\/\/gerster-techtex.com\/#website","url":"https:\/\/gerster-techtex.com\/","name":"Gerster TechTex - Ihr innovativer Partner f\u00fcr technische Textilien und Composites","description":"","publisher":{"@id":"https:\/\/gerster-techtex.com\/#organization"},"potentialAction":[{"@type":"SearchAction","target":{"@type":"EntryPoint","urlTemplate":"https:\/\/gerster-techtex.com\/?s={search_term_string}"},"query-input":{"@type":"PropertyValueSpecification","valueRequired":true,"valueName":"search_term_string"}}],"inLanguage":"en-GB"},{"@type":"Organization","@id":"https:\/\/gerster-techtex.com\/#organization","name":"Gerster TechTex - Ihr innovativer Partner f\u00fcr technische Textilien und Composites","url":"https:\/\/gerster-techtex.com\/","logo":{"@type":"ImageObject","inLanguage":"en-GB","@id":"https:\/\/gerster-techtex.com\/#\/schema\/logo\/image\/","url":"https:\/\/gerster-techtex.com\/wp-content\/uploads\/2025\/04\/logo.jpg","contentUrl":"https:\/\/gerster-techtex.com\/wp-content\/uploads\/2025\/04\/logo.jpg","width":800,"height":379,"caption":"Gerster TechTex - Ihr innovativer Partner f\u00fcr technische Textilien und Composites"},"image":{"@id":"https:\/\/gerster-techtex.com\/#\/schema\/logo\/image\/"},"sameAs":["https:\/\/www.facebook.com\/GersterCollection","https:\/\/x.com\/GersterFabrics","https:\/\/www.youtube.com\/user\/GersterCollection\/videos"]}]}},"_links":{"self":[{"href":"https:\/\/gerster-techtex.com\/en\/wp-json\/wp\/v2\/pages\/42","targetHints":{"allow":["GET"]}}],"collection":[{"href":"https:\/\/gerster-techtex.com\/en\/wp-json\/wp\/v2\/pages"}],"about":[{"href":"https:\/\/gerster-techtex.com\/en\/wp-json\/wp\/v2\/types\/page"}],"author":[{"embeddable":true,"href":"https:\/\/gerster-techtex.com\/en\/wp-json\/wp\/v2\/users\/1"}],"replies":[{"embeddable":true,"href":"https:\/\/gerster-techtex.com\/en\/wp-json\/wp\/v2\/comments?post=42"}],"version-history":[{"count":84,"href":"https:\/\/gerster-techtex.com\/en\/wp-json\/wp\/v2\/pages\/42\/revisions"}],"predecessor-version":[{"id":3015,"href":"https:\/\/gerster-techtex.com\/en\/wp-json\/wp\/v2\/pages\/42\/revisions\/3015"}],"up":[{"embeddable":true,"href":"https:\/\/gerster-techtex.com\/en\/wp-json\/wp\/v2\/pages\/10"}],"wp:featuredmedia":[{"embeddable":true,"href":"https:\/\/gerster-techtex.com\/en\/wp-json\/wp\/v2\/media\/3000"}],"wp:attachment":[{"href":"https:\/\/gerster-techtex.com\/en\/wp-json\/wp\/v2\/media?parent=42"}],"curies":[{"name":"wp","href":"https:\/\/api.w.org\/{rel}","templated":true}]}}