{"id":28,"date":"2025-04-14T10:26:58","date_gmt":"2025-04-14T08:26:58","guid":{"rendered":"http:\/\/localhost\/gerster-techtex\/?page_id=28"},"modified":"2025-09-03T11:08:53","modified_gmt":"2025-09-03T09:08:53","slug":"baender","status":"publish","type":"page","link":"https:\/\/gerster-techtex.com\/en\/kategorie\/composite-textilien\/baender\/","title":{"rendered":"Tapes"},"content":{"rendered":"<div class=\"hintergrundbild-block hintergrundbild-verlauf rel\" style=\"  width: 100vw;  margin-left: calc(-50vw + 50%);   position: relative;  margin-top: 0px;   margin-bottom: 0px;\">\r\n    <img decoding=\"async\" src=\"https:\/\/gerster-techtex.com\/wp-content\/uploads\/2025\/05\/ct-tt-geflochtene-baender-3.jpg\" alt=\"Hintergrundbild\" \r\n       style=\"object-position: center center center; width: 100%; height: 100%; object-fit: cover; position: absolute; top: 0; left: 0; \">\r\n<\/div>\r\n\r\n\r\n    \n\n\n<div class=\"wp-block-custom-allgemein-ueberschrift ueberschrift-info\"><div class=\"wp-block-columns\"><div class=\"wp-block-column\" style=\"flex-basis:50%\"><p>\/\/ Composite textiles<\/p><h1>Tapes<\/h1><\/div><div class=\"wp-block-column\" style=\"flex-basis:50%\">\n<div class=\"wp-block-buttons is-layout-flex wp-block-buttons-is-layout-flex\">\n<div class=\"wp-block-button is-style-icon-button\"><a class=\"wp-block-button__link wp-element-button\" href=\"\/en\/\">news<\/a><\/div>\n<\/div>\n<\/div><\/div><\/div>\n\n\n<div class=\"products-grid grid-3\">\r\n            <div class=\"product-item\">\r\n         <div class=\"product-item-image\"><img loading=\"lazy\" decoding=\"async\" width=\"400\" height=\"267\" src=\"https:\/\/gerster-techtex.com\/wp-content\/uploads\/2025\/05\/ct-tt-gewobene-baender-1-400x267.jpg\" class=\"attachment-medium size-medium wp-post-image\" alt=\"\" srcset=\"https:\/\/gerster-techtex.com\/wp-content\/uploads\/2025\/05\/ct-tt-gewobene-baender-1-400x267.jpg 400w, https:\/\/gerster-techtex.com\/wp-content\/uploads\/2025\/05\/ct-tt-gewobene-baender-1-1024x683.jpg 1024w, https:\/\/gerster-techtex.com\/wp-content\/uploads\/2025\/05\/ct-tt-gewobene-baender-1-768x512.jpg 768w, https:\/\/gerster-techtex.com\/wp-content\/uploads\/2025\/05\/ct-tt-gewobene-baender-1-1536x1024.jpg 1536w, https:\/\/gerster-techtex.com\/wp-content\/uploads\/2025\/05\/ct-tt-gewobene-baender-1-18x12.jpg 18w, https:\/\/gerster-techtex.com\/wp-content\/uploads\/2025\/05\/ct-tt-gewobene-baender-1.jpg 1920w\" sizes=\"auto, (max-width: 400px) 100vw, 400px\" \/><a href=\"https:\/\/gerster-techtex.com\/en\/produkte\/composite-textilien\/baender\/gewobene-baender\/\"><\/a><\/div>\r\n         <div class=\"product-item-text\"><a href=\"https:\/\/gerster-techtex.com\/en\/produkte\/composite-textilien\/baender\/gewobene-baender\/\">Woven tapes<\/a><\/div>\r\n        <\/div>\r\n            <div class=\"product-item\">\r\n         <div class=\"product-item-image\"><img loading=\"lazy\" decoding=\"async\" width=\"400\" height=\"267\" src=\"https:\/\/gerster-techtex.com\/wp-content\/uploads\/2025\/05\/ct-tt-gewirkte-baender-1-400x267.jpg\" class=\"attachment-medium size-medium wp-post-image\" alt=\"\" srcset=\"https:\/\/gerster-techtex.com\/wp-content\/uploads\/2025\/05\/ct-tt-gewirkte-baender-1-400x267.jpg 400w, https:\/\/gerster-techtex.com\/wp-content\/uploads\/2025\/05\/ct-tt-gewirkte-baender-1-1024x683.jpg 1024w, https:\/\/gerster-techtex.com\/wp-content\/uploads\/2025\/05\/ct-tt-gewirkte-baender-1-768x512.jpg 768w, https:\/\/gerster-techtex.com\/wp-content\/uploads\/2025\/05\/ct-tt-gewirkte-baender-1-1536x1024.jpg 1536w, https:\/\/gerster-techtex.com\/wp-content\/uploads\/2025\/05\/ct-tt-gewirkte-baender-1-18x12.jpg 18w, https:\/\/gerster-techtex.com\/wp-content\/uploads\/2025\/05\/ct-tt-gewirkte-baender-1.jpg 1920w\" sizes=\"auto, (max-width: 400px) 100vw, 400px\" \/><a href=\"https:\/\/gerster-techtex.com\/en\/produkte\/composite-textilien\/baender\/gewirkte-baender\/\"><\/a><\/div>\r\n         <div class=\"product-item-text\"><a href=\"https:\/\/gerster-techtex.com\/en\/produkte\/composite-textilien\/baender\/gewirkte-baender\/\">Warp-knitted tapes<\/a><\/div>\r\n        <\/div>\r\n            <div class=\"product-item\">\r\n         <div class=\"product-item-image\"><img loading=\"lazy\" decoding=\"async\" width=\"400\" height=\"266\" src=\"https:\/\/gerster-techtex.com\/wp-content\/uploads\/2025\/05\/ct-tt-gespreizte-baender-1-400x266.jpg\" class=\"attachment-medium size-medium wp-post-image\" alt=\"\" srcset=\"https:\/\/gerster-techtex.com\/wp-content\/uploads\/2025\/05\/ct-tt-gespreizte-baender-1-400x266.jpg 400w, https:\/\/gerster-techtex.com\/wp-content\/uploads\/2025\/05\/ct-tt-gespreizte-baender-1-1024x680.jpg 1024w, https:\/\/gerster-techtex.com\/wp-content\/uploads\/2025\/05\/ct-tt-gespreizte-baender-1-768x510.jpg 768w, https:\/\/gerster-techtex.com\/wp-content\/uploads\/2025\/05\/ct-tt-gespreizte-baender-1-1536x1020.jpg 1536w, https:\/\/gerster-techtex.com\/wp-content\/uploads\/2025\/05\/ct-tt-gespreizte-baender-1-18x12.jpg 18w, https:\/\/gerster-techtex.com\/wp-content\/uploads\/2025\/05\/ct-tt-gespreizte-baender-1.jpg 1920w\" sizes=\"auto, (max-width: 400px) 100vw, 400px\" \/><a href=\"https:\/\/gerster-techtex.com\/en\/produkte\/composite-textilien\/baender\/gespreizte-baender\/\"><\/a><\/div>\r\n         <div class=\"product-item-text\"><a href=\"https:\/\/gerster-techtex.com\/en\/produkte\/composite-textilien\/baender\/gespreizte-baender\/\">Spread tapes<\/a><\/div>\r\n        <\/div>\r\n            <div class=\"product-item\">\r\n         <div class=\"product-item-image\"><img loading=\"lazy\" decoding=\"async\" width=\"400\" height=\"267\" src=\"https:\/\/gerster-techtex.com\/wp-content\/uploads\/2025\/05\/ct-tt-geflochtene-baender-3-400x267.jpg\" class=\"attachment-medium size-medium wp-post-image\" alt=\"\" srcset=\"https:\/\/gerster-techtex.com\/wp-content\/uploads\/2025\/05\/ct-tt-geflochtene-baender-3-400x267.jpg 400w, https:\/\/gerster-techtex.com\/wp-content\/uploads\/2025\/05\/ct-tt-geflochtene-baender-3-1024x683.jpg 1024w, https:\/\/gerster-techtex.com\/wp-content\/uploads\/2025\/05\/ct-tt-geflochtene-baender-3-768x512.jpg 768w, https:\/\/gerster-techtex.com\/wp-content\/uploads\/2025\/05\/ct-tt-geflochtene-baender-3-1536x1024.jpg 1536w, https:\/\/gerster-techtex.com\/wp-content\/uploads\/2025\/05\/ct-tt-geflochtene-baender-3-18x12.jpg 18w, https:\/\/gerster-techtex.com\/wp-content\/uploads\/2025\/05\/ct-tt-geflochtene-baender-3.jpg 1920w\" sizes=\"auto, (max-width: 400px) 100vw, 400px\" \/><a href=\"https:\/\/gerster-techtex.com\/en\/produkte\/composite-textilien\/baender\/geflochtene-baender\/\"><\/a><\/div>\r\n         <div class=\"product-item-text\"><a href=\"https:\/\/gerster-techtex.com\/en\/produkte\/composite-textilien\/baender\/geflochtene-baender\/\">Braided tapes<\/a><\/div>\r\n        <\/div>\r\n            <div class=\"product-item\">\r\n         <div class=\"product-item-image\"><img loading=\"lazy\" decoding=\"async\" width=\"400\" height=\"267\" src=\"https:\/\/gerster-techtex.com\/wp-content\/uploads\/2025\/05\/ct-konturbaender-3-400x267.jpg\" class=\"attachment-medium size-medium wp-post-image\" alt=\"\" srcset=\"https:\/\/gerster-techtex.com\/wp-content\/uploads\/2025\/05\/ct-konturbaender-3-400x267.jpg 400w, https:\/\/gerster-techtex.com\/wp-content\/uploads\/2025\/05\/ct-konturbaender-3-1024x683.jpg 1024w, https:\/\/gerster-techtex.com\/wp-content\/uploads\/2025\/05\/ct-konturbaender-3-768x512.jpg 768w, https:\/\/gerster-techtex.com\/wp-content\/uploads\/2025\/05\/ct-konturbaender-3-1536x1024.jpg 1536w, https:\/\/gerster-techtex.com\/wp-content\/uploads\/2025\/05\/ct-konturbaender-3-18x12.jpg 18w, https:\/\/gerster-techtex.com\/wp-content\/uploads\/2025\/05\/ct-konturbaender-3.jpg 1920w\" sizes=\"auto, (max-width: 400px) 100vw, 400px\" \/><a href=\"https:\/\/gerster-techtex.com\/en\/produkte\/composite-textilien\/baender\/konturbaender\/\"><\/a><\/div>\r\n         <div class=\"product-item-text\"><a href=\"https:\/\/gerster-techtex.com\/en\/produkte\/composite-textilien\/baender\/konturbaender\/\">Contour tapes<\/a><\/div>\r\n        <\/div>\r\n            <div class=\"product-item\">\r\n         <div class=\"product-item-image\"><img loading=\"lazy\" decoding=\"async\" width=\"400\" height=\"267\" src=\"https:\/\/gerster-techtex.com\/wp-content\/uploads\/2025\/05\/ct-spiralbaender-4-400x267.jpg\" class=\"attachment-medium size-medium wp-post-image\" alt=\"\" srcset=\"https:\/\/gerster-techtex.com\/wp-content\/uploads\/2025\/05\/ct-spiralbaender-4-400x267.jpg 400w, https:\/\/gerster-techtex.com\/wp-content\/uploads\/2025\/05\/ct-spiralbaender-4-1024x683.jpg 1024w, https:\/\/gerster-techtex.com\/wp-content\/uploads\/2025\/05\/ct-spiralbaender-4-768x512.jpg 768w, https:\/\/gerster-techtex.com\/wp-content\/uploads\/2025\/05\/ct-spiralbaender-4-1536x1024.jpg 1536w, https:\/\/gerster-techtex.com\/wp-content\/uploads\/2025\/05\/ct-spiralbaender-4-18x12.jpg 18w, https:\/\/gerster-techtex.com\/wp-content\/uploads\/2025\/05\/ct-spiralbaender-4.jpg 1920w\" sizes=\"auto, (max-width: 400px) 100vw, 400px\" \/><a href=\"https:\/\/gerster-techtex.com\/en\/produkte\/composite-textilien\/baender\/spiralbaender\/\"><\/a><\/div>\r\n         <div class=\"product-item-text\"><a href=\"https:\/\/gerster-techtex.com\/en\/produkte\/composite-textilien\/baender\/spiralbaender\/\">Spiral tapes<\/a><\/div>\r\n        <\/div>\r\n    <\/div>","protected":false},"excerpt":{"rendered":"","protected":false},"author":1,"featured_media":1914,"parent":54,"menu_order":1,"comment_status":"closed","ping_status":"closed","template":"","meta":{"_acf_changed":false,"footnotes":""},"class_list":["post-28","page","type-page","status-publish","has-post-thumbnail","hentry"],"acf":[],"yoast_head":"<!-- This site is optimized with the Yoast SEO plugin v25.9 - https:\/\/yoast.com\/wordpress\/plugins\/seo\/ -->\n<title>B\u00e4nder - Gerster TechTex - Ihr innovativer Partner f\u00fcr technische Textilien und Composites<\/title>\n<meta name=\"description\" content=\"Gerster TechTex \u2013 Ihr Spezialist f\u00fcr innovative technische Textilien &amp; Composites. Individuelle L\u00f6sungen f\u00fcr Industrie, Mobilit\u00e4t, Medizintechnik u.\u202fv.\u202fm.\" \/>\n<meta name=\"robots\" content=\"index, follow, max-snippet:-1, max-image-preview:large, max-video-preview:-1\" \/>\n<link rel=\"canonical\" href=\"https:\/\/gerster-techtex.com\/en\/kategorie\/composite-textilien\/baender\/\" \/>\n<meta property=\"og:locale\" content=\"en_GB\" \/>\n<meta property=\"og:type\" content=\"article\" \/>\n<meta property=\"og:title\" content=\"B\u00e4nder - Gerster TechTex - Ihr innovativer Partner f\u00fcr technische Textilien und Composites\" \/>\n<meta property=\"og:description\" content=\"Gerster TechTex \u2013 Ihr Spezialist f\u00fcr innovative technische Textilien &amp; Composites. Individuelle L\u00f6sungen f\u00fcr Industrie, Mobilit\u00e4t, Medizintechnik u.\u202fv.\u202fm.\" \/>\n<meta property=\"og:url\" content=\"https:\/\/gerster-techtex.com\/en\/kategorie\/composite-textilien\/baender\/\" \/>\n<meta property=\"og:site_name\" content=\"Gerster TechTex - Ihr innovativer Partner f\u00fcr technische Textilien und Composites\" \/>\n<meta property=\"article:publisher\" content=\"https:\/\/www.facebook.com\/GersterCollection\" \/>\n<meta property=\"article:modified_time\" content=\"2025-09-03T09:08:53+00:00\" \/>\n<meta property=\"og:image\" content=\"https:\/\/gerster-techtex.com\/wp-content\/uploads\/2025\/05\/ct-tt-geflochtene-schlaeucher-16.jpg\" \/>\n\t<meta property=\"og:image:width\" content=\"1920\" \/>\n\t<meta property=\"og:image:height\" content=\"1280\" \/>\n\t<meta property=\"og:image:type\" content=\"image\/jpeg\" \/>\n<meta name=\"twitter:card\" content=\"summary_large_image\" \/>\n<meta name=\"twitter:site\" content=\"@GersterFabrics\" \/>\n<script type=\"application\/ld+json\" class=\"yoast-schema-graph\">{\"@context\":\"https:\/\/schema.org\",\"@graph\":[{\"@type\":\"WebPage\",\"@id\":\"https:\/\/gerster-techtex.com\/kategorie\/composite-textilien\/baender\/\",\"url\":\"https:\/\/gerster-techtex.com\/kategorie\/composite-textilien\/baender\/\",\"name\":\"B\u00e4nder - Gerster TechTex - Ihr innovativer Partner f\u00fcr technische Textilien und Composites\",\"isPartOf\":{\"@id\":\"https:\/\/gerster-techtex.com\/#website\"},\"primaryImageOfPage\":{\"@id\":\"https:\/\/gerster-techtex.com\/kategorie\/composite-textilien\/baender\/#primaryimage\"},\"image\":{\"@id\":\"https:\/\/gerster-techtex.com\/kategorie\/composite-textilien\/baender\/#primaryimage\"},\"thumbnailUrl\":\"https:\/\/gerster-techtex.com\/wp-content\/uploads\/2025\/05\/ct-tt-geflochtene-schlaeucher-16.jpg\",\"datePublished\":\"2025-04-14T08:26:58+00:00\",\"dateModified\":\"2025-09-03T09:08:53+00:00\",\"description\":\"Gerster TechTex \u2013 Ihr Spezialist f\u00fcr innovative technische Textilien & Composites. Individuelle L\u00f6sungen f\u00fcr Industrie, Mobilit\u00e4t, Medizintechnik u.\u202fv.\u202fm.\",\"breadcrumb\":{\"@id\":\"https:\/\/gerster-techtex.com\/kategorie\/composite-textilien\/baender\/#breadcrumb\"},\"inLanguage\":\"en-GB\",\"potentialAction\":[{\"@type\":\"ReadAction\",\"target\":[\"https:\/\/gerster-techtex.com\/kategorie\/composite-textilien\/baender\/\"]}]},{\"@type\":\"ImageObject\",\"inLanguage\":\"en-GB\",\"@id\":\"https:\/\/gerster-techtex.com\/kategorie\/composite-textilien\/baender\/#primaryimage\",\"url\":\"https:\/\/gerster-techtex.com\/wp-content\/uploads\/2025\/05\/ct-tt-geflochtene-schlaeucher-16.jpg\",\"contentUrl\":\"https:\/\/gerster-techtex.com\/wp-content\/uploads\/2025\/05\/ct-tt-geflochtene-schlaeucher-16.jpg\",\"width\":1920,\"height\":1280},{\"@type\":\"BreadcrumbList\",\"@id\":\"https:\/\/gerster-techtex.com\/kategorie\/composite-textilien\/baender\/#breadcrumb\",\"itemListElement\":[{\"@type\":\"ListItem\",\"position\":1,\"name\":\"Startseite\",\"item\":\"https:\/\/gerster-techtex.com\/\"},{\"@type\":\"ListItem\",\"position\":2,\"name\":\"Produkte\",\"item\":\"https:\/\/gerster-techtex.com\/kategorie\/\"},{\"@type\":\"ListItem\",\"position\":3,\"name\":\"Composite Textilien\",\"item\":\"https:\/\/gerster-techtex.com\/kategorie\/composite-textilien\/\"},{\"@type\":\"ListItem\",\"position\":4,\"name\":\"B\u00e4nder\"}]},{\"@type\":\"WebSite\",\"@id\":\"https:\/\/gerster-techtex.com\/#website\",\"url\":\"https:\/\/gerster-techtex.com\/\",\"name\":\"Gerster TechTex - Ihr innovativer Partner f\u00fcr technische Textilien und Composites\",\"description\":\"\",\"publisher\":{\"@id\":\"https:\/\/gerster-techtex.com\/#organization\"},\"potentialAction\":[{\"@type\":\"SearchAction\",\"target\":{\"@type\":\"EntryPoint\",\"urlTemplate\":\"https:\/\/gerster-techtex.com\/?s={search_term_string}\"},\"query-input\":{\"@type\":\"PropertyValueSpecification\",\"valueRequired\":true,\"valueName\":\"search_term_string\"}}],\"inLanguage\":\"en-GB\"},{\"@type\":\"Organization\",\"@id\":\"https:\/\/gerster-techtex.com\/#organization\",\"name\":\"Gerster TechTex - Ihr innovativer Partner f\u00fcr technische Textilien und Composites\",\"url\":\"https:\/\/gerster-techtex.com\/\",\"logo\":{\"@type\":\"ImageObject\",\"inLanguage\":\"en-GB\",\"@id\":\"https:\/\/gerster-techtex.com\/#\/schema\/logo\/image\/\",\"url\":\"https:\/\/gerster-techtex.com\/wp-content\/uploads\/2025\/04\/logo.jpg\",\"contentUrl\":\"https:\/\/gerster-techtex.com\/wp-content\/uploads\/2025\/04\/logo.jpg\",\"width\":800,\"height\":379,\"caption\":\"Gerster TechTex - Ihr innovativer Partner f\u00fcr technische Textilien und Composites\"},\"image\":{\"@id\":\"https:\/\/gerster-techtex.com\/#\/schema\/logo\/image\/\"},\"sameAs\":[\"https:\/\/www.facebook.com\/GersterCollection\",\"https:\/\/x.com\/GersterFabrics\",\"https:\/\/www.youtube.com\/user\/GersterCollection\/videos\"]}]}<\/script>\n<!-- \/ Yoast SEO plugin. -->","yoast_head_json":{"title":"B\u00e4nder - Gerster TechTex - Ihr innovativer Partner f\u00fcr technische Textilien und Composites","description":"Gerster TechTex \u2013 Ihr Spezialist f\u00fcr innovative technische Textilien & Composites. Individuelle L\u00f6sungen f\u00fcr Industrie, Mobilit\u00e4t, Medizintechnik u.\u202fv.\u202fm.","robots":{"index":"index","follow":"follow","max-snippet":"max-snippet:-1","max-image-preview":"max-image-preview:large","max-video-preview":"max-video-preview:-1"},"canonical":"https:\/\/gerster-techtex.com\/en\/kategorie\/composite-textilien\/baender\/","og_locale":"en_GB","og_type":"article","og_title":"B\u00e4nder - Gerster TechTex - Ihr innovativer Partner f\u00fcr technische Textilien und Composites","og_description":"Gerster TechTex \u2013 Ihr Spezialist f\u00fcr innovative technische Textilien & Composites. Individuelle L\u00f6sungen f\u00fcr Industrie, Mobilit\u00e4t, Medizintechnik u.\u202fv.\u202fm.","og_url":"https:\/\/gerster-techtex.com\/en\/kategorie\/composite-textilien\/baender\/","og_site_name":"Gerster TechTex - Ihr innovativer Partner f\u00fcr technische Textilien und Composites","article_publisher":"https:\/\/www.facebook.com\/GersterCollection","article_modified_time":"2025-09-03T09:08:53+00:00","og_image":[{"width":1920,"height":1280,"url":"https:\/\/gerster-techtex.com\/wp-content\/uploads\/2025\/05\/ct-tt-geflochtene-schlaeucher-16.jpg","type":"image\/jpeg"}],"twitter_card":"summary_large_image","twitter_site":"@GersterFabrics","schema":{"@context":"https:\/\/schema.org","@graph":[{"@type":"WebPage","@id":"https:\/\/gerster-techtex.com\/kategorie\/composite-textilien\/baender\/","url":"https:\/\/gerster-techtex.com\/kategorie\/composite-textilien\/baender\/","name":"B\u00e4nder - Gerster TechTex - Ihr innovativer Partner f\u00fcr technische Textilien und Composites","isPartOf":{"@id":"https:\/\/gerster-techtex.com\/#website"},"primaryImageOfPage":{"@id":"https:\/\/gerster-techtex.com\/kategorie\/composite-textilien\/baender\/#primaryimage"},"image":{"@id":"https:\/\/gerster-techtex.com\/kategorie\/composite-textilien\/baender\/#primaryimage"},"thumbnailUrl":"https:\/\/gerster-techtex.com\/wp-content\/uploads\/2025\/05\/ct-tt-geflochtene-schlaeucher-16.jpg","datePublished":"2025-04-14T08:26:58+00:00","dateModified":"2025-09-03T09:08:53+00:00","description":"Gerster TechTex \u2013 Ihr Spezialist f\u00fcr innovative technische Textilien & Composites. Individuelle L\u00f6sungen f\u00fcr Industrie, Mobilit\u00e4t, Medizintechnik u.\u202fv.\u202fm.","breadcrumb":{"@id":"https:\/\/gerster-techtex.com\/kategorie\/composite-textilien\/baender\/#breadcrumb"},"inLanguage":"en-GB","potentialAction":[{"@type":"ReadAction","target":["https:\/\/gerster-techtex.com\/kategorie\/composite-textilien\/baender\/"]}]},{"@type":"ImageObject","inLanguage":"en-GB","@id":"https:\/\/gerster-techtex.com\/kategorie\/composite-textilien\/baender\/#primaryimage","url":"https:\/\/gerster-techtex.com\/wp-content\/uploads\/2025\/05\/ct-tt-geflochtene-schlaeucher-16.jpg","contentUrl":"https:\/\/gerster-techtex.com\/wp-content\/uploads\/2025\/05\/ct-tt-geflochtene-schlaeucher-16.jpg","width":1920,"height":1280},{"@type":"BreadcrumbList","@id":"https:\/\/gerster-techtex.com\/kategorie\/composite-textilien\/baender\/#breadcrumb","itemListElement":[{"@type":"ListItem","position":1,"name":"Startseite","item":"https:\/\/gerster-techtex.com\/"},{"@type":"ListItem","position":2,"name":"Produkte","item":"https:\/\/gerster-techtex.com\/kategorie\/"},{"@type":"ListItem","position":3,"name":"Composite Textilien","item":"https:\/\/gerster-techtex.com\/kategorie\/composite-textilien\/"},{"@type":"ListItem","position":4,"name":"B\u00e4nder"}]},{"@type":"WebSite","@id":"https:\/\/gerster-techtex.com\/#website","url":"https:\/\/gerster-techtex.com\/","name":"Gerster TechTex - Ihr innovativer Partner f\u00fcr technische Textilien und Composites","description":"","publisher":{"@id":"https:\/\/gerster-techtex.com\/#organization"},"potentialAction":[{"@type":"SearchAction","target":{"@type":"EntryPoint","urlTemplate":"https:\/\/gerster-techtex.com\/?s={search_term_string}"},"query-input":{"@type":"PropertyValueSpecification","valueRequired":true,"valueName":"search_term_string"}}],"inLanguage":"en-GB"},{"@type":"Organization","@id":"https:\/\/gerster-techtex.com\/#organization","name":"Gerster TechTex - Ihr innovativer Partner f\u00fcr technische Textilien und Composites","url":"https:\/\/gerster-techtex.com\/","logo":{"@type":"ImageObject","inLanguage":"en-GB","@id":"https:\/\/gerster-techtex.com\/#\/schema\/logo\/image\/","url":"https:\/\/gerster-techtex.com\/wp-content\/uploads\/2025\/04\/logo.jpg","contentUrl":"https:\/\/gerster-techtex.com\/wp-content\/uploads\/2025\/04\/logo.jpg","width":800,"height":379,"caption":"Gerster TechTex - Ihr innovativer Partner f\u00fcr technische Textilien und Composites"},"image":{"@id":"https:\/\/gerster-techtex.com\/#\/schema\/logo\/image\/"},"sameAs":["https:\/\/www.facebook.com\/GersterCollection","https:\/\/x.com\/GersterFabrics","https:\/\/www.youtube.com\/user\/GersterCollection\/videos"]}]}},"_links":{"self":[{"href":"https:\/\/gerster-techtex.com\/en\/wp-json\/wp\/v2\/pages\/28","targetHints":{"allow":["GET"]}}],"collection":[{"href":"https:\/\/gerster-techtex.com\/en\/wp-json\/wp\/v2\/pages"}],"about":[{"href":"https:\/\/gerster-techtex.com\/en\/wp-json\/wp\/v2\/types\/page"}],"author":[{"embeddable":true,"href":"https:\/\/gerster-techtex.com\/en\/wp-json\/wp\/v2\/users\/1"}],"replies":[{"embeddable":true,"href":"https:\/\/gerster-techtex.com\/en\/wp-json\/wp\/v2\/comments?post=28"}],"version-history":[{"count":88,"href":"https:\/\/gerster-techtex.com\/en\/wp-json\/wp\/v2\/pages\/28\/revisions"}],"predecessor-version":[{"id":2003,"href":"https:\/\/gerster-techtex.com\/en\/wp-json\/wp\/v2\/pages\/28\/revisions\/2003"}],"up":[{"embeddable":true,"href":"https:\/\/gerster-techtex.com\/en\/wp-json\/wp\/v2\/pages\/54"}],"wp:featuredmedia":[{"embeddable":true,"href":"https:\/\/gerster-techtex.com\/en\/wp-json\/wp\/v2\/media\/1914"}],"wp:attachment":[{"href":"https:\/\/gerster-techtex.com\/en\/wp-json\/wp\/v2\/media?parent=28"}],"curies":[{"name":"wp","href":"https:\/\/api.w.org\/{rel}","templated":true}]}}