{"id":16,"date":"2025-04-14T10:21:19","date_gmt":"2025-04-14T08:21:19","guid":{"rendered":"http:\/\/localhost\/gerster-techtex\/?page_id=16"},"modified":"2025-09-16T11:34:23","modified_gmt":"2025-09-16T09:34:23","slug":"kontakt","status":"publish","type":"page","link":"https:\/\/gerster-techtex.com\/en\/kontakt\/","title":{"rendered":"Contact"},"content":{"rendered":"<div class=\"hintergrundbild-block hintergrundbild-verlauf rel\" style=\"  width: 100vw;  margin-left: calc(-50vw + 50%);   position: relative;  margin-top: 0px;   margin-bottom: 0px;\">\r\n    <img decoding=\"async\" src=\"https:\/\/gerster-techtex.com\/wp-content\/uploads\/2025\/07\/gerster-ueber-uns-1.jpg\" alt=\"Hintergrundbild\" \r\n       style=\"object-position: center center center; width: 100%; height: 100%; object-fit: cover; position: absolute; top: 0; left: 0; \">\r\n<\/div>\r\n\r\n\r\n    \n\n\n<div class=\"wp-block-custom-allgemein-ueberschrift ueberschrift-info\"><div class=\"wp-block-columns\"><div class=\"wp-block-column\" style=\"flex-basis:50%\"><p>\/\/ Contact<\/p><h1>Contact<mark style=\"background-color:rgba(0, 0, 0, 0)\" class=\"has-inline-color has-tech-tex-light-blue-color\">form<\/mark><\/h1><\/div><div class=\"wp-block-column\" style=\"flex-basis:50%\">\n<div class=\"wp-block-buttons is-layout-flex wp-block-buttons-is-layout-flex\">\n<div class=\"wp-block-button is-style-icon-button\"><a class=\"wp-block-button__link wp-element-button\" href=\"\/en\/\">news<\/a><\/div>\n<\/div>\n<\/div><\/div><\/div>\n\n\n\n<div class=\"wp-block-columns is-layout-flex wp-container-core-columns-is-layout-9d6595d7 wp-block-columns-is-layout-flex\">\n<div class=\"wp-block-column is-layout-flow wp-block-column-is-layout-flow\" style=\"flex-basis:40%\">\n<p>At Gerster TechTex, we are your competent partner for technical textiles and composites. Whether you have questions about our products, our technologies, or individual requirements \u2013 we are happy to assist you.<\/p>\n\n\n\n<p>Sie m\u00f6chten uns auf einer Messe treffen? Gerne senden wir Ihnen auf Anfrage ein Besucherticket zu.<\/p>\n\n\n\n<p>Use the contact form to share your request with us. We will get back to you shortly.<\/p>\n\n\n\n<div style=\"height:50px\" aria-hidden=\"true\" class=\"wp-block-spacer\"><\/div>\n<\/div>\n\n\n\n<div class=\"wp-block-column is-layout-flow wp-block-column-is-layout-flow\"><div class=\"frm_forms\" id=\"frm_form_1_container\" data-token=\"1befa011b4164a24b373a91350443656\">\r\n<form enctype=\"multipart\/form-data\" method=\"post\" class=\"frm-show-form kontaktformular frm_pro_form\" id=\"form_contact-form\" data-token=\"1befa011b4164a24b373a91350443656\" action=\"\">\r\n<div class=\"frm_form_fields\">\r\n<fieldset>\r\n<legend class=\"frm_screen_reader\">Contact form - Gerster TechTex<\/legend>\r\n\r\n<div class=\"frm_fields_container\">\r\n<input type=\"hidden\" name=\"frm_action\" value=\"create\" \/>\r\n<input type=\"hidden\" name=\"form_id\" value=\"1\" \/>\r\n<input type=\"hidden\" name=\"frm_hide_fields_1\" id=\"frm_hide_fields_1\" value=\"\" \/>\r\n<input type=\"hidden\" name=\"form_key\" value=\"contact-form\" \/>\r\n<input type=\"hidden\" name=\"item_meta[0]\" value=\"\" \/>\r\n<input type=\"hidden\" id=\"frm_submit_entry_1\" name=\"frm_submit_entry_1\" value=\"9db2de0011\" \/><input type=\"hidden\" name=\"_wp_http_referer\" value=\"\/en\/wp-json\/wp\/v2\/pages\/16\" \/><div id=\"frm_field_13_container\" class=\"frm_form_field form-field  frm_required_field frm_left_container\">\r\n\t<label for=\"field_vmkl\" id=\"field_vmkl_label\" class=\"frm_primary_label\">Topic\r\n\t\t<span class=\"frm_required\" aria-hidden=\"true\">*<\/span>\r\n\t<\/label>\r\n\t\t\t<select name=\"item_meta[13]\" id=\"field_vmkl\"  data-reqmsg=\"Thema kann nicht leer sein.\" aria-required=\"true\" data-invmsg=\"Thema ist ung\u00fcltig\" aria-invalid=\"false\"  >\r\n\t\t<option  value=\"Allgemeine Frage\">General question<\/option><option  value=\"Personal\">Personal<\/option><option  value=\"Vertrieb\">Vertrieb<\/option><option  value=\"Compliance\">compliance<\/option>\t<\/select>\r\n\t\r\n\t\r\n\t\r\n<\/div>\n<div id=\"frm_field_29_container\" class=\"frm_form_field form-field  frm_top_container\">\r\n\t<label for=\"field_i8s8f\" id=\"field_i8s8f_label\" class=\"frm_primary_label\">Salutation\r\n\t\t<span class=\"frm_required\" aria-hidden=\"true\"><\/span>\r\n\t<\/label>\r\n\t\t\t<select name=\"item_meta[29]\" id=\"field_i8s8f\"  data-invmsg=\"Anrede ist ung\u00fcltig\" aria-invalid=\"false\"  >\r\n\t\t<option  value=\"Herr\">Mr.<\/option><option  value=\"Frau\">Mrs.<\/option><option  value=\"Keine Angabe\">No indication<\/option>\t<\/select>\r\n\t\r\n\t\r\n\t\r\n<\/div>\n<div id=\"frm_field_17_container\" class=\"frm_form_field form-field  frm_left_container frm6 frm_first\">\r\n\t<label for=\"field_r2jc\" id=\"field_r2jc_label\" class=\"frm_primary_label\">First name\r\n\t\t<span class=\"frm_required\" aria-hidden=\"true\"><\/span>\r\n\t<\/label>\r\n\t<input  type=\"text\" id=\"field_r2jc\" name=\"item_meta[17]\" value=\"\"  data-invmsg=\"Vorname ist ung\u00fcltig\" aria-invalid=\"false\"   \/>\r\n\t\r\n\t\r\n<\/div>\n<div id=\"frm_field_18_container\" class=\"frm_form_field form-field  frm_required_field frm_left_container frm6\">\r\n\t<label for=\"field_zch64\" id=\"field_zch64_label\" class=\"frm_primary_label\">Last name\r\n\t\t<span class=\"frm_required\" aria-hidden=\"true\">*<\/span>\r\n\t<\/label>\r\n\t<input  type=\"text\" id=\"field_zch64\" name=\"item_meta[18]\" value=\"\"  data-reqmsg=\"Nachname kann nicht leer sein.\" aria-required=\"true\" data-invmsg=\"Nachname ist ung\u00fcltig\" aria-invalid=\"false\"   \/>\r\n\t\r\n\t\r\n<\/div>\n<div id=\"frm_field_30_container\" class=\"frm_form_field form-field  frm_top_container\">\r\n\t<label for=\"field_8jei8\" id=\"field_8jei8_label\" class=\"frm_primary_label\">Company\r\n\t\t<span class=\"frm_required\" aria-hidden=\"true\"><\/span>\r\n\t<\/label>\r\n\t<input  type=\"text\" id=\"field_8jei8\" name=\"item_meta[30]\" value=\"\"  data-invmsg=\"Unternehmen ist ung\u00fcltig\" aria-invalid=\"false\"   \/>\r\n\t\r\n\t\r\n<\/div>\n<div id=\"frm_field_20_container\" class=\"frm_form_field form-field  frm_left_container\">\r\n\t<label for=\"field_9bz9p\" id=\"field_9bz9p_label\" class=\"frm_primary_label\">Street\r\n\t\t<span class=\"frm_required\" aria-hidden=\"true\"><\/span>\r\n\t<\/label>\r\n\t<input  type=\"text\" id=\"field_9bz9p\" name=\"item_meta[20]\" value=\"\"  data-invmsg=\"Stra\u00dfe ist ung\u00fcltig\" aria-invalid=\"false\"   \/>\r\n\t\r\n\t\r\n<\/div>\n<div id=\"frm_field_26_container\" class=\"frm_form_field form-field  frm_left_container frm6 frm_first\">\r\n\t<label for=\"field_bsrdu\" id=\"field_bsrdu_label\" class=\"frm_primary_label\">Zip code\r\n\t\t<span class=\"frm_required\" aria-hidden=\"true\"><\/span>\r\n\t<\/label>\r\n\t<input  type=\"text\" id=\"field_bsrdu\" name=\"item_meta[26]\" value=\"\"  data-invmsg=\"PLZ ist ung\u00fcltig\" aria-invalid=\"false\"   \/>\r\n\t\r\n\t\r\n<\/div>\n<div id=\"frm_field_23_container\" class=\"frm_form_field form-field  frm_left_container frm6\">\r\n\t<label for=\"field_o14jl\" id=\"field_o14jl_label\" class=\"frm_primary_label\">Location\r\n\t\t<span class=\"frm_required\" aria-hidden=\"true\"><\/span>\r\n\t<\/label>\r\n\t<input  type=\"text\" id=\"field_o14jl\" name=\"item_meta[23]\" value=\"\"  data-invmsg=\"Ort ist ung\u00fcltig\" aria-invalid=\"false\"   \/>\r\n\t\r\n\t\r\n<\/div>\n<div id=\"frm_field_32_container\" class=\"frm_form_field form-field  frm_top_container\">\r\n\t<label for=\"field_h2ti3\" id=\"field_h2ti3_label\" class=\"frm_primary_label\">Fax\r\n\t\t<span class=\"frm_required\" aria-hidden=\"true\"><\/span>\r\n\t<\/label>\r\n\t<input type=\"tel\" id=\"field_h2ti3\" name=\"item_meta[32]\" value=\"\"  data-invmsg=\"Fax ist ung\u00fcltig\" aria-invalid=\"false\" pattern=\"((\\+\\d{1,3}(-|.| )?\\(?\\d\\)?(-| |.)?\\d{1,5})|(\\(?\\d{2,6}\\)?))(-|.| )?(\\d{3,4})(-|.| )?(\\d{4})(( x| ext)\\d{1,5}){0,1}$\"  \/>\r\n\t\r\n\t\r\n<\/div>\n<div id=\"frm_field_25_container\" class=\"frm_form_field form-field  frm_required_field frm_left_container\">\r\n\t<label for=\"field_fw9xm\" id=\"field_fw9xm_label\" class=\"frm_primary_label\">Email address\r\n\t\t<span class=\"frm_required\" aria-hidden=\"true\">*<\/span>\r\n\t<\/label>\r\n\t<input type=\"email\" id=\"field_fw9xm\" name=\"item_meta[25]\" value=\"\"  data-reqmsg=\"E-Mail-Adresse kann nicht leer sein.\" aria-required=\"true\" data-invmsg=\"E-Mail-Adresse ist ung\u00fcltig\" aria-invalid=\"false\"  \/>\r\n\t\r\n\t\r\n<\/div>\n<div id=\"frm_field_15_container\" class=\"frm_form_field form-field  frm_required_field frm_left_container\">\r\n\t<label for=\"field_htawj\" id=\"field_htawj_label\" class=\"frm_primary_label\">Your message\r\n\t\t<span class=\"frm_required\" aria-hidden=\"true\">*<\/span>\r\n\t<\/label>\r\n\t<textarea name=\"item_meta[15]\" id=\"field_htawj\" rows=\"3\"  data-reqmsg=\"Ihre Nachricht kann nicht leer sein.\" aria-required=\"true\" data-invmsg=\"Ihre Nachricht ist ung\u00fcltig\" aria-invalid=\"false\"  ><\/textarea>\r\n\t\r\n\t\r\n<\/div>\n<div id=\"frm_field_27_container\" class=\"dsgvo frm_form_field form-field  frm_required_field frm_none_container vertical_radio\">\r\n\t<div  id=\"field_mknpp_label\" class=\"frm_primary_label\">GDPR\r\n\t\t<span class=\"frm_required\" aria-hidden=\"true\">*<\/span>\r\n\t<\/div>\r\n\t<div class=\"frm_opt_container\" aria-labelledby=\"field_mknpp_label\" role=\"group\">\t\t<div class=\"frm_checkbox\" id=\"frm_checkbox_27-0\">\t\t\t<label  for=\"field_mknpp-0\">\r\n\t\t\t<input type=\"checkbox\" name=\"item_meta[27][]\" id=\"field_mknpp-0\" value=\"Ich bin damit einverstanden, dass meine pers\u00f6nlichen Informationen und Daten zur Beantwortung meiner Anfrage in \u00dcbereinstimmung mit der &lt;a href=&quot;..\/datenschutzerklaerung&quot;&gt;Datenschutzerkl\u00e4rung&lt;\/a&gt; verarbeitet werden. Ich kann meine Einwilligung jederzeit f\u00fcr die Zukunft widerrufen, indem ich eine E-Mail indem ich eine E-Mail an &lt;a href=&quot;mailto:info@gerster-techtex.de&quot;&gt;info@gerster-techtex.de&lt;\/a&gt; sende.\"  data-reqmsg=\"DSGVO kann nicht leer sein.\" data-invmsg=\"DSGVO ist ung\u00fcltig\" aria-invalid=\"false\"   aria-required=\"true\"  \/> I agree that my personal information and data may be used and processed to respond to my inquiry in accordance with the <a href=\"..\/datenschutzerklaerung\">Privacy policy<\/a> . I can revoke my consent at any time for the future by sending an email to <a href=\"mailto:info@gerster-techtex.de\">info@gerster-techtex.de<\/a> send<\/label><\/div>\r\n<\/div>\r\n\t\r\n\t\r\n<\/div>\n<div id=\"frm_field_28_container\" class=\"frm_form_field form-field  frm_none_container\">\r\n\t<label for=\"h-captcha-response\" id=\"field_g9vv_label\" class=\"frm_primary_label\">Captcha\r\n\t\t<span class=\"frm_required\" aria-hidden=\"true\"><\/span>\r\n\t<\/label>\r\n\t<div  id=\"field_g9vv\" class=\"cf-turnstile\" data-sitekey=\"0x4AAAAAABq4Dai5u3HRTndA\" data-size=\"normal\" data-theme=\"light\"><\/div>\r\n\t\r\n\t\r\n<\/div>\n<div id=\"frm_field_6_container\" class=\"frm_form_field form-field\">\r\n\t<div class=\"frm_submit frm_flex\">\r\n<button class=\"frm_button_submit frm_final_submit\" type=\"submit\"   formnovalidate=\"formnovalidate\">Submit<\/button>\r\n\r\n\r\n\r\n<\/div>\r\n<\/div>\n\t<input type=\"hidden\" name=\"item_key\" value=\"\" \/>\r\n\t\t\t<div id=\"frm_field_34_container\">\r\n\t\t\t<label for=\"field_b0s9w\" >\r\n\t\t\t\tIf you are human, leave this field blank.\t\t\t<\/label>\r\n\t\t\t<input  id=\"field_b0s9w\" type=\"text\" class=\"frm_form_field form-field frm_verify\" name=\"item_meta[34]\" value=\"\"  \/>\r\n\t\t<\/div>\r\n\t\t<input name=\"frm_state\" type=\"hidden\" value=\"dIhrzPB4VqneYfPg0JPuHdthPVRhSnPIw\/\/UxRCG6z2MtTec7cVS0f1\/9zVk+JXa\" \/><\/div>\r\n<\/fieldset>\r\n<\/div>\r\n\r\n<input type=\"hidden\" name=\"trp-form-language\" value=\"en\"\/><\/form>\r\n<\/div>\r\n\n\n\n<p><\/p>\n<\/div>\n<\/div>","protected":false},"excerpt":{"rendered":"<p>Bei Gerster TechTex stehen wir Ihnen als kompetenter Partner f\u00fcr technische Textilien und Composites zur Seite. Ob Fragen zu unseren Produkten, unseren Technologien oder individuelle Anforderungen \u2013 wir unterst\u00fctzen Sie gerne. Sie m\u00f6chten uns auf einer Messe treffen? Gerne senden wir Ihnen auf Anfrage ein Besucherticket zu. Nutzen Sie das Kontaktformular, um uns Ihr Anliegen [&hellip;]<\/p>","protected":false},"author":1,"featured_media":0,"parent":0,"menu_order":0,"comment_status":"closed","ping_status":"closed","template":"","meta":{"_acf_changed":false,"footnotes":""},"class_list":["post-16","page","type-page","status-publish","hentry"],"acf":[],"yoast_head":"<!-- This site is optimized with the Yoast SEO plugin v25.9 - https:\/\/yoast.com\/wordpress\/plugins\/seo\/ -->\n<title>Kontakt - Gerster TechTex - Ihr innovativer Partner f\u00fcr technische Textilien und Composites<\/title>\n<meta name=\"description\" content=\"Gerster TechTex \u2013 Ihr Spezialist f\u00fcr innovative technische Textilien &amp; Composites. Individuelle L\u00f6sungen f\u00fcr Industrie, Mobilit\u00e4t, Medizintechnik u.\u202fv.\u202fm.\" \/>\n<meta name=\"robots\" content=\"index, follow, max-snippet:-1, max-image-preview:large, max-video-preview:-1\" \/>\n<link rel=\"canonical\" href=\"https:\/\/gerster-techtex.com\/en\/kontakt\/\" \/>\n<meta property=\"og:locale\" content=\"en_GB\" \/>\n<meta property=\"og:type\" content=\"article\" \/>\n<meta property=\"og:title\" content=\"Kontakt - Gerster TechTex - Ihr innovativer Partner f\u00fcr technische Textilien und Composites\" \/>\n<meta property=\"og:description\" content=\"Gerster TechTex \u2013 Ihr Spezialist f\u00fcr innovative technische Textilien &amp; Composites. Individuelle L\u00f6sungen f\u00fcr Industrie, Mobilit\u00e4t, Medizintechnik u.\u202fv.\u202fm.\" \/>\n<meta property=\"og:url\" content=\"https:\/\/gerster-techtex.com\/en\/kontakt\/\" \/>\n<meta property=\"og:site_name\" content=\"Gerster TechTex - Ihr innovativer Partner f\u00fcr technische Textilien und Composites\" \/>\n<meta property=\"article:publisher\" content=\"https:\/\/www.facebook.com\/GersterCollection\" \/>\n<meta property=\"article:modified_time\" content=\"2025-09-16T09:34:23+00:00\" \/>\n<meta name=\"twitter:card\" content=\"summary_large_image\" \/>\n<meta name=\"twitter:site\" content=\"@GersterFabrics\" \/>\n<script type=\"application\/ld+json\" class=\"yoast-schema-graph\">{\"@context\":\"https:\/\/schema.org\",\"@graph\":[{\"@type\":\"WebPage\",\"@id\":\"https:\/\/gerster-techtex.com\/kontakt\/\",\"url\":\"https:\/\/gerster-techtex.com\/kontakt\/\",\"name\":\"Kontakt - Gerster TechTex - Ihr innovativer Partner f\u00fcr technische Textilien und Composites\",\"isPartOf\":{\"@id\":\"https:\/\/gerster-techtex.com\/#website\"},\"datePublished\":\"2025-04-14T08:21:19+00:00\",\"dateModified\":\"2025-09-16T09:34:23+00:00\",\"description\":\"Gerster TechTex \u2013 Ihr Spezialist f\u00fcr innovative technische Textilien & Composites. Individuelle L\u00f6sungen f\u00fcr Industrie, Mobilit\u00e4t, Medizintechnik u.\u202fv.\u202fm.\",\"breadcrumb\":{\"@id\":\"https:\/\/gerster-techtex.com\/kontakt\/#breadcrumb\"},\"inLanguage\":\"en-GB\",\"potentialAction\":[{\"@type\":\"ReadAction\",\"target\":[\"https:\/\/gerster-techtex.com\/kontakt\/\"]}]},{\"@type\":\"BreadcrumbList\",\"@id\":\"https:\/\/gerster-techtex.com\/kontakt\/#breadcrumb\",\"itemListElement\":[{\"@type\":\"ListItem\",\"position\":1,\"name\":\"Startseite\",\"item\":\"https:\/\/gerster-techtex.com\/\"},{\"@type\":\"ListItem\",\"position\":2,\"name\":\"Kontakt\"}]},{\"@type\":\"WebSite\",\"@id\":\"https:\/\/gerster-techtex.com\/#website\",\"url\":\"https:\/\/gerster-techtex.com\/\",\"name\":\"Gerster TechTex - Ihr innovativer Partner f\u00fcr technische Textilien und Composites\",\"description\":\"\",\"publisher\":{\"@id\":\"https:\/\/gerster-techtex.com\/#organization\"},\"potentialAction\":[{\"@type\":\"SearchAction\",\"target\":{\"@type\":\"EntryPoint\",\"urlTemplate\":\"https:\/\/gerster-techtex.com\/?s={search_term_string}\"},\"query-input\":{\"@type\":\"PropertyValueSpecification\",\"valueRequired\":true,\"valueName\":\"search_term_string\"}}],\"inLanguage\":\"en-GB\"},{\"@type\":\"Organization\",\"@id\":\"https:\/\/gerster-techtex.com\/#organization\",\"name\":\"Gerster TechTex - Ihr innovativer Partner f\u00fcr technische Textilien und Composites\",\"url\":\"https:\/\/gerster-techtex.com\/\",\"logo\":{\"@type\":\"ImageObject\",\"inLanguage\":\"en-GB\",\"@id\":\"https:\/\/gerster-techtex.com\/#\/schema\/logo\/image\/\",\"url\":\"https:\/\/gerster-techtex.com\/wp-content\/uploads\/2025\/04\/logo.jpg\",\"contentUrl\":\"https:\/\/gerster-techtex.com\/wp-content\/uploads\/2025\/04\/logo.jpg\",\"width\":800,\"height\":379,\"caption\":\"Gerster TechTex - Ihr innovativer Partner f\u00fcr technische Textilien und Composites\"},\"image\":{\"@id\":\"https:\/\/gerster-techtex.com\/#\/schema\/logo\/image\/\"},\"sameAs\":[\"https:\/\/www.facebook.com\/GersterCollection\",\"https:\/\/x.com\/GersterFabrics\",\"https:\/\/www.youtube.com\/user\/GersterCollection\/videos\"]}]}<\/script>\n<!-- \/ Yoast SEO plugin. -->","yoast_head_json":{"title":"Kontakt - Gerster TechTex - Ihr innovativer Partner f\u00fcr technische Textilien und Composites","description":"Gerster TechTex \u2013 Ihr Spezialist f\u00fcr innovative technische Textilien & Composites. Individuelle L\u00f6sungen f\u00fcr Industrie, Mobilit\u00e4t, Medizintechnik u.\u202fv.\u202fm.","robots":{"index":"index","follow":"follow","max-snippet":"max-snippet:-1","max-image-preview":"max-image-preview:large","max-video-preview":"max-video-preview:-1"},"canonical":"https:\/\/gerster-techtex.com\/en\/kontakt\/","og_locale":"en_GB","og_type":"article","og_title":"Kontakt - Gerster TechTex - Ihr innovativer Partner f\u00fcr technische Textilien und Composites","og_description":"Gerster TechTex \u2013 Ihr Spezialist f\u00fcr innovative technische Textilien & Composites. Individuelle L\u00f6sungen f\u00fcr Industrie, Mobilit\u00e4t, Medizintechnik u.\u202fv.\u202fm.","og_url":"https:\/\/gerster-techtex.com\/en\/kontakt\/","og_site_name":"Gerster TechTex - Ihr innovativer Partner f\u00fcr technische Textilien und Composites","article_publisher":"https:\/\/www.facebook.com\/GersterCollection","article_modified_time":"2025-09-16T09:34:23+00:00","twitter_card":"summary_large_image","twitter_site":"@GersterFabrics","schema":{"@context":"https:\/\/schema.org","@graph":[{"@type":"WebPage","@id":"https:\/\/gerster-techtex.com\/kontakt\/","url":"https:\/\/gerster-techtex.com\/kontakt\/","name":"Kontakt - Gerster TechTex - Ihr innovativer Partner f\u00fcr technische Textilien und Composites","isPartOf":{"@id":"https:\/\/gerster-techtex.com\/#website"},"datePublished":"2025-04-14T08:21:19+00:00","dateModified":"2025-09-16T09:34:23+00:00","description":"Gerster TechTex \u2013 Ihr Spezialist f\u00fcr innovative technische Textilien & Composites. Individuelle L\u00f6sungen f\u00fcr Industrie, Mobilit\u00e4t, Medizintechnik u.\u202fv.\u202fm.","breadcrumb":{"@id":"https:\/\/gerster-techtex.com\/kontakt\/#breadcrumb"},"inLanguage":"en-GB","potentialAction":[{"@type":"ReadAction","target":["https:\/\/gerster-techtex.com\/kontakt\/"]}]},{"@type":"BreadcrumbList","@id":"https:\/\/gerster-techtex.com\/kontakt\/#breadcrumb","itemListElement":[{"@type":"ListItem","position":1,"name":"Startseite","item":"https:\/\/gerster-techtex.com\/"},{"@type":"ListItem","position":2,"name":"Kontakt"}]},{"@type":"WebSite","@id":"https:\/\/gerster-techtex.com\/#website","url":"https:\/\/gerster-techtex.com\/","name":"Gerster TechTex - Ihr innovativer Partner f\u00fcr technische Textilien und Composites","description":"","publisher":{"@id":"https:\/\/gerster-techtex.com\/#organization"},"potentialAction":[{"@type":"SearchAction","target":{"@type":"EntryPoint","urlTemplate":"https:\/\/gerster-techtex.com\/?s={search_term_string}"},"query-input":{"@type":"PropertyValueSpecification","valueRequired":true,"valueName":"search_term_string"}}],"inLanguage":"en-GB"},{"@type":"Organization","@id":"https:\/\/gerster-techtex.com\/#organization","name":"Gerster TechTex - Ihr innovativer Partner f\u00fcr technische Textilien und Composites","url":"https:\/\/gerster-techtex.com\/","logo":{"@type":"ImageObject","inLanguage":"en-GB","@id":"https:\/\/gerster-techtex.com\/#\/schema\/logo\/image\/","url":"https:\/\/gerster-techtex.com\/wp-content\/uploads\/2025\/04\/logo.jpg","contentUrl":"https:\/\/gerster-techtex.com\/wp-content\/uploads\/2025\/04\/logo.jpg","width":800,"height":379,"caption":"Gerster TechTex - Ihr innovativer Partner f\u00fcr technische Textilien und Composites"},"image":{"@id":"https:\/\/gerster-techtex.com\/#\/schema\/logo\/image\/"},"sameAs":["https:\/\/www.facebook.com\/GersterCollection","https:\/\/x.com\/GersterFabrics","https:\/\/www.youtube.com\/user\/GersterCollection\/videos"]}]}},"_links":{"self":[{"href":"https:\/\/gerster-techtex.com\/en\/wp-json\/wp\/v2\/pages\/16","targetHints":{"allow":["GET"]}}],"collection":[{"href":"https:\/\/gerster-techtex.com\/en\/wp-json\/wp\/v2\/pages"}],"about":[{"href":"https:\/\/gerster-techtex.com\/en\/wp-json\/wp\/v2\/types\/page"}],"author":[{"embeddable":true,"href":"https:\/\/gerster-techtex.com\/en\/wp-json\/wp\/v2\/users\/1"}],"replies":[{"embeddable":true,"href":"https:\/\/gerster-techtex.com\/en\/wp-json\/wp\/v2\/comments?post=16"}],"version-history":[{"count":16,"href":"https:\/\/gerster-techtex.com\/en\/wp-json\/wp\/v2\/pages\/16\/revisions"}],"predecessor-version":[{"id":3022,"href":"https:\/\/gerster-techtex.com\/en\/wp-json\/wp\/v2\/pages\/16\/revisions\/3022"}],"wp:attachment":[{"href":"https:\/\/gerster-techtex.com\/en\/wp-json\/wp\/v2\/media?parent=16"}],"curies":[{"name":"wp","href":"https:\/\/api.w.org\/{rel}","templated":true}]}}