{"id":102,"date":"2025-04-14T10:42:12","date_gmt":"2025-04-14T08:42:12","guid":{"rendered":"http:\/\/localhost\/gerster-techtex\/?page_id=102"},"modified":"2025-09-05T10:23:01","modified_gmt":"2025-09-05T08:23:01","slug":"news","status":"publish","type":"page","link":"https:\/\/gerster-techtex.com\/en\/unternehmen\/news\/","title":{"rendered":"News"},"content":{"rendered":"<div class=\"hintergrundbild-block hintergrundbild-verlauf rel\" style=\"  width: 100vw;  margin-left: calc(-50vw + 50%);   position: relative;  margin-top: 0px;   margin-bottom: 0px;\">\r\n    <img decoding=\"async\" src=\"https:\/\/gerster-techtex.com\/wp-content\/uploads\/2025\/08\/gerster-ueber-uns-3.jpg\" alt=\"Hintergrundbild\" \r\n       style=\"object-position: center center center; width: 100%; height: 100%; object-fit: cover; position: absolute; top: 0; left: 0; \">\r\n<\/div>\r\n\r\n\r\n    \n\n\n<div class=\"wp-block-custom-allgemein-ueberschrift ueberschrift-info\"><div class=\"wp-block-columns\"><div class=\"wp-block-column\" style=\"flex-basis:50%\"><p>\/\/ Blog<\/p><h1>Press and <mark style=\"background-color:rgba(0, 0, 0, 0)\" class=\"has-inline-color has-tech-tex-light-blue-color\">News<\/mark><\/h1><\/div><div class=\"wp-block-column\" style=\"flex-basis:50%\">\n<div class=\"wp-block-buttons is-layout-flex wp-block-buttons-is-layout-flex\">\n<div class=\"wp-block-button is-style-icon-button\"><a class=\"wp-block-button__link wp-element-button\" href=\"\/en\/\">news<\/a><\/div>\n<\/div>\n<\/div><\/div><\/div>\n\n\n\r\n<div class=\"category-filter-block\">\r\n  <div class=\"filter-buttons\">\r\n    <button class=\"filter-button active\" data-category=\"\">All<\/button>\r\n          <button class=\"filter-button\" data-category=\"messen\">\r\n        Trade fairs      <\/button>\r\n          <button class=\"filter-button\" data-category=\"news\">\r\n        News      <\/button>\r\n      <\/div>\r\n\r\n  <div class=\"filtered-posts container\">\r\n    <div class=\"row\"><div class=\"post-item col-12\"><div class=\"post-image\"><img loading=\"lazy\" decoding=\"async\" width=\"1010\" height=\"810\" src=\"https:\/\/gerster-techtex.com\/wp-content\/uploads\/2026\/03\/JEC-World-2025-Paris-France-Exhibition-Stand-Builder-e1773906692395.png\" class=\"attachment-post-thumbnail size-post-thumbnail wp-post-image\" alt=\"\" srcset=\"https:\/\/gerster-techtex.com\/wp-content\/uploads\/2026\/03\/JEC-World-2025-Paris-France-Exhibition-Stand-Builder-e1773906692395.png 1010w, https:\/\/gerster-techtex.com\/wp-content\/uploads\/2026\/03\/JEC-World-2025-Paris-France-Exhibition-Stand-Builder-e1773906692395-400x321.png 400w, https:\/\/gerster-techtex.com\/wp-content\/uploads\/2026\/03\/JEC-World-2025-Paris-France-Exhibition-Stand-Builder-e1773906692395-768x616.png 768w, https:\/\/gerster-techtex.com\/wp-content\/uploads\/2026\/03\/JEC-World-2025-Paris-France-Exhibition-Stand-Builder-e1773906692395-15x12.png 15w\" sizes=\"auto, (max-width: 1010px) 100vw, 1010px\" \/><\/div><div class=\"post-text\"><span class=\"intro-font-small\">\/\/ Blog<\/span><div class=\"post-text-middle\"><h3>M\u00e4rz 26&#8242;: JEC World 2026 &#8211; Paris<\/h3><p>JEC World 2026 in Paris was a highly successful and valuable event for Gerster TechTex. The trade fair took place from 10 March to 12 March 2026. Over the three days of the event, we were able to strengthen our existing business relationships and establish numerous new contacts. The trade fair confirmed once again<\/p><\/div><div class=\"post-link\"><a href=\"https:\/\/gerster-techtex.com\/en\/messen\/maerz-25-jec-world-2026\/\">Read more<\/a><\/div><\/div><\/div><div class=\"post-item col-12\"><div class=\"post-image\"><img loading=\"lazy\" decoding=\"async\" width=\"1080\" height=\"774\" src=\"https:\/\/gerster-techtex.com\/wp-content\/uploads\/2025\/06\/Gerster_Instagram_Templates-e1757060213968.png\" class=\"attachment-post-thumbnail size-post-thumbnail wp-post-image\" alt=\"\" srcset=\"https:\/\/gerster-techtex.com\/wp-content\/uploads\/2025\/06\/Gerster_Instagram_Templates-e1757060213968.png 1080w, https:\/\/gerster-techtex.com\/wp-content\/uploads\/2025\/06\/Gerster_Instagram_Templates-e1757060213968-400x287.png 400w, https:\/\/gerster-techtex.com\/wp-content\/uploads\/2025\/06\/Gerster_Instagram_Templates-e1757060213968-1024x734.png 1024w, https:\/\/gerster-techtex.com\/wp-content\/uploads\/2025\/06\/Gerster_Instagram_Templates-e1757060213968-768x550.png 768w, https:\/\/gerster-techtex.com\/wp-content\/uploads\/2025\/06\/Gerster_Instagram_Templates-e1757060213968-18x12.png 18w\" sizes=\"auto, (max-width: 1080px) 100vw, 1080px\" \/><\/div><div class=\"post-text\"><span class=\"intro-font-small\">\/\/ Blog<\/span><div class=\"post-text-middle\"><h3>Februar 26&#8242;: Enforce Tac 2026 &#8211; N\u00fcrnberg<\/h3><p>We were there! From 23 to 25 February 2026. Enforce Tac 2026 in Nuremberg provided Gerster TechTex with a concise and focused overview of the latest developments in the field of protection and security systems. The focus was on engaging with existing partners and establishing new contacts, particularly with system providers and integrators. Technologically<\/p><\/div><div class=\"post-link\"><a href=\"https:\/\/gerster-techtex.com\/en\/messen\/februar-25-enforce-tac-2026\/\">Read more<\/a><\/div><\/div><\/div><div class=\"post-item col-12\"><div class=\"post-image\"><img loading=\"lazy\" decoding=\"async\" width=\"1080\" height=\"774\" src=\"https:\/\/gerster-techtex.com\/wp-content\/uploads\/2025\/06\/Gerster_Instagram_Templates-e1757060213968.png\" class=\"attachment-post-thumbnail size-post-thumbnail wp-post-image\" alt=\"\" srcset=\"https:\/\/gerster-techtex.com\/wp-content\/uploads\/2025\/06\/Gerster_Instagram_Templates-e1757060213968.png 1080w, https:\/\/gerster-techtex.com\/wp-content\/uploads\/2025\/06\/Gerster_Instagram_Templates-e1757060213968-400x287.png 400w, https:\/\/gerster-techtex.com\/wp-content\/uploads\/2025\/06\/Gerster_Instagram_Templates-e1757060213968-1024x734.png 1024w, https:\/\/gerster-techtex.com\/wp-content\/uploads\/2025\/06\/Gerster_Instagram_Templates-e1757060213968-768x550.png 768w, https:\/\/gerster-techtex.com\/wp-content\/uploads\/2025\/06\/Gerster_Instagram_Templates-e1757060213968-18x12.png 18w\" sizes=\"auto, (max-width: 1080px) 100vw, 1080px\" \/><\/div><div class=\"post-text\"><span class=\"intro-font-small\">\/\/ Blog<\/span><div class=\"post-text-middle\"><h3>Vorschau: Enforce Tac 2026<\/h3><p>Besuchen Sie uns auf der Enforce Tac 2026 in N\u00fcrnberg. Unser Team ist an allen Messetagen vor Ort und freut sich auf den pers\u00f6nlichen Austausch mit Ihnen. Vereinbaren Sie gerne im Vorfeld einen Gespr\u00e4chstermin und sprechen Sie mit uns \u00fcber technische Textilien sowie deren Einsatzm\u00f6glichkeiten in Sicherheits- und Verteidigungsausr\u00fcstung. Wir &#8230;<\/p><\/div><div class=\"post-link\"><a href=\"https:\/\/gerster-techtex.com\/en\/messen\/enforce-tac-2026-wir-sind-dabei\/\">Read more<\/a><\/div><\/div><\/div><\/div><div class=\"row\"><div class=\"col-12 pagination\"><button class=\"pagination-button active\" data-page=\"1\">1<\/button><button class=\"pagination-button\" data-page=\"2\">2<\/button><button class=\"pagination-button\" data-page=\"3\">3<\/button><button class=\"pagination-button\" data-page=\"4\">4<\/button><button class=\"pagination-button\" data-page=\"2\">Next<\/button><\/div><\/div>  <\/div>\r\n<\/div>\n\n<div class=\"hintergrundbild-block\" style=\"  width: 100vw;  margin-left: calc(-50vw + 50%);   position: relative;  margin-top: 0px;   margin-bottom: 0px;\">\r\n    <img decoding=\"async\" src=\"https:\/\/gerster-techtex.com\/wp-content\/uploads\/2025\/07\/gerster-ueber-uns-1.jpg\" alt=\"Hintergrundbild\" \r\n       style=\"object-position: center center center; width: 100%; height: 100%; object-fit: cover; position: absolute; top: 0; left: 0; \">\r\n<\/div>","protected":false},"excerpt":{"rendered":"","protected":false},"author":1,"featured_media":0,"parent":14,"menu_order":0,"comment_status":"closed","ping_status":"closed","template":"","meta":{"_acf_changed":false,"footnotes":""},"class_list":["post-102","page","type-page","status-publish","hentry"],"acf":[],"yoast_head":"<!-- This site is optimized with the Yoast SEO plugin v25.9 - https:\/\/yoast.com\/wordpress\/plugins\/seo\/ -->\n<title>News - Gerster TechTex - Ihr innovativer Partner f\u00fcr technische Textilien und Composites<\/title>\n<meta name=\"description\" content=\"Gerster TechTex \u2013 Ihr Spezialist f\u00fcr innovative technische Textilien &amp; Composites. Individuelle L\u00f6sungen f\u00fcr Industrie, Mobilit\u00e4t, Medizintechnik u.\u202fv.\u202fm.\" \/>\n<meta name=\"robots\" content=\"index, follow, max-snippet:-1, max-image-preview:large, max-video-preview:-1\" \/>\n<link rel=\"canonical\" href=\"https:\/\/gerster-techtex.com\/en\/unternehmen\/news\/\" \/>\n<meta property=\"og:locale\" content=\"en_GB\" \/>\n<meta property=\"og:type\" content=\"article\" \/>\n<meta property=\"og:title\" content=\"News - Gerster TechTex - Ihr innovativer Partner f\u00fcr technische Textilien und Composites\" \/>\n<meta property=\"og:description\" content=\"Gerster TechTex \u2013 Ihr Spezialist f\u00fcr innovative technische Textilien &amp; Composites. Individuelle L\u00f6sungen f\u00fcr Industrie, Mobilit\u00e4t, Medizintechnik u.\u202fv.\u202fm.\" \/>\n<meta property=\"og:url\" content=\"https:\/\/gerster-techtex.com\/en\/unternehmen\/news\/\" \/>\n<meta property=\"og:site_name\" content=\"Gerster TechTex - Ihr innovativer Partner f\u00fcr technische Textilien und Composites\" \/>\n<meta property=\"article:publisher\" content=\"https:\/\/www.facebook.com\/GersterCollection\" \/>\n<meta property=\"article:modified_time\" content=\"2025-09-05T08:23:01+00:00\" \/>\n<meta name=\"twitter:card\" content=\"summary_large_image\" \/>\n<meta name=\"twitter:site\" content=\"@GersterFabrics\" \/>\n<script type=\"application\/ld+json\" class=\"yoast-schema-graph\">{\"@context\":\"https:\/\/schema.org\",\"@graph\":[{\"@type\":\"WebPage\",\"@id\":\"https:\/\/gerster-techtex.com\/unternehmen\/news\/\",\"url\":\"https:\/\/gerster-techtex.com\/unternehmen\/news\/\",\"name\":\"News - Gerster TechTex - Ihr innovativer Partner f\u00fcr technische Textilien und Composites\",\"isPartOf\":{\"@id\":\"https:\/\/gerster-techtex.com\/#website\"},\"datePublished\":\"2025-04-14T08:42:12+00:00\",\"dateModified\":\"2025-09-05T08:23:01+00:00\",\"description\":\"Gerster TechTex \u2013 Ihr Spezialist f\u00fcr innovative technische Textilien & Composites. Individuelle L\u00f6sungen f\u00fcr Industrie, Mobilit\u00e4t, Medizintechnik u.\u202fv.\u202fm.\",\"breadcrumb\":{\"@id\":\"https:\/\/gerster-techtex.com\/unternehmen\/news\/#breadcrumb\"},\"inLanguage\":\"en-GB\",\"potentialAction\":[{\"@type\":\"ReadAction\",\"target\":[\"https:\/\/gerster-techtex.com\/unternehmen\/news\/\"]}]},{\"@type\":\"BreadcrumbList\",\"@id\":\"https:\/\/gerster-techtex.com\/unternehmen\/news\/#breadcrumb\",\"itemListElement\":[{\"@type\":\"ListItem\",\"position\":1,\"name\":\"Startseite\",\"item\":\"https:\/\/gerster-techtex.com\/\"},{\"@type\":\"ListItem\",\"position\":2,\"name\":\"Unternehmen\",\"item\":\"https:\/\/gerster-techtex.com\/unternehmen\/\"},{\"@type\":\"ListItem\",\"position\":3,\"name\":\"News\"}]},{\"@type\":\"WebSite\",\"@id\":\"https:\/\/gerster-techtex.com\/#website\",\"url\":\"https:\/\/gerster-techtex.com\/\",\"name\":\"Gerster TechTex - Ihr innovativer Partner f\u00fcr technische Textilien und Composites\",\"description\":\"\",\"publisher\":{\"@id\":\"https:\/\/gerster-techtex.com\/#organization\"},\"potentialAction\":[{\"@type\":\"SearchAction\",\"target\":{\"@type\":\"EntryPoint\",\"urlTemplate\":\"https:\/\/gerster-techtex.com\/?s={search_term_string}\"},\"query-input\":{\"@type\":\"PropertyValueSpecification\",\"valueRequired\":true,\"valueName\":\"search_term_string\"}}],\"inLanguage\":\"en-GB\"},{\"@type\":\"Organization\",\"@id\":\"https:\/\/gerster-techtex.com\/#organization\",\"name\":\"Gerster TechTex - Ihr innovativer Partner f\u00fcr technische Textilien und Composites\",\"url\":\"https:\/\/gerster-techtex.com\/\",\"logo\":{\"@type\":\"ImageObject\",\"inLanguage\":\"en-GB\",\"@id\":\"https:\/\/gerster-techtex.com\/#\/schema\/logo\/image\/\",\"url\":\"https:\/\/gerster-techtex.com\/wp-content\/uploads\/2025\/04\/logo.jpg\",\"contentUrl\":\"https:\/\/gerster-techtex.com\/wp-content\/uploads\/2025\/04\/logo.jpg\",\"width\":800,\"height\":379,\"caption\":\"Gerster TechTex - Ihr innovativer Partner f\u00fcr technische Textilien und Composites\"},\"image\":{\"@id\":\"https:\/\/gerster-techtex.com\/#\/schema\/logo\/image\/\"},\"sameAs\":[\"https:\/\/www.facebook.com\/GersterCollection\",\"https:\/\/x.com\/GersterFabrics\",\"https:\/\/www.youtube.com\/user\/GersterCollection\/videos\"]}]}<\/script>\n<!-- \/ Yoast SEO plugin. -->","yoast_head_json":{"title":"News - Gerster TechTex - Ihr innovativer Partner f\u00fcr technische Textilien und Composites","description":"Gerster TechTex \u2013 Ihr Spezialist f\u00fcr innovative technische Textilien & Composites. Individuelle L\u00f6sungen f\u00fcr Industrie, Mobilit\u00e4t, Medizintechnik u.\u202fv.\u202fm.","robots":{"index":"index","follow":"follow","max-snippet":"max-snippet:-1","max-image-preview":"max-image-preview:large","max-video-preview":"max-video-preview:-1"},"canonical":"https:\/\/gerster-techtex.com\/en\/unternehmen\/news\/","og_locale":"en_GB","og_type":"article","og_title":"News - Gerster TechTex - Ihr innovativer Partner f\u00fcr technische Textilien und Composites","og_description":"Gerster TechTex \u2013 Ihr Spezialist f\u00fcr innovative technische Textilien & Composites. Individuelle L\u00f6sungen f\u00fcr Industrie, Mobilit\u00e4t, Medizintechnik u.\u202fv.\u202fm.","og_url":"https:\/\/gerster-techtex.com\/en\/unternehmen\/news\/","og_site_name":"Gerster TechTex - Ihr innovativer Partner f\u00fcr technische Textilien und Composites","article_publisher":"https:\/\/www.facebook.com\/GersterCollection","article_modified_time":"2025-09-05T08:23:01+00:00","twitter_card":"summary_large_image","twitter_site":"@GersterFabrics","schema":{"@context":"https:\/\/schema.org","@graph":[{"@type":"WebPage","@id":"https:\/\/gerster-techtex.com\/unternehmen\/news\/","url":"https:\/\/gerster-techtex.com\/unternehmen\/news\/","name":"News - Gerster TechTex - Ihr innovativer Partner f\u00fcr technische Textilien und Composites","isPartOf":{"@id":"https:\/\/gerster-techtex.com\/#website"},"datePublished":"2025-04-14T08:42:12+00:00","dateModified":"2025-09-05T08:23:01+00:00","description":"Gerster TechTex \u2013 Ihr Spezialist f\u00fcr innovative technische Textilien & Composites. Individuelle L\u00f6sungen f\u00fcr Industrie, Mobilit\u00e4t, Medizintechnik u.\u202fv.\u202fm.","breadcrumb":{"@id":"https:\/\/gerster-techtex.com\/unternehmen\/news\/#breadcrumb"},"inLanguage":"en-GB","potentialAction":[{"@type":"ReadAction","target":["https:\/\/gerster-techtex.com\/unternehmen\/news\/"]}]},{"@type":"BreadcrumbList","@id":"https:\/\/gerster-techtex.com\/unternehmen\/news\/#breadcrumb","itemListElement":[{"@type":"ListItem","position":1,"name":"Startseite","item":"https:\/\/gerster-techtex.com\/"},{"@type":"ListItem","position":2,"name":"Unternehmen","item":"https:\/\/gerster-techtex.com\/unternehmen\/"},{"@type":"ListItem","position":3,"name":"News"}]},{"@type":"WebSite","@id":"https:\/\/gerster-techtex.com\/#website","url":"https:\/\/gerster-techtex.com\/","name":"Gerster TechTex - Ihr innovativer Partner f\u00fcr technische Textilien und Composites","description":"","publisher":{"@id":"https:\/\/gerster-techtex.com\/#organization"},"potentialAction":[{"@type":"SearchAction","target":{"@type":"EntryPoint","urlTemplate":"https:\/\/gerster-techtex.com\/?s={search_term_string}"},"query-input":{"@type":"PropertyValueSpecification","valueRequired":true,"valueName":"search_term_string"}}],"inLanguage":"en-GB"},{"@type":"Organization","@id":"https:\/\/gerster-techtex.com\/#organization","name":"Gerster TechTex - Ihr innovativer Partner f\u00fcr technische Textilien und Composites","url":"https:\/\/gerster-techtex.com\/","logo":{"@type":"ImageObject","inLanguage":"en-GB","@id":"https:\/\/gerster-techtex.com\/#\/schema\/logo\/image\/","url":"https:\/\/gerster-techtex.com\/wp-content\/uploads\/2025\/04\/logo.jpg","contentUrl":"https:\/\/gerster-techtex.com\/wp-content\/uploads\/2025\/04\/logo.jpg","width":800,"height":379,"caption":"Gerster TechTex - Ihr innovativer Partner f\u00fcr technische Textilien und Composites"},"image":{"@id":"https:\/\/gerster-techtex.com\/#\/schema\/logo\/image\/"},"sameAs":["https:\/\/www.facebook.com\/GersterCollection","https:\/\/x.com\/GersterFabrics","https:\/\/www.youtube.com\/user\/GersterCollection\/videos"]}]}},"_links":{"self":[{"href":"https:\/\/gerster-techtex.com\/en\/wp-json\/wp\/v2\/pages\/102","targetHints":{"allow":["GET"]}}],"collection":[{"href":"https:\/\/gerster-techtex.com\/en\/wp-json\/wp\/v2\/pages"}],"about":[{"href":"https:\/\/gerster-techtex.com\/en\/wp-json\/wp\/v2\/types\/page"}],"author":[{"embeddable":true,"href":"https:\/\/gerster-techtex.com\/en\/wp-json\/wp\/v2\/users\/1"}],"replies":[{"embeddable":true,"href":"https:\/\/gerster-techtex.com\/en\/wp-json\/wp\/v2\/comments?post=102"}],"version-history":[{"count":17,"href":"https:\/\/gerster-techtex.com\/en\/wp-json\/wp\/v2\/pages\/102\/revisions"}],"predecessor-version":[{"id":2971,"href":"https:\/\/gerster-techtex.com\/en\/wp-json\/wp\/v2\/pages\/102\/revisions\/2971"}],"up":[{"embeddable":true,"href":"https:\/\/gerster-techtex.com\/en\/wp-json\/wp\/v2\/pages\/14"}],"wp:attachment":[{"href":"https:\/\/gerster-techtex.com\/en\/wp-json\/wp\/v2\/media?parent=102"}],"curies":[{"name":"wp","href":"https:\/\/api.w.org\/{rel}","templated":true}]}}