{"id":100,"date":"2025-04-14T10:41:57","date_gmt":"2025-04-14T08:41:57","guid":{"rendered":"http:\/\/localhost\/gerster-techtex\/?page_id=100"},"modified":"2026-01-14T13:42:40","modified_gmt":"2026-01-14T12:42:40","slug":"downloads","status":"publish","type":"page","link":"https:\/\/gerster-techtex.com\/en\/unternehmen\/downloads\/","title":{"rendered":"Downloads"},"content":{"rendered":"<div class=\"hintergrundbild-block hintergrundbild-verlauf rel\" style=\"  width: 100vw;  margin-left: calc(-50vw + 50%);   position: relative;  margin-top: 0px;   margin-bottom: 0px;\">\r\n    <img decoding=\"async\" src=\"https:\/\/gerster-techtex.com\/wp-content\/uploads\/2025\/07\/gerster-ansprechpartner.jpg\" alt=\"Hintergrundbild\" \r\n       style=\"object-position: center center center; width: 100%; height: 100%; object-fit: cover; position: absolute; top: 0; left: 0; \">\r\n<\/div>\r\n\r\n\r\n    \n\n\n<div class=\"wp-block-custom-allgemein-ueberschrift ueberschrift-info\"><div class=\"wp-block-columns\"><div class=\"wp-block-column\" style=\"flex-basis:50%\"><p>\/\/ Company<\/p><h1><mark style=\"background-color:rgba(0, 0, 0, 0)\" class=\"has-inline-color has-tech-tex-light-blue-color\">Downloads <\/mark>at a glance<\/h1><\/div><div class=\"wp-block-column\" style=\"flex-basis:50%\">\n<div class=\"wp-block-buttons is-layout-flex wp-block-buttons-is-layout-flex\">\n<div class=\"wp-block-button is-style-icon-button\"><a class=\"wp-block-button__link wp-element-button\" href=\"\/en\/\">news<\/a><\/div>\n<\/div>\n<\/div><\/div><\/div>\n\n\n\n<div class=\"download-tabs\">\n<div class=\"download-tab unternehmensbrosch\u00fcre\" data-title=\"Unternehmensbrosch\u00fcre\"><div class=\"tab-content\">\n<div class=\"wp-block-columns is-layout-flex wp-container-core-columns-is-layout-9d6595d7 wp-block-columns-is-layout-flex\">\n<div class=\"wp-block-column is-layout-flow wp-block-column-is-layout-flow\" style=\"flex-basis:33.33%\">\n<p>Get to know Gerster TechTex and our versatile product portfolio. Our current company brochure is available here as a PDF for download.<\/p>\n<\/div>\n\n\n\n<div class=\"wp-block-column is-layout-flow wp-block-column-is-layout-flow\" style=\"flex-basis:66.66%\">\n<a href=\"https:\/\/gerster-techtex.com\/wp-content\/uploads\/2025\/09\/TechTex-Image-Broschuere-2025.pdf\" download class=\"pdf-image-link-frontend\"><img decoding=\"async\" src=\"https:\/\/gerster-techtex.com\/wp-content\/uploads\/2025\/07\/gerster-flaggen.jpg\" alt=\"TechTex Image Brosch\u00fcre\"\/><div class=\"pdf-image-title-frontend\"><div class=\"pdf-image-text\"><p class=\"pdf-subtitle\">\/\/ PDF-File<\/p><h3>TechTex image brochure<\/h3><button type=\"button\" class=\"pdf-download-button\">Downloaden<\/button><\/div><\/div><\/a>\n<\/div>\n<\/div>\n<\/div><\/div>\n\n\n\n<div class=\"download-tab produktinformationen\" data-title=\"Produktinformationen\"><div class=\"tab-content\">\n<div class=\"wp-block-columns is-layout-flex wp-container-core-columns-is-layout-9d6595d7 wp-block-columns-is-layout-flex\">\n<div class=\"wp-block-column is-layout-flow wp-block-column-is-layout-flow\" style=\"flex-basis:33.33%\">\n<p>Here you will find detailed information about our technical textiles. Download the respective product data sheets conveniently as PDFs.<\/p>\n<\/div>\n\n\n\n<div class=\"wp-block-column is-layout-flow wp-block-column-is-layout-flow\" style=\"flex-basis:66.66%\">\n<a href=\"https:\/\/gerster-techtex.com\/wp-content\/uploads\/2025\/07\/Drapfix-Drapierergebnisse-KTM-Technologies.pdf\" download class=\"pdf-image-link-frontend\"><img decoding=\"async\" src=\"https:\/\/gerster-techtex.com\/wp-content\/uploads\/2025\/05\/ct-tt-preforming-7.jpg\" alt=\"Drapfix Drapierergebnisse KTM Technologies\"\/><div class=\"pdf-image-title-frontend\"><div class=\"pdf-image-text\"><p class=\"pdf-subtitle\">\/\/ PDF-File<\/p><h3>Drapfix draping results KTM Technologies<\/h3><button type=\"button\" class=\"pdf-download-button\">Downloaden<\/button><\/div><\/div><\/a>\n\n\n\n<a href=\"https:\/\/gerster-techtex.com\/wp-content\/uploads\/2025\/07\/Drapfix-Drapierergebnisse-LCC-POLE-PEAK.pdf\" download class=\"pdf-image-link-frontend\"><img decoding=\"async\" src=\"https:\/\/gerster-techtex.com\/wp-content\/uploads\/2025\/05\/ct-tt-drapierfaehiges-gelege-6.jpg\" alt=\"Drapfix Drapierergebnisse LCC-POLE-PEAK\"\/><div class=\"pdf-image-title-frontend\"><div class=\"pdf-image-text\"><p class=\"pdf-subtitle\">\/\/ PDF-File<\/p><h3>Drapfix draping results LCC-POLE-PEAK<\/h3><button type=\"button\" class=\"pdf-download-button\">Downloaden<\/button><\/div><\/div><\/a>\n\n\n\n<a href=\"https:\/\/gerster-techtex.com\/wp-content\/uploads\/2025\/07\/Drapfix-Hochdrapierfaehiges-Biaxial-Gelege.pdf\" download class=\"pdf-image-link-frontend\"><img decoding=\"async\" src=\"https:\/\/gerster-techtex.com\/wp-content\/uploads\/2025\/05\/ct-tt-drapierfaehiges-gelege-12.jpg\" alt=\"Drapfix Hochdrapierf\u00e4higes Biaxial Gelege\"\/><div class=\"pdf-image-title-frontend\"><div class=\"pdf-image-text\"><p class=\"pdf-subtitle\">\/\/ PDF-File<\/p><h3>Drapfix highly drapable biaxial fabric<\/h3><button type=\"button\" class=\"pdf-download-button\">Downloaden<\/button><\/div><\/div><\/a>\n\n\n\n<a href=\"https:\/\/gerster-techtex.com\/wp-content\/uploads\/2025\/07\/Drapfix.pdf\" download class=\"pdf-image-link-frontend\"><img decoding=\"async\" src=\"https:\/\/gerster-techtex.com\/wp-content\/uploads\/2025\/05\/ct-tt-drapierfaehiges-gelege-3.jpg\" alt=\"Drapfix\"\/><div class=\"pdf-image-title-frontend\"><div class=\"pdf-image-text\"><p class=\"pdf-subtitle\">\/\/ PDF-File<\/p><h3>Drapfix<\/h3><button type=\"button\" class=\"pdf-download-button\">Downloaden<\/button><\/div><\/div><\/a>\n\n\n\n<a href=\"https:\/\/gerster-techtex.com\/wp-content\/uploads\/2025\/07\/Eckverstaerkungen.pdf\" download class=\"pdf-image-link-frontend\"><img decoding=\"async\" src=\"https:\/\/gerster-techtex.com\/wp-content\/uploads\/2025\/05\/ct-tt-eckverstaerkung-16.jpg\" alt=\"Eckverst\u00e4rkung\"\/><div class=\"pdf-image-title-frontend\"><div class=\"pdf-image-text\"><p class=\"pdf-subtitle\">\/\/ PDF-File<\/p><h3>Corner reinforcement<\/h3><button type=\"button\" class=\"pdf-download-button\">Downloaden<\/button><\/div><\/div><\/a>\n\n\n\n<a href=\"https:\/\/gerster-techtex.com\/wp-content\/uploads\/2025\/07\/Fliesskanal-Gerster-TechTex.pdf\" download class=\"pdf-image-link-frontend\"><img decoding=\"async\" src=\"https:\/\/gerster-techtex.com\/wp-content\/uploads\/2025\/05\/ct-fliesskanaele-1.jpg\" alt=\"Flie\u00dfkanal\"\/><div class=\"pdf-image-title-frontend\"><div class=\"pdf-image-text\"><p class=\"pdf-subtitle\">\/\/ PDF-File<\/p><h3>Flow channel<\/h3><button type=\"button\" class=\"pdf-download-button\">Downloaden<\/button><\/div><\/div><\/a>\n\n\n\n<a href=\"https:\/\/gerster-techtex.com\/wp-content\/uploads\/2025\/07\/NFW-Projekt-Flughafen-Duesseldorf.pdf\" download class=\"pdf-image-link-frontend\"><img decoding=\"async\" src=\"https:\/\/gerster-techtex.com\/wp-content\/uploads\/2025\/05\/ct-tt-nichtbrennbarer-faserverbund-2.jpg\" alt=\"Nichtbrennbarer Faserverbundwerkstoff NFW\u00ae\"\/><div class=\"pdf-image-title-frontend\"><div class=\"pdf-image-text\"><p class=\"pdf-subtitle\">\/\/ PDF-File<\/p><h3>Non-flammable fiber composite material NFW\u00ae<\/h3><button type=\"button\" class=\"pdf-download-button\">Downloaden<\/button><\/div><\/div><\/a>\n\n\n\n<a href=\"https:\/\/gerster-techtex.com\/wp-content\/uploads\/2025\/07\/Spiralgewebe.pdf\" download class=\"pdf-image-link-frontend\"><img decoding=\"async\" src=\"https:\/\/gerster-techtex.com\/wp-content\/uploads\/2025\/05\/ct-spiralbaender-10.jpg\" alt=\"Spiralgewebe\"\/><div class=\"pdf-image-title-frontend\"><div class=\"pdf-image-text\"><p class=\"pdf-subtitle\">\/\/ PDF-File<\/p><h3>spiral fabric<\/h3><button type=\"button\" class=\"pdf-download-button\">Downloaden<\/button><\/div><\/div><\/a>\n<\/div>\n<\/div>\n<\/div><\/div>\n\n\n\n<div class=\"download-tab compliance\" data-title=\"Compliance\"><div class=\"tab-content\">\n<div class=\"wp-block-columns is-layout-flex wp-container-core-columns-is-layout-9d6595d7 wp-block-columns-is-layout-flex\">\n<div class=\"wp-block-column is-layout-flow wp-block-column-is-layout-flow\" style=\"flex-basis:33.33%\">\n<p>Transparency and responsibility are a given for us. Here you can find all relevant information and documents regarding our compliance policies available for PDF download.<\/p>\n<\/div>\n\n\n\n<div class=\"wp-block-column is-layout-flow wp-block-column-is-layout-flow\" style=\"flex-basis:66.66%\">\n<a href=\"https:\/\/gerster-techtex.com\/wp-content\/uploads\/2026\/01\/2026-01-14_AGB_Gerster-TechTex-GmbH.pdf\" download class=\"pdf-image-link-frontend\"><img decoding=\"async\" src=\"https:\/\/gerster-techtex.com\/wp-content\/uploads\/2025\/07\/gerster-stellenangebote-2.jpg\" alt=\"AGB \"\/><div class=\"pdf-image-title-frontend\"><div class=\"pdf-image-text\"><p class=\"pdf-subtitle\">\/\/ PDF-File<\/p><h3>Terms and Conditions <\/h3><button type=\"button\" class=\"pdf-download-button\">Downloaden<\/button><\/div><\/div><\/a>\n\n\n\n<a href=\"https:\/\/gerster-techtex.com\/wp-content\/uploads\/2025\/11\/UL_DV_Verhaltenskodex-Gustav-Gerster-GmbH.pdf\" download class=\"pdf-image-link-frontend\"><img decoding=\"async\" src=\"https:\/\/gerster-techtex.com\/wp-content\/uploads\/2025\/07\/gerster-qm-2-scaled.jpg\" alt=\"Verhaltenskodex\"\/><div class=\"pdf-image-title-frontend\"><div class=\"pdf-image-text\"><p class=\"pdf-subtitle\">\/\/ PDF-File<\/p><h3>Code of conduct<\/h3><button type=\"button\" class=\"pdf-download-button\">Downloaden<\/button><\/div><\/div><\/a>\n\n\n\n<a href=\"https:\/\/gerster-techtex.com\/wp-content\/uploads\/2026\/01\/Umweltpolitik-Gustav-Gerster-GmbH.pdf\" download class=\"pdf-image-link-frontend\"><img decoding=\"async\" src=\"https:\/\/gerster-techtex.com\/wp-content\/uploads\/2025\/08\/produktionstechnologiel-1.jpg\" alt=\"Umweltpolitik\"\/><div class=\"pdf-image-title-frontend\"><div class=\"pdf-image-text\"><p class=\"pdf-subtitle\">\/\/ PDF-File<\/p><h3>Umweltpolitik<\/h3><button type=\"button\" class=\"pdf-download-button\">Downloaden<\/button><\/div><\/div><\/a>\n<\/div>\n<\/div>\n<\/div><\/div>\n\n\n\n<div class=\"download-tab zertifikate\" data-title=\"Zertifikate\"><div class=\"tab-content\">\n<div class=\"wp-block-columns is-layout-flex wp-container-core-columns-is-layout-9d6595d7 wp-block-columns-is-layout-flex\">\n<div class=\"wp-block-column is-layout-flow wp-block-column-is-layout-flow\" style=\"flex-basis:33.33%\">\n<p>Our quality and sustainability standards are thoroughly audited. Here you can download all current certificates as PDFs.<\/p>\n<\/div>\n\n\n\n<div class=\"wp-block-column is-layout-flow wp-block-column-is-layout-flow\" style=\"flex-basis:66.66%\">\n<a href=\"https:\/\/gerster-techtex.com\/wp-content\/uploads\/2025\/07\/DIN-ISO-EN-9001-Zertifikat-2025_DE.pdf\" download class=\"pdf-image-link-frontend\"><img decoding=\"async\" src=\"https:\/\/gerster-techtex.com\/wp-content\/uploads\/2025\/07\/zertifikat-bg-1.jpg\" alt=\"DIN ISO 9001 Zertifikat 2025\"\/><div class=\"pdf-image-title-frontend\"><div class=\"pdf-image-text\"><p class=\"pdf-subtitle\">\/\/ PDF-File<\/p><h3>DIN ISO 9001 Certificate 2025<\/h3><button type=\"button\" class=\"pdf-download-button\">Downloaden<\/button><\/div><\/div><\/a>\n\n\n\n<a href=\"https:\/\/gerster-techtex.com\/wp-content\/uploads\/2025\/07\/DIN-ISO-EN-14001_Zertifikat-2025_DE.pdf\" download class=\"pdf-image-link-frontend\"><img decoding=\"async\" src=\"https:\/\/gerster-techtex.com\/wp-content\/uploads\/2025\/07\/zertifikat-bg-2.jpg\" alt=\"DIN ISO 14001 Zertifikat 2025\"\/><div class=\"pdf-image-title-frontend\"><div class=\"pdf-image-text\"><p class=\"pdf-subtitle\">\/\/ PDF-File<\/p><h3>DIN ISO 14001 Certificate 2025<\/h3><button type=\"button\" class=\"pdf-download-button\">Downloaden<\/button><\/div><\/div><\/a>\n<\/div>\n<\/div>\n<\/div><\/div>\n\n\n\n<div class=\"download-tab videos\" data-title=\"Videos\"><div class=\"tab-content\">\n<div class=\"wp-block-columns is-layout-flex wp-container-core-columns-is-layout-9d6595d7 wp-block-columns-is-layout-flex\">\n<div class=\"wp-block-column is-layout-flow wp-block-column-is-layout-flow\" style=\"flex-basis:33.33%\">\n<h3 class=\"wp-block-heading\">Composites<\/h3>\n<\/div>\n\n\n\n<div class=\"wp-block-column is-layout-flow wp-block-column-is-layout-flow\" style=\"flex-basis:66.66%\">\n<figure class=\"wp-block-video\"><video height=\"816\" style=\"aspect-ratio: 1920 \/ 816;\" width=\"1920\" controls src=\"https:\/\/gerster-techtex.com\/wp-content\/uploads\/2025\/07\/Gerstertechtexcomposites.mp4\"><\/video><\/figure>\n<\/div>\n<\/div>\n\n\n\n<div class=\"wp-block-columns is-layout-flex wp-container-core-columns-is-layout-9d6595d7 wp-block-columns-is-layout-flex\">\n<div class=\"wp-block-column is-layout-flow wp-block-column-is-layout-flow\" style=\"flex-basis:33.33%\">\n<h3 class=\"wp-block-heading\">Flow aids<\/h3>\n<\/div>\n\n\n\n<div class=\"wp-block-column is-layout-flow wp-block-column-is-layout-flow\" style=\"flex-basis:66.66%\">\n<figure class=\"wp-block-video\"><video height=\"1080\" style=\"aspect-ratio: 1920 \/ 1080;\" width=\"1920\" controls src=\"https:\/\/gerster-techtex.com\/wp-content\/uploads\/2025\/07\/Gerster-Rdt-Final.mp4\"><\/video><\/figure>\n\n\n\n<figure class=\"wp-block-video\"><video height=\"720\" style=\"aspect-ratio: 1280 \/ 720;\" width=\"1280\" controls src=\"https:\/\/gerster-techtex.com\/wp-content\/uploads\/2025\/07\/Werbefilm-VAP-neu.mp4\"><\/video><\/figure>\n<\/div>\n<\/div>\n\n\n\n<div class=\"wp-block-columns is-layout-flex wp-container-core-columns-is-layout-9d6595d7 wp-block-columns-is-layout-flex\">\n<div class=\"wp-block-column is-layout-flow wp-block-column-is-layout-flow\" style=\"flex-basis:33.33%\">\n<h3 class=\"wp-block-heading\">General<\/h3>\n<\/div>\n\n\n\n<div class=\"wp-block-column is-layout-flow wp-block-column-is-layout-flow\" style=\"flex-basis:66.66%\">\n<figure class=\"wp-block-video\"><video height=\"816\" style=\"aspect-ratio: 1920 \/ 816;\" width=\"1920\" controls src=\"https:\/\/gerster-techtex.com\/wp-content\/uploads\/2025\/07\/Gerster-Functional-Final.mp4\"><\/video><\/figure>\n<\/div>\n<\/div>\n\n\n\n<div class=\"wp-block-columns is-layout-flex wp-container-core-columns-is-layout-9d6595d7 wp-block-columns-is-layout-flex\">\n<div class=\"wp-block-column is-layout-flow wp-block-column-is-layout-flow\" style=\"flex-basis:33.33%\">\n<h3 class=\"wp-block-heading\">Tapes<\/h3>\n<\/div>\n\n\n\n<div class=\"wp-block-column is-layout-flow wp-block-column-is-layout-flow\" style=\"flex-basis:66.66%\">\n<figure class=\"wp-block-video\"><video height=\"720\" style=\"aspect-ratio: 1280 \/ 720;\" width=\"1280\" controls src=\"https:\/\/gerster-techtex.com\/wp-content\/uploads\/2025\/07\/Gerster-Ud-Tape-Original.mp4\"><\/video><\/figure>\n<\/div>\n<\/div>\n<\/div><\/div>\n<\/div>","protected":false},"excerpt":{"rendered":"","protected":false},"author":1,"featured_media":0,"parent":14,"menu_order":0,"comment_status":"closed","ping_status":"closed","template":"","meta":{"_acf_changed":false,"footnotes":""},"class_list":["post-100","page","type-page","status-publish","hentry"],"acf":[],"yoast_head":"<!-- This site is optimized with the Yoast SEO plugin v25.9 - https:\/\/yoast.com\/wordpress\/plugins\/seo\/ -->\n<title>Downloads - Gerster TechTex - Ihr innovativer Partner f\u00fcr technische Textilien und Composites<\/title>\n<meta name=\"description\" content=\"Gerster TechTex \u2013 Ihr Spezialist f\u00fcr innovative technische Textilien &amp; Composites. Individuelle L\u00f6sungen f\u00fcr Industrie, Mobilit\u00e4t, Medizintechnik u.\u202fv.\u202fm.\" \/>\n<meta name=\"robots\" content=\"index, follow, max-snippet:-1, max-image-preview:large, max-video-preview:-1\" \/>\n<link rel=\"canonical\" href=\"https:\/\/gerster-techtex.com\/en\/unternehmen\/downloads\/\" \/>\n<meta property=\"og:locale\" content=\"en_GB\" \/>\n<meta property=\"og:type\" content=\"article\" \/>\n<meta property=\"og:title\" content=\"Downloads - Gerster TechTex - Ihr innovativer Partner f\u00fcr technische Textilien und Composites\" \/>\n<meta property=\"og:description\" content=\"Gerster TechTex \u2013 Ihr Spezialist f\u00fcr innovative technische Textilien &amp; Composites. Individuelle L\u00f6sungen f\u00fcr Industrie, Mobilit\u00e4t, Medizintechnik u.\u202fv.\u202fm.\" \/>\n<meta property=\"og:url\" content=\"https:\/\/gerster-techtex.com\/en\/unternehmen\/downloads\/\" \/>\n<meta property=\"og:site_name\" content=\"Gerster TechTex - Ihr innovativer Partner f\u00fcr technische Textilien und Composites\" \/>\n<meta property=\"article:publisher\" content=\"https:\/\/www.facebook.com\/GersterCollection\" \/>\n<meta property=\"article:modified_time\" content=\"2026-01-14T12:42:40+00:00\" \/>\n<meta property=\"og:image\" content=\"https:\/\/gerster-techtex.com\/wp-content\/uploads\/2025\/07\/gerster-flaggen.jpg\" \/>\n<meta name=\"twitter:card\" content=\"summary_large_image\" \/>\n<meta name=\"twitter:site\" content=\"@GersterFabrics\" \/>\n<meta name=\"twitter:label1\" content=\"Estimated reading time\" \/>\n\t<meta name=\"twitter:data1\" content=\"1 minute\" \/>\n<script type=\"application\/ld+json\" class=\"yoast-schema-graph\">{\"@context\":\"https:\/\/schema.org\",\"@graph\":[{\"@type\":\"WebPage\",\"@id\":\"https:\/\/gerster-techtex.com\/unternehmen\/downloads\/\",\"url\":\"https:\/\/gerster-techtex.com\/unternehmen\/downloads\/\",\"name\":\"Downloads - Gerster TechTex - Ihr innovativer Partner f\u00fcr technische Textilien und Composites\",\"isPartOf\":{\"@id\":\"https:\/\/gerster-techtex.com\/#website\"},\"primaryImageOfPage\":{\"@id\":\"https:\/\/gerster-techtex.com\/unternehmen\/downloads\/#primaryimage\"},\"image\":{\"@id\":\"https:\/\/gerster-techtex.com\/unternehmen\/downloads\/#primaryimage\"},\"thumbnailUrl\":\"https:\/\/gerster-techtex.com\/wp-content\/uploads\/2025\/07\/gerster-flaggen.jpg\",\"datePublished\":\"2025-04-14T08:41:57+00:00\",\"dateModified\":\"2026-01-14T12:42:40+00:00\",\"description\":\"Gerster TechTex \u2013 Ihr Spezialist f\u00fcr innovative technische Textilien & Composites. Individuelle L\u00f6sungen f\u00fcr Industrie, Mobilit\u00e4t, Medizintechnik u.\u202fv.\u202fm.\",\"breadcrumb\":{\"@id\":\"https:\/\/gerster-techtex.com\/unternehmen\/downloads\/#breadcrumb\"},\"inLanguage\":\"en-GB\",\"potentialAction\":[{\"@type\":\"ReadAction\",\"target\":[\"https:\/\/gerster-techtex.com\/unternehmen\/downloads\/\"]}]},{\"@type\":\"ImageObject\",\"inLanguage\":\"en-GB\",\"@id\":\"https:\/\/gerster-techtex.com\/unternehmen\/downloads\/#primaryimage\",\"url\":\"https:\/\/gerster-techtex.com\/wp-content\/uploads\/2025\/07\/gerster-flaggen.jpg\",\"contentUrl\":\"https:\/\/gerster-techtex.com\/wp-content\/uploads\/2025\/07\/gerster-flaggen.jpg\"},{\"@type\":\"BreadcrumbList\",\"@id\":\"https:\/\/gerster-techtex.com\/unternehmen\/downloads\/#breadcrumb\",\"itemListElement\":[{\"@type\":\"ListItem\",\"position\":1,\"name\":\"Startseite\",\"item\":\"https:\/\/gerster-techtex.com\/\"},{\"@type\":\"ListItem\",\"position\":2,\"name\":\"Unternehmen\",\"item\":\"https:\/\/gerster-techtex.com\/unternehmen\/\"},{\"@type\":\"ListItem\",\"position\":3,\"name\":\"Downloads\"}]},{\"@type\":\"WebSite\",\"@id\":\"https:\/\/gerster-techtex.com\/#website\",\"url\":\"https:\/\/gerster-techtex.com\/\",\"name\":\"Gerster TechTex - Ihr innovativer Partner f\u00fcr technische Textilien und Composites\",\"description\":\"\",\"publisher\":{\"@id\":\"https:\/\/gerster-techtex.com\/#organization\"},\"potentialAction\":[{\"@type\":\"SearchAction\",\"target\":{\"@type\":\"EntryPoint\",\"urlTemplate\":\"https:\/\/gerster-techtex.com\/?s={search_term_string}\"},\"query-input\":{\"@type\":\"PropertyValueSpecification\",\"valueRequired\":true,\"valueName\":\"search_term_string\"}}],\"inLanguage\":\"en-GB\"},{\"@type\":\"Organization\",\"@id\":\"https:\/\/gerster-techtex.com\/#organization\",\"name\":\"Gerster TechTex - Ihr innovativer Partner f\u00fcr technische Textilien und Composites\",\"url\":\"https:\/\/gerster-techtex.com\/\",\"logo\":{\"@type\":\"ImageObject\",\"inLanguage\":\"en-GB\",\"@id\":\"https:\/\/gerster-techtex.com\/#\/schema\/logo\/image\/\",\"url\":\"https:\/\/gerster-techtex.com\/wp-content\/uploads\/2025\/04\/logo.jpg\",\"contentUrl\":\"https:\/\/gerster-techtex.com\/wp-content\/uploads\/2025\/04\/logo.jpg\",\"width\":800,\"height\":379,\"caption\":\"Gerster TechTex - Ihr innovativer Partner f\u00fcr technische Textilien und Composites\"},\"image\":{\"@id\":\"https:\/\/gerster-techtex.com\/#\/schema\/logo\/image\/\"},\"sameAs\":[\"https:\/\/www.facebook.com\/GersterCollection\",\"https:\/\/x.com\/GersterFabrics\",\"https:\/\/www.youtube.com\/user\/GersterCollection\/videos\"]}]}<\/script>\n<!-- \/ Yoast SEO plugin. -->","yoast_head_json":{"title":"Downloads - Gerster TechTex - Ihr innovativer Partner f\u00fcr technische Textilien und Composites","description":"Gerster TechTex \u2013 Ihr Spezialist f\u00fcr innovative technische Textilien & Composites. Individuelle L\u00f6sungen f\u00fcr Industrie, Mobilit\u00e4t, Medizintechnik u.\u202fv.\u202fm.","robots":{"index":"index","follow":"follow","max-snippet":"max-snippet:-1","max-image-preview":"max-image-preview:large","max-video-preview":"max-video-preview:-1"},"canonical":"https:\/\/gerster-techtex.com\/en\/unternehmen\/downloads\/","og_locale":"en_GB","og_type":"article","og_title":"Downloads - Gerster TechTex - Ihr innovativer Partner f\u00fcr technische Textilien und Composites","og_description":"Gerster TechTex \u2013 Ihr Spezialist f\u00fcr innovative technische Textilien & Composites. Individuelle L\u00f6sungen f\u00fcr Industrie, Mobilit\u00e4t, Medizintechnik u.\u202fv.\u202fm.","og_url":"https:\/\/gerster-techtex.com\/en\/unternehmen\/downloads\/","og_site_name":"Gerster TechTex - Ihr innovativer Partner f\u00fcr technische Textilien und Composites","article_publisher":"https:\/\/www.facebook.com\/GersterCollection","article_modified_time":"2026-01-14T12:42:40+00:00","og_image":[{"url":"https:\/\/gerster-techtex.com\/wp-content\/uploads\/2025\/07\/gerster-flaggen.jpg","type":"","width":"","height":""}],"twitter_card":"summary_large_image","twitter_site":"@GersterFabrics","twitter_misc":{"Estimated reading time":"1 minute"},"schema":{"@context":"https:\/\/schema.org","@graph":[{"@type":"WebPage","@id":"https:\/\/gerster-techtex.com\/unternehmen\/downloads\/","url":"https:\/\/gerster-techtex.com\/unternehmen\/downloads\/","name":"Downloads - Gerster TechTex - Ihr innovativer Partner f\u00fcr technische Textilien und Composites","isPartOf":{"@id":"https:\/\/gerster-techtex.com\/#website"},"primaryImageOfPage":{"@id":"https:\/\/gerster-techtex.com\/unternehmen\/downloads\/#primaryimage"},"image":{"@id":"https:\/\/gerster-techtex.com\/unternehmen\/downloads\/#primaryimage"},"thumbnailUrl":"https:\/\/gerster-techtex.com\/wp-content\/uploads\/2025\/07\/gerster-flaggen.jpg","datePublished":"2025-04-14T08:41:57+00:00","dateModified":"2026-01-14T12:42:40+00:00","description":"Gerster TechTex \u2013 Ihr Spezialist f\u00fcr innovative technische Textilien & Composites. Individuelle L\u00f6sungen f\u00fcr Industrie, Mobilit\u00e4t, Medizintechnik u.\u202fv.\u202fm.","breadcrumb":{"@id":"https:\/\/gerster-techtex.com\/unternehmen\/downloads\/#breadcrumb"},"inLanguage":"en-GB","potentialAction":[{"@type":"ReadAction","target":["https:\/\/gerster-techtex.com\/unternehmen\/downloads\/"]}]},{"@type":"ImageObject","inLanguage":"en-GB","@id":"https:\/\/gerster-techtex.com\/unternehmen\/downloads\/#primaryimage","url":"https:\/\/gerster-techtex.com\/wp-content\/uploads\/2025\/07\/gerster-flaggen.jpg","contentUrl":"https:\/\/gerster-techtex.com\/wp-content\/uploads\/2025\/07\/gerster-flaggen.jpg"},{"@type":"BreadcrumbList","@id":"https:\/\/gerster-techtex.com\/unternehmen\/downloads\/#breadcrumb","itemListElement":[{"@type":"ListItem","position":1,"name":"Startseite","item":"https:\/\/gerster-techtex.com\/"},{"@type":"ListItem","position":2,"name":"Unternehmen","item":"https:\/\/gerster-techtex.com\/unternehmen\/"},{"@type":"ListItem","position":3,"name":"Downloads"}]},{"@type":"WebSite","@id":"https:\/\/gerster-techtex.com\/#website","url":"https:\/\/gerster-techtex.com\/","name":"Gerster TechTex - Ihr innovativer Partner f\u00fcr technische Textilien und Composites","description":"","publisher":{"@id":"https:\/\/gerster-techtex.com\/#organization"},"potentialAction":[{"@type":"SearchAction","target":{"@type":"EntryPoint","urlTemplate":"https:\/\/gerster-techtex.com\/?s={search_term_string}"},"query-input":{"@type":"PropertyValueSpecification","valueRequired":true,"valueName":"search_term_string"}}],"inLanguage":"en-GB"},{"@type":"Organization","@id":"https:\/\/gerster-techtex.com\/#organization","name":"Gerster TechTex - Ihr innovativer Partner f\u00fcr technische Textilien und Composites","url":"https:\/\/gerster-techtex.com\/","logo":{"@type":"ImageObject","inLanguage":"en-GB","@id":"https:\/\/gerster-techtex.com\/#\/schema\/logo\/image\/","url":"https:\/\/gerster-techtex.com\/wp-content\/uploads\/2025\/04\/logo.jpg","contentUrl":"https:\/\/gerster-techtex.com\/wp-content\/uploads\/2025\/04\/logo.jpg","width":800,"height":379,"caption":"Gerster TechTex - Ihr innovativer Partner f\u00fcr technische Textilien und Composites"},"image":{"@id":"https:\/\/gerster-techtex.com\/#\/schema\/logo\/image\/"},"sameAs":["https:\/\/www.facebook.com\/GersterCollection","https:\/\/x.com\/GersterFabrics","https:\/\/www.youtube.com\/user\/GersterCollection\/videos"]}]}},"_links":{"self":[{"href":"https:\/\/gerster-techtex.com\/en\/wp-json\/wp\/v2\/pages\/100","targetHints":{"allow":["GET"]}}],"collection":[{"href":"https:\/\/gerster-techtex.com\/en\/wp-json\/wp\/v2\/pages"}],"about":[{"href":"https:\/\/gerster-techtex.com\/en\/wp-json\/wp\/v2\/types\/page"}],"author":[{"embeddable":true,"href":"https:\/\/gerster-techtex.com\/en\/wp-json\/wp\/v2\/users\/1"}],"replies":[{"embeddable":true,"href":"https:\/\/gerster-techtex.com\/en\/wp-json\/wp\/v2\/comments?post=100"}],"version-history":[{"count":71,"href":"https:\/\/gerster-techtex.com\/en\/wp-json\/wp\/v2\/pages\/100\/revisions"}],"predecessor-version":[{"id":3240,"href":"https:\/\/gerster-techtex.com\/en\/wp-json\/wp\/v2\/pages\/100\/revisions\/3240"}],"up":[{"embeddable":true,"href":"https:\/\/gerster-techtex.com\/en\/wp-json\/wp\/v2\/pages\/14"}],"wp:attachment":[{"href":"https:\/\/gerster-techtex.com\/en\/wp-json\/wp\/v2\/media?parent=100"}],"curies":[{"name":"wp","href":"https:\/\/api.w.org\/{rel}","templated":true}]}}